{"id":1078,"date":"2021-07-01T00:53:42","date_gmt":"2021-07-01T00:53:42","guid":{"rendered":"https:\/\/prf2fc.rcm.upr.edu\/?page_id=1078"},"modified":"2021-07-01T00:53:42","modified_gmt":"2021-07-01T00:53:42","slug":"sobre-pr-f2fc","status":"publish","type":"page","link":"https:\/\/rcm1.rcm.upr.edu\/familycenter\/sobre-pr-f2fc\/","title":{"rendered":"Sobre PR-F2FC"},"content":{"rendered":"<div class=\"wpb-content-wrapper\"><p>[vc_row][vc_column width=&#8221;1\/6&#8243;][\/vc_column][vc_column width=&#8221;2\/3&#8243;][vc_video link=&#8221;https:\/\/www.youtube.com\/watch?v=y_E_7VDsIbk&#8221; align=&#8221;center&#8221;][\/vc_column][vc_column width=&#8221;1\/6&#8243;][\/vc_column][\/vc_row][vc_row][vc_column][vc_separator][vc_empty_space][\/vc_column][\/vc_row][vc_row][vc_column width=&#8221;1\/2&#8243;][vc_column_text]<img loading=\"lazy\" decoding=\"async\" class=\"aligncenter wp-image-1222 size-large\" src=\"https:\/\/rcm1.rcm.upr.edu\/familycenter\/wp-content\/uploads\/sites\/31\/2022\/10\/Mision-1024x1024.png\" alt=\"\" width=\"1024\" height=\"1024\" srcset=\"https:\/\/rcm1.rcm.upr.edu\/familycenter\/wp-content\/uploads\/sites\/31\/2022\/10\/Mision-1024x1024.png 1024w, https:\/\/rcm1.rcm.upr.edu\/familycenter\/wp-content\/uploads\/sites\/31\/2022\/10\/Mision-300x300.png 300w, https:\/\/rcm1.rcm.upr.edu\/familycenter\/wp-content\/uploads\/sites\/31\/2022\/10\/Mision-150x150.png 150w, https:\/\/rcm1.rcm.upr.edu\/familycenter\/wp-content\/uploads\/sites\/31\/2022\/10\/Mision-768x768.png 768w, https:\/\/rcm1.rcm.upr.edu\/familycenter\/wp-content\/uploads\/sites\/31\/2022\/10\/Mision.png 1080w\" sizes=\"auto, (max-width: 1024px) 100vw, 1024px\" \/>[\/vc_column_text][\/vc_column][vc_column width=&#8221;1\/2&#8243;][vc_column_text]<img loading=\"lazy\" decoding=\"async\" class=\"aligncenter wp-image-1221 size-large\" src=\"https:\/\/rcm1.rcm.upr.edu\/familycenter\/wp-content\/uploads\/sites\/31\/2022\/10\/Vision-1024x1024.png\" alt=\"\" width=\"1024\" height=\"1024\" srcset=\"https:\/\/rcm1.rcm.upr.edu\/familycenter\/wp-content\/uploads\/sites\/31\/2022\/10\/Vision-1024x1024.png 1024w, https:\/\/rcm1.rcm.upr.edu\/familycenter\/wp-content\/uploads\/sites\/31\/2022\/10\/Vision-300x300.png 300w, https:\/\/rcm1.rcm.upr.edu\/familycenter\/wp-content\/uploads\/sites\/31\/2022\/10\/Vision-150x150.png 150w, https:\/\/rcm1.rcm.upr.edu\/familycenter\/wp-content\/uploads\/sites\/31\/2022\/10\/Vision-768x768.png 768w, https:\/\/rcm1.rcm.upr.edu\/familycenter\/wp-content\/uploads\/sites\/31\/2022\/10\/Vision.png 1080w\" sizes=\"auto, (max-width: 1024px) 100vw, 1024px\" \/>[\/vc_column_text][\/vc_column][\/vc_row][vc_row][vc_column][vc_column_text]<\/p>\n<h3 class=\"font_0\"><strong><span class=\"color_15\">Misi\u00f3n<\/span><\/strong><\/h3>\n<p>[\/vc_column_text][vc_empty_space][vc_column_text]Apoyar a las familias en el proceso de b\u00fasqueda de servicios de salud accesibles para sus hijos y promover el empoderamiento familiar a trav\u00e9s de un servicio centrado en la familia.[\/vc_column_text][vc_empty_space][vc_column_text]<\/p>\n<h3 class=\"font_0\"><strong><span class=\"color_15\">Visi\u00f3n<\/span><\/strong><\/h3>\n<p>[\/vc_column_text][vc_empty_space][vc_column_text]Las familias de ni\u00f1os y j\u00f3venes con necesidades especiales de salud tendr\u00e1n acceso a los servicios de salud necesarios para sus hijos y ser\u00e1n miembros del equipo que toma decisiones de salud y bienestar de sus hijos.[\/vc_column_text][\/vc_column][\/vc_row]<\/p>\n<\/div>","protected":false},"excerpt":{"rendered":"<p>[vc_row][vc_column width=&#8221;1\/6&#8243;][\/vc_column][vc_column width=&#8221;2\/3&#8243;][vc_video link=&#8221;https:\/\/www.youtube.com\/watch?v=y_E_7VDsIbk&#8221; align=&#8221;center&#8221;][\/vc_column][vc_column width=&#8221;1\/6&#8243;][\/vc_column][\/vc_row][vc_row][vc_column][vc_separator][vc_empty_space][\/vc_column][\/vc_row][vc_row][vc_column width=&#8221;1\/2&#8243;][vc_column_text][\/vc_column_text][\/vc_column][vc_column width=&#8221;1\/2&#8243;][vc_column_text][\/vc_column_text][\/vc_column][\/vc_row][vc_row][vc_column][vc_column_text] Misi\u00f3n [\/vc_column_text][vc_empty_space][vc_column_text]Apoyar a las familias en el proceso de b\u00fasqueda de servicios de salud accesibles para sus hijos y promover el empoderamiento familiar a trav\u00e9s de un servicio centrado en la familia.[\/vc_column_text][vc_empty_space][vc_column_text] Visi\u00f3n [\/vc_column_text][vc_empty_space][vc_column_text]Las familias de ni\u00f1os y j\u00f3venes con necesidades especiales de salud tendr\u00e1n acceso a&hellip;<\/p>\n","protected":false},"author":1,"featured_media":0,"parent":0,"menu_order":0,"comment_status":"closed","ping_status":"closed","template":"template-microsite.php","meta":{"footnotes":""},"class_list":["post-1078","page","type-page","status-publish","hentry","description-off"],"aioseo_notices":[],"_links":{"self":[{"href":"https:\/\/rcm1.rcm.upr.edu\/familycenter\/wp-json\/wp\/v2\/pages\/1078","targetHints":{"allow":["GET"]}}],"collection":[{"href":"https:\/\/rcm1.rcm.upr.edu\/familycenter\/wp-json\/wp\/v2\/pages"}],"about":[{"href":"https:\/\/rcm1.rcm.upr.edu\/familycenter\/wp-json\/wp\/v2\/types\/page"}],"author":[{"embeddable":true,"href":"https:\/\/rcm1.rcm.upr.edu\/familycenter\/wp-json\/wp\/v2\/users\/1"}],"replies":[{"embeddable":true,"href":"https:\/\/rcm1.rcm.upr.edu\/familycenter\/wp-json\/wp\/v2\/comments?post=1078"}],"version-history":[{"count":0,"href":"https:\/\/rcm1.rcm.upr.edu\/familycenter\/wp-json\/wp\/v2\/pages\/1078\/revisions"}],"wp:attachment":[{"href":"https:\/\/rcm1.rcm.upr.edu\/familycenter\/wp-json\/wp\/v2\/media?parent=1078"}],"curies":[{"name":"wp","href":"https:\/\/api.w.org\/{rel}","templated":true}]}}