{"id":1079,"date":"2021-07-01T01:03:56","date_gmt":"2021-07-01T01:03:56","guid":{"rendered":"https:\/\/prf2fc.rcm.upr.edu\/?page_id=1079"},"modified":"2021-07-01T01:03:56","modified_gmt":"2021-07-01T01:03:56","slug":"acceso-a-vacuna-contra-covid-19-para-personas-con-did","status":"publish","type":"page","link":"https:\/\/rcm1.rcm.upr.edu\/familycenter\/acceso-a-vacuna-contra-covid-19-para-personas-con-did\/","title":{"rendered":"Acceso a vacuna contra COVID-19 para personas con DID"},"content":{"rendered":"<div class=\"wpb-content-wrapper\"><p>[vc_row][vc_column][vc_tta_tabs][vc_tta_section title=&#8221;\u00bfQu\u00e9 es el COVID-19?&#8221; tab_id=&#8221;1644945004821-21837e63-fb69&#8243;][vc_column_text]<\/p>\n<div style=\"width: 1200px;\" class=\"wp-video\"><video class=\"wp-video-shortcode\" id=\"video-1079-1\" width=\"1200\" height=\"675\" preload=\"metadata\" controls=\"controls\"><source type=\"video\/mp4\" src=\"https:\/\/rcm1.rcm.upr.edu\/familycenter\/wp-content\/uploads\/sites\/31\/2021\/07\/VIDEO-COVID.mp4?_=1\" \/><a href=\"https:\/\/rcm1.rcm.upr.edu\/familycenter\/wp-content\/uploads\/sites\/31\/2021\/07\/VIDEO-COVID.mp4\">https:\/\/rcm1.rcm.upr.edu\/familycenter\/wp-content\/uploads\/sites\/31\/2021\/07\/VIDEO-COVID.mp4<\/a><\/video><\/div>\n<p>[\/vc_column_text][\/vc_tta_section][vc_tta_section title=&#8221;Vacunaci\u00f3n contra COVID-19&#8243; tab_id=&#8221;1644945095913-6c5b0184-9519&#8243;][vc_column_text]<\/p>\n<div style=\"width: 1080px;\" class=\"wp-video\"><video class=\"wp-video-shortcode\" id=\"video-1079-2\" width=\"1080\" height=\"1920\" preload=\"metadata\" controls=\"controls\"><source type=\"video\/mp4\" src=\"https:\/\/rcm1.rcm.upr.edu\/familycenter\/wp-content\/uploads\/sites\/31\/2021\/07\/VIDEO-COVID-2.mp4?_=2\" \/><a href=\"https:\/\/rcm1.rcm.upr.edu\/familycenter\/wp-content\/uploads\/sites\/31\/2021\/07\/VIDEO-COVID-2.mp4\">https:\/\/rcm1.rcm.upr.edu\/familycenter\/wp-content\/uploads\/sites\/31\/2021\/07\/VIDEO-COVID-2.mp4<\/a><\/video><\/div>\n<p>[\/vc_column_text][\/vc_tta_section][vc_tta_section title=&#8221;Acceso a la vacuna contra COVID-19&#8243; tab_id=&#8221;1644945004557-a985f132-f904&#8243;][vc_column_text]<\/p>\n<div style=\"width: 1024px;\" class=\"wp-video\"><video class=\"wp-video-shortcode\" id=\"video-1079-3\" width=\"1024\" height=\"768\" preload=\"metadata\" controls=\"controls\"><source type=\"video\/mp4\" src=\"https:\/\/rcm1.rcm.upr.edu\/familycenter\/wp-content\/uploads\/sites\/31\/2021\/07\/VIDEO-FUNCIONES-ACCESO-VACUNA.mp4?_=3\" \/><a href=\"https:\/\/rcm1.rcm.upr.edu\/familycenter\/wp-content\/uploads\/sites\/31\/2021\/07\/VIDEO-FUNCIONES-ACCESO-VACUNA.mp4\">https:\/\/rcm1.rcm.upr.edu\/familycenter\/wp-content\/uploads\/sites\/31\/2021\/07\/VIDEO-FUNCIONES-ACCESO-VACUNA.mp4<\/a><\/video><\/div>\n<p>[\/vc_column_text][\/vc_tta_section][vc_tta_section title=&#8221;COVID-19 y las DID&#8221; tab_id=&#8221;1644945133712-efaa1c70-ea78&#8243;][vc_column_text]<\/p>\n<div style=\"width: 1080px;\" class=\"wp-video\"><video class=\"wp-video-shortcode\" id=\"video-1079-4\" width=\"1080\" height=\"1920\" preload=\"metadata\" controls=\"controls\"><source type=\"video\/mp4\" src=\"https:\/\/rcm1.rcm.upr.edu\/familycenter\/wp-content\/uploads\/sites\/31\/2021\/07\/Video-COVID-3.mp4?_=4\" \/><a href=\"https:\/\/rcm1.rcm.upr.edu\/familycenter\/wp-content\/uploads\/sites\/31\/2021\/07\/Video-COVID-3.mp4\">https:\/\/rcm1.rcm.upr.edu\/familycenter\/wp-content\/uploads\/sites\/31\/2021\/07\/Video-COVID-3.mp4<\/a><\/video><\/div>\n<p>[\/vc_column_text][\/vc_tta_section][vc_tta_section title=&#8221;Riesgo contraer COVID-19&#8243; tab_id=&#8221;1644945190910-ea2d583d-5471&#8243;][vc_column_text]<\/p>\n<div style=\"width: 1080px;\" class=\"wp-video\"><video class=\"wp-video-shortcode\" id=\"video-1079-5\" width=\"1080\" height=\"1920\" preload=\"metadata\" controls=\"controls\"><source type=\"video\/mp4\" src=\"https:\/\/rcm1.rcm.upr.edu\/familycenter\/wp-content\/uploads\/sites\/31\/2021\/07\/Video-COVID-4.mp4?_=5\" \/><a href=\"https:\/\/rcm1.rcm.upr.edu\/familycenter\/wp-content\/uploads\/sites\/31\/2021\/07\/Video-COVID-4.mp4\">https:\/\/rcm1.rcm.upr.edu\/familycenter\/wp-content\/uploads\/sites\/31\/2021\/07\/Video-COVID-4.mp4<\/a><\/video><\/div>\n<p>[\/vc_column_text][\/vc_tta_section][\/vc_tta_tabs][vc_empty_space][vc_column_text]El Instituto de Deficiencias en el Desarrollo a trav\u00e9s de su centro de apoyo a familias, el Puerto Rico Family to Family Center est\u00e1 trabajando para promover el acceso a la vacunaci\u00f3n contra el COVID-19 para personas con Discapacidad Intelectual y del Desarrollo o Necesidades Especiales de Salud. Para m\u00e1s informaci\u00f3n comun\u00edquese con nosotros al 939-454-2017 o por correo electr\u00f3nico a <a href=\"mailto:prf2fc.rcm@upr.edu\">prf2fc.rcm@upr.edu<\/a>.[\/vc_column_text][\/vc_column][\/vc_row][vc_row][vc_column][vc_tta_tabs][vc_tta_section title=&#8221;Vacunaci\u00f3n contra COVID-19&#8243; tab_id=&#8221;1644945291660-3a841dca-3b7f&#8221;][vc_column_text]<\/p>\n<p style=\"text-align: center\"><img loading=\"lazy\" decoding=\"async\" class=\"aligncenter wp-image-1136 size-large\" src=\"https:\/\/rcm1.rcm.upr.edu\/familycenter\/wp-content\/uploads\/sites\/31\/2021\/09\/Vacuna-12-o-mas-continuacion-724x1024.png\" alt=\"\" width=\"724\" height=\"1024\" srcset=\"https:\/\/rcm1.rcm.upr.edu\/familycenter\/wp-content\/uploads\/sites\/31\/2021\/09\/Vacuna-12-o-mas-continuacion-724x1024.png 724w, https:\/\/rcm1.rcm.upr.edu\/familycenter\/wp-content\/uploads\/sites\/31\/2021\/09\/Vacuna-12-o-mas-continuacion-212x300.png 212w, https:\/\/rcm1.rcm.upr.edu\/familycenter\/wp-content\/uploads\/sites\/31\/2021\/09\/Vacuna-12-o-mas-continuacion-768x1086.png 768w, https:\/\/rcm1.rcm.upr.edu\/familycenter\/wp-content\/uploads\/sites\/31\/2021\/09\/Vacuna-12-o-mas-continuacion-1086x1536.png 1086w, https:\/\/rcm1.rcm.upr.edu\/familycenter\/wp-content\/uploads\/sites\/31\/2021\/09\/Vacuna-12-o-mas-continuacion-1448x2048.png 1448w, https:\/\/rcm1.rcm.upr.edu\/familycenter\/wp-content\/uploads\/sites\/31\/2021\/09\/Vacuna-12-o-mas-continuacion.png 1587w\" sizes=\"auto, (max-width: 724px) 100vw, 724px\" \/><\/p>\n<p>[\/vc_column_text][\/vc_tta_section][vc_tta_section title=&#8221;Mitos y datos sobre las vacunas&#8221; tab_id=&#8221;1644945293039-4d904f2f-3756&#8243;][vc_column_text]<\/p>\n<p style=\"text-align: center\"><img loading=\"lazy\" decoding=\"async\" class=\"aligncenter wp-image-1157 size-full\" src=\"https:\/\/rcm1.rcm.upr.edu\/familycenter\/wp-content\/uploads\/sites\/31\/2022\/02\/Mitos-y-datos-vacuna-ninos.png\" alt=\"\" width=\"1200\" height=\"3000\" srcset=\"https:\/\/rcm1.rcm.upr.edu\/familycenter\/wp-content\/uploads\/sites\/31\/2022\/02\/Mitos-y-datos-vacuna-ninos.png 1200w, https:\/\/rcm1.rcm.upr.edu\/familycenter\/wp-content\/uploads\/sites\/31\/2022\/02\/Mitos-y-datos-vacuna-ninos-120x300.png 120w, https:\/\/rcm1.rcm.upr.edu\/familycenter\/wp-content\/uploads\/sites\/31\/2022\/02\/Mitos-y-datos-vacuna-ninos-410x1024.png 410w, https:\/\/rcm1.rcm.upr.edu\/familycenter\/wp-content\/uploads\/sites\/31\/2022\/02\/Mitos-y-datos-vacuna-ninos-768x1920.png 768w, https:\/\/rcm1.rcm.upr.edu\/familycenter\/wp-content\/uploads\/sites\/31\/2022\/02\/Mitos-y-datos-vacuna-ninos-614x1536.png 614w, https:\/\/rcm1.rcm.upr.edu\/familycenter\/wp-content\/uploads\/sites\/31\/2022\/02\/Mitos-y-datos-vacuna-ninos-819x2048.png 819w\" sizes=\"auto, (max-width: 1200px) 100vw, 1200px\" \/><\/p>\n<p>[\/vc_column_text][\/vc_tta_section][vc_tta_section title=&#8221;\u00bfDeber\u00eda considerar vacunar un ni\u00f1o contra COVID-19?&#8221; tab_id=&#8221;1644945291270-bea8d75e-587e&#8221;][vc_column_text]<\/p>\n<p style=\"text-align: center\"><img loading=\"lazy\" decoding=\"async\" class=\"aligncenter wp-image-1137 size-large\" src=\"https:\/\/rcm1.rcm.upr.edu\/familycenter\/wp-content\/uploads\/sites\/31\/2021\/09\/Vacuna-12-o-mas-724x1024.png\" alt=\"\" width=\"724\" height=\"1024\" srcset=\"https:\/\/rcm1.rcm.upr.edu\/familycenter\/wp-content\/uploads\/sites\/31\/2021\/09\/Vacuna-12-o-mas-724x1024.png 724w, https:\/\/rcm1.rcm.upr.edu\/familycenter\/wp-content\/uploads\/sites\/31\/2021\/09\/Vacuna-12-o-mas-212x300.png 212w, https:\/\/rcm1.rcm.upr.edu\/familycenter\/wp-content\/uploads\/sites\/31\/2021\/09\/Vacuna-12-o-mas-768x1086.png 768w, https:\/\/rcm1.rcm.upr.edu\/familycenter\/wp-content\/uploads\/sites\/31\/2021\/09\/Vacuna-12-o-mas-1086x1536.png 1086w, https:\/\/rcm1.rcm.upr.edu\/familycenter\/wp-content\/uploads\/sites\/31\/2021\/09\/Vacuna-12-o-mas-1448x2048.png 1448w, https:\/\/rcm1.rcm.upr.edu\/familycenter\/wp-content\/uploads\/sites\/31\/2021\/09\/Vacuna-12-o-mas.png 1587w\" sizes=\"auto, (max-width: 724px) 100vw, 724px\" \/><\/p>\n<p>[\/vc_column_text][\/vc_tta_section][vc_tta_section title=&#8221;COVID-19 y el regreso a clases&#8221; tab_id=&#8221;1644945292050-45f2bb98-0e2a&#8221;][vc_column_text]<\/p>\n<p style=\"text-align: center\"><img loading=\"lazy\" decoding=\"async\" class=\"aligncenter wp-image-1138 size-large\" src=\"https:\/\/rcm1.rcm.upr.edu\/familycenter\/wp-content\/uploads\/sites\/31\/2021\/09\/COVID-y-el-regreso-a-clases-1024x576.png\" alt=\"\" width=\"1024\" height=\"576\" srcset=\"https:\/\/rcm1.rcm.upr.edu\/familycenter\/wp-content\/uploads\/sites\/31\/2021\/09\/COVID-y-el-regreso-a-clases-1024x576.png 1024w, https:\/\/rcm1.rcm.upr.edu\/familycenter\/wp-content\/uploads\/sites\/31\/2021\/09\/COVID-y-el-regreso-a-clases-300x169.png 300w, https:\/\/rcm1.rcm.upr.edu\/familycenter\/wp-content\/uploads\/sites\/31\/2021\/09\/COVID-y-el-regreso-a-clases-768x432.png 768w, https:\/\/rcm1.rcm.upr.edu\/familycenter\/wp-content\/uploads\/sites\/31\/2021\/09\/COVID-y-el-regreso-a-clases-1536x864.png 1536w, https:\/\/rcm1.rcm.upr.edu\/familycenter\/wp-content\/uploads\/sites\/31\/2021\/09\/COVID-y-el-regreso-a-clases.png 1920w\" sizes=\"auto, (max-width: 1024px) 100vw, 1024px\" \/><\/p>\n<p>[\/vc_column_text][\/vc_tta_section][vc_tta_section title=&#8221;Posibles acomodos que puede solicitar&#8221; tab_id=&#8221;1644945292519-4290e1b4-049f&#8221;][vc_column_text]<\/p>\n<p style=\"text-align: center\"><img loading=\"lazy\" decoding=\"async\" class=\"aligncenter wp-image-1158 size-full\" src=\"https:\/\/rcm1.rcm.upr.edu\/familycenter\/wp-content\/uploads\/sites\/31\/2022\/02\/Posibles-acomodos-para-vacuna-scaled-1.jpg\" alt=\"\" width=\"1024\" height=\"2560\" srcset=\"https:\/\/rcm1.rcm.upr.edu\/familycenter\/wp-content\/uploads\/sites\/31\/2022\/02\/Posibles-acomodos-para-vacuna-scaled-1.jpg 1024w, https:\/\/rcm1.rcm.upr.edu\/familycenter\/wp-content\/uploads\/sites\/31\/2022\/02\/Posibles-acomodos-para-vacuna-scaled-1-120x300.jpg 120w, https:\/\/rcm1.rcm.upr.edu\/familycenter\/wp-content\/uploads\/sites\/31\/2022\/02\/Posibles-acomodos-para-vacuna-scaled-1-410x1024.jpg 410w, https:\/\/rcm1.rcm.upr.edu\/familycenter\/wp-content\/uploads\/sites\/31\/2022\/02\/Posibles-acomodos-para-vacuna-scaled-1-768x1920.jpg 768w, https:\/\/rcm1.rcm.upr.edu\/familycenter\/wp-content\/uploads\/sites\/31\/2022\/02\/Posibles-acomodos-para-vacuna-scaled-1-614x1536.jpg 614w, https:\/\/rcm1.rcm.upr.edu\/familycenter\/wp-content\/uploads\/sites\/31\/2022\/02\/Posibles-acomodos-para-vacuna-scaled-1-819x2048.jpg 819w\" sizes=\"auto, (max-width: 1024px) 100vw, 1024px\" \/><\/p>\n<p>[\/vc_column_text][\/vc_tta_section][\/vc_tta_tabs][vc_empty_space][vc_column_text]El Instituto de Deficiencias en el Desarrollo a trav\u00e9s de su centro de apoyo a familias, el Puerto Rico Family to Family Center est\u00e1 trabajando para promover el acceso a la vacunaci\u00f3n contra el COVID-19 para personas con Discapacidad Intelectual y del Desarrollo o Necesidades Especiales de Salud. Para m\u00e1s informaci\u00f3n comun\u00edquese con nosotros al 939-454-2017 o por correo electr\u00f3nico a <a href=\"mailto:prf2fc.rcm@upr.edu\">prf2fc.rcm@upr.edu<\/a>.[\/vc_column_text][\/vc_column][\/vc_row]<\/p>\n<\/div>","protected":false},"excerpt":{"rendered":"<p>[vc_row][vc_column][vc_tta_tabs][vc_tta_section title=&#8221;\u00bfQu\u00e9 es el COVID-19?&#8221; tab_id=&#8221;1644945004821-21837e63-fb69&#8243;][vc_column_text] [\/vc_column_text][\/vc_tta_section][vc_tta_section title=&#8221;Vacunaci\u00f3n contra COVID-19&#8243; tab_id=&#8221;1644945095913-6c5b0184-9519&#8243;][vc_column_text] [\/vc_column_text][\/vc_tta_section][vc_tta_section title=&#8221;Acceso a la vacuna contra COVID-19&#8243; tab_id=&#8221;1644945004557-a985f132-f904&#8243;][vc_column_text] [\/vc_column_text][\/vc_tta_section][vc_tta_section title=&#8221;COVID-19 y las DID&#8221; tab_id=&#8221;1644945133712-efaa1c70-ea78&#8243;][vc_column_text] [\/vc_column_text][\/vc_tta_section][vc_tta_section title=&#8221;Riesgo contraer COVID-19&#8243; tab_id=&#8221;1644945190910-ea2d583d-5471&#8243;][vc_column_text] [\/vc_column_text][\/vc_tta_section][\/vc_tta_tabs][vc_empty_space][vc_column_text]El Instituto de Deficiencias en el Desarrollo a trav\u00e9s de su centro de apoyo a familias, el Puerto Rico Family to Family Center est\u00e1 trabajando&hellip;<\/p>\n","protected":false},"author":1,"featured_media":0,"parent":0,"menu_order":0,"comment_status":"closed","ping_status":"closed","template":"template-microsite.php","meta":{"footnotes":""},"class_list":["post-1079","page","type-page","status-publish","hentry","description-off"],"aioseo_notices":[],"_links":{"self":[{"href":"https:\/\/rcm1.rcm.upr.edu\/familycenter\/wp-json\/wp\/v2\/pages\/1079","targetHints":{"allow":["GET"]}}],"collection":[{"href":"https:\/\/rcm1.rcm.upr.edu\/familycenter\/wp-json\/wp\/v2\/pages"}],"about":[{"href":"https:\/\/rcm1.rcm.upr.edu\/familycenter\/wp-json\/wp\/v2\/types\/page"}],"author":[{"embeddable":true,"href":"https:\/\/rcm1.rcm.upr.edu\/familycenter\/wp-json\/wp\/v2\/users\/1"}],"replies":[{"embeddable":true,"href":"https:\/\/rcm1.rcm.upr.edu\/familycenter\/wp-json\/wp\/v2\/comments?post=1079"}],"version-history":[{"count":0,"href":"https:\/\/rcm1.rcm.upr.edu\/familycenter\/wp-json\/wp\/v2\/pages\/1079\/revisions"}],"wp:attachment":[{"href":"https:\/\/rcm1.rcm.upr.edu\/familycenter\/wp-json\/wp\/v2\/media?parent=1079"}],"curies":[{"name":"wp","href":"https:\/\/api.w.org\/{rel}","templated":true}]}}