{"id":1180,"date":"2022-06-21T19:23:12","date_gmt":"2022-06-21T19:23:12","guid":{"rendered":"https:\/\/prf2fc.rcm.upr.edu\/?page_id=1180"},"modified":"2022-06-21T19:23:12","modified_gmt":"2022-06-21T19:23:12","slug":"transicion-de-salud","status":"publish","type":"page","link":"https:\/\/rcm1.rcm.upr.edu\/familycenter\/transicion-de-salud\/","title":{"rendered":"Transici\u00f3n del cuidado de salud pedi\u00e1trico al de adultos"},"content":{"rendered":"<div class=\"wpb-content-wrapper\"><p>[vc_row][vc_column][vc_column_text]<\/p>\n<p class=\"x_MsoNormal\"><span data-ogsc=\"rgb(52, 79, 139)\">Esta transici\u00f3n se refiere a un proceso din\u00e1mico de trasladar a un adolescente o joven adulto de un cuidado de salud pedi\u00e1trico a uno orientado en servicios para adultos.<\/span><\/p>\n<p class=\"x_MsoNormal\"><span data-ogsc=\"rgb(52, 79, 139)\">\u00a0<\/span><\/p>\n<p class=\"x_MsoNormal\"><span data-ogsc=\"rgb(52, 79, 139)\">El objetivo de la transici\u00f3n de cuidado pedi\u00e1trico al de adultos, es mejorar la capacidad de los j\u00f3venes adultos para cuidar de su propia salud y utilizar los servicios de salud de manera efectiva.<\/span><\/p>\n<p class=\"x_MsoNormal\"><span data-ogsc=\"rgb(52, 79, 139)\">El papel de los padres\/cuidadores es apoyar este tr\u00e1nsito gradual desde:<\/span><\/p>\n<ul type=\"disc\">\n<li class=\"x_MsoListParagraph\" data-ogsc=\"black\"><span data-ogsc=\"rgb(52, 79, 139)\">Cuidador<\/span><\/li>\n<li class=\"x_MsoListParagraph\" data-ogsc=\"black\"><span data-ogsc=\"rgb(52, 79, 139)\">Supervisor<\/span><\/li>\n<li class=\"x_MsoListParagraph\" data-ogsc=\"black\"><span data-ogsc=\"rgb(52, 79, 139)\">Consultor <\/span>de los j\u00f3venes adultos respondiendo cuando tengan inquietudes sobre su salud y cuidado m\u00e9dico.<\/li>\n<\/ul>\n<p>[\/vc_column_text][vc_empty_space][\/vc_column][\/vc_row][vc_row][vc_column width=&#8221;1\/6&#8243;][\/vc_column][vc_column width=&#8221;2\/3&#8243;][vc_column_text]<\/p>\n<p style=\"text-align: center\"><img loading=\"lazy\" decoding=\"async\" class=\"aligncenter wp-image-1184 size-full\" src=\"https:\/\/rcm1.rcm.upr.edu\/familycenter\/wp-content\/uploads\/sites\/31\/2022\/06\/Folleto-transicion-salud.png\" alt=\"\" width=\"1587\" height=\"2245\" srcset=\"https:\/\/rcm1.rcm.upr.edu\/familycenter\/wp-content\/uploads\/sites\/31\/2022\/06\/Folleto-transicion-salud.png 1587w, https:\/\/rcm1.rcm.upr.edu\/familycenter\/wp-content\/uploads\/sites\/31\/2022\/06\/Folleto-transicion-salud-212x300.png 212w, https:\/\/rcm1.rcm.upr.edu\/familycenter\/wp-content\/uploads\/sites\/31\/2022\/06\/Folleto-transicion-salud-724x1024.png 724w, https:\/\/rcm1.rcm.upr.edu\/familycenter\/wp-content\/uploads\/sites\/31\/2022\/06\/Folleto-transicion-salud-768x1086.png 768w, https:\/\/rcm1.rcm.upr.edu\/familycenter\/wp-content\/uploads\/sites\/31\/2022\/06\/Folleto-transicion-salud-1086x1536.png 1086w, https:\/\/rcm1.rcm.upr.edu\/familycenter\/wp-content\/uploads\/sites\/31\/2022\/06\/Folleto-transicion-salud-1448x2048.png 1448w\" sizes=\"auto, (max-width: 1587px) 100vw, 1587px\" \/><\/p>\n<p>[\/vc_column_text][vc_empty_space][\/vc_column][vc_column width=&#8221;1\/6&#8243;][\/vc_column][\/vc_row][vc_row][vc_column][vc_column_text]<\/p>\n<h3 class=\"x_MsoNormal\">\u00bfCu\u00e1ndo debo comenzar la transici\u00f3n?<\/h3>\n<ul type=\"disc\">\n<li class=\"x_MsoNormal\" data-ogsc=\"black\"><span data-ogsc=\"rgb(52, 79, 139)\">La Academia Americana de Pediatr\u00eda (AAP) aconseja que los padres y sus m\u00e9dicos comiencen a planificar la transici\u00f3n a los 12 a\u00f1os.<\/span><\/li>\n<li class=\"x_MsoNormal\" data-ogsc=\"black\"><span data-ogsc=\"rgb(52, 79, 139)\">Tambi\u00e9n recomienda a los padres que planifiquen el cambio a un m\u00e9dico de adultos entre los 18-21 a\u00f1os.<\/span><\/li>\n<li class=\"x_MsoNormal\" data-ogsc=\"black\"><span data-ogsc=\"rgb(52, 79, 139)\">Los m\u00e9dicos y los padres pueden ayudar a los j\u00f3venes a manejar su propia salud y cuidado m\u00e9dico.<\/span><\/li>\n<li class=\"x_MsoNormal\" data-ogsc=\"black\"><span data-ogsc=\"rgb(52, 79, 139)\">La planificaci\u00f3n debe incluir discutir los cambios a implementar respecto a la privacidad y el consentimiento al cumplir los 21 a\u00f1os y preparar con los j\u00f3venes un plan sobre sus metas para la transici\u00f3n.<\/span><\/li>\n<li class=\"x_MsoNormal\" data-ogsc=\"black\"><span data-ogsc=\"rgb(52, 79, 139)\">El objetivo es que esta transici\u00f3n se produzca en alg\u00fan momento entre los 18 y los primeros a\u00f1os de los 20.<\/span><\/li>\n<\/ul>\n<p>[\/vc_column_text][vc_empty_space][vc_column_text]<\/p>\n<h3 class=\"x_MsoNormal\">Transici\u00f3n y j\u00f3venes con necesidades especiales<\/h3>\n<ul type=\"disc\">\n<li class=\"x_MsoListParagraph\" data-ogsc=\"black\"><span data-ogsc=\"rgb(52, 79, 139)\">La transici\u00f3n del cuidado m\u00e9dico puede ser diferente para j\u00f3venes con necesidades especiales.<\/span><\/li>\n<li class=\"x_MsoListParagraph\" data-ogsc=\"black\"><span data-ogsc=\"rgb(52, 79, 139)\">Pueden requerir una planificaci\u00f3n m\u00e1s compleja y un apoyo continuo debido a que en sus cuidados participan m\u00faltiples especialistas.<\/span><\/li>\n<li class=\"x_MsoListParagraph\" data-ogsc=\"black\"><span data-ogsc=\"rgb(52, 79, 139)\">Si se considera que el joven adulto necesitar\u00e1 ayuda para la toma de decisiones sobre su cuidado m\u00e9dico, los planes legales para esto debieran estar activos al cumplir los 21 a\u00f1os.<\/span><\/li>\n<\/ul>\n<p>[\/vc_column_text][vc_empty_space][vc_column_text]Para m\u00e1s informaci\u00f3n y apoyo en el proceso de transici\u00f3n al cuidado adulto, puede comunicarse con nosotros al 939-454-2017 o por correo electr\u00f3nico: <a href=\"mailto:prf2fc.rcm@upr.edu\" target=\"_blank\" rel=\"noopener noreferrer\" data-auth=\"NotApplicable\" data-linkindex=\"0\" data-ogsc=\"\">prf2fc.rcm@upr.edu<\/a><\/p>\n<p class=\"x_MsoNormal\"><span data-ogsc=\"black\">\u00a0<\/span><\/p>\n<p>[\/vc_column_text][\/vc_column][\/vc_row]<\/p>\n<\/div>","protected":false},"excerpt":{"rendered":"<p>[vc_row][vc_column][vc_column_text] Esta transici\u00f3n se refiere a un proceso din\u00e1mico de trasladar a un adolescente o joven adulto de un cuidado de salud pedi\u00e1trico a uno orientado en servicios para adultos. \u00a0 El objetivo de la transici\u00f3n de cuidado pedi\u00e1trico al de adultos, es mejorar la capacidad de los j\u00f3venes adultos para cuidar de su propia&hellip;<\/p>\n","protected":false},"author":1,"featured_media":0,"parent":0,"menu_order":0,"comment_status":"closed","ping_status":"closed","template":"template-microsite.php","meta":{"footnotes":""},"class_list":["post-1180","page","type-page","status-publish","hentry","description-off"],"aioseo_notices":[],"_links":{"self":[{"href":"https:\/\/rcm1.rcm.upr.edu\/familycenter\/wp-json\/wp\/v2\/pages\/1180","targetHints":{"allow":["GET"]}}],"collection":[{"href":"https:\/\/rcm1.rcm.upr.edu\/familycenter\/wp-json\/wp\/v2\/pages"}],"about":[{"href":"https:\/\/rcm1.rcm.upr.edu\/familycenter\/wp-json\/wp\/v2\/types\/page"}],"author":[{"embeddable":true,"href":"https:\/\/rcm1.rcm.upr.edu\/familycenter\/wp-json\/wp\/v2\/users\/1"}],"replies":[{"embeddable":true,"href":"https:\/\/rcm1.rcm.upr.edu\/familycenter\/wp-json\/wp\/v2\/comments?post=1180"}],"version-history":[{"count":0,"href":"https:\/\/rcm1.rcm.upr.edu\/familycenter\/wp-json\/wp\/v2\/pages\/1180\/revisions"}],"wp:attachment":[{"href":"https:\/\/rcm1.rcm.upr.edu\/familycenter\/wp-json\/wp\/v2\/media?parent=1180"}],"curies":[{"name":"wp","href":"https:\/\/api.w.org\/{rel}","templated":true}]}}