{"id":152,"date":"2018-12-07T16:50:48","date_gmt":"2018-12-07T16:50:48","guid":{"rendered":"http:\/\/127.0.0.1\/rcm\/prf2fc\/centro-de-informacion\/"},"modified":"2018-12-07T16:50:48","modified_gmt":"2018-12-07T16:50:48","slug":"centro-de-informacion","status":"publish","type":"page","link":"https:\/\/rcm1.rcm.upr.edu\/familycenter\/centro-de-informacion\/","title":{"rendered":"Centro de Informaci\u00f3n"},"content":{"rendered":"<div class=\"wpb-content-wrapper\"><p>[vc_row][vc_column][vc_column_text]Contamos con un sistema de diseminaci\u00f3n de informaci\u00f3n a familiares de ni\u00f1os con necesidades especiales de salud y\/o discapacidad intelectual y del desarrollo de toda la isla. Ofrecemos orientaci\u00f3n, asistencia, apoyo y las herramientas necesarias para las familias y profesionales que les ofrecen servicios. \u00a1Ll\u00e1menos y pregunte por servicios en su \u00e1rea que se acomoden a sus necesidades y la de su familia![\/vc_column_text][\/vc_column][\/vc_row][vc_row][vc_column][vc_column_text]<img loading=\"lazy\" decoding=\"async\" class=\"aligncenter wp-image-1032 size-full\" src=\"https:\/\/rcm1.rcm.upr.edu\/familycenter\/wp-content\/uploads\/sites\/31\/2021\/06\/Ruta-de-servicios.jpg\" alt=\"\" width=\"1131\" height=\"1600\" srcset=\"https:\/\/rcm1.rcm.upr.edu\/familycenter\/wp-content\/uploads\/sites\/31\/2021\/06\/Ruta-de-servicios.jpg 1131w, https:\/\/rcm1.rcm.upr.edu\/familycenter\/wp-content\/uploads\/sites\/31\/2021\/06\/Ruta-de-servicios-212x300.jpg 212w, https:\/\/rcm1.rcm.upr.edu\/familycenter\/wp-content\/uploads\/sites\/31\/2021\/06\/Ruta-de-servicios-724x1024.jpg 724w, https:\/\/rcm1.rcm.upr.edu\/familycenter\/wp-content\/uploads\/sites\/31\/2021\/06\/Ruta-de-servicios-768x1086.jpg 768w, https:\/\/rcm1.rcm.upr.edu\/familycenter\/wp-content\/uploads\/sites\/31\/2021\/06\/Ruta-de-servicios-1086x1536.jpg 1086w\" sizes=\"auto, (max-width: 1131px) 100vw, 1131px\" \/>[\/vc_column_text][\/vc_column][\/vc_row]<\/p>\n<\/div>","protected":false},"excerpt":{"rendered":"<p>[vc_row][vc_column][vc_column_text]Contamos con un sistema de diseminaci\u00f3n de informaci\u00f3n a familiares de ni\u00f1os con necesidades especiales de salud y\/o discapacidad intelectual y del desarrollo de toda la isla. Ofrecemos orientaci\u00f3n, asistencia, apoyo y las herramientas necesarias para las familias y profesionales que les ofrecen servicios. \u00a1Ll\u00e1menos y pregunte por servicios en su \u00e1rea que se acomoden&hellip;<\/p>\n","protected":false},"author":1,"featured_media":0,"parent":0,"menu_order":0,"comment_status":"closed","ping_status":"closed","template":"template-microsite.php","meta":{"footnotes":""},"class_list":["post-152","page","type-page","status-publish","hentry","description-off"],"aioseo_notices":[],"_links":{"self":[{"href":"https:\/\/rcm1.rcm.upr.edu\/familycenter\/wp-json\/wp\/v2\/pages\/152","targetHints":{"allow":["GET"]}}],"collection":[{"href":"https:\/\/rcm1.rcm.upr.edu\/familycenter\/wp-json\/wp\/v2\/pages"}],"about":[{"href":"https:\/\/rcm1.rcm.upr.edu\/familycenter\/wp-json\/wp\/v2\/types\/page"}],"author":[{"embeddable":true,"href":"https:\/\/rcm1.rcm.upr.edu\/familycenter\/wp-json\/wp\/v2\/users\/1"}],"replies":[{"embeddable":true,"href":"https:\/\/rcm1.rcm.upr.edu\/familycenter\/wp-json\/wp\/v2\/comments?post=152"}],"version-history":[{"count":0,"href":"https:\/\/rcm1.rcm.upr.edu\/familycenter\/wp-json\/wp\/v2\/pages\/152\/revisions"}],"wp:attachment":[{"href":"https:\/\/rcm1.rcm.upr.edu\/familycenter\/wp-json\/wp\/v2\/media?parent=152"}],"curies":[{"name":"wp","href":"https:\/\/api.w.org\/{rel}","templated":true}]}}