{"id":23,"date":"2018-12-07T16:54:15","date_gmt":"2018-12-07T16:54:15","guid":{"rendered":"http:\/\/127.0.0.1\/rcm\/prf2fc\/contactenos\/"},"modified":"2018-12-07T16:54:15","modified_gmt":"2018-12-07T16:54:15","slug":"contactenos","status":"publish","type":"page","link":"https:\/\/rcm1.rcm.upr.edu\/familycenter\/contactenos\/","title":{"rendered":"Cont\u00e1ctenos"},"content":{"rendered":"<div class=\"wpb-content-wrapper\"><p>[vc_row][vc_column][vc_column_text]<\/p>\n<p style=\"text-align: center\"><img loading=\"lazy\" decoding=\"async\" class=\"aligncenter wp-image-1206 size-full\" src=\"https:\/\/rcm1.rcm.upr.edu\/familycenter\/wp-content\/uploads\/sites\/31\/2022\/08\/contact-info-F2F.png\" alt=\"\" width=\"1004\" height=\"590\" srcset=\"https:\/\/rcm1.rcm.upr.edu\/familycenter\/wp-content\/uploads\/sites\/31\/2022\/08\/contact-info-F2F.png 1004w, https:\/\/rcm1.rcm.upr.edu\/familycenter\/wp-content\/uploads\/sites\/31\/2022\/08\/contact-info-F2F-300x176.png 300w, https:\/\/rcm1.rcm.upr.edu\/familycenter\/wp-content\/uploads\/sites\/31\/2022\/08\/contact-info-F2F-768x451.png 768w\" sizes=\"auto, (max-width: 1004px) 100vw, 1004px\" \/><\/p>\n<p>[\/vc_column_text][vc_empty_space][\/vc_column][\/vc_row][vc_row][vc_column width=&#8221;1\/2&#8243;][vc_column_text]<\/p>\n<p class=\"font_9\"><strong><span class=\"color_15\">Ubicaci\u00f3n:<\/span><\/strong><\/p>\n<p class=\"font_9\"><span class=\"color_15\">Casa Rosada, Calle Palmetum<br \/>\nJard\u00edn Bot\u00e1nico Sur, 1187 Calle Flamboy\u00e1n<br \/>\nSan Juan, Puerto Rico 00926-1117<br \/>\n<\/span><\/p>\n<div id=\"comp-jmzq04js\" class=\"txtNew\" data-packed=\"true\">\n<p>&nbsp;<\/p>\n<p class=\"font_9\"><strong>Tel\u00e9fono:<\/strong><\/p>\n<p class=\"font_9\">939-454-2017<\/p>\n<p>&nbsp;<\/p>\n<\/div>\n<p>Facebook:<\/p>\n<p><a href=\"https:\/\/www.facebook.com\/institutodeficienciaseneldesarrollo\" target=\"_blank\" rel=\"noopener\">https:\/\/www.facebook.com\/institutodeficienciaseneldesarrollo<\/a>[\/vc_column_text][\/vc_column][vc_column width=&#8221;1\/2&#8243;][vc_raw_html]JTNDaWZyYW1lJTIwc3JjJTNEJTIyaHR0cHMlM0ElMkYlMkZ3d3cuZ29vZ2xlLmNvbSUyRm1hcHMlMkZlbWJlZCUzRnBiJTNEJTIxMW0xOCUyMTFtMTIlMjExbTMlMjExZDM3ODYuMDE0ODg5Mjk2NzA2JTIxMmQtNjYuMDU3MzMwMzg0OTQ1MDYlMjEzZDE4LjM5MjE3MzQ4NzQ4Mzg4OCUyMTJtMyUyMTFmMCUyMTJmMCUyMTNmMCUyMTNtMiUyMTFpMTAyNCUyMTJpNzY4JTIxNGYxMy4xJTIxM20zJTIxMW0yJTIxMXMweDhjMDM2OTM0NDZiZDU4NzElMjUzQTB4NGYxZmFlZGY2YjM1Mzc4NCUyMTJzUHVlcnRvJTI1MjBSaWNvJTI1MjBGYW1pbHklMjUyMHRvJTI1MjBGYW1pbHklMjUyMENlbnRlciUyMTVlMCUyMTNtMiUyMTFzZW4lMjEyc3ByJTIxNHYxNjI1MTAxOTUyODk0JTIxNW0yJTIxMXNlbiUyMTJzcHIlMjIlMjB3aWR0aCUzRCUyMjYwMCUyMiUyMGhlaWdodCUzRCUyMjQ1MCUyMiUyMHN0eWxlJTNEJTIyYm9yZGVyJTNBMCUzQiUyMiUyMGFsbG93ZnVsbHNjcmVlbiUzRCUyMiUyMiUyMGxvYWRpbmclM0QlMjJsYXp5JTIyJTNFJTNDJTJGaWZyYW1lJTNF[\/vc_raw_html][\/vc_column][\/vc_row][vc_row][vc_column][ninja_form id=&#8221;2&#8243;][\/vc_column][\/vc_row]<\/p>\n<\/div>","protected":false},"excerpt":{"rendered":"<p>[vc_row][vc_column][vc_column_text] [\/vc_column_text][vc_empty_space][\/vc_column][\/vc_row][vc_row][vc_column width=&#8221;1\/2&#8243;][vc_column_text] Ubicaci\u00f3n: Casa Rosada, Calle Palmetum Jard\u00edn Bot\u00e1nico Sur, 1187 Calle Flamboy\u00e1n San Juan, Puerto Rico 00926-1117 &nbsp; Tel\u00e9fono: 939-454-2017 &nbsp; Facebook: https:\/\/www.facebook.com\/institutodeficienciaseneldesarrollo[\/vc_column_text][\/vc_column][vc_column width=&#8221;1\/2&#8243;][vc_raw_html]JTNDaWZyYW1lJTIwc3JjJTNEJTIyaHR0cHMlM0ElMkYlMkZ3d3cuZ29vZ2xlLmNvbSUyRm1hcHMlMkZlbWJlZCUzRnBiJTNEJTIxMW0xOCUyMTFtMTIlMjExbTMlMjExZDM3ODYuMDE0ODg5Mjk2NzA2JTIxMmQtNjYuMDU3MzMwMzg0OTQ1MDYlMjEzZDE4LjM5MjE3MzQ4NzQ4Mzg4OCUyMTJtMyUyMTFmMCUyMTJmMCUyMTNmMCUyMTNtMiUyMTFpMTAyNCUyMTJpNzY4JTIxNGYxMy4xJTIxM20zJTIxMW0yJTIxMXMweDhjMDM2OTM0NDZiZDU4NzElMjUzQTB4NGYxZmFlZGY2YjM1Mzc4NCUyMTJzUHVlcnRvJTI1MjBSaWNvJTI1MjBGYW1pbHklMjUyMHRvJTI1MjBGYW1pbHklMjUyMENlbnRlciUyMTVlMCUyMTNtMiUyMTFzZW4lMjEyc3ByJTIxNHYxNjI1MTAxOTUyODk0JTIxNW0yJTIxMXNlbiUyMTJzcHIlMjIlMjB3aWR0aCUzRCUyMjYwMCUyMiUyMGhlaWdodCUzRCUyMjQ1MCUyMiUyMHN0eWxlJTNEJTIyYm9yZGVyJTNBMCUzQiUyMiUyMGFsbG93ZnVsbHNjcmVlbiUzRCUyMiUyMiUyMGxvYWRpbmclM0QlMjJsYXp5JTIyJTNFJTNDJTJGaWZyYW1lJTNF[\/vc_raw_html][\/vc_column][\/vc_row][vc_row][vc_column][ninja_form id=&#8221;2&#8243;][\/vc_column][\/vc_row]<\/p>\n","protected":false},"author":1,"featured_media":0,"parent":0,"menu_order":0,"comment_status":"closed","ping_status":"closed","template":"template-microsite.php","meta":{"footnotes":""},"class_list":["post-23","page","type-page","status-publish","hentry","description-off"],"aioseo_notices":[],"_links":{"self":[{"href":"https:\/\/rcm1.rcm.upr.edu\/familycenter\/wp-json\/wp\/v2\/pages\/23","targetHints":{"allow":["GET"]}}],"collection":[{"href":"https:\/\/rcm1.rcm.upr.edu\/familycenter\/wp-json\/wp\/v2\/pages"}],"about":[{"href":"https:\/\/rcm1.rcm.upr.edu\/familycenter\/wp-json\/wp\/v2\/types\/page"}],"author":[{"embeddable":true,"href":"https:\/\/rcm1.rcm.upr.edu\/familycenter\/wp-json\/wp\/v2\/users\/1"}],"replies":[{"embeddable":true,"href":"https:\/\/rcm1.rcm.upr.edu\/familycenter\/wp-json\/wp\/v2\/comments?post=23"}],"version-history":[{"count":0,"href":"https:\/\/rcm1.rcm.upr.edu\/familycenter\/wp-json\/wp\/v2\/pages\/23\/revisions"}],"wp:attachment":[{"href":"https:\/\/rcm1.rcm.upr.edu\/familycenter\/wp-json\/wp\/v2\/media?parent=23"}],"curies":[{"name":"wp","href":"https:\/\/api.w.org\/{rel}","templated":true}]}}