{"id":211,"date":"2016-09-09T18:33:41","date_gmt":"2016-09-09T18:33:41","guid":{"rendered":"http:\/\/127.0.0.1\/rcm\/farmacia\/research\/"},"modified":"2023-11-09T20:20:24","modified_gmt":"2023-11-09T20:20:24","slug":"research","status":"publish","type":"page","link":"https:\/\/rcm1.rcm.upr.edu\/farmacia\/research\/","title":{"rendered":"Research"},"content":{"rendered":"<p>The faculty from the School of Pharmacy has identified and actively pursues scholarly activities in collaboration with the students and faculty from other institutions of Puerto Rico and other countries in the areas of teaching, discovery, integration, application and artistic creativity.\u00a0 The teaching and research laboratories, the <a href=\"https:\/\/rcm1.rcm.upr.edu\/farmacia\/cdir\/\">Center for Drug Information and Research<\/a>, the <a href=\"https:\/\/rcm1.rcm.upr.edu\/farmacia\/museum\/\">Museum of Pharmacy and Medicinal Plants<\/a> and the pharmacy practice sites at the community and institutional settings provide a rich environment to pursue research.<\/p>\n<p>We invite you to explore our School of Pharmacy WEB SITE, meet our <a href=\"https:\/\/rcm1.rcm.upr.edu\/farmacia\/faculty\/\">faculty<\/a>, view other <a href=\"https:\/\/rcm1.rcm.upr.edu\/research\/\">research facilities<\/a> at the <a href=\"https:\/\/rcm1.rcm.upr.edu\/start\/\">Medical Sciences Campus<\/a>, and learn about research and scholarship at the University of Puerto Rico \u2013 School of Pharmacy.<\/p>\n<p><strong><br \/>\n<\/strong><strong>RESEARCH FACILITIES<\/strong><\/p>\n<p><strong> DRUG DISCOVERY LABORATORY\u00a0 <\/strong><\/p>\n<p>B-218, B- 221<\/p>\n<p>New drugs are discovered from two main sources: natural products and laboratory synthesis of compounds. The research performed in the Drug Discovery Laboratory involves the screening of local flora for potential biological activity that could be useful in combating disease. The other research performed in laboratory is in the area of chemical synthesis as to generate compounds with biological activity.\u00a0 Two examples are: (1) synthesis of cyclic disulfides as inhibitors of enzymes with active-site cysteines and (2) novel Rac inhibitors as therapeutic agents for breast cancer metastasis.<\/p>\n<p><strong> PHARMACEUTICAL RESEARCH,\u00a0 DEVELOPMENT &amp; PROCESSING LABORATORY<\/strong><\/p>\n<p>BB-16, BB-17, BB-19, BB-20<\/p>\n<p>Research in the design and development of novel drug products from preformulation, formulation, up to production including stability,\u00a0 quality and in-vitro in-vivo correlation, is performed. Solids, liquids and semisolids dosage form technology; pharmaceutical material characterization and performance; process analytical technology (PAT); controlled release and novel delivery systems such as nanotechnology, microspheres, liposomes, implants,\u00a0 microcapsules and mucoadhesives are studied.<\/p>\n<p><strong> PHARMACOLOGY \/ MOLECULAR BIOLOGY LABORATORY<\/strong><\/p>\n<p>B- 214, B-215<\/p>\n<p>Cancer Research is conducted to understand the biological principles underlying tumor development and the study of in vitro cancer cell systems to determine the signaling pathways involved in the cellular responses to novel caner therapeutic treatments.\u00a0 Emphasis is given to study the role of neuregulins in the regulation of the epidermal growth factor receptor gene.\u00a0 The ultimate aim is to contribute in providing novel treatment alternatives to cancer patients.<\/p>\n<p>Diabetes and cardiovascular diseases the insulin receptor (IR) pathway controls several important biological functions, such as regulation of glucose metabolism, stimulation of lipogenesis, inhibition of lipolysis, and stimulation of amino acid transport into cells, growth, DNA synthesis, and cell replications. The molecular basis for these effects remains poorly understood. Studies in this laboratory are designed to investigate the intracellular interactions and dynamics of the insulin receptor signaling pathway affected by the serious medical conditions observed in Type 2 diabetes.<\/p>\n<p><strong> DRUG ANALYSIS\/PHARMACOKINETICS<\/strong><\/p>\n<p>B-217<\/p>\n<p>Current research goals encompass the areas of clinical trial simulations and population pharmacokinetic data analysis, and modeling of high-dose intravenous vitamin therapy in healthy volunteers and cancer patients in order to improve drug efficacy. Another area of interest is in pharmacogenomics translational research as to better understand the genetic basis of the observed variability in the response to medications in Puerto Ricans, including adverse and desired effects, as well as drug metabolism.<\/p>\n<p><strong> PHARMACEUTICAL SCIENCES RESEARCH SUPPORT UNIT<\/strong><\/p>\n<p>A-236, A-237, A-238, A-239, A-242<\/p>\n<p>The Pharmaceutical Sciences Research Support Unit responds directly to the Chair of the Pharmaceutical Sciences Department. Its mission is to promote research by making available to offering our investigators instruments such as HPLCs, GC-MSs, NMR, among others and <u>facilitating physical complementary spaces<\/u>.\u00a0 These areas include a fully equipped laboratory dedicated to chemical and biological research, graduate student offices, a small conference room, and a general documentation and administration room.<\/p>\n<p>Center for Drug Information and Research<\/p>\n<p>In 2009, as a response to the increased access to drug information throughout mass media services, and as a need to operationalize research activities already provided by its faculty, the University of Puerto Rico, School of Pharmacy, decided to expand the scope of the services provided by School of Pharmacy\u2019s Drug Information Center (DIC). As a result, the Center for Drug Information and Research (CDIR) was created.<\/p>\n<p>The CDIR serves as the focal point for drug information, research, education, and service within the University of Puerto Rico School of Pharmacy. The CDIR is the first academic-based research center in Puerto Rico solely dedicated to answer drug related information inquiries, provide health service research support consultations, and the development, implementation and evaluation of pharmacy educational programs. The mission of the CDIR is to improve drug therapy\u00a0in Puerto Rico through drug information services, and educational, clinical and novel research initiatives.<\/p>\n<p>The CDIR replaces the School of\u00a0 Pharmacy\u2019s\u00a0 Drug Information Center, founded in 1973. The CDIR continues to offer the drug information services provided by the DIC since its inception, which consists of providing up-to-date drug information to health care professionals and students in Puerto Rico and abroad. However, the CDIR expands its drug information services spectrum by providing specialized talks to the community in Puerto Rico. In addition to the drug information services, the CDIR pursues its mission by implementing educational, clinical and novel research initiatives.<\/p>\n<p>The educational initiatives offered by the Center seeks to provide students, practitioners and patients with up-to-date and accessible information on the best practices in pharmacotherapy.\u00a0The clinical initiatives strengthen the ties between education and practice by giving faculty and pharmacy students the opportunity to apply principles of pharmaceutical care to patients in various settings, and the research initiatives focus on generating new scientific knowledge with practical application in improving access to and outcomes of pharmaceutical care for patients in Puerto Rico.<\/p>\n<p>The CDIR is located at the 5th floor of the Conrado Asenjo Medical Sciences Campus Library, University of Puerto Rico. For additional information, please contact:<\/p>\n<p>Jos\u00e9 Josue Hern\u00e1ndez Mu\u00f1oz, RPh, MPH, MS, PhD<br \/>\nDirector<br \/>\nCenter for Drug Information and Research<br \/>\nPO Box 365067<br \/>\nSan Juan, Puerto Rico 00936-5067<br \/>\n787-758-2525 ext. 1516<br \/>\n<a href=\"mailto:jose.hernandez38@upr.edu\">jose.hernandez38@upr.edu<\/a><\/p>\n","protected":false},"excerpt":{"rendered":"<p>The faculty from the School of Pharmacy has identified and actively pursues scholarly activities in collaboration with the students and faculty from other institutions of Puerto Rico and other countries in the areas of teaching, discovery, integration, application and artistic creativity.\u00a0 The teaching and research laboratories, the Center for Drug Information and Research, the Museum&hellip;<\/p>\n","protected":false},"author":1,"featured_media":0,"parent":0,"menu_order":0,"comment_status":"closed","ping_status":"closed","template":"template-microsite.php","meta":{"footnotes":""},"class_list":["post-211","page","type-page","status-publish","hentry","description-off"],"jetpack_sharing_enabled":true,"_links":{"self":[{"href":"https:\/\/rcm1.rcm.upr.edu\/farmacia\/wp-json\/wp\/v2\/pages\/211","targetHints":{"allow":["GET"]}}],"collection":[{"href":"https:\/\/rcm1.rcm.upr.edu\/farmacia\/wp-json\/wp\/v2\/pages"}],"about":[{"href":"https:\/\/rcm1.rcm.upr.edu\/farmacia\/wp-json\/wp\/v2\/types\/page"}],"author":[{"embeddable":true,"href":"https:\/\/rcm1.rcm.upr.edu\/farmacia\/wp-json\/wp\/v2\/users\/1"}],"replies":[{"embeddable":true,"href":"https:\/\/rcm1.rcm.upr.edu\/farmacia\/wp-json\/wp\/v2\/comments?post=211"}],"version-history":[{"count":1,"href":"https:\/\/rcm1.rcm.upr.edu\/farmacia\/wp-json\/wp\/v2\/pages\/211\/revisions"}],"predecessor-version":[{"id":3692,"href":"https:\/\/rcm1.rcm.upr.edu\/farmacia\/wp-json\/wp\/v2\/pages\/211\/revisions\/3692"}],"wp:attachment":[{"href":"https:\/\/rcm1.rcm.upr.edu\/farmacia\/wp-json\/wp\/v2\/media?parent=211"}],"curies":[{"name":"wp","href":"https:\/\/api.w.org\/{rel}","templated":true}]}}