{"id":3718,"date":"2022-09-02T17:12:35","date_gmt":"2022-09-02T17:12:35","guid":{"rendered":"https:\/\/iddpr.rcm.upr.edu\/?page_id=3718"},"modified":"2023-10-18T17:16:35","modified_gmt":"2023-10-18T17:16:35","slug":"certificado-graduado-en-deficiencias-en-el-desarrollo-e-intervencion-temprana","status":"publish","type":"page","link":"https:\/\/rcm1.rcm.upr.edu\/institutodeficiencias\/certificado-graduado-en-deficiencias-en-el-desarrollo-e-intervencion-temprana\/","title":{"rendered":"Certificado Graduado en Deficiencias en el Desarrollo e Intervenci\u00f3n Temprana\u200b"},"content":{"rendered":"<div class=\"wpb-content-wrapper\"><p>[vc_row][vc_column width=&#8221;2\/3&#8243;][vc_column_text]<span data-usefontface=\"false\" data-contrast=\"none\">Es un curso de estudios conducentes a un certificado graduado en el <\/span><span data-usefontface=\"false\" data-contrast=\"none\">\u00e1rea de Intervenci\u00f3n Temprana en Ni\u00f1os con Deficiencias en el\u00a0<\/span><span data-usefontface=\"false\" data-contrast=\"none\">Desarrollo.<\/span><\/p>\n<p>\u200b<\/p>\n<p><span data-usefontface=\"false\" data-contrast=\"none\">La formaci\u00f3n de profesionales que puedan contribuir al campo de\u00a0<\/span><span data-usefontface=\"false\" data-contrast=\"none\">intervenci\u00f3n temprana en ni\u00f1os con deficiencias en el Desarrollo para:<\/span>\u200b<\/p>\n<ul style=\"font-weight: 400;\">\n<li data-charcodes=\"167\" data-font=\"Wingdings,Sans-Serif\" data-buautonum=\"8\" data-aria-posinset=\"3\" data-aria-level=\"2\"><span data-usefontface=\"false\" data-contrast=\"none\">Desarrollar destrezas, conocimientos y actitudes sobre intervenci\u00f3n\u00a0<\/span><span data-usefontface=\"false\" data-contrast=\"none\">temprana.<\/span>\u200b<\/li>\n<li data-charcodes=\"167\" data-font=\"Wingdings,Sans-Serif\" data-buautonum=\"8\" data-aria-posinset=\"4\" data-aria-level=\"2\"><span data-usefontface=\"false\" data-contrast=\"none\">Exponer a los profesionales a nuevos desarrollos y tendencias en el\u00a0<\/span><span data-usefontface=\"false\" data-contrast=\"none\">ofrecimiento de servicios a esta poblaci\u00f3n.<\/span>\u200b<\/li>\n<li data-charcodes=\"167\" data-font=\"Wingdings,Sans-Serif\" data-buautonum=\"8\" data-aria-posinset=\"5\" data-aria-level=\"2\"><span data-usefontface=\"false\" data-contrast=\"none\">Fomentar modelos de prevenci\u00f3n e intervenci\u00f3n temprana. <\/span><\/li>\n<\/ul>\n<p>&nbsp;<\/p>\n<p><a href=\"https:\/\/rcm1.rcm.upr.edu\/institutodeficiencias\/wp-content\/uploads\/sites\/17\/2023\/03\/Brochure-DDIT-marzo-2023.pdf\" target=\"_blank\" rel=\"noopener\">Click aqu\u00ed<\/a> para ver el brochure. Para informaci\u00f3n sobre admisi\u00f3n, visite: <a href=\"https:\/\/rcm1.rcm.upr.edu\/sp\/asuntos-estudiantiles\/admisiones\/\" target=\"_blank\" rel=\"noopener\">https:\/\/sp.rcm.upr.edu\/asuntos-estudiantiles\/admisiones\/<\/a>[\/vc_column_text][\/vc_column][vc_column width=&#8221;1\/3&#8243;][vc_column_text]<\/p>\n<p style=\"text-align: center;\"><img loading=\"lazy\" decoding=\"async\" class=\"alignnone wp-image-3517\" src=\"https:\/\/rcm1.rcm.upr.edu\/institutodeficiencias\/wp-content\/uploads\/sites\/17\/2022\/09\/Salud-Publica-Logo-300x275.jpg\" alt=\"\" width=\"169\" height=\"155\" \/><\/p>\n<p><strong>Contacto<\/strong><br \/>\nEneid Mangual<br \/>\nTel\u00e9fono: 787-758-2525 ext. 1448, 1445<br \/>\nCorreo Electr\u00f3nico: eneid.mangual@upr.edu[\/vc_column_text][\/vc_column][\/vc_row]<\/p>\n<\/div>","protected":false},"excerpt":{"rendered":"<p>[vc_row][vc_column width=&#8221;2\/3&#8243;][vc_column_text]Es un curso de estudios conducentes a un certificado graduado en el \u00e1rea de Intervenci\u00f3n Temprana en Ni\u00f1os con Deficiencias en el\u00a0Desarrollo. \u200b La formaci\u00f3n de profesionales que puedan contribuir al campo de\u00a0intervenci\u00f3n temprana en ni\u00f1os con deficiencias en el Desarrollo para:\u200b Desarrollar destrezas, conocimientos y actitudes sobre intervenci\u00f3n\u00a0temprana.\u200b Exponer a los profesionales a&hellip;<\/p>\n","protected":false},"author":1,"featured_media":0,"parent":0,"menu_order":0,"comment_status":"closed","ping_status":"closed","template":"template-microsite.php","meta":{"footnotes":""},"class_list":["post-3718","page","type-page","status-publish","hentry","description-off"],"aioseo_notices":[],"_links":{"self":[{"href":"https:\/\/rcm1.rcm.upr.edu\/institutodeficiencias\/wp-json\/wp\/v2\/pages\/3718","targetHints":{"allow":["GET"]}}],"collection":[{"href":"https:\/\/rcm1.rcm.upr.edu\/institutodeficiencias\/wp-json\/wp\/v2\/pages"}],"about":[{"href":"https:\/\/rcm1.rcm.upr.edu\/institutodeficiencias\/wp-json\/wp\/v2\/types\/page"}],"author":[{"embeddable":true,"href":"https:\/\/rcm1.rcm.upr.edu\/institutodeficiencias\/wp-json\/wp\/v2\/users\/1"}],"replies":[{"embeddable":true,"href":"https:\/\/rcm1.rcm.upr.edu\/institutodeficiencias\/wp-json\/wp\/v2\/comments?post=3718"}],"version-history":[{"count":3,"href":"https:\/\/rcm1.rcm.upr.edu\/institutodeficiencias\/wp-json\/wp\/v2\/pages\/3718\/revisions"}],"predecessor-version":[{"id":4010,"href":"https:\/\/rcm1.rcm.upr.edu\/institutodeficiencias\/wp-json\/wp\/v2\/pages\/3718\/revisions\/4010"}],"wp:attachment":[{"href":"https:\/\/rcm1.rcm.upr.edu\/institutodeficiencias\/wp-json\/wp\/v2\/media?parent=3718"}],"curies":[{"name":"wp","href":"https:\/\/api.w.org\/{rel}","templated":true}]}}