{"id":3727,"date":"2022-09-02T17:21:16","date_gmt":"2022-09-02T17:21:16","guid":{"rendered":"https:\/\/iddpr.rcm.upr.edu\/?page_id=3727"},"modified":"2022-09-02T17:21:16","modified_gmt":"2022-09-02T17:21:16","slug":"funciones-y-servicios","status":"publish","type":"page","link":"https:\/\/rcm1.rcm.upr.edu\/institutodeficiencias\/funciones-y-servicios\/","title":{"rendered":"Funciones y Servicios"},"content":{"rendered":"<div class=\"wpb-content-wrapper\"><p>[vc_row][vc_column][vc_column_text]El Instituto de Deficiencias en el Desarrollo (IDD), Centro Universitario para la Excelencia en Investigaci\u00f3n, Educaci\u00f3n y Servicio reconoce que las personas con deficiencias intelectuales y del desarrollo (DID) u otros impedimentos tienen el derecho a una vida plena por lo que la sociedad tiene que reconocer sus valores y su potencial.<\/p>\n<p>&nbsp;<\/p>\n<p>Sus funciones b\u00e1sicas son:[\/vc_column_text][\/vc_column][\/vc_row][vc_row][vc_column width=&#8221;1\/6&#8243;][vc_column_text]<img loading=\"lazy\" decoding=\"async\" class=\" wp-image-3539 aligncenter\" src=\"https:\/\/rcm1.rcm.upr.edu\/institutodeficiencias\/wp-content\/uploads\/sites\/17\/2022\/09\/FS2.jpg\" alt=\"\" width=\"50\" height=\"54\" \/>[\/vc_column_text][vc_empty_space height=&#8221;15px&#8221;][vc_column_text]<img loading=\"lazy\" decoding=\"async\" class=\"wp-image-3540 aligncenter\" src=\"https:\/\/rcm1.rcm.upr.edu\/institutodeficiencias\/wp-content\/uploads\/sites\/17\/2022\/09\/FS3.jpg\" alt=\"\" width=\"50\" height=\"52\" \/>[\/vc_column_text][vc_empty_space height=&#8221;15px&#8221;][vc_column_text]<img loading=\"lazy\" decoding=\"async\" class=\" wp-image-3538 aligncenter\" src=\"https:\/\/rcm1.rcm.upr.edu\/institutodeficiencias\/wp-content\/uploads\/sites\/17\/2022\/09\/FS1.jpg\" alt=\"\" width=\"50\" height=\"44\" \/>[\/vc_column_text][vc_empty_space height=&#8221;15px&#8221;][vc_column_text]<\/p>\n<p>&nbsp;<\/p>\n<p><img loading=\"lazy\" decoding=\"async\" class=\"wp-image-3541 aligncenter\" src=\"https:\/\/rcm1.rcm.upr.edu\/institutodeficiencias\/wp-content\/uploads\/sites\/17\/2022\/09\/FS4.jpg\" alt=\"\" width=\"50\" height=\"54\" \/>[\/vc_column_text][\/vc_column][vc_column width=&#8221;5\/6&#8243;][vc_column_text]<strong>Actividades de adiestramiento comunitario y asistencia t\u00e9cnica<\/strong> a personas con DID y a sus familias, proveedores de servicios, legislatura, administradores, estudiantes y a la comunidad en general.[\/vc_column_text][vc_empty_space height=&#8221;15px&#8221;][vc_column_text]<strong>Investigaci\u00f3n, evaluaci\u00f3n y an\u00e1lisis de pol\u00edtica p\u00fablica<\/strong> sobre asuntos y temas que impactan a las personas con DID u otros impedimentos y a sus familias.[\/vc_column_text][vc_empty_space height=&#8221;15px&#8221;][vc_column_text]<strong>Preparaci\u00f3n interdisciplinaria y educaci\u00f3n continuada<\/strong> a estudiantes y profesionales en \u00e1reas relacionadas con la salud mediante cursos acad\u00e9micos de larga y corta duraci\u00f3n.[\/vc_column_text][vc_empty_space height=&#8221;15px&#8221;][vc_column_text]<strong>Diseminaci\u00f3n de informaci\u00f3n,<\/strong> incluyendo \u00e1reas espec\u00edficas de peritaje que puedan ser utilizadas en diferentes escenarios y circunstancias con el prop\u00f3sito de promover la independencia, productividad e integraci\u00f3n de las personas con DID u otros impedimentos y sus familiares en las escuelas y comunidades.[\/vc_column_text][\/vc_column][\/vc_row]<\/p>\n<\/div>","protected":false},"excerpt":{"rendered":"<p>[vc_row][vc_column][vc_column_text]El Instituto de Deficiencias en el Desarrollo (IDD), Centro Universitario para la Excelencia en Investigaci\u00f3n, Educaci\u00f3n y Servicio reconoce que las personas con deficiencias intelectuales y del desarrollo (DID) u otros impedimentos tienen el derecho a una vida plena por lo que la sociedad tiene que reconocer sus valores y su potencial. &nbsp; Sus funciones&hellip;<\/p>\n","protected":false},"author":1,"featured_media":0,"parent":0,"menu_order":0,"comment_status":"closed","ping_status":"closed","template":"template-microsite.php","meta":{"footnotes":""},"class_list":["post-3727","page","type-page","status-publish","hentry","description-off"],"aioseo_notices":[],"_links":{"self":[{"href":"https:\/\/rcm1.rcm.upr.edu\/institutodeficiencias\/wp-json\/wp\/v2\/pages\/3727","targetHints":{"allow":["GET"]}}],"collection":[{"href":"https:\/\/rcm1.rcm.upr.edu\/institutodeficiencias\/wp-json\/wp\/v2\/pages"}],"about":[{"href":"https:\/\/rcm1.rcm.upr.edu\/institutodeficiencias\/wp-json\/wp\/v2\/types\/page"}],"author":[{"embeddable":true,"href":"https:\/\/rcm1.rcm.upr.edu\/institutodeficiencias\/wp-json\/wp\/v2\/users\/1"}],"replies":[{"embeddable":true,"href":"https:\/\/rcm1.rcm.upr.edu\/institutodeficiencias\/wp-json\/wp\/v2\/comments?post=3727"}],"version-history":[{"count":0,"href":"https:\/\/rcm1.rcm.upr.edu\/institutodeficiencias\/wp-json\/wp\/v2\/pages\/3727\/revisions"}],"wp:attachment":[{"href":"https:\/\/rcm1.rcm.upr.edu\/institutodeficiencias\/wp-json\/wp\/v2\/media?parent=3727"}],"curies":[{"name":"wp","href":"https:\/\/api.w.org\/{rel}","templated":true}]}}