{"id":3742,"date":"2022-09-02T17:50:34","date_gmt":"2022-09-02T17:50:34","guid":{"rendered":"https:\/\/iddpr.rcm.upr.edu\/?page_id=3742"},"modified":"2022-09-02T17:50:34","modified_gmt":"2022-09-02T17:50:34","slug":"programas-y-certificaciones","status":"publish","type":"page","link":"https:\/\/rcm1.rcm.upr.edu\/institutodeficiencias\/programas-y-certificaciones\/","title":{"rendered":"Programas y Certificaciones"},"content":{"rendered":"<div class=\"wpb-content-wrapper\"><p>[vc_column][vc_row_inner][vc_column_inner][vc_column_text]Los programas de servicio del Instituto como Centro Universitario de Excelencia en Deficiencias en el Desarrollo est\u00e1n dirigidos a cumplir con nuestra misi\u00f3n para capacitar y ofrecer adiestramiento en las mejores pr\u00e1cticas de intervenci\u00f3n, basadas en la evidencia cient\u00edfica. A trav\u00e9s de estos componentes se proveen oportunidades de adiestramiento a estudiantes, profesionales, personas con deficiencias intelectuales y del desarrollo (DID), familias, legisladores, organizaciones comunitarias y p\u00fablico en general.<\/p>\n<p>&nbsp;<\/p>\n<p>Las sesiones de adiestramiento son ofrecidas en su mayor\u00eda por la facultad del Centro Universitario de Excelencia e incluyen conferencias, talleres, cursos cortos u otros formatos educativos. Los participantes pueden recibir cr\u00e9ditos de educaci\u00f3n continuada en algunas de estas actividades a trav\u00e9s de la Escuela Graduada de Salud P\u00fablica.[\/vc_column_text][\/vc_column_inner][\/vc_row_inner][\/vc_column]<\/p>\n<\/div>","protected":false},"excerpt":{"rendered":"<p>[vc_column][vc_row_inner][vc_column_inner][vc_column_text]Los programas de servicio del Instituto como Centro Universitario de Excelencia en Deficiencias en el Desarrollo est\u00e1n dirigidos a cumplir con nuestra misi\u00f3n para capacitar y ofrecer adiestramiento en las mejores pr\u00e1cticas de intervenci\u00f3n, basadas en la evidencia cient\u00edfica. A trav\u00e9s de estos componentes se proveen oportunidades de adiestramiento a estudiantes, profesionales, personas con deficiencias&hellip;<\/p>\n","protected":false},"author":1,"featured_media":0,"parent":0,"menu_order":0,"comment_status":"closed","ping_status":"closed","template":"template-microsite.php","meta":{"footnotes":""},"class_list":["post-3742","page","type-page","status-publish","hentry","description-off"],"aioseo_notices":[],"_links":{"self":[{"href":"https:\/\/rcm1.rcm.upr.edu\/institutodeficiencias\/wp-json\/wp\/v2\/pages\/3742","targetHints":{"allow":["GET"]}}],"collection":[{"href":"https:\/\/rcm1.rcm.upr.edu\/institutodeficiencias\/wp-json\/wp\/v2\/pages"}],"about":[{"href":"https:\/\/rcm1.rcm.upr.edu\/institutodeficiencias\/wp-json\/wp\/v2\/types\/page"}],"author":[{"embeddable":true,"href":"https:\/\/rcm1.rcm.upr.edu\/institutodeficiencias\/wp-json\/wp\/v2\/users\/1"}],"replies":[{"embeddable":true,"href":"https:\/\/rcm1.rcm.upr.edu\/institutodeficiencias\/wp-json\/wp\/v2\/comments?post=3742"}],"version-history":[{"count":0,"href":"https:\/\/rcm1.rcm.upr.edu\/institutodeficiencias\/wp-json\/wp\/v2\/pages\/3742\/revisions"}],"wp:attachment":[{"href":"https:\/\/rcm1.rcm.upr.edu\/institutodeficiencias\/wp-json\/wp\/v2\/media?parent=3742"}],"curies":[{"name":"wp","href":"https:\/\/api.w.org\/{rel}","templated":true}]}}