{"id":3858,"date":"2022-09-02T18:40:36","date_gmt":"2022-09-02T18:40:36","guid":{"rendered":"https:\/\/iddpr.rcm.upr.edu\/?page_id=3858"},"modified":"2025-02-27T23:50:35","modified_gmt":"2025-02-27T23:50:35","slug":"mensaje-de-la-directora","status":"publish","type":"page","link":"https:\/\/rcm1.rcm.upr.edu\/institutodeficiencias\/mensaje-de-la-directora\/","title":{"rendered":"Mensaje de la Directora"},"content":{"rendered":"<div class=\"wpb-content-wrapper\"><p>[vc_row][vc_column][vc_column_text css=&#8221;&#8221;]El Instituto de Deficiencias en el Desarrollo (IDD), creado en noviembre de 1991, est\u00e1 ubicado en la Escuela Graduada de Salud P\u00fablica del Recinto de Ciencias M\u00e9dicas de la Universidad de Puerto Rico y tiene su base legal en la Ley Federal 101-496, conocida como Ley de Asistencia en Deficiencias en el Desarrollo y Carta de Derechos seg\u00fan enmendada por la Ley 106-402 de 2000. Durante los \u00faltimos veintiocho a\u00f1os hemos recibido fondos de la Administraci\u00f3n de Deficiencias en el Desarrollo Federal, as\u00ed como tambi\u00e9n de diversas agencias y programas estatales y la colaboraci\u00f3n de la Universidad de Puerto Rico.<\/p>\n<p>&nbsp;<\/p>\n<p>Nuestro trabajo y el desarrollo de iniciativas se nutren de colaboraciones con diferentes sectores de la comunidad entre los que se encuentran nuestro Comit\u00e9 Asesor de Consumidores (CAC), agencias p\u00fablicas y privadas, organizaciones comunitarias, personas con discapacidad intelectual y del desarrollo (DID), familias y la Legislatura. Trabajamos para promover la participaci\u00f3n plena de las personas con deficiencias intelectuales y del desarrollo (DID) u otros impedimentos en la vida comunitaria.<\/p>\n<p>&nbsp;<\/p>\n<p>Los logros de los \u00faltimos 30 a\u00f1os son motivo de satisfacci\u00f3n y motivaci\u00f3n para continuar dando el\u00a0m\u00e1ximo\u00a0promoviendo la colaboraci\u00f3n y cambio sist\u00e9mico con el fin de crear un futuro de\u00a0 posibilidades para las personas con discapacidades y sus familias.<\/p>\n<p>&nbsp;<\/p>\n<p>El personal y la facultad de PR-UCEDD continuar\u00e1, junto con nuestros aliados, cumpliendo con\u00a0<span data-usefontface=\"true\" data-contrast=\"none\">nuestra misi\u00f3n. \u00a1Gracias!<br \/>\n<\/span><\/p>\n<p style=\"text-align: right;\"><strong>Carol Salas Pag\u00e1n<\/strong><\/p>\n<p style=\"text-align: right;\"><b>Directora<\/b><\/p>\n<p>[\/vc_column_text][\/vc_column][\/vc_row]<\/p>\n<\/div>","protected":false},"excerpt":{"rendered":"<p>[vc_row][vc_column][vc_column_text css=&#8221;&#8221;]El Instituto de Deficiencias en el Desarrollo (IDD), creado en noviembre de 1991, est\u00e1 ubicado en la Escuela Graduada de Salud P\u00fablica del Recinto de Ciencias M\u00e9dicas de la Universidad de Puerto Rico y tiene su base legal en la Ley Federal 101-496, conocida como Ley de Asistencia en Deficiencias en el Desarrollo y&hellip;<\/p>\n","protected":false},"author":1,"featured_media":0,"parent":0,"menu_order":0,"comment_status":"closed","ping_status":"closed","template":"template-microsite.php","meta":{"footnotes":""},"class_list":["post-3858","page","type-page","status-publish","hentry","description-off"],"aioseo_notices":[],"_links":{"self":[{"href":"https:\/\/rcm1.rcm.upr.edu\/institutodeficiencias\/wp-json\/wp\/v2\/pages\/3858","targetHints":{"allow":["GET"]}}],"collection":[{"href":"https:\/\/rcm1.rcm.upr.edu\/institutodeficiencias\/wp-json\/wp\/v2\/pages"}],"about":[{"href":"https:\/\/rcm1.rcm.upr.edu\/institutodeficiencias\/wp-json\/wp\/v2\/types\/page"}],"author":[{"embeddable":true,"href":"https:\/\/rcm1.rcm.upr.edu\/institutodeficiencias\/wp-json\/wp\/v2\/users\/1"}],"replies":[{"embeddable":true,"href":"https:\/\/rcm1.rcm.upr.edu\/institutodeficiencias\/wp-json\/wp\/v2\/comments?post=3858"}],"version-history":[{"count":1,"href":"https:\/\/rcm1.rcm.upr.edu\/institutodeficiencias\/wp-json\/wp\/v2\/pages\/3858\/revisions"}],"predecessor-version":[{"id":4020,"href":"https:\/\/rcm1.rcm.upr.edu\/institutodeficiencias\/wp-json\/wp\/v2\/pages\/3858\/revisions\/4020"}],"wp:attachment":[{"href":"https:\/\/rcm1.rcm.upr.edu\/institutodeficiencias\/wp-json\/wp\/v2\/media?parent=3858"}],"curies":[{"name":"wp","href":"https:\/\/api.w.org\/{rel}","templated":true}]}}