{"id":454,"date":"2019-01-22T08:14:18","date_gmt":"2019-01-22T12:14:18","guid":{"rendered":"http:\/\/127.0.0.1\/rcm\/iddpr\/adiestramiento-y-educacion\/adiestramiento-comunitario\/"},"modified":"2025-02-28T00:27:33","modified_gmt":"2025-02-28T00:27:33","slug":"adiestramiento-comunitario","status":"publish","type":"page","link":"https:\/\/rcm1.rcm.upr.edu\/institutodeficiencias\/adiestramiento-comunitario\/","title":{"rendered":"Adiestramiento Comunitario"},"content":{"rendered":"<div class=\"wpb-content-wrapper\"><p>[vc_row][vc_column][vc_column_text css=&#8221;&#8221;]Este Programa dise\u00f1a y ofrece actividades de adiestramiento en la comunidad con el prop\u00f3sito de:<\/p>\n<ul>\n<li>Mejorar los conocimientos y destrezas de profesionales, para-profesionales, personas con DID y otros impedimentos, sus familias y a miembros de la comunidad en general en el campo de las DID.<\/li>\n<li>Promover la calidad del servicio, la participaci\u00f3n y productividad de las personas con DID y otros impedimentos en todas las actividades del diario vivir.<\/li>\n<\/ul>\n<p>Las sesiones de adiestramiento son ofrecidas por la facultad del Centro Universitario de Excelencia e incluyen conferencias, talleres, cursos cortos u otros formatos educativos. Los participantes pueden recibir cr\u00e9ditos de educaci\u00f3n continuada en algunas de estas actividades a trav\u00e9s de la Escuela Graduada de Salud P\u00fablica.<\/p>\n<p>Se ofrecen adiestramientos comunitarios en:<\/p>\n<ul>\n<li>Qu\u00e9 son las Deficiencias en el\u00a0Desarrollo y Condiciones Asociadas.<\/li>\n<li>Malformaciones Cong\u00e9nitas y su\u00a0Relaci\u00f3n con las Deficiencias en el\u00a0Desarrollo.<\/li>\n<li>El Desarrollo del Ni\u00f1o T\u00edpico y la\u00a0Detecci\u00f3n Temprana de las\u00a0Deficiencias en el Desarrollo.<\/li>\n<li>Trastornos por D\u00e9ficit de Atenci\u00f3n e\u00a0Hiperactividad.<\/li>\n<li>Autismo y los Trastornos\u00a0Generalizados del Desarrollo.<\/li>\n<li>La Sexualidad: Estrategias de\u00a0Intervenci\u00f3n con las Personas con\u00a0Deficiencias en el Desarrollo.<\/li>\n<li>Manejo de Conductas de Reto en\u00a0Ni\u00f1os con Deficiencias en el\u00a0Desarrollo.<\/li>\n<li>Uso de Alcohol, Tabaco y Otras\u00a0Drogas: Su Relaci\u00f3n con las\u00a0Deficiencias en el Desarrollo.<\/li>\n<li>Autismo: Aspectos Cl\u00ednicos, Educativos y de Pol\u00edtica P\u00fablica.<\/li>\n<li>Integraci\u00f3n y Modulaci\u00f3n Sensorial.<\/li>\n<li>Intervenci\u00f3n Interdisciplinaria.<\/li>\n<li>Intervenci\u00f3n Psicol\u00f3gica con Ni\u00f1os con Deficiencias en el Desarrollo.<\/li>\n<li>Intervenci\u00f3n con familias de personas con deficiencias en el desarrollo.<\/li>\n<li>Desarrollo \u00d3ptimo en un Ambiente de Salud y Seguridad.<\/li>\n<li>Introducci\u00f3n a la Asistencia Tecnol\u00f3gica.<\/li>\n<li>Violencia en las Mujeres con DID.<\/li>\n<li>Determinantes Sociales, violencia y diversidad funcional en el continuo de salud.<\/li>\n<li>Coordinaci\u00f3n de Servicios.<\/li>\n<li>Desarrollo T\u00edpico y At\u00edpico.<\/li>\n<li>Cernimientos en el Desarrollo: ASQ-3, ASQ-SE, y MCHAT.<\/li>\n<li>Otros temas disponibles de acuerdo con la necesidad y solicitud<\/li>\n<\/ul>\n<p>[\/vc_column_text][\/vc_column][\/vc_row]<\/p>\n<\/div>","protected":false},"excerpt":{"rendered":"<p>[vc_row][vc_column][vc_column_text css=&#8221;&#8221;]Este Programa dise\u00f1a y ofrece actividades de adiestramiento en la comunidad con el prop\u00f3sito de: Mejorar los conocimientos y destrezas de profesionales, para-profesionales, personas con DID y otros impedimentos, sus familias y a miembros de la comunidad en general en el campo de las DID. Promover la calidad del servicio, la participaci\u00f3n y productividad&hellip;<\/p>\n","protected":false},"author":1,"featured_media":0,"parent":0,"menu_order":0,"comment_status":"closed","ping_status":"closed","template":"template-microsite.php","meta":{"footnotes":""},"class_list":["post-454","page","type-page","status-publish","hentry","description-off"],"aioseo_notices":[],"_links":{"self":[{"href":"https:\/\/rcm1.rcm.upr.edu\/institutodeficiencias\/wp-json\/wp\/v2\/pages\/454","targetHints":{"allow":["GET"]}}],"collection":[{"href":"https:\/\/rcm1.rcm.upr.edu\/institutodeficiencias\/wp-json\/wp\/v2\/pages"}],"about":[{"href":"https:\/\/rcm1.rcm.upr.edu\/institutodeficiencias\/wp-json\/wp\/v2\/types\/page"}],"author":[{"embeddable":true,"href":"https:\/\/rcm1.rcm.upr.edu\/institutodeficiencias\/wp-json\/wp\/v2\/users\/1"}],"replies":[{"embeddable":true,"href":"https:\/\/rcm1.rcm.upr.edu\/institutodeficiencias\/wp-json\/wp\/v2\/comments?post=454"}],"version-history":[{"count":2,"href":"https:\/\/rcm1.rcm.upr.edu\/institutodeficiencias\/wp-json\/wp\/v2\/pages\/454\/revisions"}],"predecessor-version":[{"id":4023,"href":"https:\/\/rcm1.rcm.upr.edu\/institutodeficiencias\/wp-json\/wp\/v2\/pages\/454\/revisions\/4023"}],"wp:attachment":[{"href":"https:\/\/rcm1.rcm.upr.edu\/institutodeficiencias\/wp-json\/wp\/v2\/media?parent=454"}],"curies":[{"name":"wp","href":"https:\/\/api.w.org\/{rel}","templated":true}]}}