{"id":79,"date":"2016-07-07T14:39:09","date_gmt":"2016-07-07T14:39:09","guid":{"rendered":"http:\/\/127.0.0.1\/rcm\/iddpr\/personal\/"},"modified":"2016-07-07T14:39:09","modified_gmt":"2016-07-07T14:39:09","slug":"personal","status":"publish","type":"page","link":"https:\/\/rcm1.rcm.upr.edu\/institutodeficiencias\/personal\/","title":{"rendered":"Personal Ejecutivo"},"content":{"rendered":"<div class=\"wpb-content-wrapper\"><p>[vc_row][vc_column][vc_column_text]<strong>Dra. Carol Salas Pag\u00e1n<\/strong><br \/>\n<strong><i>Directora \/Facultad\u200b<\/i><\/strong>[\/vc_column_text][vc_empty_space height=&#8221;15px&#8221;][vc_column_text]<strong>Dra. Annie Alonso Amador<\/strong><br \/>\n<em><strong>Coordinadora de Capacitaci\u00f3n Previa al Servicio Interdisciplinario\/Facultad<\/strong><\/em><i><\/i>[\/vc_column_text][vc_empty_space height=&#8221;15px&#8221;][vc_column_text]<strong>Dra. Aimar E. Cajigas Altreche<\/strong><br \/>\n<em><strong>Coordinador de Capacitaci\u00f3n Comunitaria\u200b<\/strong><\/em><i><\/i>[\/vc_column_text][vc_empty_space height=&#8221;15px&#8221;][vc_column_text]<strong>Ilia Torres Avill\u00e1n, MS, BSN <\/strong><br \/>\n<strong><i>Coordinadora de Evaluaci\u00f3n e Investigaci\u00f3n \u200b<\/i><\/strong><i><\/i>[\/vc_column_text][vc_empty_space height=&#8221;15px&#8221;][vc_column_text]<strong>Ricardo Figueroa, BA<\/strong><br \/>\n<strong><i>Coordinador NIRS\u200b<\/i><\/strong><i><\/i>[\/vc_column_text][vc_empty_space height=&#8221;15px&#8221;][vc_column_text]<strong>Carmen M. Rodr\u00edguez, MA<\/strong><br \/>\n<strong><i>Coordinadora de Pol\u00edtica P\u00fablica y Diseminaci\u00f3n<\/i><\/strong>[\/vc_column_text][vc_empty_space height=&#8221;15px&#8221;][vc_column_text]<strong>Kellymer Qui\u00f1ones, Ed<\/strong><br \/>\n<strong><i>Directora Centro Desarrollo Infantil (CEDI)<\/i>[\/vc_column_text][vc_empty_space height=&#8221;15px&#8221;][vc_column_text]<strong>Dra.Natalie Gayol<\/strong><br \/>\n<strong><i>Directora Asociada del Centro de Desarrollo Pre-Escolar<br \/>\n[\/vc_column_text][vc_empty_space height=&#8221;15px&#8221;][vc_column_text]<strong>Dra. Giannina L\u00f3pez<\/strong><br \/>\n<strong><i>Coordinadora Puerto Rico Family-to-Family Center<\/i><\/strong>[\/vc_column_text][vc_empty_space height=&#8221;15px&#8221;][vc_column_text]<strong>Dra. \u00c1ngeles Acosta<\/strong><br \/>\n<strong><i>Consultora en Psicolog\u00eda, Formadora Comunitaria\/Facultad \u200b<\/i><\/strong>[\/vc_column_text][vc_empty_space height=&#8221;15px&#8221;][vc_column_text]<strong>Dra. Mar\u00eda Reyes<\/strong><br \/>\n<strong><i>Consultora en Trabajo Social, Capacitadora Comunitaria\/Facultad \u200b\u200b<\/i><\/strong>[\/vc_column_text][vc_empty_space height=&#8221;15px&#8221;][vc_column_text]<strong>Dra. Myrna Qui\u00f1ones, MD<\/strong><br \/>\n<strong><i>Pediatra, Consultora\/Facultad\u200b<\/i><\/strong>[\/vc_column_text][vc_empty_space height=&#8221;15px&#8221;][vc_column_text]<strong>Dra. Luz B. Mojica, MD<\/strong><br \/>\n<strong><i>Pediatra, Consultora\/Facultad\u200b\u200b<\/i><\/strong>[\/vc_column_text][vc_empty_space height=&#8221;15px&#8221;][vc_column_text]<strong>Dra. Mar\u00eda Agrinsoni<\/strong><br \/>\n<strong><i>Consultora en Educaci\u00f3n, Capacitadora Comunitaria\/Facultad\u200b\u200b<\/i><\/strong>[\/vc_column_text][vc_empty_space height=&#8221;15px&#8221;][vc_column_text]<strong>Lcda. Sonia Serrano<\/strong><br \/>\n<strong><i>Consultora Nutricionista, Formadora Comunitaria\/Facultad \u200ba<\/i><\/strong>[\/vc_column_text][\/vc_column][\/vc_row][vc_row][vc_column][vc_column_text]<b>Personal Administrativo<\/b>[\/vc_column_text][vc_column_text]<strong>Brineilys Castillo<\/strong><br \/>\n<strong><i>Administradora<\/i><\/strong>[\/vc_column_text][vc_empty_space height=&#8221;15px&#8221;][vc_column_text]<b>\u00c1ngel Ortiz<\/b>[\/vc_column_text][vc_empty_space height=&#8221;15px&#8221;][vc_column_text]<b>Manuel Rivera<\/b>[\/vc_column_text][vc_empty_space height=&#8221;15px&#8221;][vc_column_text]<b>Silvia Coello<\/b>[\/vc_column_text][vc_empty_space height=&#8221;15px&#8221;][vc_column_text]<b>\u00c1ngel Rubio<\/b>[\/vc_column_text][\/vc_column][\/vc_row]<\/i><\/strong><\/strong><\/p>\n<\/div>","protected":false},"excerpt":{"rendered":"<p>[vc_row][vc_column][vc_column_text]Dra. Carol Salas Pag\u00e1n Directora \/Facultad\u200b[\/vc_column_text][vc_empty_space height=&#8221;15px&#8221;][vc_column_text]Dra. Annie Alonso Amador Coordinadora de Capacitaci\u00f3n Previa al Servicio Interdisciplinario\/Facultad[\/vc_column_text][vc_empty_space height=&#8221;15px&#8221;][vc_column_text]Dra. Aimar E. Cajigas Altreche Coordinador de Capacitaci\u00f3n Comunitaria\u200b[\/vc_column_text][vc_empty_space height=&#8221;15px&#8221;][vc_column_text]Ilia Torres Avill\u00e1n, MS, BSN Coordinadora de Evaluaci\u00f3n e Investigaci\u00f3n \u200b[\/vc_column_text][vc_empty_space height=&#8221;15px&#8221;][vc_column_text]Ricardo Figueroa, BA Coordinador NIRS\u200b[\/vc_column_text][vc_empty_space height=&#8221;15px&#8221;][vc_column_text]Carmen M. Rodr\u00edguez, MA Coordinadora de Pol\u00edtica P\u00fablica y Diseminaci\u00f3n[\/vc_column_text][vc_empty_space height=&#8221;15px&#8221;][vc_column_text]Kellymer Qui\u00f1ones, Ed&hellip;<\/p>\n","protected":false},"author":1,"featured_media":0,"parent":0,"menu_order":0,"comment_status":"closed","ping_status":"closed","template":"template-microsite.php","meta":{"footnotes":""},"class_list":["post-79","page","type-page","status-publish","hentry","description-off"],"aioseo_notices":[],"_links":{"self":[{"href":"https:\/\/rcm1.rcm.upr.edu\/institutodeficiencias\/wp-json\/wp\/v2\/pages\/79","targetHints":{"allow":["GET"]}}],"collection":[{"href":"https:\/\/rcm1.rcm.upr.edu\/institutodeficiencias\/wp-json\/wp\/v2\/pages"}],"about":[{"href":"https:\/\/rcm1.rcm.upr.edu\/institutodeficiencias\/wp-json\/wp\/v2\/types\/page"}],"author":[{"embeddable":true,"href":"https:\/\/rcm1.rcm.upr.edu\/institutodeficiencias\/wp-json\/wp\/v2\/users\/1"}],"replies":[{"embeddable":true,"href":"https:\/\/rcm1.rcm.upr.edu\/institutodeficiencias\/wp-json\/wp\/v2\/comments?post=79"}],"version-history":[{"count":0,"href":"https:\/\/rcm1.rcm.upr.edu\/institutodeficiencias\/wp-json\/wp\/v2\/pages\/79\/revisions"}],"wp:attachment":[{"href":"https:\/\/rcm1.rcm.upr.edu\/institutodeficiencias\/wp-json\/wp\/v2\/media?parent=79"}],"curies":[{"name":"wp","href":"https:\/\/api.w.org\/{rel}","templated":true}]}}