{"id":98,"date":"2016-07-07T15:09:51","date_gmt":"2016-07-07T15:09:51","guid":{"rendered":"http:\/\/127.0.0.1\/rcm\/iddpr\/cedi\/"},"modified":"2025-02-27T23:48:17","modified_gmt":"2025-02-27T23:48:17","slug":"cedi","status":"publish","type":"page","link":"https:\/\/rcm1.rcm.upr.edu\/institutodeficiencias\/cedi\/","title":{"rendered":"Centro de Desarrollo Infantil (CEDI)"},"content":{"rendered":"<div class=\"wpb-content-wrapper\"><p>[vc_row][vc_column width=&#8221;1\/4&#8243;][\/vc_column][vc_column width=&#8221;1\/2&#8243;][vc_column_text]<img loading=\"lazy\" decoding=\"async\" class=\"alignnone size-full wp-image-3525\" src=\"https:\/\/rcm1.rcm.upr.edu\/institutodeficiencias\/wp-content\/uploads\/sites\/17\/2022\/09\/Logo-CEDI.png\" alt=\"\" width=\"264\" height=\"275\" \/>[\/vc_column_text][\/vc_column][vc_column width=&#8221;1\/4&#8243;][\/vc_column][\/vc_row][vc_row][vc_column][vc_column_text]<\/p>\n<h3><strong>\u00bfQui\u00e9nes Somos?<\/strong><\/h3>\n<p>[\/vc_column_text][vc_column_text css=&#8221;&#8221;]El CEDI, creado por el Instituto de Deficiencias en el Desarrollo desde el a\u00f1o 1993, es un centro de servicios inclusivos en los servicios a infantes y maternales desde los dos meses hasta los tres a\u00f1os de edad. Este un proyecto recibe subvenci\u00f3n de la Administraci\u00f3n del Cuidado y Desarrollo del Ni\u00f1o (ACUDEN). Los servicios tienen su base en metodolog\u00edas innovadoras en el \u00e1rea de Intervenci\u00f3n Temprana y servicios centrados en la familia. En un ambiente que promueve la participaci\u00f3n de los infantes y maternales con deficiencias en el desarrollo en actividades con sus pares de desarrollo t\u00edpico. En el CEDI, las promotoras del desarrollo proveen est\u00edmulos para los ni\u00f1os en cuatro ambientes:<\/p>\n<ol>\n<li>cuna<\/li>\n<li>gateo<\/li>\n<li>andarines<\/li>\n<li>maternal<\/li>\n<\/ol>\n<p>&nbsp;<\/p>\n<p>Como Laboratorio de Pr\u00e1ctica, el CEDI provee oportunidad para que los estudiantes de diversas disciplinas relacionadas con la salud observen y lleven a cabo intervenciones supervisadas con los infantes y maternales que presentan deficiencias intelectuales y del desarrollo (DID).[\/vc_column_text][vc_column_text]<\/p>\n<h3><strong>Misi\u00f3n<\/strong><\/h3>\n<p>[\/vc_column_text][vc_column_text css=&#8221;&#8221;]Atender las necesidades de los infantes y maternales mediante servicios de alta calidad en todas las \u00e1reas del desarrollo donde participen en actividades que propicien la estimulaci\u00f3n temprana y el bienestar de los participantes.<\/p>\n<p>Ofrecer apoyo a las familias para que logren\u00a0apoderarse de todo el conocimiento\u00a0relacionado al desarrollo de sus hijos(as) y\u00a0sobre las organizaciones, agencias e\u00a0instituciones que ofrecen servicios a los<br \/>\nni\u00f1os y sus familias.[\/vc_column_text][vc_column_text]<\/p>\n<h3><strong>Visi\u00f3n<\/strong><\/h3>\n<p>[\/vc_column_text][vc_column_text css=&#8221;&#8221;]Impactar la vida de los ni\u00f1os con deficiencias y del desarrollo as\u00ed como tambi\u00e9n de los ni\u00f1os t\u00edpicos durante las edades tempranas aumentando sus posibilidades de alcanzar su desarrollo \u00f3ptimo.[\/vc_column_text][vc_column_text]<\/p>\n<h3><strong>Objetivos<\/strong><\/h3>\n<p>[\/vc_column_text][vc_column_text css=&#8221;&#8221;]<\/p>\n<ul>\n<li>Demostrar pr\u00e1cticas de excelencia en intervenci\u00f3n y educaci\u00f3n temprana dirigidas a promover el desarrollo de los ni\u00f1os y familias que participan.<\/li>\n<li>Demostrar la integraci\u00f3n de los\u00a0servicios de intervenci\u00f3n temprana en\u00a0el ambiente natural; esto en coordinaci\u00f3n\u00a0con la familia de acuerdo a lo establecido por el\u00a0Programa de Intervenci\u00f3n Temprana (Parte C de la Ley\u00a0Federal IDEA, seg\u00fan enmendada).<\/li>\n<li>Promover el\u00a0desarrollo \u00f3ptimo\u00a0de cada ni\u00f1o o\u00a0ni\u00f1a participante\u00a0a trav\u00e9s de un\u00a0programa diario\u00a0que atienda todas las \u00e1reas del\u00a0desarrollo y que sea relevante a su\u00a0contexto social y cultural.<\/li>\n<li>Proveer adiestramiento y asistencia\u00a0t\u00e9cnica a proveedores de servicio, a profesionales que ofrecen servicios a\u00a0esta poblaci\u00f3n sobre pr\u00e1cticas de\u00a0excelencia en intervenci\u00f3n temprana e\u00a0inclusi\u00f3n desde las edades tempranas.<\/li>\n<li>Diseminar y desarrollar productos\u00a0dirigidos a facilitar el trabajo con la\u00a0ni\u00f1ez en ambientes que promuevan su\u00a0desarrollo \u00f3ptimo.<\/li>\n<\/ul>\n<p>[\/vc_column_text][vc_column_text]<\/p>\n<h3><strong>Servicios<\/strong><\/h3>\n<p>[\/vc_column_text][vc_column_text]<\/p>\n<ul>\n<li>Actividades dirigidas a estimular el desarrollo\u00a0\u00f3ptimo de cada infante, en un horario\u00a0entre 7:15 am hasta 4:45 pm.<\/li>\n<li>Enfermer\u00eda.<\/li>\n<li>Coordinadora Educativa (dise\u00f1a y\u00a0planifica actividades para promover el\u00a0desarrollo en cada ambiente).<\/li>\n<li>Consultor\u00eda por un equipo de cl\u00ednicos\u00a0especialistas (pediatra, nutricionista,\u00a0pat\u00f3logo del habla y lenguaje, terapista f\u00edsico, terapista ocupacional, psic\u00f3logo\u00a0y trabajadoras sociales) en el modelo.<\/li>\n<li>Asistencia T\u00e9cnica.<\/li>\n<li>Adiestramiento.<\/li>\n<\/ul>\n<p>[\/vc_column_text][vc_column_text]<\/p>\n<h3><strong>Requisitos de Admisi\u00f3n<\/strong><\/h3>\n<p>[\/vc_column_text][vc_column_text]<\/p>\n<ul>\n<li>Solicitud directa de las familias o por\u00a0referidos a trav\u00e9s de una agencia.<\/li>\n<li>Ambos padres o encargados deben\u00a0estar trabajando, en un programa\u00a0educativo o de adiestramiento para\u00a0empleo.<\/li>\n<li>Los participantes deben tener entre las\u00a0edades de dos meses a tres a\u00f1os.<\/li>\n<\/ul>\n<p>[\/vc_column_text][vc_column_text]<\/p>\n<h3><strong>Cont\u00e1ctenos<\/strong><\/h3>\n<p>[\/vc_column_text][vc_column_text]Correo electr\u00f3nico: solicitudescedi@gmail.com<\/p>\n<p>Tel\u00e9fono y Fax: 939-454-1696<\/p>\n<p>Ubicaci\u00f3n:<br \/>\nJard\u00edn Bot\u00e1nico Norte UPR<br \/>\nSan Juan, Puerto Rico 00926-1117<\/p>\n<p>Direcci\u00f3n Postal:<br \/>\nPO Box 365067<br \/>\nSan Juan PR 00936\u20105067[\/vc_column_text][\/vc_column][\/vc_row]<\/p>\n<\/div>","protected":false},"excerpt":{"rendered":"<p>[vc_row][vc_column width=&#8221;1\/4&#8243;][\/vc_column][vc_column width=&#8221;1\/2&#8243;][vc_column_text][\/vc_column_text][\/vc_column][vc_column width=&#8221;1\/4&#8243;][\/vc_column][\/vc_row][vc_row][vc_column][vc_column_text] \u00bfQui\u00e9nes Somos? [\/vc_column_text][vc_column_text css=&#8221;&#8221;]El CEDI, creado por el Instituto de Deficiencias en el Desarrollo desde el a\u00f1o 1993, es un centro de servicios inclusivos en los servicios a infantes y maternales desde los dos meses hasta los tres a\u00f1os de edad. Este un proyecto recibe subvenci\u00f3n de la Administraci\u00f3n del Cuidado&hellip;<\/p>\n","protected":false},"author":1,"featured_media":0,"parent":0,"menu_order":0,"comment_status":"closed","ping_status":"closed","template":"template-microsite.php","meta":{"footnotes":""},"class_list":["post-98","page","type-page","status-publish","hentry","description-off"],"aioseo_notices":[],"_links":{"self":[{"href":"https:\/\/rcm1.rcm.upr.edu\/institutodeficiencias\/wp-json\/wp\/v2\/pages\/98","targetHints":{"allow":["GET"]}}],"collection":[{"href":"https:\/\/rcm1.rcm.upr.edu\/institutodeficiencias\/wp-json\/wp\/v2\/pages"}],"about":[{"href":"https:\/\/rcm1.rcm.upr.edu\/institutodeficiencias\/wp-json\/wp\/v2\/types\/page"}],"author":[{"embeddable":true,"href":"https:\/\/rcm1.rcm.upr.edu\/institutodeficiencias\/wp-json\/wp\/v2\/users\/1"}],"replies":[{"embeddable":true,"href":"https:\/\/rcm1.rcm.upr.edu\/institutodeficiencias\/wp-json\/wp\/v2\/comments?post=98"}],"version-history":[{"count":2,"href":"https:\/\/rcm1.rcm.upr.edu\/institutodeficiencias\/wp-json\/wp\/v2\/pages\/98\/revisions"}],"predecessor-version":[{"id":4019,"href":"https:\/\/rcm1.rcm.upr.edu\/institutodeficiencias\/wp-json\/wp\/v2\/pages\/98\/revisions\/4019"}],"wp:attachment":[{"href":"https:\/\/rcm1.rcm.upr.edu\/institutodeficiencias\/wp-json\/wp\/v2\/media?parent=98"}],"curies":[{"name":"wp","href":"https:\/\/api.w.org\/{rel}","templated":true}]}}