{"id":165,"date":"2019-03-02T20:06:00","date_gmt":"2019-03-03T00:06:00","guid":{"rendered":"http:\/\/ihicis.rcm.upr.edu\/?page_id=165"},"modified":"2019-03-02T20:06:00","modified_gmt":"2019-03-03T00:06:00","slug":"plenaria-en-el-foro-de-investigacion-y-educacion-del-rcm-upr","status":"publish","type":"page","link":"https:\/\/rcm1.rcm.upr.edu\/institutohistoria\/plenaria-en-el-foro-de-investigacion-y-educacion-del-rcm-upr\/","title":{"rendered":"Plenaria en el Foro de Investigaci\u00f3n y Educaci\u00f3n del RCM\/UPR"},"content":{"rendered":"<div class=\"wpb-content-wrapper\"><p>\t\t\t\t[vc_row][vc_column][vc_column_text]<strong>Miradas y perspectivas del quehacer hist\u00f3rico en las Ciencias de la Salud<\/strong><\/p>\n<p>&nbsp;<\/p>\n<p>El objetivo de la sesi\u00f3n es presentar avances, reflexiones, desaf\u00edos y cr\u00edticas sobre el quehacer hist\u00f3rico en las ciencias de la salud desde diversos campos disciplinares, a saber, la Medicina, la Salud P\u00fablica, y la Historia.<\/p>\n<p>Dr. Jos\u00e9 G. Rigau P\u00e9rez<br \/>\nCatedr\u00e1tico Asociado, UPR, RCM<\/p>\n<p>Dra. Mayra Rosario Urrutia<br \/>\nCatedr\u00e1tica UPR, RRP<\/p>\n<p>Dr. Luis A. Avil\u00e9s<br \/>\nCatedr\u00e1tico, UPR, RCM<\/p>\n<p>&nbsp;<\/p>\n<p><strong>Presencia institucional en la VI Cumbre de Historia de las Ciencias de la Salud<\/strong><\/p>\n<p>&nbsp;<\/p>\n<ul>\n<li>Decanato de Asuntos Acad\u00e9micos del Recinto de Ciencias M\u00e9dicas (RCM)<\/li>\n<li>Academia Puertorrique\u00f1a de la Historia de la Medicina<\/li>\n<li>Biblioteca del RCM Dr. Conrado F. Asenjo<\/li>\n<li>Centro de Estudios Materno Infantiles (CEMI)<\/li>\n<li>Centro Colaborador de la OMS\/OPS de la EGSP, RCM, UPR<\/li>\n<li>\u00a0Escuela de Enfermer\u00eda RCM<\/li>\n<li>Escuela de Farmacia RCM<\/li>\n<li>Escuela Graduada de Salud P\u00fablica (EGSP), RCM<\/li>\n<li>Departamento de Ciencias Sociales de la EGSP<\/li>\n<li>Escuela de Medicina RCM<\/li>\n<li>Escuela de Medicina Dental RCM<\/li>\n<li>Escuela de Profesiones de la Salud (EPS), RCM<\/li>\n<li>Comit\u00e9 Asesor de Museo y Archivo Hist\u00f3rico de la EPS, RCM<\/li>\n<li>UPR Mentoring Institute for HIV and Mental Health Research<\/li>\n<li>Museo de Farmacia y Plantas Medicinales Dr. Luis Torres de la Escuela de Farmacia, RCM<\/li>\n<li>Museo de la Historia de la Medicina y de las Ciencias de la Salud de Puerto Rico.<\/li>\n<\/ul>\n<p>[\/vc_column_text][vc_empty_space][vc_raw_html]JTNDc3R5bGUlM0UlMEEuZW1iZWQtY29udGFpbmVyJTIwJTdCJTBBJTIwJTIwJTIwJTIwcG9zaXRpb24lM0ElMjByZWxhdGl2ZSUzQiUwQSUyMCUyMCUyMCUyMHBhZGRpbmctYm90dG9tJTNBJTIwNTYuMjUlMjUlM0IlMEElMjAlMjAlMjAlMjBoZWlnaHQlM0ElMjAwJTNCJTBBJTIwJTIwJTIwJTIwb3ZlcmZsb3clM0ElMjBoaWRkZW4lM0IlMEElN0QlMEEuZW1iZWQtY29udGFpbmVyJTIwaWZyYW1lJTIwJTdCJTBBJTIwJTIwJTIwJTIwcG9zaXRpb24lM0ElMjBhYnNvbHV0ZSUzQiUwQSUyMCUyMCUyMCUyMHRvcCUzQTAlM0IlMEElMjAlMjAlMjAlMjBsZWZ0JTNBJTIwMCUzQiUwQSUyMCUyMCUyMCUyMHdpZHRoJTNBJTIwMTAwJTI1JTNCJTBBJTIwJTIwJTIwJTIwaGVpZ2h0JTNBJTIwMTAwJTI1JTNCJTBBJTdEJTBBJTNDJTJGc3R5bGUlM0UlMEElM0NkaXYlMjBjbGFzcyUzRCUyMmVtYmVkLWNvbnRhaW5lciUyMiUzRSUwQSUzQ2lmcmFtZSUyMHNyYyUzRCUyMmh0dHBzJTNBJTJGJTJGbWVkaWEubWQucmNtLnVwci5lZHUlMkZNZWRpYXNpdGUlMkZQbGF5JTJGODFiMWIyZDIxYmFmNDk3N2JjNjlhOTRlNzFkZGI1NTExZCUzRmF1dG9zdGFydCUzRHRydWUlMjIlMjBhbGxvdyUzRCUyMmFjY2VsZXJvbWV0ZXIlM0IlMjBhdXRvcGxheSUzQiUyMGVuY3J5cHRlZC1tZWRpYSUzQiUyMGd5cm9zY29wZSUzQiUyMHBpY3R1cmUtaW4tcGljdHVyZSUyMiUyMGFsbG93ZnVsbHNjcmVlbiUyMGZyYW1lYm9yZGVyJTNEJTIyMCUyMiUzRSUzQyUyRmlmcmFtZSUzRSUwQSUzQyUyRmRpdiUzRQ==[\/vc_raw_html][\/vc_column][\/vc_row]\t\t<\/p>\n<\/div>","protected":false},"excerpt":{"rendered":"<p>[vc_row][vc_column][vc_column_text]Miradas y perspectivas del quehacer hist\u00f3rico en las Ciencias de la Salud &nbsp; El objetivo de la sesi\u00f3n es presentar avances, reflexiones, desaf\u00edos y cr\u00edticas sobre el quehacer hist\u00f3rico en las ciencias de la salud desde diversos campos disciplinares, a saber, la Medicina, la Salud P\u00fablica, y la Historia. Dr. Jos\u00e9 G. Rigau P\u00e9rez Catedr\u00e1tico&hellip;<\/p>\n","protected":false},"author":1,"featured_media":0,"parent":0,"menu_order":0,"comment_status":"closed","ping_status":"closed","template":"template-microsite.php","meta":{"footnotes":""},"class_list":["post-165","page","type-page","status-publish","hentry","description-off"],"aioseo_notices":[],"_links":{"self":[{"href":"https:\/\/rcm1.rcm.upr.edu\/institutohistoria\/wp-json\/wp\/v2\/pages\/165","targetHints":{"allow":["GET"]}}],"collection":[{"href":"https:\/\/rcm1.rcm.upr.edu\/institutohistoria\/wp-json\/wp\/v2\/pages"}],"about":[{"href":"https:\/\/rcm1.rcm.upr.edu\/institutohistoria\/wp-json\/wp\/v2\/types\/page"}],"author":[{"embeddable":true,"href":"https:\/\/rcm1.rcm.upr.edu\/institutohistoria\/wp-json\/wp\/v2\/users\/1"}],"replies":[{"embeddable":true,"href":"https:\/\/rcm1.rcm.upr.edu\/institutohistoria\/wp-json\/wp\/v2\/comments?post=165"}],"version-history":[{"count":0,"href":"https:\/\/rcm1.rcm.upr.edu\/institutohistoria\/wp-json\/wp\/v2\/pages\/165\/revisions"}],"wp:attachment":[{"href":"https:\/\/rcm1.rcm.upr.edu\/institutohistoria\/wp-json\/wp\/v2\/media?parent=165"}],"curies":[{"name":"wp","href":"https:\/\/api.w.org\/{rel}","templated":true}]}}