{"id":40,"date":"2019-02-21T10:10:31","date_gmt":"2019-02-21T14:10:31","guid":{"rendered":"http:\/\/exalumnos.rcm.upr.edu\/ihicis\/?page_id=40"},"modified":"2019-02-21T10:10:31","modified_gmt":"2019-02-21T14:10:31","slug":"tercera-cumbre-de-historia-de-las-ciencias-de-la-salud","status":"publish","type":"page","link":"https:\/\/rcm1.rcm.upr.edu\/institutohistoria\/tercera-cumbre-de-historia-de-las-ciencias-de-la-salud\/","title":{"rendered":"Tercera Cumbre de Historia de las Ciencias de la Salud"},"content":{"rendered":"\n<p class=\"has-text-align-center\"><strong>Programa<\/strong><\/p>\n\n\n\n<p class=\"has-text-align-center\"><strong>III CUMBRE DE HISTORIA DE LAS CIENCIAS DE LA SALUD<\/strong><\/p>\n\n\n\n<p><em>Ateneo Puertorrique\u00f1o<\/em><br>Sala de Conferencias y Usos M\u00faltiples<br>Puerta de Tierra<br>San Juan<\/p>\n\n\n\n<p>Martes, 23 de marzo de 2010<br>8:00 a.m. a 6:00 p.m.<\/p>\n\n\n\n<p>El Instituto de Historia de las Ciencias de la Salud (IHICIS), ubicado en el Decanato de Asuntos Acad\u00e9micos bajo un acuerdo de colaboraci\u00f3n con la seis Escuelas del Recinto de Ciencias M\u00e9dicas de la Universidad de Puerto Rico, presenta la&nbsp;<strong>III Cumbre de Historia de las Ciencias de la Salud<\/strong>. La Cumbre de Historia constituye una oportunidad para el an\u00e1lisis cr\u00edtico de temas y asuntos hist\u00f3ricos vinculados a la salud. El evento viabiliza el intercambio de profesionales, acad\u00e9micos e investigadores que profundizan en aspectos hist\u00f3ricos desde las perspectivas sociales e institucionales de las profesiones y las disciplinas vinculadas a la salud.<\/p>\n\n\n\n<p>La&nbsp;<strong>III Cumbre de Historia de las Ciencias de la Salud<\/strong>&nbsp;se integra a las actividades del&nbsp;<strong>Foro Anual de Investigaci\u00f3n y Educaci\u00f3n&nbsp;<\/strong>organizado por el Decanato de Asuntos Acad\u00e9micos del Recinto de Ciencias M\u00e9dicas de la Universidad de Puerto Rico.<\/p>\n\n\n\n<figure class=\"wp-block-table\"><table class=\"\"><tbody><tr><td><strong>8:00 a.m. \u2013 8:30 a.m.<\/strong><\/td><td><strong>Bienvenida e Inscripciones<\/strong><\/td><\/tr><tr><\/tr><tr><td><strong>8:45 a.m. \u2013 9:00 a.m.<\/strong>&nbsp;<\/td><td><strong>El Ateneo Puertorrique\u00f1o:<br><a href=\"http:\/\/youtu.be\/-isgJRRddv8\">Valor emblem\u00e1tico para las Ciencias de la Salud<\/a><\/strong><br><strong>Dr. Juan B. Giusti de Jes\u00fas<\/strong><br>\u00a0\u00a0\u00a0 Director de IHICIS<br>\u00a0\u00a0\u00a0 Catedr\u00e1tico<br>\u00a0\u00a0\u00a0 Escuela de Medicina Dental, RCM<br>\u00a0\u00a0\u00a0 Miembro Fundador de IHICIS<br>\u00a0<\/td><\/tr><tr><td><strong>9:00 a.m. \u2013 9:30 a.m.<\/strong>&nbsp;<\/td><td><a href=\"http:\/\/www.youtube.com\/watch?v=7_hoESNH_RE\"><strong>Dedicatoria:<\/strong><\/a><br><strong>Facultad de Ciencias Biosociales y<br>Escuela Graduada de Salud P\u00fablica<\/strong><br><strong>Dra. Ilka C. R\u00edos Reyes<\/strong><br>&nbsp;&nbsp;&nbsp; Decana Interina de Asuntos Acad\u00e9micos<br>&nbsp;&nbsp;&nbsp; Recinto de Ciencias M\u00e9dicas<br>&nbsp;&nbsp;&nbsp; Universidad de Puerto Rico<br><strong>Dr. Jos\u00e9 F. Cordero&nbsp;<\/strong><br>&nbsp;&nbsp;&nbsp; Decano de la Facultad de Ciencias Biosociales y<br>&nbsp;&nbsp;&nbsp; Escuela Graduada de Salud P\u00fablica, RCM<br>&nbsp;<\/td><\/tr><tr><td><a href=\"http:\/\/www.youtube.com\/watch?v=7_hoESNH_RE\"><strong>Rese\u00f1a de la Escuela de Salud P\u00fablica<\/strong><\/a><br><em>Momentos impactantes en el desarrollo de la<br>Escuela de Salud P\u00fablica<\/em><br><strong>Dra. Silvia Rabionet<\/strong><br>&nbsp;&nbsp;&nbsp; Catedr\u00e1tica<br>&nbsp;&nbsp;&nbsp; Escuela Graduada de Salud P\u00fablica, RCM<br>&nbsp;&nbsp;&nbsp; Miembro Fundador de IHICIS<br>&nbsp;<\/td><\/tr><tr><\/tr><tr><td><strong>9:30 a.m. -9:45 a.m.<\/strong><\/td><td><strong>Receso, Visita a Carteles y Exhibidores<\/strong><\/td><\/tr><tr><td><strong>9:45 a.m.- 10:30 a.m.<\/strong><\/td><td><strong><a href=\"http:\/\/youtu.be\/M6w22Eoc6nk\">Conferencia Magistral<\/a><a href=\"http:\/\/youtu.be\/M6w22Eoc6nk\"><br>La Ins\u00f3lita Historia de Cornelius P. Rhoads<\/a><\/strong><br><strong>Dra. Annette B. Ram\u00edrez de Arellano<\/strong><br>&nbsp;&nbsp;&nbsp; Miembro Comit\u00e9 Asesor de IHICIS<\/td><\/tr><tr><\/tr><tr><td><strong>10:30 a.m.- 11:30 a.m.<\/strong>&nbsp;<\/td><td><a href=\"http:\/\/www.youtube.com\/watch?v=_Fwc9B2oZCk\"><strong>Panel de Reactores<\/strong><\/a><br>Valoraci\u00f3n hist\u00f3rica, m\u00e9dica y bio\u00e9tica<br><strong>Dr. Edwin V\u00e1zquez<\/strong><br>&nbsp;&nbsp;&nbsp; Catedr\u00e1tico Asociado<br>&nbsp;&nbsp;&nbsp; Recinto Universitario de Cayey, UPR<br><strong>Dr. Eduardo Rodr\u00edguez V\u00e1zquez<\/strong><br>&nbsp;&nbsp;&nbsp; Pasado Presidente de la Asociaci\u00f3n M\u00e9dica de Puerto Rico<br>&nbsp;&nbsp;&nbsp; Miembro de la Academia Puertorrique\u00f1a<br>&nbsp;&nbsp;&nbsp; de Historia&nbsp; de la Medicina<br><strong>Dra. Idith R. Ortiz<\/strong><br>&nbsp;&nbsp;&nbsp; Catedr\u00e1tica<br>&nbsp;&nbsp;&nbsp; Escuela de Medicina, UPR y<br>&nbsp;&nbsp;&nbsp; Directora de la Oficina para la Protecci\u00f3n de Sujetos<br>&nbsp;&nbsp;&nbsp; en la Investigaci\u00f3n con Humanos<\/td><\/tr><tr><\/tr><tr><td><strong>11:30 a.m.-12:00 M.<\/strong><\/td><td><strong>Discusi\u00f3n Plenaria<\/strong><\/td><\/tr><tr><\/tr><tr><td><strong>12:00 M. \u2013 1:30 p.m.<\/strong>&nbsp;<\/td><td><strong>Ceremonia de Reconocimientos y Almuerzo<\/strong><br>Sal\u00f3n de los Presidentes<br>Casa Ol\u00edmpica<br>&nbsp;<\/td><\/tr><tr><td><strong><a href=\"http:\/\/www.youtube.com\/watch?v=viaosk7D29c\">Historia de las Disciplinas de la Salud<\/a>:<\/strong><\/td><\/tr><tr><\/tr><tr><td><strong>1:30 p.m. &#8211; 3:00 p.m.<\/strong>&nbsp;<\/td><td><strong>Escuela de Medicina<br>Rescate de un Documental Hist\u00f3rico<br>de la Escuela de Medicina (1954)<\/strong><br>Dr. Enrique V\u00e1zquez Quintana<br>&nbsp;&nbsp;&nbsp; Ex-Catedr\u00e1tico<br>&nbsp;&nbsp;&nbsp; Departamento de Cirug\u00eda<br>&nbsp;&nbsp;&nbsp; Escuela de Medicina, RCM<strong>Panel de Reactores<\/strong><br><strong>Dr. Ad\u00e1n Nigaglioni<\/strong><br>&nbsp;&nbsp;&nbsp; Ex-Catedr\u00e1tico y Ex-Decano<br>&nbsp;&nbsp;&nbsp; Escuela de Medicina, RCM<br>&nbsp;&nbsp;&nbsp; Rector Emeritus del Recinto de Ciencias M\u00e9dicas<br><strong>Dr. Luis Gonz\u00e1lez Vales<\/strong><br>&nbsp;&nbsp;&nbsp; Historiador Oficial de Puerto Rico<br>&nbsp;&nbsp;&nbsp; Presidente<br>&nbsp;&nbsp;&nbsp; Academia Puertorrique\u00f1a de la Historia<br><strong>Dr. Walter Frontera<\/strong><br>&nbsp;&nbsp;&nbsp; Decano<br>&nbsp;&nbsp;&nbsp; Escuela de Medicina, RCM<br>&nbsp;<\/td><\/tr><tr><td><strong>3:00 p.m. \u2013 3:15 p.m.<\/strong><br>&nbsp;<\/td><td><strong>Receso: Visita a Carteles y Exhibidores<\/strong><br>&nbsp;<\/td><\/tr><tr><\/tr><tr><td><strong>3:15 p.m. \u2013 3:40 p.m.<\/strong>&nbsp;<\/td><td><a href=\"http:\/\/www.youtube.com\/watch?v=6NzZ8STLCUA\"><strong>Escuela de Medicina Dental<\/strong><\/a><br>El Dr. Ubaldino Ram\u00edrez de Arellano,<br>Una figura para la historia<br><strong>Dr. Carlos Su\u00e1rez<\/strong><br>&nbsp;&nbsp;&nbsp; Ex-Decano de la Escuela de Medicina Dental y<br>&nbsp;&nbsp;&nbsp; Ex-Decano de Asuntos Acad\u00e9micos, RCM<br>&nbsp;&nbsp;&nbsp; Investigador Adscrito al IHICIS<br>&nbsp;<\/td><\/tr><tr><td><strong><a href=\"http:\/\/www.youtube.com\/watch?v=02s19CyYujU\">Historia de Museos, Colecciones y Archivos<\/a>:<\/strong><br>&nbsp;<\/td><\/tr><tr><\/tr><tr><td><strong>3:40 p.m. \u2013 4:00 p.m.<\/strong>&nbsp;<\/td><td><em>El Papel de los Museos Universitarios en la Educaci\u00f3n:<br>La Experiencia del Museo de Farmacia<\/em><br><strong>Maestra Ninoshka Coll<\/strong><br>&nbsp;&nbsp;&nbsp; Candidata PhD<br>&nbsp;&nbsp;&nbsp; Especialista en Museos<br>&nbsp;&nbsp;&nbsp; Escuela de Farmacia, RCM<br><strong>Dra. Miriam Lugo<\/strong><br>&nbsp;&nbsp;&nbsp; Centro de Investigaciones Hist\u00f3ricas<br>&nbsp;&nbsp;&nbsp; Recinto de R\u00edo Piedras<br><strong>Dra. Ana E. V\u00e9lez<\/strong><br>&nbsp;&nbsp;&nbsp; Ex-Catedr\u00e1tica<br>&nbsp;&nbsp;&nbsp; Ex-Directora Museo de Farmacia<br>&nbsp;&nbsp;&nbsp; Escuela de Farmacia, RCM<br>&nbsp;<\/td><\/tr><tr><td><strong>4:00 p.m. \u2013 4:15 p.m.<\/strong>&nbsp;&nbsp;<\/td><td><em>Proyecto de Enlace-Colectivo en Investigaci\u00f3n Hist\u00f3rica<br>en las Ciencias de la Salud (Programa ATLANTEA 2008-09)<\/em><br><strong>Dra. Sandra M. F\u00e1bregas<\/strong><br>&nbsp;&nbsp;&nbsp; Ex-Catedr\u00e1tica y Ex-Directora Museo de Farmacia<br>&nbsp;&nbsp;&nbsp; Y Jard\u00edn de Plantas Medicinales<br>&nbsp;&nbsp;&nbsp; Escuela de Farmacia, RCM<br>&nbsp;&nbsp;&nbsp; Miembro Fundador IHICIS<br><strong>Dra. Yvette Vel\u00e1zquez<\/strong><br>&nbsp;&nbsp;&nbsp; Catedr\u00e1tica Auxiliar Ad-Honorem<br>&nbsp;&nbsp;&nbsp; Escuela de Medicina Dental, RCM<br><strong>Dra. Ana E. V\u00e9lez<\/strong><br>&nbsp;&nbsp;&nbsp; Ex-Catedr\u00e1tica<br>&nbsp;&nbsp;&nbsp; Ex-Directora Museo de Farmacia<br>&nbsp;&nbsp;&nbsp; Escuela de Farmacia, RCM<br>&nbsp;<\/td><\/tr><tr><\/tr><tr><td><strong>4:15 p.m. &#8211; 4:30 p.m.<\/strong>&nbsp;<\/td><td><strong><a href=\"http:\/\/youtu.be\/UUzirOeO-eA\">Historia de las Bibliotecas de las Ciencias de la Salud<br>La Biblioteca Conrado F. Asenjo<\/a><\/strong><br><strong>Profesora Carmen M. Santos Corrada<\/strong><br>&nbsp;&nbsp;&nbsp; Supervisora<br>&nbsp;&nbsp;&nbsp; Colecci\u00f3n Puertorrique\u00f1a<br>&nbsp;&nbsp;&nbsp; Biblioteca Conrado F. Asenjo, RCM<br>&nbsp;&nbsp;&nbsp; Investigadora Adscrita al IHICIS<br>&nbsp;<\/td><\/tr><tr><td><strong>4:30 p.m. &#8211; 4:50 p.m.<\/strong>&nbsp;<\/td><td><a href=\"http:\/\/youtu.be\/6tGQvsEmK8k\"><strong>La revistas cient\u00edfica como fuente hist\u00f3rica primaria:<br>La revista de la Escuela de Medicina Tropical&nbsp;<\/strong><\/a><br><strong>Dr. Ra\u00fal Mayo<\/strong><br>&nbsp;&nbsp;&nbsp; Catedr\u00e1tico<br>&nbsp;&nbsp;&nbsp; Escuela de Medicina, UPR<br>&nbsp;&nbsp;&nbsp; Miembro Fundador y Ex-Director de IHICIS<br>&nbsp;<\/td><\/tr><tr><\/tr><tr><td><strong>4:50 p.m. &#8211; 5:20p.m.<\/strong>&nbsp;<\/td><td><a href=\"http:\/\/youtu.be\/mqsPJU41byM\"><strong>Proyecto de Digitalizaci\u00f3n de Documentos:<br>LIBRARIA: El Repositorio Hist\u00f3rico de las Ciencias de la Salud<br>en Puerto Rico y el Caribe&nbsp;<\/strong><\/a><br><strong>Profesora Carmen M. Santos Corrada<\/strong><br>&nbsp;&nbsp;&nbsp; Supervisora, Colecci\u00f3n Puertorrique\u00f1a<br>&nbsp;&nbsp;&nbsp; Biblioteca Conrado F. Asenjo, RCM<br>&nbsp;&nbsp;&nbsp; Investigadora Adscrita al IHICIS<\/td><\/tr><tr><\/tr><tr><td><strong>5:20 p.m. \u2013 5:45 p.m.<\/strong><\/td><td><strong>Discusi\u00f3n Plenaria<\/strong><\/td><\/tr><tr><\/tr><tr><td><strong>5:45 p.m. \u2013 6:00 p.m.<\/strong><br>&nbsp;<\/td><td><strong><a href=\"http:\/\/www.youtube.com\/watch?v=qUcFsp6XcYc\">Actos de Clausura de la III Cumbre de Historia<\/a>:<\/strong><br><em>&#8220;La Declaraci\u00f3n de Principios para la Conservaci\u00f3n del<br>Patrimonio Hist\u00f3rico de la Salud en Puerto Rico&#8221;<\/em><\/td><\/tr><\/tbody><\/table><\/figure>\n","protected":false},"excerpt":{"rendered":"<p>Programa III CUMBRE DE HISTORIA DE LAS CIENCIAS DE LA SALUD Ateneo Puertorrique\u00f1oSala de Conferencias y Usos M\u00faltiplesPuerta de TierraSan Juan Martes, 23 de marzo de 20108:00 a.m. a 6:00 p.m. El Instituto de Historia de las Ciencias de la Salud (IHICIS), ubicado en el Decanato de Asuntos Acad\u00e9micos bajo un acuerdo de colaboraci\u00f3n con&hellip;<\/p>\n","protected":false},"author":1,"featured_media":0,"parent":0,"menu_order":0,"comment_status":"closed","ping_status":"closed","template":"template-microsite.php","meta":{"footnotes":""},"class_list":["post-40","page","type-page","status-publish","hentry","description-off"],"aioseo_notices":[],"_links":{"self":[{"href":"https:\/\/rcm1.rcm.upr.edu\/institutohistoria\/wp-json\/wp\/v2\/pages\/40","targetHints":{"allow":["GET"]}}],"collection":[{"href":"https:\/\/rcm1.rcm.upr.edu\/institutohistoria\/wp-json\/wp\/v2\/pages"}],"about":[{"href":"https:\/\/rcm1.rcm.upr.edu\/institutohistoria\/wp-json\/wp\/v2\/types\/page"}],"author":[{"embeddable":true,"href":"https:\/\/rcm1.rcm.upr.edu\/institutohistoria\/wp-json\/wp\/v2\/users\/1"}],"replies":[{"embeddable":true,"href":"https:\/\/rcm1.rcm.upr.edu\/institutohistoria\/wp-json\/wp\/v2\/comments?post=40"}],"version-history":[{"count":0,"href":"https:\/\/rcm1.rcm.upr.edu\/institutohistoria\/wp-json\/wp\/v2\/pages\/40\/revisions"}],"wp:attachment":[{"href":"https:\/\/rcm1.rcm.upr.edu\/institutohistoria\/wp-json\/wp\/v2\/media?parent=40"}],"curies":[{"name":"wp","href":"https:\/\/api.w.org\/{rel}","templated":true}]}}