{"id":65,"date":"2019-02-21T11:18:01","date_gmt":"2019-02-21T15:18:01","guid":{"rendered":"http:\/\/exalumnos.rcm.upr.edu\/ihicis\/?page_id=65"},"modified":"2019-02-21T11:18:01","modified_gmt":"2019-02-21T15:18:01","slug":"escuela-de-medicina-dental","status":"publish","type":"page","link":"https:\/\/rcm1.rcm.upr.edu\/institutohistoria\/escuela-de-medicina-dental\/","title":{"rendered":"Escuela de Medicina Dental"},"content":{"rendered":"<div class=\"wpb-content-wrapper\"><p>[vc_row][vc_column width=&#8221;1\/4&#8243;][vc_single_image image=&#8221;540&#8243; img_size=&#8221;full&#8221; alignment=&#8221;center&#8221;][\/vc_column][vc_column width=&#8221;3\/4&#8243;][vc_column_text]<em>Carlos L. Su\u00e1rez, D.M.D., MSD y Editor del libro:<\/em>\u00a0<strong>Escuela de Odontolog\u00eda de la Universidad de Puerto Rico-Cincuenta A\u00f1os de Historia: Impacto en la Sociedad<\/strong>. (<em>Actualmente en preparaci\u00f3n<\/em>)<\/p>\n<p>\n\nEn el mes de enero de 1955 el doctor Harold W. Brown, Ex-Decano de la Escuela de Salud P\u00fablica de la Universidad de Columbia, someti\u00f3 su\u00a0<strong>Estudio sobre las necesidades de M\u00e9dicos y Odont\u00f3logos en Puerto Rico<\/strong><sup>(1)<\/sup>. Este estudio se efectu\u00f3 a solicitud del entonces Rector de la Universidad de Puerto Rico, Licenciado Jaime Ben\u00edtez. El estudio revel\u00f3 que la proporci\u00f3n de dentistas por habitantes en ese entonces en Puerto Rico era de uno por cada nueve mil habitantes aproximadamente (1\/8949). Esta tasa se consideraba muy inferior comparada con la de los Estados Unidos que, para esa \u00e9poca, era de uno por cada mil setecientos aproximadamente (1,677). En esos a\u00f1os, la mayor parte de los dentistas ejerciendo en Puerto Rico egresaban de escuelas norteamericanas y se proyectaba que las escuelas en Estados Unidos no aumentar\u00edan las admisiones de estudiantes puertorrique\u00f1os en la proporci\u00f3n necesaria para mejorar la situaci\u00f3n del escaso n\u00famero de dentistas en Puerto Rico. M\u00e1s a\u00fan, se vislumbraba que por diversas razones ser\u00eda m\u00e1s dif\u00edcil que los estudiantes puertorrique\u00f1os pudiesen lograr acceso a las escuelas norteamericanas en el futuro inmediato.<\/p>\n<p>\n\nComo parte de este estudio y en coordinaci\u00f3n con el Colegio de Cirujanos Dentistas de Puerto Rico se encuest\u00f3 a los dentistas en Puerto Rico, como clase profesional, demostr\u00e1ndose un respaldo masivo a la creaci\u00f3n de una escuela dental en el pa\u00eds. Este estudio concluy\u00f3 que, a base de la baja proporci\u00f3n de dentistas a poblaci\u00f3n existente y la imposibilidad de mejorar la misma con la alternativa de educar dentistas en escuelas acreditadas fuera del pa\u00eds, exist\u00eda la necesidad de establecer una escuela dental integrada con la Escuela de Medicina de la Universidad de Puerto Rico. En abril de 1955, el doctor Harold Hinman, Decano de la Escuela de Medicina de la Universidad de Puerto Rico y el doctor Shailer Peterson, Secretario del Consejo de Educaci\u00f3n Dental de la Asociaci\u00f3n Dental Americana, suscribieron un enunciado donde recomendaban a la Universidad que delineara los planes para el desarrollo de un programa educativo en odontolog\u00eda para entrenar residentes de Puerto Rico para atender las necesidades de salud oral del pa\u00eds, basados en la recomendaci\u00f3n de East y Brown.<\/p>\n<p>\n\nEl plan sugerido integrar\u00eda la ense\u00f1anza y experiencias de las profesiones m\u00e9dicas y dentales, incluyendo un programa de entrenamiento para el equipo de salud oral b\u00e1sico, proveyendo as\u00ed dentistas graduados en el menor tiempo posible. El plan inclu\u00eda la utilizaci\u00f3n de las facilidades y el personal existente en una forma eficiente, coordinada y con la flexibilidad necesaria que permitiera adaptarse a los cambios que se visualizaban para el programa educativo integrado de la Universidad de Puerto Rico. A este plan le sigui\u00f3 uno m\u00e1s detallado, sometido por el Dr. Shailer Peterson en septiembre del mismo a\u00f1o, donde se discut\u00edan consideraciones y sugerencias espec\u00edficas para el desarrollo de una Escuela de Odontolog\u00eda en la Universidad de Puerto Rico. Adem\u00e1s se formulaba un programa completo para su implementaci\u00f3n que inclu\u00eda un an\u00e1lisis financiero<sup>(3)<\/sup>.<\/p>\n<p>\n\nEl Licenciado Jaime Ben\u00edtez, entonces Rector de la Universidad de Puerto Rico, someti\u00f3 una solicitud al Consejo de Educaci\u00f3n Superior, con el documento del Dr. Peterson como referencia, para crear la Escuela de Odontolog\u00eda. En una reuni\u00f3n extraordinaria celebrada el 27 de enero de 1956, el Consejo acept\u00f3 el informe del Rector y aprob\u00f3 el establecimiento de la Escuela de Odontolog\u00eda ligada a la Escuela de Medicina de la Universidad de Puerto Rico, de acuerdo a la Certificaci\u00f3n #85 del 6 de febrero de 1956. En \u00e9sta se estableci\u00f3 que la aprobaci\u00f3n se hac\u00eda sin que la Universidad contara con los fondos necesarios para su implantaci\u00f3n. Por consiguiente, se facult\u00f3 al Rector a gestionar los mismos y a no contraer ning\u00fan compromiso hasta que dispusiera de los recursos econ\u00f3micos necesarios. A tal efecto, no era posible proyectar en ese momento cuando la Escuela de Odontolog\u00eda podr\u00eda iniciar sus operaciones.<\/p>\n<p>\n\nEl 8 de marzo de 1956 el doctor Ubaldino Ram\u00edrez de Arellano, odont\u00f3logo de profesi\u00f3n y Representante a la C\u00e1mara, present\u00f3 la\u00a0<strong>Resoluci\u00f3n Conjunta de la C\u00e1mara 3122<\/strong>\u00a0que asignaba los fondos durante el a\u00f1o econ\u00f3mico 1956-57 que sufragar\u00edan los gastos para la planificaci\u00f3n y compra de equipo para establecer la Escuela de Odontolog\u00eda\u00a0<sup>(2)<\/sup>. En la sesi\u00f3n del 24 de mayo de 1956 se aprob\u00f3 la resoluci\u00f3n con una votaci\u00f3n un\u00e1nime de 43 votos a favor y 0 en contra. Dicho proyecto se aprob\u00f3 en el Senado de Puerto Rico sin enmiendas el 30 de mayo de 1956. La aprobaci\u00f3n de la Ley ocurri\u00f3 el 21 de junio de 1956 con la firma del Gobernador Don Luis Mu\u00f1oz Mar\u00edn.<\/p>\n\n<p>El Licenciado Jaime Ben\u00edtez design\u00f3 al doctor Raymond Baralt, Jr. como el primer Decano de la reci\u00e9n creada Escuela de Odontolog\u00eda de la Universidad de Puerto Rico efectivo el 1 de julio de 1956 tan pronto tuvo conocimiento de la firma del proyecto por el Gobernador. Un a\u00f1o despu\u00e9s, el lunes 19 de agosto de 1957, la escuela comenz\u00f3 sus funciones acad\u00e9micas con 29 estudiantes. Algunos de los cursos en ciencias biom\u00e9dicas, administrativamente bajo la Escuela de Medicina, fueron inicialmente compartidos por los estudiantes de Odontolog\u00eda y Medicina, cre\u00e1ndose gradualmente cursos separados luego del primer a\u00f1o de operaci\u00f3n de la escuela dental. La facultad y la administraci\u00f3n de la escuela desplegaron enormes esfuerzos para desarrollar programas acad\u00e9micos, establecer normas y procedimientos, dise\u00f1ar y construir instalaciones apropiadas (cl\u00ednicas y laboratorios), a la vez que se realizaba la labor docente. En el a\u00f1o acad\u00e9mico 1960-61, la escuela contaba con 102 estudiantes de odontolog\u00eda.<\/p>\n<p>\n\nEn el mes de marzo de 1961, se recibi\u00f3 la visita oficial de acreditaci\u00f3n del Consejo de Educaci\u00f3n Dental de la Asociaci\u00f3n Dental Americana. Posteriormente, este organismo le comunic\u00f3 al Rector Jaime Ben\u00edtez el estatus de \u201cAprobaci\u00f3n Completa\u201d al programa sub-graduado de odontolog\u00eda de la Universidad de Puerto Rico, en comunicaci\u00f3n fechada el 13 de marzo de 1961. A partir de entonces, la Escuela de Odontolog\u00eda ha mantenido su acreditaci\u00f3n ininterrumpidamente.<\/p>\n<p>\u00a0<\/p>\n\n<figure class=\"wp-block-image\"><img decoding=\"async\" src=\"https:\/\/ihicis.rcm.upr.edu\/wp-content\/uploads\/sites\/23\/2020\/04\/Logo-Medicina-Dental.png\" alt=\"\" \/><\/figure>\n<p>\n\nEl Dr. Raymond Baralt anunci\u00f3 su renuncia a la posici\u00f3n de Decano en abril de 1961, efectiva en junio del mismo a\u00f1o, para asumir la posici\u00f3n de Decano de la Escuela de Odontolog\u00eda de la Universidad de Detroit en esa fecha. En la reuni\u00f3n del Consejo de Educaci\u00f3n Superior del 30 de mayo de 1961 se aprob\u00f3 por unanimidad la recomendaci\u00f3n del Rector Ben\u00edtez designando al Dr. Lowell E. Mckelvey como el nuevo Decano de la Escuela de Odontolog\u00eda efectivo el primero de agosto de 1961. El Dr. McKelvey se licenciar\u00eda definitivamente del Ej\u00e9rcito de Estados Unidos de Norteam\u00e9rica el 30 de junio y se incorporar\u00eda inmediatamente a la Facultad en la cual hab\u00eda sido nombrado como profesor y Jefe del Departamento de Cirug\u00eda Oral, antes de haber surgido la vacante del Dr. Baralt.<\/p>\n<p>\n\nLos primeros actos de graduaci\u00f3n, para los recipientes del grado de Doctor en Medicina Dental, se llevaron a cabo el 2 de junio de 1961 en el Teatro de la Universidad de Puerto Rico. En los a\u00f1os subsiguientes a su establecimiento se crearon los programas graduados de Histopatolog\u00eda, Cirug\u00eda Oral y Maxilofacial, Odontopediatr\u00eda y Prostodoncia. M\u00e1s adelante se implantaron sendos programas de Residencia en Odontolog\u00eda General en el a\u00f1o de 1987 y de Ortodoncia en el 1997. El doctor McKelvey sirvi\u00f3 como Decano durante el per\u00edodo comprendido entre el 1961 y 1972, a\u00f1o en que se acogi\u00f3 al retiro. En ese a\u00f1o se nombra al doctor Alberto Tossas, quien se convierti\u00f3 en el primer ex alumno en ocupar la posici\u00f3n de Decano de la Escuela de Odontolog\u00eda. En ese mismo a\u00f1o el Recinto de Ciencias M\u00e9dicas se muda a sus nuevas instalaciones en el Centro M\u00e9dico.<\/p>\n<p>\n\nLos programas para el entrenamiento del personal de apoyo de la profesi\u00f3n se establecieron bajo la administraci\u00f3n de la escuela. Entre \u00e9stos se crearon los programas de Asistentes Dentales, Higiene Dental, Tecnolog\u00eda Dental y un programa de Adiestramiento de Auxiliares con Funciones Extendidas. Posteriormente, como resultado de la reorganizaci\u00f3n del Recinto de Ciencias Medicas en 1976, \u00e9stos fueron transferidos al Colegio de Profesiones Relaciones con la Salud, hoy Escuela de Profesiones de la Salud.<\/p>\n<p>\n\nEl curr\u00edculo de la Escuela se ha revisado en varias ocasiones respondiendo al medio ambiente externo e interno y respondiendo a los est\u00e1ndares de acreditaci\u00f3n. Entre los puntos sobresalientes est\u00e1n experiencias cl\u00ednicas tempranas, utilizaci\u00f3n de simuladores en los laboratorios precl\u00ednicos, tratamiento comprensivo centrado en el paciente, evaluaci\u00f3n basada en competencias, m\u00e9todos educativos innovadores como pacientes estandarizados, aprendizaje basado en evidencia cient\u00edfica entre otros. La Escuela de Odontolog\u00eda ha asumido un rol de liderato en la comunidad internacional. Los programas graduados han recibido a profesionales de Centro, Sur Am\u00e9rica y de Espa\u00f1a para adiestramiento en diferentes \u00e1reas de la Odontolog\u00eda especializada. Un excelente ejemplo de esta iniciativa es la aportaci\u00f3n de nuestra escuela al desarrollo del curr\u00edculo dental de la Universidad de Granada, en su decisi\u00f3n de crear una Escuela de Odontolog\u00eda separada de la de Medicina, respondiendo a las exigencias de la Comunidad Econ\u00f3mica Europea.<\/p>\n<p>\n\nComo parte integral de su misi\u00f3n, la Escuela de Odontolog\u00eda ha desarrollado un trabajo significativo en la investigaci\u00f3n a todos los niveles. La generaci\u00f3n de nuevos conocimientos es de suma importancia ya que resulta en el mejoramiento de la salud oral y de la salud general de la poblaci\u00f3n. El Centro de Investigaci\u00f3n, de la Escuela de Odontolog\u00eda ha dirigido sus esfuerzos a resolver las desigualdades en la salud oral en Puerto Rico- y otras comunidades hispanas en Estados Unidos- en los aspectos de c\u00e1ncer oral, caries dentales y enfermedad periodontal. Esta \u00faltima por su particular relaci\u00f3n con las enfermedades cardiovasculares, la diabetes y embarazadas y su relaci\u00f3n con los ni\u00f1os de bajo peso y prematuros. El Centro de Investigaci\u00f3n ha sido diligente en la b\u00fasqueda de fondos para apoyar la investigaci\u00f3n y ha recibido un Fondo Dotal de $15 millones de d\u00f3lares, adem\u00e1s de firmar acuerdos de colaboraci\u00f3n con Universidades de gran prestigio como, por ejemplo, NYU, Columbia, Seattle, Minnesota, Michigan e Indiana. Concurrentemente, ha realizado esfuerzos para desarrollar futuros investigadores coordinando experiencias de investigaci\u00f3n durante los veranos en varias universidades y centros de investigaci\u00f3n intensa, como los Institutos Nacionales de Salud.<\/p>\n<p>\n\nLa Escuela de Odontolog\u00eda cuenta con una Divisi\u00f3n de Educaci\u00f3n Continuada desde 1959 y es un proveedor importante de este tipo de educaci\u00f3n para la comunidad profesional local, a nivel de Centro, Sur Am\u00e9rica, Espa\u00f1a y a otros niveles de car\u00e1cter internacional. Esta divisi\u00f3n ha sido innovadora en el establecimiento de educaci\u00f3n a distancia y por circuito cerrado. En el a\u00f1o 2005, la Escuela de Odontolog\u00eda inaugur\u00f3 un Anfiteatro con todas las modernas facilidades de tecnolog\u00eda educativa para el ofrecimiento de sus cursos de educaci\u00f3n continuada. La Escuela de Odontolog\u00eda ha mantenido un progreso continuo a trav\u00e9s de toda su historia y, con la celebraci\u00f3n del Quincuag\u00e9simo Aniversario de su fundaci\u00f3n, ratifica su madurez institucional.<\/p>\n<p>\n\n<strong>Referencias:<\/strong><\/p>\n<p>\n\n<sup>1<\/sup>\u00a0Brown, H. W.; East, B. R.:\u00a0<strong>A Study of Puerto Rico\u2019s Physician and Dentists Needs<\/strong>. Monograf\u00eda mimeografiada. Enero, 1955.<\/p>\n<p>\n\n<sup>2<\/sup>\u00a0C\u00e1mara de Representantes:\u00a0<strong>R. C. De la C. 3122<\/strong>.. Segunda Asamblea Legislativa, Cuarta Sesi\u00f3n Ordinaria. 8 de marzo de 1956.<\/p>\n<p>\n\n<sup>3<\/sup>\u00a0Hinman, Harold; Peterson, Shailer:\u00a0<strong>Statement Prepared for Statement Prepared for Chancellor Benitez Relative to the Establishment of a Dental School at the University of Puerto Rico<\/strong>, April 1955<\/p>\n<p>\n\n<sup>4<\/sup>\u00a0Peterson, Shailer:<strong>\u00a0Considerations and Suggestions for the Development of a School Of Dentistry at the University of Puerto Rico<\/strong>. Chicago, Illinois, Sep 1955 Colecci\u00f3n Puertorrique\u00f1a, Biblioteca Conrado Asenjo, RCM, UPR . (Traducci\u00f3n Nuestra)<\/p>\n<p>\n\n<sup>5<\/sup>\u00a0Su\u00e1rez, C.L.:\u00a0<strong>Escuela de Odontolog\u00eda de la Universidad de Puerto Rico-Cincuenta A\u00f1os de Historia: Impacto en la Sociedad.<\/strong>. Cap\u00edtulo III-1956: La Aprobaci\u00f3n del Establecimiento de la Escuela de Odontolog\u00eda de la Universidad de Puerto Rico. (Libro actualmente en preparaci\u00f3n)<\/p>\n<p>[\/vc_column_text][\/vc_column][\/vc_row]<\/p><\/div>","protected":false},"excerpt":{"rendered":"<p>[vc_row][vc_column width=&#8221;1\/4&#8243;][vc_single_image image=&#8221;540&#8243; img_size=&#8221;full&#8221; alignment=&#8221;center&#8221;][\/vc_column][vc_column width=&#8221;3\/4&#8243;][vc_column_text]Carlos L. Su\u00e1rez, D.M.D., MSD y Editor del libro:\u00a0Escuela de Odontolog\u00eda de la Universidad de Puerto Rico-Cincuenta A\u00f1os de Historia: Impacto en la Sociedad. (Actualmente en preparaci\u00f3n) En el mes de enero de 1955 el doctor Harold W. Brown, Ex-Decano de la Escuela de Salud P\u00fablica de la Universidad de&hellip;<\/p>\n","protected":false},"author":1,"featured_media":0,"parent":0,"menu_order":0,"comment_status":"closed","ping_status":"closed","template":"template-microsite.php","meta":{"footnotes":""},"class_list":["post-65","page","type-page","status-publish","hentry","description-off"],"aioseo_notices":[],"_links":{"self":[{"href":"https:\/\/rcm1.rcm.upr.edu\/institutohistoria\/wp-json\/wp\/v2\/pages\/65","targetHints":{"allow":["GET"]}}],"collection":[{"href":"https:\/\/rcm1.rcm.upr.edu\/institutohistoria\/wp-json\/wp\/v2\/pages"}],"about":[{"href":"https:\/\/rcm1.rcm.upr.edu\/institutohistoria\/wp-json\/wp\/v2\/types\/page"}],"author":[{"embeddable":true,"href":"https:\/\/rcm1.rcm.upr.edu\/institutohistoria\/wp-json\/wp\/v2\/users\/1"}],"replies":[{"embeddable":true,"href":"https:\/\/rcm1.rcm.upr.edu\/institutohistoria\/wp-json\/wp\/v2\/comments?post=65"}],"version-history":[{"count":0,"href":"https:\/\/rcm1.rcm.upr.edu\/institutohistoria\/wp-json\/wp\/v2\/pages\/65\/revisions"}],"wp:attachment":[{"href":"https:\/\/rcm1.rcm.upr.edu\/institutohistoria\/wp-json\/wp\/v2\/media?parent=65"}],"curies":[{"name":"wp","href":"https:\/\/api.w.org\/{rel}","templated":true}]}}