{"id":97,"date":"2019-02-28T20:39:31","date_gmt":"2019-03-01T00:39:31","guid":{"rendered":"http:\/\/ihicis.rcm.upr.edu\/?page_id=97"},"modified":"2025-02-27T23:54:31","modified_gmt":"2025-02-27T23:54:31","slug":"escuela-de-salud-publica","status":"publish","type":"page","link":"https:\/\/rcm1.rcm.upr.edu\/institutohistoria\/escuela-de-salud-publica\/","title":{"rendered":"Escuela de Salud P\u00fablica"},"content":{"rendered":"<div class=\"wpb-content-wrapper\"><p>[vc_row][vc_column width=&#8221;1\/4&#8243;][vc_single_image image=&#8221;643&#8243; img_size=&#8221;full&#8221; alignment=&#8221;center&#8221;][\/vc_column][vc_column width=&#8221;3\/4&#8243;][vc_column_text css=&#8221;&#8221;]<strong>RESE\u00d1A HIST\u00d3RICA<\/strong><\/p>\n<p><strong>Escuela Graduada de Salud P\u00fablica de la Universidad de Puerto Rico (UPR):<\/strong><\/p>\n<p><strong>75 a\u00f1os ofreciendo grados acad\u00e9micos en Salud P\u00fablica (1941-2016)<\/strong><\/p>\n<p>&nbsp;<\/p>\n<p>&nbsp;<\/p>\n<p>La ense\u00f1anza graduada en Salud P\u00fablica, como parte del curr\u00edculo de educaci\u00f3n superior en Puerto Rico, se origin\u00f3 en la Escuela de Medicina Tropical (EMT), centro de investigaci\u00f3n y estudios graduados en enfermedades tropicales. Esta Escuela fue fundada en 1926 bajo los auspicios de la Universidad de Columbia en Nueva York y con el apoyo de la Fundaci\u00f3n Rockefeller y la Legislatura de Puerto Rico. La Salud P\u00fablica constituy\u00f3 un campo de investigaci\u00f3n aplicada dentro de la EMT desde su fundaci\u00f3n. Se realizaron estudios sobre los problemas de salud prevalentes en la isla, tales como: lepra, tuberculosis, malaria, otras enfermedades parasitarias, nutrici\u00f3n y saneamiento ambiental.<\/p>\n<p>En el 1939, la EMT recibe la encomienda de preparar profesionales en el campo de la Salud P\u00fablica. Esta gesti\u00f3n coincidi\u00f3 con la integraci\u00f3n de Puerto Rico en la Ley del Seguro Social Federal en el 1940. Parte de los fondos del Seguro Social se utilizaron para la formaci\u00f3n profesional de personal en Salud P\u00fablica. En 1941 se estableci\u00f3 un acuerdo entre el Departamento de Sanidad, la Universidad de Puerto Rico y la Universidad de Columbia para crear un Departamento de Salud P\u00fablica dentro de la EMT. Ese mismo a\u00f1o, hace setenta y cinco a\u00f1os, este departamento comenz\u00f3 a ofrecer grados acad\u00e9micos a nivel de Maestr\u00eda en Ciencias Sanitarias y en Salud P\u00fablica. En 1942, treinta y dos estudiantes fueron los primeros graduandos de estos dos programas. Antes de concluir la d\u00e9cada, se a\u00f1adieron a la oferta los programas de Educaci\u00f3n Sanitaria (1947) (hoy Maestr\u00eda en Educaci\u00f3n en Salud) y el de enfermera salubrista. En el 1949 se autoriz\u00f3 la creaci\u00f3n de la Escuela de Medicina de la Universidad de Puerto Rico. Desde ese primer momento, la ense\u00f1anza de la Salud P\u00fablica se integr\u00f3 a la formaci\u00f3n de los m\u00e9dicos.<\/p>\n<p>La estructura organizativa-acad\u00e9mica de la Escuela de Medicina convirti\u00f3 al Departamento de Higiene en un Departamento de Medicina Preventiva y Salud P\u00fablica. Este \u00faltimo continu\u00f3 el ofrecimiento de grados de maestr\u00eda en materias de Salud P\u00fablica. A mediados de la d\u00e9cada del cincuenta, el Departamento de Medicina Preventiva y Salud P\u00fablica se insert\u00f3 en el plan de regionalizaci\u00f3n de los servicios de salud en la Isla. Su funci\u00f3n primaria fue preparar los recursos humanos necesarios para la regionalizaci\u00f3n y la estimaci\u00f3n de las necesidades de Salud de la comunidad.<\/p>\n<p>En 1955, el Departamento de Medicina Preventiva y Salud P\u00fablica fue acreditado como una \u201cEscuela\u201d de Salud P\u00fablica por el Consejo de Educaci\u00f3n de la Asociaci\u00f3n Americana de Salud P\u00fablica. Por tanto, ese a\u00f1o se hizo miembro de la Asociaci\u00f3n de Escuelas de Salud P\u00fablica de los Estados Unidos, siendo \u00e9sta la primera y \u00fanica \u201cEscuela\u201d de habla hispana acreditada hasta el presente. A partir de esa fecha, y a pesar de ser todav\u00eda un departamento de la Escuela de Medicina, el Departamento de Medicina Preventiva y Salud P\u00fablica se organiz\u00f3 y funcion\u00f3 como una \u201cEscuela\u201d.<\/p>\n<p>A finales de la d\u00e9cada del sesenta, la gesti\u00f3n educativa del Departamento de Medicina Preventiva y Salud P\u00fablica hab\u00eda crecido sustancialmente. El Departamento contaba con 54 miembros de facultad con dedicaci\u00f3n exclusiva y 58 a jornada parcial. Estos profesores representaban la variedad de disciplinas que convergen en la pr\u00e1ctica, estudio y ense\u00f1anza de la Salud P\u00fablica, tales como: medicina, enfermer\u00eda, nutrici\u00f3n, demograf\u00eda, sociolog\u00eda, odontolog\u00eda, educaci\u00f3n en salud, ciencias sanitarias, derecho, estad\u00edstica y epidemiolog\u00eda, entre otras.<\/p>\n<p>En el a\u00f1o 1967 se matricularon cerca de 300 estudiantes y se proyectaba un aumento a la luz de los nuevos programas que se contemplaba a\u00f1adir a la oferta curricular. En estas primeras d\u00e9cadas, la Escuela atrajo un sinn\u00famero de estudiantes de Am\u00e9rica Latina a trav\u00e9s de acuerdos de adiestramiento con diversos pa\u00edses de la regi\u00f3n.<\/p>\n<p>El 27 de enero de 1970, a trav\u00e9s de la Certificaci\u00f3n N\u00famero 42, El Consejo de Educaci\u00f3n Superior autoriz\u00f3 la creaci\u00f3n de la \u201cEscuela Graduada de Salud P\u00fablica\u201d del Recinto de Ciencias M\u00e9dicas de la Universidad de Puerto Rico. La Escuela adquiri\u00f3 su estado independiente. En la d\u00e9cada del setenta se efectuaron cambios significativos en la organizaci\u00f3n y la trayectoria acad\u00e9mica de la Escuela. En el 1972, la Escuela se traslad\u00f3 f\u00edsicamente del antiguo edificio de la Escuela de Medicina Tropical a las nuevas instalaciones en los terrenos del Centro M\u00e9dico de R\u00edo Piedras.<\/p>\n<p>En el 1976, como parte de una reforma del Recinto de Ciencias M\u00e9dicas, se determin\u00f3 que la Escuela asumir\u00eda la ense\u00f1anza de los asuntos biosociales de la salud en el Recinto. A los fines de cumplir con esta misi\u00f3n docente, la Escuela se organiz\u00f3 en cuatro departamentos: Administraci\u00f3n, Bioestad\u00edstica y Epidemiolog\u00eda, Ciencias Sociales y Salud Ambiental.<\/p>\n<p>La d\u00e9cada del ochenta fue \u00e9poca de crecimiento y fortalecimiento de los programas acad\u00e9micos y se incorpora el Departamento de Desarrollo Humano a su organizaci\u00f3n. Se desarrollaron actividades educativas orientadas a la integraci\u00f3n de conceptos, experiencias de campo, ejercicios integradores, proyectos de investigaci\u00f3n aplicada y disertaciones a nivel de maestr\u00eda. Este fue el per\u00edodo de desarrollo de las ciencias sociales en la Escuela de Salud P\u00fablica. En consecuencia, se crearon las unidades siguientes: Centro de Datos Censales, Centro de Evaluaci\u00f3n e Investigaci\u00f3n Sociom\u00e9dica, Centro de Investigaci\u00f3n Demogr\u00e1fica e Instituto de Deficiencias en el Desarrollo. La Escuela, adem\u00e1s, desarroll\u00f3 programas de estudio en horario vespertino y extramuros a nivel internacional. La Escuela comienza a integrarse de manera activa a las redes acad\u00e9micas y profesionales a nivel internacional logrando avances en la presencia y proyecci\u00f3n global.<\/p>\n<p>La gesti\u00f3n de investigaci\u00f3n de la facultad tuvo un auge sin precedente en las postrimer\u00edas del siglo XX y al comenzar el siglo XXI. La investigaci\u00f3n se convirti\u00f3 en unas de las m\u00e1s altas prioridades de la Escuela. Actualmente, sus facultativos investigan asuntos de Salud de alta prioridad para Puerto Rico, tales como: modelos y sistemas de prestaci\u00f3n de servicios, problemas ambientales, determinantes sociales de la salud, VIH\/SIDA, salud mental, c\u00e1ncer, diabetes, salud reproductiva, deficiencias en el desarrollo y envejecimiento.<\/p>\n<p>En el 2016, al celebrar setenta y cinco a\u00f1os del establecimiento de ofertas acad\u00e9micas a nivel de maestr\u00eda, la Escuela Graduada de Salud P\u00fablica se ha consolidado como una instituci\u00f3n universitaria l\u00edder en la ense\u00f1anza, la investigaci\u00f3n y el servicio de alcance comunitario. Ofrece tres programas doctorales, trece programas a nivel de maestr\u00eda y dos certificados graduados. La Escuela sigue siendo instituci\u00f3n l\u00edder en la capacitaci\u00f3n de profesionales de la Salud P\u00fablica de excelencia. Est\u00e1 comprometida con la misi\u00f3n de \u201cdesarrollar y promover la Salud P\u00fablica mediante la formaci\u00f3n de l\u00edderes salubristas, la generaci\u00f3n de conocimiento y el ofrecimiento de servicios que contribuyan al bienestar de la comunidad.\u201d<\/p>\n<p>&nbsp;<\/p>\n<p>Silvia E. Rabionet, EdD<\/p>\n<p>Catedr\u00e1tica Asociada<br \/>\nDepartamento de Ciencias Sociales<br \/>\nEscuela Graduada de Salud P\u00fablica<\/p>\n<p>&nbsp;<\/p>\n<p>Tomado del Programa de la V Conferencia Puertorrique\u00f1a de Salud P\u00fablica (2-4 de mayo 2016, p\u00e1ginas 21-23)[\/vc_column_text][\/vc_column][\/vc_row]<\/p>\n<\/div>","protected":false},"excerpt":{"rendered":"<p>[vc_row][vc_column width=&#8221;1\/4&#8243;][vc_single_image image=&#8221;643&#8243; img_size=&#8221;full&#8221; alignment=&#8221;center&#8221;][\/vc_column][vc_column width=&#8221;3\/4&#8243;][vc_column_text css=&#8221;&#8221;]RESE\u00d1A HIST\u00d3RICA Escuela Graduada de Salud P\u00fablica de la Universidad de Puerto Rico (UPR): 75 a\u00f1os ofreciendo grados acad\u00e9micos en Salud P\u00fablica (1941-2016) &nbsp; &nbsp; La ense\u00f1anza graduada en Salud P\u00fablica, como parte del curr\u00edculo de educaci\u00f3n superior en Puerto Rico, se origin\u00f3 en la Escuela de Medicina Tropical&hellip;<\/p>\n","protected":false},"author":1,"featured_media":0,"parent":0,"menu_order":0,"comment_status":"closed","ping_status":"closed","template":"template-microsite.php","meta":{"footnotes":""},"class_list":["post-97","page","type-page","status-publish","hentry","description-off"],"aioseo_notices":[],"_links":{"self":[{"href":"https:\/\/rcm1.rcm.upr.edu\/institutohistoria\/wp-json\/wp\/v2\/pages\/97","targetHints":{"allow":["GET"]}}],"collection":[{"href":"https:\/\/rcm1.rcm.upr.edu\/institutohistoria\/wp-json\/wp\/v2\/pages"}],"about":[{"href":"https:\/\/rcm1.rcm.upr.edu\/institutohistoria\/wp-json\/wp\/v2\/types\/page"}],"author":[{"embeddable":true,"href":"https:\/\/rcm1.rcm.upr.edu\/institutohistoria\/wp-json\/wp\/v2\/users\/1"}],"replies":[{"embeddable":true,"href":"https:\/\/rcm1.rcm.upr.edu\/institutohistoria\/wp-json\/wp\/v2\/comments?post=97"}],"version-history":[{"count":1,"href":"https:\/\/rcm1.rcm.upr.edu\/institutohistoria\/wp-json\/wp\/v2\/pages\/97\/revisions"}],"predecessor-version":[{"id":1078,"href":"https:\/\/rcm1.rcm.upr.edu\/institutohistoria\/wp-json\/wp\/v2\/pages\/97\/revisions\/1078"}],"wp:attachment":[{"href":"https:\/\/rcm1.rcm.upr.edu\/institutohistoria\/wp-json\/wp\/v2\/media?parent=97"}],"curies":[{"name":"wp","href":"https:\/\/api.w.org\/{rel}","templated":true}]}}