{"id":1783,"date":"2018-05-08T19:37:06","date_gmt":"2018-05-08T19:37:06","guid":{"rendered":"http:\/\/exalumnos.rcm.upr.edu\/juntaadministrativa\/?page_id=1783"},"modified":"2024-10-06T14:40:48","modified_gmt":"2024-10-06T14:40:48","slug":"composicion","status":"publish","type":"page","link":"https:\/\/rcm1.rcm.upr.edu\/juntaadministrativa\/composicion\/","title":{"rendered":"Composici\u00f3n de la Junta Administrativa"},"content":{"rendered":"<div class=\"wpb-content-wrapper\"><p>[vc_row][vc_column][vc_column_text]El Rector ser\u00e1 el Presidente de la Junta Administrativa. En ausencia del Rector del Recinto, asumir\u00e1 las funciones del Presidente de la Junta el Decano(a) de Asuntos Acad\u00e9micos o en su lugar el Decano con m\u00e1s a\u00f1os en funci\u00f3n.[\/vc_column_text][vc_column_text css=&#8221;&#8221;]<b>La composici\u00f3n de la Junta es la siguiente:<\/b><\/p>\n<p><strong>Miembros<\/strong><br \/>\n1. Dra. Myrna L. Qui\u00f1ones Feliciano \u2013 Rectora y Presidenta de la Junta Administrativa<br \/>\n2. Dra. Yasm\u00edn Pedrogo Rodr\u00edguez \u2013 Decana Interina del Decanato de Asuntos Acad\u00e9micos<br \/>\n3. Sra. Rozaida Mart\u00ednez Torres \u2013 Decana Interina del Decanato de Administraci\u00f3n<br \/>\n4. Prof. lrma V\u00e1zquez Sanjurjo \u2013 Decana del Decanato de Estudiantes<br \/>\n5. Dra. Annabell C. Segarra Marrero \u2013 Decana Interina del Decanato de Investigaci\u00f3n<br \/>\n6. Dra. D\u00e9borah H. Silva D\u00edaz \u2013 Decana Interina de la Escuela de Medicina<br \/>\n7. Dra. Aileen I. Torres Maym\u00ed \u2013 Decana Interina de la Escuela de Medicina Dental<br \/>\n8. Dr. Edgardo Ruiz Cora \u2013 Decano Interino de la Escuela Graduada de Salud P\u00fablica<br \/>\n9. Dra. Lourdes E. Soto de Laurido \u2013 Decana Interina de la Escuela de Profesiones de la Salud<br \/>\n10. Dra. Wanda T. Maldonado D\u00e1vila \u2013 Decana de la Escuela de Farmacia<br \/>\n11. Dra. Milagros I. Figueroa Ramos \u2013 Decana Interina de la Escuela de Enfermer\u00eda<br \/>\n12. Sen. Mar\u00eda J. Crespo Bellido \u2013 Representante del Claustro<br \/>\n13. Sen. Ram\u00f3n F. Gonz\u00e1lez Garc\u00eda \u2013 Representante del Claustro<br \/>\n14. Sr. Jorge L. Rivera Vel\u00e1zquez \u2013 Representante Estudiantil[\/vc_column_text][vc_empty_space][vc_column_text css=&#8221;&#8221;]<b>Invitados Permanentes<\/b><br \/>\n1. Lcda. Melissa Reyes P\u00e9rez \u2013 Directora Interina de la Oficina de Asesores Legales<br \/>\n2. Sra. Sheila T. Solla Gonz\u00e1lez \u2013 Directora Interina del Departamento de Gerencia de Capital Humano<br \/>\n3. Sra. Ivy K. Class Guzm\u00e1n \u2013 Directora de la Oficina de Presupuesto[\/vc_column_text][vc_empty_space][vc_column_text]El qu\u00f3rum de las reuniones lo constituir\u00e1 m\u00e1s de la mitad de sus miembros con derecho a voz y voto.[\/vc_column_text][\/vc_column][\/vc_row]<\/p>\n<\/div>","protected":false},"excerpt":{"rendered":"<p>[vc_row][vc_column][vc_column_text]El Rector ser\u00e1 el Presidente de la Junta Administrativa. En ausencia del Rector del Recinto, asumir\u00e1 las funciones del Presidente de la Junta el Decano(a) de Asuntos Acad\u00e9micos o en su lugar el Decano con m\u00e1s a\u00f1os en funci\u00f3n.[\/vc_column_text][vc_column_text css=&#8221;&#8221;]La composici\u00f3n de la Junta es la siguiente: Miembros 1. Dra. Myrna L. Qui\u00f1ones Feliciano \u2013&hellip;<\/p>\n","protected":false},"author":1,"featured_media":0,"parent":0,"menu_order":0,"comment_status":"closed","ping_status":"closed","template":"template-microsite.php","meta":{"footnotes":""},"class_list":["post-1783","page","type-page","status-publish","hentry","description-off"],"aioseo_notices":[],"_links":{"self":[{"href":"https:\/\/rcm1.rcm.upr.edu\/juntaadministrativa\/wp-json\/wp\/v2\/pages\/1783","targetHints":{"allow":["GET"]}}],"collection":[{"href":"https:\/\/rcm1.rcm.upr.edu\/juntaadministrativa\/wp-json\/wp\/v2\/pages"}],"about":[{"href":"https:\/\/rcm1.rcm.upr.edu\/juntaadministrativa\/wp-json\/wp\/v2\/types\/page"}],"author":[{"embeddable":true,"href":"https:\/\/rcm1.rcm.upr.edu\/juntaadministrativa\/wp-json\/wp\/v2\/users\/1"}],"replies":[{"embeddable":true,"href":"https:\/\/rcm1.rcm.upr.edu\/juntaadministrativa\/wp-json\/wp\/v2\/comments?post=1783"}],"version-history":[{"count":4,"href":"https:\/\/rcm1.rcm.upr.edu\/juntaadministrativa\/wp-json\/wp\/v2\/pages\/1783\/revisions"}],"predecessor-version":[{"id":9344,"href":"https:\/\/rcm1.rcm.upr.edu\/juntaadministrativa\/wp-json\/wp\/v2\/pages\/1783\/revisions\/9344"}],"wp:attachment":[{"href":"https:\/\/rcm1.rcm.upr.edu\/juntaadministrativa\/wp-json\/wp\/v2\/media?parent=1783"}],"curies":[{"name":"wp","href":"https:\/\/api.w.org\/{rel}","templated":true}]}}