{"id":1784,"date":"2018-05-08T19:37:58","date_gmt":"2018-05-08T19:37:58","guid":{"rendered":"http:\/\/exalumnos.rcm.upr.edu\/juntaadministrativa\/?page_id=1784"},"modified":"2018-05-08T19:37:58","modified_gmt":"2018-05-08T19:37:58","slug":"secretaria","status":"publish","type":"page","link":"https:\/\/rcm1.rcm.upr.edu\/juntaadministrativa\/secretaria\/","title":{"rendered":"Secretar\u00eda de la Junta Administrativa"},"content":{"rendered":"<div class=\"wpb-content-wrapper\"><p>[vc_row][vc_column width=&#8221;1\/2&#8243;][vc_column_text]<strong>Dr. Ra\u00fal Rivera Gonz\u00e1lez, DrPH, MS, MT<\/strong><br \/>\n<em>Secretario Ejecutivo<\/em><br \/>\n<a href=\"mailto:juntaadmin.rcm@upr.edu\">juntaadmin.rcm@upr.edu<\/a>[\/vc_column_text][\/vc_column][vc_column width=&#8221;1\/2&#8243;][vc_column_text]<strong>Sra. Yaritza N. Rodr\u00edguez Ojeda<\/strong><br \/>\n<em>Secretaria Administrativa<\/em><br \/>\n<a href=\"mailto:yaritza.rodriguez7@upr.edu\">yaritza.rodriguez7@upr.edu<\/a>[\/vc_column_text][\/vc_column][\/vc_row][vc_row][vc_column]<div class=\"hr-thin style-line\" style=\"width: 100%;border-top-width: 1px;\"><\/div>[\/vc_column][\/vc_row][vc_row][vc_column width=&#8221;1\/2&#8243;][vc_column_text]<b>Direcci\u00f3n postal:<\/b><br \/>\nJunta Administrativa<br \/>\nEdificio Guillermo Arbona (principal)<br \/>\nRecinto de Ciencias M\u00e9dicas<br \/>\nPO: Box 365067<br \/>\nSan Juan, PR 00936-5067<\/p>\n<p>&nbsp;<\/p>\n<p><b>Direcci\u00f3n f\u00edsica:<\/b><br \/>\nOficina A742, 7mo piso<br \/>\nEdificio Guillermo Arbona (principal)<br \/>\nRecinto de Ciencias M\u00e9dicas[\/vc_column_text][\/vc_column][vc_column width=&#8221;1\/2&#8243;][vc_column_text]<b>Tel\u00e9fono:<\/b><br \/>\n787-758-2525 exts. 1796, 1711[\/vc_column_text][\/vc_column][\/vc_row]<\/p>\n<\/div>","protected":false},"excerpt":{"rendered":"<p>[vc_row][vc_column width=&#8221;1\/2&#8243;][vc_column_text]Dr. Ra\u00fal Rivera Gonz\u00e1lez, DrPH, MS, MT Secretario Ejecutivo juntaadmin.rcm@upr.edu[\/vc_column_text][\/vc_column][vc_column width=&#8221;1\/2&#8243;][vc_column_text]Sra. Yaritza N. Rodr\u00edguez Ojeda Secretaria Administrativa yaritza.rodriguez7@upr.edu[\/vc_column_text][\/vc_column][\/vc_row][vc_row][vc_column][\/vc_column][\/vc_row][vc_row][vc_column width=&#8221;1\/2&#8243;][vc_column_text]Direcci\u00f3n postal: Junta Administrativa Edificio Guillermo Arbona (principal) Recinto de Ciencias M\u00e9dicas PO: Box 365067 San Juan, PR 00936-5067 &nbsp; Direcci\u00f3n f\u00edsica: Oficina A742, 7mo piso Edificio Guillermo Arbona (principal) Recinto de Ciencias M\u00e9dicas[\/vc_column_text][\/vc_column][vc_column width=&#8221;1\/2&#8243;][vc_column_text]Tel\u00e9fono: 787-758-2525&hellip;<\/p>\n","protected":false},"author":1,"featured_media":0,"parent":0,"menu_order":0,"comment_status":"closed","ping_status":"closed","template":"template-microsite.php","meta":{"footnotes":""},"class_list":["post-1784","page","type-page","status-publish","hentry","description-off"],"aioseo_notices":[],"_links":{"self":[{"href":"https:\/\/rcm1.rcm.upr.edu\/juntaadministrativa\/wp-json\/wp\/v2\/pages\/1784","targetHints":{"allow":["GET"]}}],"collection":[{"href":"https:\/\/rcm1.rcm.upr.edu\/juntaadministrativa\/wp-json\/wp\/v2\/pages"}],"about":[{"href":"https:\/\/rcm1.rcm.upr.edu\/juntaadministrativa\/wp-json\/wp\/v2\/types\/page"}],"author":[{"embeddable":true,"href":"https:\/\/rcm1.rcm.upr.edu\/juntaadministrativa\/wp-json\/wp\/v2\/users\/1"}],"replies":[{"embeddable":true,"href":"https:\/\/rcm1.rcm.upr.edu\/juntaadministrativa\/wp-json\/wp\/v2\/comments?post=1784"}],"version-history":[{"count":0,"href":"https:\/\/rcm1.rcm.upr.edu\/juntaadministrativa\/wp-json\/wp\/v2\/pages\/1784\/revisions"}],"wp:attachment":[{"href":"https:\/\/rcm1.rcm.upr.edu\/juntaadministrativa\/wp-json\/wp\/v2\/media?parent=1784"}],"curies":[{"name":"wp","href":"https:\/\/api.w.org\/{rel}","templated":true}]}}