{"id":216,"date":"2020-05-26T17:45:15","date_gmt":"2020-05-26T17:45:15","guid":{"rendered":"https:\/\/jda.rcm.upr.edu\/?page_id=216"},"modified":"2020-05-26T17:45:15","modified_gmt":"2020-05-26T17:45:15","slug":"historia","status":"publish","type":"page","link":"https:\/\/rcm1.rcm.upr.edu\/juntadonaciones\/historia\/","title":{"rendered":"Historia de la donaci\u00f3n de \u00d3rganos y Puerto Rico"},"content":{"rendered":"<p>La donaci\u00f3n de \u00f3rganos data desde el a\u00f1o 700 A.C. Los primeros trasplantes se dieron en la India, donde se utilizaba el trasplante de piel de los gl\u00fateos, con el objeto de reconstruir la nariz y el pabell\u00f3n de la oreja. En la historia de los santos Cosme y Dami\u00e1n se relatan trasplantes de donante cadav\u00e9rico con finalidad terap\u00e9utica. En el siglo XVI, el m\u00e9dico italiano Gasparo Tagliacosi, se hizo famoso al elaborar una t\u00e9cnica para reconstruir la nariz en la que utilizaron una parte interna del brazo. Durante los siglos XVII y XIX se realizaron por primera vez, con \u00e9xito trasplantes de piel de personas muertas. En 1933, en Rusia se realiz\u00f3 el primer trasplante renal a una joven en coma ur\u00e9mico.<\/p>\n<p>&nbsp;<\/p>\n<p>La \u00e9poca propiamente de la proliferaci\u00f3n de trasplantes de \u00f3rganos empieza en el siglo XX, cuando aumenta la cantidad de los trasplantes, gracias al surgimiento de nuevas t\u00e9cnicas quir\u00fargicas En 1963 se efectu\u00f3 el primer trasplante renal a partir de un cad\u00e1ver en situaci\u00f3n de \u201cmuerte cerebral\u201d y con coraz\u00f3n latente, y el primer trasplante de h\u00edgado. En 1967 se marca una nueva era en la historia de los trasplantes cuando el Dr. Christian Barnard realiz\u00f3 el primer trasplante de coraz\u00f3n en el ser humano. Y en este nuevo milenio se efectu\u00f3 el primer trasplante total de cara, que incluy\u00f3 los p\u00e1rpados y el sistema lagrimal fue realizado en Francia en junio de 2010.<\/p>\n<p>&nbsp;<\/p>\n<p>En Puerto Rico, entre 1968 y 1972, se realizaron los primeros trasplantes de ri\u00f1\u00f3n en Ponce. En 1977, en el Hospital de Veteranos estableci\u00f3 un programa formal para el desarrollo y manejo de pacientes trasplantados y posteriormente en 1983, se traslad\u00f3 al Hospital Auxilio Mutuo. En 1999 se hizo el primer trasplante de coraz\u00f3n en Centro Cardiovascular de Puerto Rico y el Caribe. La primera donaci\u00f3n de \u00f3rganos que se promovi\u00f3 fue la de c\u00f3rneas, a trav\u00e9s del Banco de Ojos del Leonismo Puertorrique\u00f1o.<\/p>\n","protected":false},"excerpt":{"rendered":"<p>La donaci\u00f3n de \u00f3rganos data desde el a\u00f1o 700 A.C. Los primeros trasplantes se dieron en la India, donde se utilizaba el trasplante de piel de los gl\u00fateos, con el objeto de reconstruir la nariz y el pabell\u00f3n de la oreja. En la historia de los santos Cosme y Dami\u00e1n se relatan trasplantes de donante&hellip;<\/p>\n","protected":false},"author":1,"featured_media":0,"parent":0,"menu_order":0,"comment_status":"closed","ping_status":"closed","template":"template-microsite.php","meta":{"footnotes":""},"class_list":["post-216","page","type-page","status-publish","hentry","description-off"],"aioseo_notices":[],"_links":{"self":[{"href":"https:\/\/rcm1.rcm.upr.edu\/juntadonaciones\/wp-json\/wp\/v2\/pages\/216","targetHints":{"allow":["GET"]}}],"collection":[{"href":"https:\/\/rcm1.rcm.upr.edu\/juntadonaciones\/wp-json\/wp\/v2\/pages"}],"about":[{"href":"https:\/\/rcm1.rcm.upr.edu\/juntadonaciones\/wp-json\/wp\/v2\/types\/page"}],"author":[{"embeddable":true,"href":"https:\/\/rcm1.rcm.upr.edu\/juntadonaciones\/wp-json\/wp\/v2\/users\/1"}],"replies":[{"embeddable":true,"href":"https:\/\/rcm1.rcm.upr.edu\/juntadonaciones\/wp-json\/wp\/v2\/comments?post=216"}],"version-history":[{"count":0,"href":"https:\/\/rcm1.rcm.upr.edu\/juntadonaciones\/wp-json\/wp\/v2\/pages\/216\/revisions"}],"wp:attachment":[{"href":"https:\/\/rcm1.rcm.upr.edu\/juntadonaciones\/wp-json\/wp\/v2\/media?parent=216"}],"curies":[{"name":"wp","href":"https:\/\/api.w.org\/{rel}","templated":true}]}}