{"id":31,"date":"2018-05-21T23:25:30","date_gmt":"2018-05-21T23:25:30","guid":{"rendered":"http:\/\/exalumnos.rcm.upr.edu\/jda\/?page_id=4"},"modified":"2024-01-16T19:08:06","modified_gmt":"2024-01-16T19:08:06","slug":"inicio","status":"publish","type":"page","link":"https:\/\/rcm1.rcm.upr.edu\/juntadonaciones\/","title":{"rendered":"Inicio"},"content":{"rendered":"<div class=\"wpb-content-wrapper\"><p>[vc_row][vc_column][vc_raw_js]JTNDJTIxLS0lMjBHbG9iYWwlMjBzaXRlJTIwdGFnJTIwJTI4Z3RhZy5qcyUyOSUyMC0lMjBHb29nbGUlMjBBbmFseXRpY3MlMjAtLSUzRSUwQSUzQ3NjcmlwdCUyMGFzeW5jJTIwc3JjJTNEJTIyaHR0cHMlM0ElMkYlMkZ3d3cuZ29vZ2xldGFnbWFuYWdlci5jb20lMkZndGFnJTJGanMlM0ZpZCUzRFVBLTExOTU5MjEyMy0yJTIyJTNFJTNDJTJGc2NyaXB0JTNFJTBBJTNDc2NyaXB0JTNFJTBBJTIwJTIwd2luZG93LmRhdGFMYXllciUyMCUzRCUyMHdpbmRvdy5kYXRhTGF5ZXIlMjAlN0MlN0MlMjAlNUIlNUQlM0IlMEElMjAlMjBmdW5jdGlvbiUyMGd0YWclMjglMjklN0JkYXRhTGF5ZXIucHVzaCUyOGFyZ3VtZW50cyUyOSUzQiU3RCUwQSUyMCUyMGd0YWclMjglMjdqcyUyNyUyQyUyMG5ldyUyMERhdGUlMjglMjklMjklM0IlMEElMEElMjAlMjBndGFnJTI4JTI3Y29uZmlnJTI3JTJDJTIwJTI3VUEtMTE5NTkyMTIzLTIlMjclMjklM0IlMEElM0MlMkZzY3JpcHQlM0UlMEE=[\/vc_raw_js][vc_column_text]<\/p>\n<h2 style=\"text-align: center\">\u00a1Bienvenidos a la Junta de Donaciones Anat\u00f3micas!<\/h2>\n<p>&nbsp;<\/p>\n<p>Agradecemos su inter\u00e9s de registrarse para ser un donante de cuerpo de la Junta de Donaciones Anat\u00f3micas de Puerto Rico, adscrita al Recinto de Ciencias M\u00e9dicas de la Universidad de Puerto Rico.\u00a0 A trav\u00e9s de cada cuerpo que es donado para estudios anat\u00f3micos e investigaciones m\u00e9dicas, reciben adiestramiento, ense\u00f1anza, u oportunidad de realizar investigaci\u00f3n alrededor de 420 estudiantes y profesionales de varias ramas de la salud anualmente, a trav\u00e9s de cursos de medicina, medicina dental, terapia f\u00edsica y ocupacional, pr\u00e1cticas de ense\u00f1anza en disciplinas anat\u00f3micas, adiestramientos e investigaciones en residencias m\u00e9dicas con \u00e9nfasis en procedimientos quir\u00fargicos y anat\u00f3micos, entre otras.\u00a0 Lo que aprenden esas 420 personas a trav\u00e9s del estudio de ese cuerpo impactar\u00e1 de forma positiva la salud y el bienestar de miles de personas aqu\u00ed en Puerto Rico y en el mundo. Por todo ello, cada cuerpo estudiado es tratado como un valioso regalo que requiere del m\u00e1s alto cuidado, respeto y gratitud ante el desinteresado gesto altruista de la donaci\u00f3n.[\/vc_column_text][vc_empty_space][vc_column_text]<\/p>\n<h3 style=\"text-align: center\">Para notificar el fallecimiento de un donante fuera de horas laborables llamar a los siguientes n\u00fameros:<\/h3>\n<h3 style=\"text-align: center\">787-368-4662 \/ 787-633-8117<\/h3>\n<p>[\/vc_column_text][vc_separator color=&#8221;chino&#8221;][\/vc_column][\/vc_row][vc_row][vc_column width=&#8221;1\/2&#8243;][vc_column_text]<\/p>\n<h3 style=\"text-align: center\"><strong>Datos Importantes<\/strong><\/h3>\n<p>[\/vc_column_text][vc_column_text]<\/p>\n<ul>\n<li>Cu\u00e9ntele a su familia y amigos su desici\u00f3n de ser un donante de cuerpo.<\/li>\n<li>Lleve siempre consigo su tarjeta de identificaci\u00f3n de donante.<\/li>\n<li>Inf\u00f3rmele a su m\u00e9dico y\/o hospital que usted es un donante de cuerpo.<\/li>\n<li>La mayor\u00eda de las religiones apoyan la donaci\u00f3n, al considerarla como un regalo de vida, salud, y conocimiento a beneficio de todos.<\/li>\n<li>Toda persona mayor de 18 a\u00f1os puede registrarse como donante de cuerpo.\u00a0 No hay l\u00edmite m\u00e1ximo de edad.<\/li>\n<li>Donar el cuerpo es un gesto altruista que dar\u00e1 beneficios a la Sociedad a trav\u00e9s de la medicina e investigaciones cient\u00edficas.<\/li>\n<li>Tanto usted como su familia pueden comunicarse con la Junta de Donaciones Anat\u00f3micas para aclarar dudas.<\/li>\n<li>De cada cuerpo donado se benefician cada a\u00f1o alrededor de 420 estudiantes y profesionales de varias ramas de la salud, y cada uno de ellos impactar\u00e1 a su vez de forma positiva a cientos o miles de otras personas.<\/li>\n<\/ul>\n<p>[\/vc_column_text][\/vc_column][vc_column width=&#8221;1\/2&#8243;][vc_empty_space][vc_message message_box_style=&#8221;3d&#8221; style=&#8221;square&#8221; message_box_color=&#8221;grey&#8221;]<\/p>\n<h4 class=\"gmail_default\" style=\"text-align: center;\">Los documentos para donaci\u00f3n de cuerpo deben ser<br \/>\nllenados en original y enviados a la direcci\u00f3n postal<br \/>\nde la Junta de Donaciones.<\/h4>\n<p>[\/vc_message][vc_empty_space]<blockquote class=\"text-big shortcode-blockquote\"><h3 style=\"text-align: center\"><strong><em>A trav\u00e9s de la donaci\u00f3n, nuestro cuerpo se convierte en conocimientos <\/em><\/strong><\/h3>\n<h3 style=\"text-align: center\"><strong><em>que traspasan las barreras del tiempo y el espacio.<\/em><\/strong><\/h3>\n<\/blockquote>[\/vc_column][\/vc_row]<\/p>\n<\/div>","protected":false},"excerpt":{"rendered":"<p>[vc_row][vc_column][vc_raw_js]JTNDJTIxLS0lMjBHbG9iYWwlMjBzaXRlJTIwdGFnJTIwJTI4Z3RhZy5qcyUyOSUyMC0lMjBHb29nbGUlMjBBbmFseXRpY3MlMjAtLSUzRSUwQSUzQ3NjcmlwdCUyMGFzeW5jJTIwc3JjJTNEJTIyaHR0cHMlM0ElMkYlMkZ3d3cuZ29vZ2xldGFnbWFuYWdlci5jb20lMkZndGFnJTJGanMlM0ZpZCUzRFVBLTExOTU5MjEyMy0yJTIyJTNFJTNDJTJGc2NyaXB0JTNFJTBBJTNDc2NyaXB0JTNFJTBBJTIwJTIwd2luZG93LmRhdGFMYXllciUyMCUzRCUyMHdpbmRvdy5kYXRhTGF5ZXIlMjAlN0MlN0MlMjAlNUIlNUQlM0IlMEElMjAlMjBmdW5jdGlvbiUyMGd0YWclMjglMjklN0JkYXRhTGF5ZXIucHVzaCUyOGFyZ3VtZW50cyUyOSUzQiU3RCUwQSUyMCUyMGd0YWclMjglMjdqcyUyNyUyQyUyMG5ldyUyMERhdGUlMjglMjklMjklM0IlMEElMEElMjAlMjBndGFnJTI4JTI3Y29uZmlnJTI3JTJDJTIwJTI3VUEtMTE5NTkyMTIzLTIlMjclMjklM0IlMEElM0MlMkZzY3JpcHQlM0UlMEE=[\/vc_raw_js][vc_column_text] \u00a1Bienvenidos a la Junta de Donaciones Anat\u00f3micas! &nbsp; Agradecemos su inter\u00e9s de registrarse para ser un donante de cuerpo de la Junta de Donaciones Anat\u00f3micas de Puerto Rico, adscrita al Recinto de Ciencias M\u00e9dicas de la Universidad de Puerto Rico.\u00a0 A trav\u00e9s de cada cuerpo que es donado para estudios anat\u00f3micos e investigaciones m\u00e9dicas,&hellip;<\/p>\n","protected":false},"author":1,"featured_media":0,"parent":0,"menu_order":0,"comment_status":"closed","ping_status":"closed","template":"template-microsite.php","meta":{"footnotes":""},"class_list":["post-31","page","type-page","status-publish","hentry","description-off"],"aioseo_notices":[],"_links":{"self":[{"href":"https:\/\/rcm1.rcm.upr.edu\/juntadonaciones\/wp-json\/wp\/v2\/pages\/31","targetHints":{"allow":["GET"]}}],"collection":[{"href":"https:\/\/rcm1.rcm.upr.edu\/juntadonaciones\/wp-json\/wp\/v2\/pages"}],"about":[{"href":"https:\/\/rcm1.rcm.upr.edu\/juntadonaciones\/wp-json\/wp\/v2\/types\/page"}],"author":[{"embeddable":true,"href":"https:\/\/rcm1.rcm.upr.edu\/juntadonaciones\/wp-json\/wp\/v2\/users\/1"}],"replies":[{"embeddable":true,"href":"https:\/\/rcm1.rcm.upr.edu\/juntadonaciones\/wp-json\/wp\/v2\/comments?post=31"}],"version-history":[{"count":1,"href":"https:\/\/rcm1.rcm.upr.edu\/juntadonaciones\/wp-json\/wp\/v2\/pages\/31\/revisions"}],"predecessor-version":[{"id":341,"href":"https:\/\/rcm1.rcm.upr.edu\/juntadonaciones\/wp-json\/wp\/v2\/pages\/31\/revisions\/341"}],"wp:attachment":[{"href":"https:\/\/rcm1.rcm.upr.edu\/juntadonaciones\/wp-json\/wp\/v2\/media?parent=31"}],"curies":[{"name":"wp","href":"https:\/\/api.w.org\/{rel}","templated":true}]}}