{"id":32,"date":"2018-06-08T13:16:38","date_gmt":"2018-06-08T13:16:38","guid":{"rendered":"http:\/\/exalumnos.rcm.upr.edu\/jda\/?page_id=12"},"modified":"2018-06-08T13:16:38","modified_gmt":"2018-06-08T13:16:38","slug":"mision-y-vision","status":"publish","type":"page","link":"https:\/\/rcm1.rcm.upr.edu\/juntadonaciones\/mision-y-vision\/","title":{"rendered":"Misi\u00f3n y Visi\u00f3n"},"content":{"rendered":"<div class=\"wpb-content-wrapper\"><p>[vc_row][vc_column][vc_column_text]<\/p>\n<h3>Misi\u00f3n<\/h3>\n<p>[\/vc_column_text][vc_column_text]Elevar el nivel de conciencia p\u00fablica sobre la necesidad de aumentar la participaci\u00f3n ciudadana en el proceso de donaci\u00f3n y recuperaci\u00f3n de \u00f3rganos para beneficio de la ciencia, la rehabilitaci\u00f3n de otros seres humanos, y as\u00ed mejorar la calidad de vida.[\/vc_column_text][vc_empty_space][vc_column_text]<\/p>\n<h3>Visi\u00f3n<\/h3>\n<p>[\/vc_column_text][vc_column_text]Ser una Junta pro-activa que se distingue por su din\u00e1mica en fomentar los programas de educaci\u00f3n sobre el valor de la donaci\u00f3n de cuerpos y \u00f3rganos para beneficio de la ciencia y la rehabilitaci\u00f3n de la humanidad.[\/vc_column_text][\/vc_column][\/vc_row]<\/p>\n<\/div>","protected":false},"excerpt":{"rendered":"<p>[vc_row][vc_column][vc_column_text] Misi\u00f3n [\/vc_column_text][vc_column_text]Elevar el nivel de conciencia p\u00fablica sobre la necesidad de aumentar la participaci\u00f3n ciudadana en el proceso de donaci\u00f3n y recuperaci\u00f3n de \u00f3rganos para beneficio de la ciencia, la rehabilitaci\u00f3n de otros seres humanos, y as\u00ed mejorar la calidad de vida.[\/vc_column_text][vc_empty_space][vc_column_text] Visi\u00f3n [\/vc_column_text][vc_column_text]Ser una Junta pro-activa que se distingue por su din\u00e1mica en&hellip;<\/p>\n","protected":false},"author":1,"featured_media":0,"parent":0,"menu_order":0,"comment_status":"closed","ping_status":"closed","template":"template-microsite.php","meta":{"footnotes":""},"class_list":["post-32","page","type-page","status-publish","hentry","description-off"],"aioseo_notices":[],"_links":{"self":[{"href":"https:\/\/rcm1.rcm.upr.edu\/juntadonaciones\/wp-json\/wp\/v2\/pages\/32","targetHints":{"allow":["GET"]}}],"collection":[{"href":"https:\/\/rcm1.rcm.upr.edu\/juntadonaciones\/wp-json\/wp\/v2\/pages"}],"about":[{"href":"https:\/\/rcm1.rcm.upr.edu\/juntadonaciones\/wp-json\/wp\/v2\/types\/page"}],"author":[{"embeddable":true,"href":"https:\/\/rcm1.rcm.upr.edu\/juntadonaciones\/wp-json\/wp\/v2\/users\/1"}],"replies":[{"embeddable":true,"href":"https:\/\/rcm1.rcm.upr.edu\/juntadonaciones\/wp-json\/wp\/v2\/comments?post=32"}],"version-history":[{"count":0,"href":"https:\/\/rcm1.rcm.upr.edu\/juntadonaciones\/wp-json\/wp\/v2\/pages\/32\/revisions"}],"wp:attachment":[{"href":"https:\/\/rcm1.rcm.upr.edu\/juntadonaciones\/wp-json\/wp\/v2\/media?parent=32"}],"curies":[{"name":"wp","href":"https:\/\/api.w.org\/{rel}","templated":true}]}}