{"id":33,"date":"2018-06-08T13:16:56","date_gmt":"2018-06-08T13:16:56","guid":{"rendered":"http:\/\/exalumnos.rcm.upr.edu\/jda\/?page_id=13"},"modified":"2024-04-15T19:26:35","modified_gmt":"2024-04-15T19:26:35","slug":"nuestro-equipo","status":"publish","type":"page","link":"https:\/\/rcm1.rcm.upr.edu\/juntadonaciones\/nuestro-equipo\/","title":{"rendered":"Nuestro Equipo"},"content":{"rendered":"<div class=\"wpb-content-wrapper\"><p>[vc_row][vc_column][vc_column_text]<\/p>\n<table class=\"NuestroEquipoTBL\">\n<tbody>\n<tr>\n<th>Nombre<\/th>\n<th>T\u00edtulo<\/th>\n<\/tr>\n<tr>\n<td>Dra. Mar\u00eda A. Sosa<\/td>\n<td>Directora<\/td>\n<\/tr>\n<tr>\n<td>Meraly de L. Ronda<\/td>\n<td>Asistente de Administraci\u00f3n IV<\/td>\n<\/tr>\n<tr>\n<td>Carlos D. Rodr\u00edguez<\/td>\n<td>Oficial\/Embalsamador<\/td>\n<\/tr>\n<tr>\n<td>Jos\u00e9 A. Rivera<\/td>\n<td>Trabajador de Laboratorio<\/td>\n<\/tr>\n<tr>\n<td>Angel L. Ayala<\/td>\n<td>Mensajero Motorizado<\/td>\n<\/tr>\n<\/tbody>\n<\/table>\n<p>[\/vc_column_text][\/vc_column][\/vc_row]<\/p>\n<\/div>","protected":false},"excerpt":{"rendered":"<p>[vc_row][vc_column][vc_column_text] Nombre T\u00edtulo Dra. Mar\u00eda A. Sosa Directora Meraly de L. Ronda Asistente de Administraci\u00f3n IV Carlos D. Rodr\u00edguez Oficial\/Embalsamador Jos\u00e9 A. Rivera Trabajador de Laboratorio Angel L. Ayala Mensajero Motorizado [\/vc_column_text][\/vc_column][\/vc_row]<\/p>\n","protected":false},"author":1,"featured_media":0,"parent":0,"menu_order":0,"comment_status":"closed","ping_status":"closed","template":"template-microsite.php","meta":{"footnotes":""},"class_list":["post-33","page","type-page","status-publish","hentry","description-off"],"aioseo_notices":[],"_links":{"self":[{"href":"https:\/\/rcm1.rcm.upr.edu\/juntadonaciones\/wp-json\/wp\/v2\/pages\/33","targetHints":{"allow":["GET"]}}],"collection":[{"href":"https:\/\/rcm1.rcm.upr.edu\/juntadonaciones\/wp-json\/wp\/v2\/pages"}],"about":[{"href":"https:\/\/rcm1.rcm.upr.edu\/juntadonaciones\/wp-json\/wp\/v2\/types\/page"}],"author":[{"embeddable":true,"href":"https:\/\/rcm1.rcm.upr.edu\/juntadonaciones\/wp-json\/wp\/v2\/users\/1"}],"replies":[{"embeddable":true,"href":"https:\/\/rcm1.rcm.upr.edu\/juntadonaciones\/wp-json\/wp\/v2\/comments?post=33"}],"version-history":[{"count":2,"href":"https:\/\/rcm1.rcm.upr.edu\/juntadonaciones\/wp-json\/wp\/v2\/pages\/33\/revisions"}],"predecessor-version":[{"id":349,"href":"https:\/\/rcm1.rcm.upr.edu\/juntadonaciones\/wp-json\/wp\/v2\/pages\/33\/revisions\/349"}],"wp:attachment":[{"href":"https:\/\/rcm1.rcm.upr.edu\/juntadonaciones\/wp-json\/wp\/v2\/media?parent=33"}],"curies":[{"name":"wp","href":"https:\/\/api.w.org\/{rel}","templated":true}]}}