{"id":34,"date":"2018-06-08T13:17:09","date_gmt":"2018-06-08T13:17:09","guid":{"rendered":"http:\/\/exalumnos.rcm.upr.edu\/jda\/?page_id=14"},"modified":"2024-01-16T19:11:46","modified_gmt":"2024-01-16T19:11:46","slug":"miembros-de-la-junta","status":"publish","type":"page","link":"https:\/\/rcm1.rcm.upr.edu\/juntadonaciones\/miembros-de-la-junta\/","title":{"rendered":"Miembros de la Junta"},"content":{"rendered":"<div class=\"wpb-content-wrapper\"><p>[vc_row][vc_column][vc_column_text]<\/p>\n<p><strong>Dra. Nivia P\u00e9rez <\/strong><\/p>\n<p>Presidenta &#8211; Catedr\u00e1tica<\/p>\n<p>&nbsp;<\/p>\n<p><strong>Dra. Mar\u00eda A. Sosa<\/strong><br \/>\n<em>Directora<\/em><br \/>\nOficina de Apoyo para Asuntos Administrativos de la Junta de Donaciones Anat\u00f3micas<\/p>\n<p>&nbsp;<\/p>\n<p><strong>Sr. Carlos D. Rodr\u00edguez<\/strong><br \/>\n<em>Oficial Ejecutivo \/ Embalsamador<\/em><br \/>\nOficina de Apoyo para Asuntos Administrativos de la Junta de Donaciones Anat\u00f3micas<\/p>\n<p>&nbsp;<\/p>\n<p><strong>Sra. Meraly Ronda<\/strong><br \/>\n<em>Secretaria<\/em><br \/>\nOficina de Apoyo para Asuntos Administrativos de la Junta de Donaciones Anat\u00f3micas<\/p>\n<p>&nbsp;<\/p>\n<p><strong>Dr. Caleb E. Feliciano-Valls<\/strong><br \/>\n<em>Neurocirujano<\/em><br \/>\n<span style=\"font-weight: 400;\">Recinto de Ciencias M\u00e9dicas<\/span><\/p>\n<p>&nbsp;<\/p>\n<div><strong>Dra. Mar\u00eda J. Marcos Mart\u00ednez<\/strong><\/div>\n<div>Pat\u00f3loga &#8211; Catedr\u00e1tica<\/div>\n<div>Recinto de Ciencias M\u00e9dicas<\/div>\n<p>&nbsp;<\/p>\n<p><strong>Dra. Nivia P\u00e9rez Acevedo<\/strong><br \/>\n<em>Catedr\u00e1tica<\/em><br \/>\nDept. de Anatom\u00eda y Neurobiolog\u00eda<br \/>\nRecinto de Ciencias M\u00e9dicas<\/p>\n<p>&nbsp;<\/p>\n<p><strong>Dra. Sof\u00eda Jim\u00e9nez<\/strong><br \/>\n<em>Directora<\/em><br \/>\nDept. Anatom\u00eda<br \/>\nUniversidad Central del Caribe<\/p>\n<p>&nbsp;<\/p>\n<p><strong>Dra. Darah Fontanez Nuin<\/strong><br \/>\n<em>Dept. Anatom\u00eda<\/em><br \/>\nPonce Health Sciences University<\/p>\n<p>&nbsp;<\/p>\n<p><strong>Dr. Jorge P\u00e9rez<\/strong><br \/>\n<em>Director<\/em><br \/>\nDept. de Anatom\u00eda<br \/>\nEscuela de Medicina San Juan Bautista<\/p>\n<p>&nbsp;<\/p>\n<p><strong>Sra. Loarina Garc\u00eda<\/strong><br \/>\n<em>Representante<\/em><br \/>\nInstituto de Ciencias Forenses<\/p>\n<p>&nbsp;<\/p>\n<p><strong>Roxanna Mart\u00ednez Barbosa<\/strong><br \/>\n<em>Representante<\/em><br \/>\nSecretario de Salud<br \/>\nDepartamento de Salud<\/p>\n<p>&nbsp;<\/p>\n<p><strong>Lcda. Marianne Santini<\/strong><br \/>\n<em>Representante<\/em><br \/>\nSecretario de Justicia<br \/>\nDepartamento de Justicia<\/p>\n<p>&nbsp;<\/p>\n<p><strong>Lcda. Guillermina S\u00e1nchez<\/strong><br \/>\n<em>Directora Ejecutiva<\/em><br \/>\nLifeLink de PR<\/p>\n<p>&nbsp;<\/p>\n<p><strong>Sra. Frances Mu\u00f1oz<\/strong><br \/>\n<em>Directora Ejecutiva<\/em><br \/>\nBanco de Ojos del Leonismo Puertorrique\u00f1o<\/p>\n<p>&nbsp;<\/p>\n<div><strong>Vacante<\/strong><\/div>\n<div>Representante de la Comunidad<\/div>\n<p>[\/vc_column_text][\/vc_column][\/vc_row]<\/p>\n<\/div>","protected":false},"excerpt":{"rendered":"<p>[vc_row][vc_column][vc_column_text] Dra. Nivia P\u00e9rez Presidenta &#8211; Catedr\u00e1tica &nbsp; Dra. Mar\u00eda A. Sosa Directora Oficina de Apoyo para Asuntos Administrativos de la Junta de Donaciones Anat\u00f3micas &nbsp; Sr. Carlos D. Rodr\u00edguez Oficial Ejecutivo \/ Embalsamador Oficina de Apoyo para Asuntos Administrativos de la Junta de Donaciones Anat\u00f3micas &nbsp; Sra. Meraly Ronda Secretaria Oficina de Apoyo para&hellip;<\/p>\n","protected":false},"author":1,"featured_media":0,"parent":0,"menu_order":0,"comment_status":"closed","ping_status":"closed","template":"template-microsite.php","meta":{"footnotes":""},"class_list":["post-34","page","type-page","status-publish","hentry","description-off"],"aioseo_notices":[],"_links":{"self":[{"href":"https:\/\/rcm1.rcm.upr.edu\/juntadonaciones\/wp-json\/wp\/v2\/pages\/34","targetHints":{"allow":["GET"]}}],"collection":[{"href":"https:\/\/rcm1.rcm.upr.edu\/juntadonaciones\/wp-json\/wp\/v2\/pages"}],"about":[{"href":"https:\/\/rcm1.rcm.upr.edu\/juntadonaciones\/wp-json\/wp\/v2\/types\/page"}],"author":[{"embeddable":true,"href":"https:\/\/rcm1.rcm.upr.edu\/juntadonaciones\/wp-json\/wp\/v2\/users\/1"}],"replies":[{"embeddable":true,"href":"https:\/\/rcm1.rcm.upr.edu\/juntadonaciones\/wp-json\/wp\/v2\/comments?post=34"}],"version-history":[{"count":5,"href":"https:\/\/rcm1.rcm.upr.edu\/juntadonaciones\/wp-json\/wp\/v2\/pages\/34\/revisions"}],"predecessor-version":[{"id":342,"href":"https:\/\/rcm1.rcm.upr.edu\/juntadonaciones\/wp-json\/wp\/v2\/pages\/34\/revisions\/342"}],"wp:attachment":[{"href":"https:\/\/rcm1.rcm.upr.edu\/juntadonaciones\/wp-json\/wp\/v2\/media?parent=34"}],"curies":[{"name":"wp","href":"https:\/\/api.w.org\/{rel}","templated":true}]}}