{"id":35,"date":"2018-06-08T13:17:20","date_gmt":"2018-06-08T13:17:20","guid":{"rendered":"http:\/\/exalumnos.rcm.upr.edu\/jda\/?page_id=15"},"modified":"2024-04-22T17:31:34","modified_gmt":"2024-04-22T17:31:34","slug":"actividades","status":"publish","type":"page","link":"https:\/\/rcm1.rcm.upr.edu\/juntadonaciones\/actividades\/","title":{"rendered":"Actividades"},"content":{"rendered":"<div class=\"wpb-content-wrapper\"><p>[vc_row][vc_column][vc_column_text]<strong>Actividades a las cuales asiste la Junta de Donaciones Anat\u00f3micas:<\/strong><br \/>\nSangr\u00edas<br \/>\nConferencias<br \/>\nFerias de Salud<br \/>\nMesas informativas<\/p>\n<p><strong>Procedimiento para solicitar la asistencia de la Junta a cualquier actividad:<\/strong><\/p>\n<p>1. Enviar su solicitud a trav\u00e9s de carta con el membrete de la organizaci\u00f3n o compa\u00f1\u00eda con la siguiente informaci\u00f3n:<\/p>\n<ul>\n<li>Hora<\/li>\n<li>Fecha<\/li>\n<li>Lugar<\/li>\n<li>Entidad<\/li>\n<li>Tipo de actividad<\/li>\n<li>Tipo de audiencia (ni\u00f1os, j\u00f3venes, adultos o envejecientes)<\/li>\n<li>Cantidad esperada de p\u00fablico<\/li>\n<li>Equipo requerido (sillas, mesas, &#8220;laptop&#8221;, proyector)<\/li>\n<li>Informaci\u00f3n de la persona contacto<\/li>\n<\/ul>\n<p>2. La solicitud la puede enviar por e-mail a juntadedonciones.rcm@upr.edu o a meraly.ronda@upr.edu. Tambi\u00e9n la puede enviar a trav\u00e9s de fax al 787-282-6259 o por correo a:<\/p>\n<p><strong>Junta de Donaciones Anat\u00f3micas<\/strong><br \/>\nPO Box 365067<br \/>\nSan Juan, PR 00936-5067<br \/>\n3. El personal de la Junta se comunicar\u00e1 con la persona contacto para confirmar la asistencia a la actividad.[\/vc_column_text][\/vc_column][\/vc_row][vc_row][vc_column][vc_text_separator title=&#8221;Galeria de Fotos&#8221;][\/vc_column][\/vc_row][vc_row][vc_column][vc_single_image image=&#8221;354&#8243;][\/vc_column][\/vc_row]<\/p>\n<\/div>","protected":false},"excerpt":{"rendered":"<p>[vc_row][vc_column][vc_column_text]Actividades a las cuales asiste la Junta de Donaciones Anat\u00f3micas: Sangr\u00edas Conferencias Ferias de Salud Mesas informativas Procedimiento para solicitar la asistencia de la Junta a cualquier actividad: 1. Enviar su solicitud a trav\u00e9s de carta con el membrete de la organizaci\u00f3n o compa\u00f1\u00eda con la siguiente informaci\u00f3n: Hora Fecha Lugar Entidad Tipo de actividad&hellip;<\/p>\n","protected":false},"author":1,"featured_media":0,"parent":0,"menu_order":0,"comment_status":"closed","ping_status":"closed","template":"template-microsite.php","meta":{"footnotes":""},"class_list":["post-35","page","type-page","status-publish","hentry","description-off"],"aioseo_notices":[],"_links":{"self":[{"href":"https:\/\/rcm1.rcm.upr.edu\/juntadonaciones\/wp-json\/wp\/v2\/pages\/35","targetHints":{"allow":["GET"]}}],"collection":[{"href":"https:\/\/rcm1.rcm.upr.edu\/juntadonaciones\/wp-json\/wp\/v2\/pages"}],"about":[{"href":"https:\/\/rcm1.rcm.upr.edu\/juntadonaciones\/wp-json\/wp\/v2\/types\/page"}],"author":[{"embeddable":true,"href":"https:\/\/rcm1.rcm.upr.edu\/juntadonaciones\/wp-json\/wp\/v2\/users\/1"}],"replies":[{"embeddable":true,"href":"https:\/\/rcm1.rcm.upr.edu\/juntadonaciones\/wp-json\/wp\/v2\/comments?post=35"}],"version-history":[{"count":3,"href":"https:\/\/rcm1.rcm.upr.edu\/juntadonaciones\/wp-json\/wp\/v2\/pages\/35\/revisions"}],"predecessor-version":[{"id":355,"href":"https:\/\/rcm1.rcm.upr.edu\/juntadonaciones\/wp-json\/wp\/v2\/pages\/35\/revisions\/355"}],"wp:attachment":[{"href":"https:\/\/rcm1.rcm.upr.edu\/juntadonaciones\/wp-json\/wp\/v2\/media?parent=35"}],"curies":[{"name":"wp","href":"https:\/\/api.w.org\/{rel}","templated":true}]}}