{"id":38,"date":"2018-06-08T13:52:24","date_gmt":"2018-06-08T13:52:24","guid":{"rendered":"http:\/\/exalumnos.rcm.upr.edu\/jda\/?page_id=37"},"modified":"2018-06-08T13:52:24","modified_gmt":"2018-06-08T13:52:24","slug":"preguntas-frecuentes","status":"publish","type":"page","link":"https:\/\/rcm1.rcm.upr.edu\/juntadonaciones\/preguntas-frecuentes\/","title":{"rendered":"Preguntas Frecuentes"},"content":{"rendered":"<div class=\"wpb-content-wrapper\"><p>[vc_row][vc_column][vc_toggle title=&#8221;\u00bfQu\u00e9 debo hacer para donar mi cuerpo a la ciencia?&#8221; open=&#8221;true&#8221; el_id=&#8221;1528465275384-bb0a243d-734d&#8221;]<span style=\"font-weight: 400\">Hay varias alternativas para iniciar el proceso para registrarse como un donante de cuerpo:<\/span><\/p>\n<ul>\n<li style=\"font-weight: 400\"><span style=\"font-weight: 400\">Llamando a la Junta de Donaciones Anat\u00f3micas al 787-758-2525 Extensi\u00f3n 1510 o al 787-751-5977<\/span><\/li>\n<li style=\"font-weight: 400\"><span style=\"font-weight: 400\">Puede escribirnos al correo electr\u00f3nico: <\/span><a href=\"mailto:juntadedonaciones.rcm@upr.edu\"><span style=\"font-weight: 400\">juntadedonaciones.rcm@upr.edu<\/span><\/a><\/li>\n<li style=\"font-weight: 400\"><span style=\"font-weight: 400\">Visitarnos en nuestras oficinas de lunes a viernes en el horario de 8:00am a 3:00pm ubicadas en:<\/span><\/li>\n<\/ul>\n<p><span style=\"font-weight: 400\">\u00a0 \u00a0 \u00a0 \u00a0 \u00a0 \u00a0 \u00a0 Recinto de Ciencias M\u00e9dicas (\u00c1rea de Centro M\u00e9dico) <\/span><\/p>\n<p><span style=\"font-weight: 400\">\u00a0 \u00a0 \u00a0 \u00a0 \u00a0 \u00a0 \u00a0 Edificio Dr. Guillermo Arbona Irizarry <\/span><\/p>\n<p><span style=\"font-weight: 400\">\u00a0 \u00a0 \u00a0 \u00a0 \u00a0 \u00a0 \u00a0 Piso 5 Oficina A-543<\/span><\/p>\n<ul>\n<li style=\"font-weight: 400\"><span style=\"font-weight: 400\">Iniciar el proceso a trav\u00e9s de nuestro formulario\u00a0 en <a href=\"https:\/\/form.123formbuilder.com\/4574157?wwwNgRedir\" target=\"_blank\" rel=\"noopener noreferrer\">https:\/\/www.123formbuilder.com\/form-4574157\/<\/a><\/span><\/li>\n<\/ul>\n<p>[\/vc_toggle][vc_toggle title=&#8221;\u00bfQui\u00e9n puede ser donante de cuerpo?&#8221; open=&#8221;true&#8221; el_id=&#8221;1528465441091-44b8f65a-3058&#8243;]<span style=\"font-weight: 400\">Toda persona mayor de 18 a\u00f1os puede donar su cuerpo completando y entregando los formularios requeridos de la Junta de Donaciones Anat\u00f3micas.\u00a0 <\/span>[\/vc_toggle][vc_toggle title=&#8221;\u00bfLa Junta de Donaciones Anat\u00f3micas puede recibir el cuerpo de una persona que no se registr\u00f3 en vida como donante?&#8221; open=&#8221;true&#8221;]<span style=\"font-weight: 400\">S\u00ed.\u00a0 La familia, encargado o tutor puede donar a la ciencia el cuerpo de un ser querido una vez el m\u00e9dico certifique el fallecimiento. <\/span>[\/vc_toggle][vc_toggle title=&#8221;Despu\u00e9s de registrarme como donante de cuerpo \u00bfpuedo cambiar de decisi\u00f3n?&#8221; open=&#8221;true&#8221; el_id=&#8221;1528465440635-fa57712a-5096&#8243;]<span style=\"font-weight: 400\">S\u00ed.\u00a0 Puede cambiar de decisi\u00f3n comunic\u00e1ndose a la Junta de Donaciones Anat\u00f3micas y expresar su cancelaci\u00f3n mediante una declaraci\u00f3n jurada.<\/span>[\/vc_toggle][vc_toggle title=&#8221;\u00bfRecibo alguna remuneraci\u00f3n econ\u00f3mica por donar mi cuerpo?&#8221; open=&#8221;true&#8221;]<span style=\"font-weight: 400\">No. <\/span>[\/vc_toggle][vc_toggle title=&#8221;\u00bfLa familia o el donante incurren en alg\u00fan gasto por la donaci\u00f3n de cuerpo?&#8221; open=&#8221;true&#8221; el_id=&#8221;1528465439628-6b1bd140-5175&#8243;]<span style=\"font-weight: 400\">No.\u00a0 La Junta de Donaciones Anat\u00f3micas asume gastos incurridos desde el momento en que se notifica el fallecimiento hasta que culminan los estudios anat\u00f3micos tales como el traslado del cuerpo, gestionar los debidos permisos, la cremaci\u00f3n o enterramiento del cuerpo una vez concluye el uso del mismo.\u00a0 Todo esto se realiza con el personal autorizado de la Junta y\/o transportista contratado por la Junta.<\/span>[\/vc_toggle][vc_toggle title=&#8221;\u00bfCu\u00e1nto tiempo duran los estudios anat\u00f3micos del cuerpo?&#8221; open=&#8221;true&#8221;]<span style=\"font-weight: 400\">El uso del cuerpo de un donante para educaci\u00f3n o investigaci\u00f3n puede extenderse por <\/span><span style=\"font-weight: 400\">aproximadamente<\/span><span style=\"font-weight: 400\"> 2 a\u00f1os.\u00a0 En ocasiones este tiempo se puede extender un poco m\u00e1s si los investigadores contin\u00faan encontrando hallazgos interesantes a la ciencia.<\/span>[\/vc_toggle][vc_toggle title=&#8221;\u00bfQu\u00e9 se hace cuando ocurre el fallecimiento de un donante?&#8221; open=&#8221;true&#8221; el_id=&#8221;1528465453987-eebf957f-4e36&#8243;]<span style=\"font-weight: 400\">Cuando un donante fallece, el familiar, encargado, m\u00e9dico u hospital notifican el fallecimiento a la Junta de Donaciones Anat\u00f3micas a los tel\u00e9fonos: 787-758-2525 extensi\u00f3n 1510 o al 787-751-5977.\u00a0 En el caso que el fallecimiento sea fuera de horas laborables, el mensaje grabado en los n\u00fameros telef\u00f3nicos antes mencionados le indicar\u00e1 el n\u00famero a llamar.<\/span>[\/vc_toggle][vc_toggle title=&#8221;Cuando un donante de cuerpo fallece, \u00bfhay funeral?&#8221; open=&#8221;true&#8221; el_id=&#8221;1528465439139-7d67d5b4-9bf3&#8243;]<span style=\"font-weight: 400\">No. El cuerpo del donante se traslada directamente a la Junta de Donaciones Anat\u00f3micas una vez el m\u00e9dico haya certificado la muerte.\u00a0 De no haber un m\u00e9dico que certifique la muerte el cuerpo es referido al Negociado de Ciencias Forenses antes de recibirlo en la Junta de Donaciones Anat\u00f3micas.<\/span>[\/vc_toggle][vc_toggle title=&#8221;\u00bfMi familia recibe los resultados o hallazgos de los estudios anat\u00f3micos?&#8221; open=&#8221;true&#8221;]<span style=\"font-weight: 400\">Los resultados de los estudios realizados a los cuerpos no pueden ser divulgados a los familiares ni otra persona. Los mismos solo pueden ser considerados para evaluaci\u00f3n cient\u00edfica y eventual publicaci\u00f3n en revistas especializadas, siempre y cuando se preserve la confidencialidad sobre la identidad de cada donante.<\/span>[\/vc_toggle][vc_toggle title=&#8221;\u00bfQu\u00e9 pasa con el cuerpo del donante una vez terminan los estudios anat\u00f3micos?&#8221; open=&#8221;true&#8221;]<span style=\"font-weight: 400\">Una vez terminan los estudios anat\u00f3micos se procede a la cremaci\u00f3n o enterramiento de los restos en los cementerios municipales, Cementerio Nacional o pante\u00f3n de la familia. Se cumple con el deseo expresado del donante en el documento de donaci\u00f3n.<\/span>[\/vc_toggle][vc_toggle title=&#8221;\u00bfC\u00f3mo se benefician los estudiantes con la donaci\u00f3n de cuerpo?&#8221; open=&#8221;true&#8221;]<span style=\"font-weight: 400\">Los estudiantes obtienen una incalculable experiencia y adquisici\u00f3n de conocimientos de los cuerpos donados a la Junta de Donaciones Anat\u00f3micas.\u00a0 Obtienen la base de las destrezas esenciales para su futura pr\u00e1ctica estudiando de cerca la estructura del cuerpo humano a trav\u00e9s del contacto directo ya que cada cuerpo es diferente y \u00fanico.\u00a0 Con el estudio del cuerpo los estudiantes pueden comparar las ilustraciones de los textos con un cuerpo real. <\/span><b><i>Cada donante de cuerpo se convierte en conocimientos<\/i><\/b><b><i>.<\/i><\/b>[\/vc_toggle][vc_toggle title=&#8221;\u00bfQui\u00e9nes se benefician al estudiar un cuerpo?&#8221; open=&#8221;true&#8221;]<span style=\"font-weight: 400\">De un cuerpo donado para los estudios anat\u00f3micos e investigaciones m\u00e9dicas se benefician:<\/span><\/p>\n<ul>\n<li style=\"font-weight: 400\"><span style=\"font-weight: 400\">alrededor de 420 estudiantes anualmente<\/span><\/li>\n<li style=\"font-weight: 400\"><span style=\"font-weight: 400\">profesionales de varias ramas de la salud en adiestramientos para el mejoramiento profesional<\/span><\/li>\n<li style=\"font-weight: 400\"><span style=\"font-weight: 400\">investigadores en procedimientos quir\u00fargicos y anat\u00f3micos<\/span><\/li>\n<li style=\"font-weight: 400\"><span style=\"font-weight: 400\">estudiantes graduados adiestr\u00e1ndose en disciplinas anat\u00f3micas<\/span><\/li>\n<\/ul>\n<p>[\/vc_toggle][vc_toggle title=&#8221;\u00bfQu\u00e9 ocurre si un donante se muda fuera de Puerto Rico?&#8221; open=&#8221;true&#8221;]<span style=\"font-weight: 400\">La Junta de Donaciones Anat\u00f3micas cubre los gastos incurridos desde la notificaci\u00f3n del fallecimiento solamente si el donante muere en Puerto Rico, Vieques o Culebra. En el caso que un donante falleciera fuera de Puerto Rico, el cuerpo es aceptado si la familia o encargado cubre los gastos del traslado del cuerpo a Puerto Rico. <\/span>[\/vc_toggle][\/vc_column][\/vc_row]<\/p>\n<\/div>","protected":false},"excerpt":{"rendered":"<p>[vc_row][vc_column][vc_toggle title=&#8221;\u00bfQu\u00e9 debo hacer para donar mi cuerpo a la ciencia?&#8221; open=&#8221;true&#8221; el_id=&#8221;1528465275384-bb0a243d-734d&#8221;]Hay varias alternativas para iniciar el proceso para registrarse como un donante de cuerpo: Llamando a la Junta de Donaciones Anat\u00f3micas al 787-758-2525 Extensi\u00f3n 1510 o al 787-751-5977 Puede escribirnos al correo electr\u00f3nico: juntadedonaciones.rcm@upr.edu Visitarnos en nuestras oficinas de lunes a viernes en&hellip;<\/p>\n","protected":false},"author":1,"featured_media":0,"parent":0,"menu_order":0,"comment_status":"closed","ping_status":"closed","template":"template-microsite.php","meta":{"footnotes":""},"class_list":["post-38","page","type-page","status-publish","hentry","description-off"],"aioseo_notices":[],"_links":{"self":[{"href":"https:\/\/rcm1.rcm.upr.edu\/juntadonaciones\/wp-json\/wp\/v2\/pages\/38","targetHints":{"allow":["GET"]}}],"collection":[{"href":"https:\/\/rcm1.rcm.upr.edu\/juntadonaciones\/wp-json\/wp\/v2\/pages"}],"about":[{"href":"https:\/\/rcm1.rcm.upr.edu\/juntadonaciones\/wp-json\/wp\/v2\/types\/page"}],"author":[{"embeddable":true,"href":"https:\/\/rcm1.rcm.upr.edu\/juntadonaciones\/wp-json\/wp\/v2\/users\/1"}],"replies":[{"embeddable":true,"href":"https:\/\/rcm1.rcm.upr.edu\/juntadonaciones\/wp-json\/wp\/v2\/comments?post=38"}],"version-history":[{"count":0,"href":"https:\/\/rcm1.rcm.upr.edu\/juntadonaciones\/wp-json\/wp\/v2\/pages\/38\/revisions"}],"wp:attachment":[{"href":"https:\/\/rcm1.rcm.upr.edu\/juntadonaciones\/wp-json\/wp\/v2\/media?parent=38"}],"curies":[{"name":"wp","href":"https:\/\/api.w.org\/{rel}","templated":true}]}}