{"id":43,"date":"2018-06-08T14:41:31","date_gmt":"2018-06-08T14:41:31","guid":{"rendered":"http:\/\/exalumnos.rcm.upr.edu\/jda\/?page_id=43"},"modified":"2018-06-08T14:41:31","modified_gmt":"2018-06-08T14:41:31","slug":"informese","status":"publish","type":"page","link":"https:\/\/rcm1.rcm.upr.edu\/juntadonaciones\/informese\/","title":{"rendered":"Inf\u00f3rmese"},"content":{"rendered":"<div class=\"wpb-content-wrapper\"><p>[vc_row][vc_column][vc_column_text]\u00a1Ser donante de \u00f3rganos, cuerpo y tejidos humanos es f\u00e1cil! Con su donaci\u00f3n puede ayudar hasta 50 personas necesitadas de un transplante de \u00f3rganos y tejidos y\/o colaborar con la ciencia m\u00e9dica en Puerto Rico. Requisitos para ser donante:<\/p>\n<ul class=\"DOCSlist\">\n<li>Ser mayor de 18 a\u00f1os de edad en pleno uso de su capacidad mental.<\/li>\n<li>Debe registrarse electr\u00f3nicamente o cumplimentar los formularios y enviarlos a la Junta de Donaciones Anat\u00f3micas.<\/li>\n<li>No existe una edad m\u00e1xima para la donaci\u00f3n de cuerpo.<\/li>\n<li>Los m\u00e9dicos y equipo de transplante determinar\u00e1n las posibilidades de recuperaci\u00f3n de \u00f3rganos y tejidos para transplante de acuerdo a los padecimientos de salud y la edad del donante al momento de su muerte.<\/li>\n<\/ul>\n<p>&nbsp;<\/p>\n<p>Si desea registrarse como un donante de \u00f3rganos puede llamar a LIFELINK DE PR al 787-277-0900.<\/p>\n<p>&nbsp;<\/p>\n<p>Existen varias formas de contribuir como donante de la Junta de Disposici\u00f3n de Cuerpos, \u00d3rganos y Tejidos Humanos de Puerto Rico.<\/p>\n<p>&nbsp;<\/p>\n<p><strong>Tipos de donaci\u00f3n:<\/strong><\/p>\n<p>\u00d3rganos<\/p>\n<ul class=\"DOCSlist\">\n<li>Realizar la donaci\u00f3n de cualquier \u00f3rgano y\/o tejidos para transplantes o rehabilitaci\u00f3n de parte de tejidos enfermos, lesionados o degenerados del cuerpo.<\/li>\n<\/ul>\n<p>&nbsp;<\/p>\n<p>Cuerpo<\/p>\n<ul class=\"DOCSlist\">\n<li>Realizar la donaci\u00f3n del cuerpo o partes del cuerpo para realizar estudios anat\u00f3micos. Esto con el fin de promover la ense\u00f1anza de los estudiantes de medicina, odontolog\u00eda y profesiones relacionadas con la salud y ayudar a los avances de ciencia m\u00e9dica en Puerto Rico.<\/li>\n<li>Donaci\u00f3n del cuerpo de un finado. La ley autoriza a los siguientes familiares:\n<ul>\n<li>El c\u00f3nyuge que conviviere al momento de la muerte<\/li>\n<li>El hijo mayor<\/li>\n<li>El padre o madre<\/li>\n<li>El abuelo<\/li>\n<li>El mayor de los hermanos<\/li>\n<li>El mayor de los medios hermanos<\/li>\n<li>El tutor<\/li>\n<li>El familiar o la persona que cuid\u00f3 al finado hasta el momento de la muerte.<\/li>\n<li>Cualquier persona o entidad autorizada por ley.<\/li>\n<\/ul>\n<\/li>\n<\/ul>\n<p>[\/vc_column_text][\/vc_column][\/vc_row]<\/p>\n<\/div>","protected":false},"excerpt":{"rendered":"<p>[vc_row][vc_column][vc_column_text]\u00a1Ser donante de \u00f3rganos, cuerpo y tejidos humanos es f\u00e1cil! Con su donaci\u00f3n puede ayudar hasta 50 personas necesitadas de un transplante de \u00f3rganos y tejidos y\/o colaborar con la ciencia m\u00e9dica en Puerto Rico. Requisitos para ser donante: Ser mayor de 18 a\u00f1os de edad en pleno uso de su capacidad mental. Debe registrarse&hellip;<\/p>\n","protected":false},"author":1,"featured_media":0,"parent":0,"menu_order":0,"comment_status":"closed","ping_status":"closed","template":"template-microsite.php","meta":{"footnotes":""},"class_list":["post-43","page","type-page","status-publish","hentry","description-off"],"aioseo_notices":[],"_links":{"self":[{"href":"https:\/\/rcm1.rcm.upr.edu\/juntadonaciones\/wp-json\/wp\/v2\/pages\/43","targetHints":{"allow":["GET"]}}],"collection":[{"href":"https:\/\/rcm1.rcm.upr.edu\/juntadonaciones\/wp-json\/wp\/v2\/pages"}],"about":[{"href":"https:\/\/rcm1.rcm.upr.edu\/juntadonaciones\/wp-json\/wp\/v2\/types\/page"}],"author":[{"embeddable":true,"href":"https:\/\/rcm1.rcm.upr.edu\/juntadonaciones\/wp-json\/wp\/v2\/users\/1"}],"replies":[{"embeddable":true,"href":"https:\/\/rcm1.rcm.upr.edu\/juntadonaciones\/wp-json\/wp\/v2\/comments?post=43"}],"version-history":[{"count":0,"href":"https:\/\/rcm1.rcm.upr.edu\/juntadonaciones\/wp-json\/wp\/v2\/pages\/43\/revisions"}],"wp:attachment":[{"href":"https:\/\/rcm1.rcm.upr.edu\/juntadonaciones\/wp-json\/wp\/v2\/media?parent=43"}],"curies":[{"name":"wp","href":"https:\/\/api.w.org\/{rel}","templated":true}]}}