{"id":122,"date":"2016-03-28T18:45:39","date_gmt":"2016-03-28T18:45:39","guid":{"rendered":"http:\/\/exalumnos.rcm.upr.edu\/pcnpr\/?page_id=10"},"modified":"2016-03-28T18:45:39","modified_gmt":"2016-03-28T18:45:39","slug":"home","status":"publish","type":"page","link":"https:\/\/rcm1.rcm.upr.edu\/neonatal\/","title":{"rendered":"Home"},"content":{"rendered":"<div class=\"wpb-content-wrapper\"><p>[vc_row][vc_column][vc_raw_js]JTNDJTIxLS0lMjBHbG9iYWwlMjBzaXRlJTIwdGFnJTIwJTI4Z3RhZy5qcyUyOSUyMC0lMjBHb29nbGUlMjBBbmFseXRpY3MlMjAtLSUzRSUwQSUzQ3NjcmlwdCUyMGFzeW5jJTIwc3JjJTNEJTIyaHR0cHMlM0ElMkYlMkZ3d3cuZ29vZ2xldGFnbWFuYWdlci5jb20lMkZndGFnJTJGanMlM0ZpZCUzRFVBLTExOTU5OTI0Ni0xJTIyJTNFJTNDJTJGc2NyaXB0JTNFJTBBJTNDc2NyaXB0JTNFJTBBJTIwJTIwd2luZG93LmRhdGFMYXllciUyMCUzRCUyMHdpbmRvdy5kYXRhTGF5ZXIlMjAlN0MlN0MlMjAlNUIlNUQlM0IlMEElMjAlMjBmdW5jdGlvbiUyMGd0YWclMjglMjklN0JkYXRhTGF5ZXIucHVzaCUyOGFyZ3VtZW50cyUyOSUzQiU3RCUwQSUyMCUyMGd0YWclMjglMjdqcyUyNyUyQyUyMG5ldyUyMERhdGUlMjglMjklMjklM0IlMEElMEElMjAlMjBndGFnJTI4JTI3Y29uZmlnJTI3JTJDJTIwJTI3VUEtMTE5NTk5MjQ2LTElMjclMjklM0IlMEElM0MlMkZzY3JpcHQlM0UlMEE=[\/vc_raw_js]\n\t\t\t<!-- START frontslider1 REVOLUTION SLIDER 6.7.38 --><p class=\"rs-p-wp-fix\"><\/p>\n\t\t\t<rs-module-wrap id=\"rev_slider_1_1_wrapper\" data-source=\"gallery\" style=\"visibility:hidden;background:#E9E9E9;padding:0;margin:0px auto;margin-top:0;margin-bottom:30;\">\n\t\t\t\t<rs-module id=\"rev_slider_1_1\" style=\"\" data-version=\"6.7.38\">\n\t\t\t\t\t<rs-slides style=\"overflow: hidden; position: absolute;\">\n\t\t\t\t\t\t<rs-slide style=\"position: absolute;\" data-key=\"rs-1\" data-title=\"Slide\" data-thumb=\"\/\/rcm1.rcm.upr.edu\/neonatal\/wp-content\/uploads\/sites\/29\/revslider\/fslider1\/CENTRO-ENFERMEDADES-HEREDITARIAS-GLA38-scaled-100x50.jpg\" data-anim=\"adpr:false;ms:300;\" data-in=\"o:1;x:(100%);\">\n\t\t\t\t\t\t\t<img decoding=\"async\" src=\"\/\/rcm1.rcm.upr.edu\/neonatal\/wp-content\/plugins\/revslider\/sr6\/assets\/assets\/dummy.png\" alt=\"\" title=\"CENTRO-ENFERMEDADES-HEREDITARIAS-GLA38-scaled.jpg\" width=\"2560\" height=\"1557\" class=\"rev-slidebg tp-rs-img rs-lazyload\" data-lazyload=\"\/\/rcm1.rcm.upr.edu\/neonatal\/wp-content\/uploads\/sites\/29\/revslider\/fslider1\/CENTRO-ENFERMEDADES-HEREDITARIAS-GLA38-scaled.jpg\" data-bg=\"p:30% 30%;\" data-no-retina>\n<!---->\t\t\t\t\t<\/rs-slide>\n\t\t\t\t\t\t<rs-slide style=\"position: absolute;\" data-key=\"rs-2\" data-title=\"Slide\" data-thumb=\"\/\/rcm1.rcm.upr.edu\/neonatal\/wp-content\/uploads\/sites\/29\/revslider\/fslider1\/CENTRO-ENFERMEDADES-HEREDITARIAS-GLA6-scaled-100x50.jpg\" data-anim=\"adpr:false;ms:300;\" data-in=\"o:1;x:(100%);\">\n\t\t\t\t\t\t\t<img decoding=\"async\" src=\"\/\/rcm1.rcm.upr.edu\/neonatal\/wp-content\/plugins\/revslider\/sr6\/assets\/assets\/dummy.png\" alt=\"\" title=\"CENTRO-ENFERMEDADES-HEREDITARIAS-GLA6-scaled.jpg\" width=\"2560\" height=\"1707\" class=\"rev-slidebg tp-rs-img rs-lazyload\" data-lazyload=\"\/\/rcm1.rcm.upr.edu\/neonatal\/wp-content\/uploads\/sites\/29\/revslider\/fslider1\/CENTRO-ENFERMEDADES-HEREDITARIAS-GLA6-scaled.jpg\" data-bg=\"p:60% 60%;\" data-no-retina>\n<!---->\t\t\t\t\t<\/rs-slide>\n\t\t\t\t\t\t<rs-slide style=\"position: absolute;\" data-key=\"rs-3\" data-title=\"Slide\" data-thumb=\"\/\/rcm1.rcm.upr.edu\/neonatal\/wp-content\/uploads\/sites\/29\/revslider\/fslider1\/CENTRO-ENFERMEDADES-HEREDITARIAS-GLA24-scaled-100x50.jpg\" data-anim=\"adpr:false;ms:300;\" data-in=\"o:1;x:(100%);\">\n\t\t\t\t\t\t\t<img decoding=\"async\" src=\"\/\/rcm1.rcm.upr.edu\/neonatal\/wp-content\/plugins\/revslider\/sr6\/assets\/assets\/dummy.png\" alt=\"\" title=\"CENTRO-ENFERMEDADES-HEREDITARIAS-GLA24-scaled.jpg\" width=\"2560\" height=\"1707\" class=\"rev-slidebg tp-rs-img rs-lazyload\" data-lazyload=\"\/\/rcm1.rcm.upr.edu\/neonatal\/wp-content\/uploads\/sites\/29\/revslider\/fslider1\/CENTRO-ENFERMEDADES-HEREDITARIAS-GLA24-scaled.jpg\" data-bg=\"f:100% 120%;\" data-no-retina>\n<!---->\t\t\t\t\t<\/rs-slide>\n\t\t\t\t\t\t<rs-slide style=\"position: absolute;\" data-key=\"rs-4\" data-title=\"Slide\" data-thumb=\"\/\/rcm1.rcm.upr.edu\/neonatal\/wp-content\/uploads\/sites\/29\/revslider\/fslider1\/CENTRO-ENFERMEDADES-HEREDITARIAS-GLA41-scaled-100x50.jpg\" data-anim=\"adpr:false;ms:300;\" data-in=\"o:1;x:(100%);\">\n\t\t\t\t\t\t\t<img decoding=\"async\" src=\"\/\/rcm1.rcm.upr.edu\/neonatal\/wp-content\/plugins\/revslider\/sr6\/assets\/assets\/dummy.png\" alt=\"\" title=\"CENTRO-ENFERMEDADES-HEREDITARIAS-GLA41-scaled.jpg\" width=\"2560\" height=\"1707\" class=\"rev-slidebg tp-rs-img rs-lazyload\" data-lazyload=\"\/\/rcm1.rcm.upr.edu\/neonatal\/wp-content\/uploads\/sites\/29\/revslider\/fslider1\/CENTRO-ENFERMEDADES-HEREDITARIAS-GLA41-scaled.jpg\" data-bg=\"p:70% 70%;\" data-no-retina>\n<!---->\t\t\t\t\t<\/rs-slide>\n\t\t\t\t\t\t<rs-slide style=\"position: absolute;\" data-key=\"rs-5\" data-title=\"Slide\" data-thumb=\"\/\/rcm1.rcm.upr.edu\/neonatal\/wp-content\/uploads\/sites\/29\/revslider\/fslider1\/CENTRO-ENFERMEDADES-HEREDITARIAS-GLA22-scaled-100x50.jpg\" data-anim=\"adpr:false;ms:300;\" data-in=\"o:1;x:(100%);\">\n\t\t\t\t\t\t\t<img decoding=\"async\" src=\"\/\/rcm1.rcm.upr.edu\/neonatal\/wp-content\/plugins\/revslider\/sr6\/assets\/assets\/dummy.png\" alt=\"\" title=\"CENTRO-ENFERMEDADES-HEREDITARIAS-GLA22-scaled.jpg\" width=\"2560\" height=\"1707\" class=\"rev-slidebg tp-rs-img rs-lazyload\" data-lazyload=\"\/\/rcm1.rcm.upr.edu\/neonatal\/wp-content\/uploads\/sites\/29\/revslider\/fslider1\/CENTRO-ENFERMEDADES-HEREDITARIAS-GLA22-scaled.jpg\" data-bg=\"f:100% 120%;\" data-no-retina>\n<!---->\t\t\t\t\t<\/rs-slide>\n\t\t\t\t\t<\/rs-slides>\n\t\t\t\t<\/rs-module>\n\t\t\t\t<script data-jetpack-boost=\"ignore\">\n\t\t\t\t\tsetREVStartSize({c: 'rev_slider_1_1',rl:[1240,1024,778,480],el:[350],gw:[960],gh:[350],type:'standard',justify:'',layout:'fullwidth',mh:\"350\"});if (window.RS_MODULES!==undefined && window.RS_MODULES.modules!==undefined && window.RS_MODULES.modules[\"revslider11\"]!==undefined) {window.RS_MODULES.modules[\"revslider11\"].once = false;window.revapi1 = undefined;if (window.RS_MODULES.checkMinimal!==undefined) window.RS_MODULES.checkMinimal()}\n\t\t\t\t<\/script>\n\t\t\t<\/rs-module-wrap>\n\t\t\t<!-- END REVOLUTION SLIDER -->\n[vc_empty_space][vc_column_text]<\/p>\n<h3><strong>Servicios<\/strong><\/h3>\n<p>&nbsp;<\/p>\n<ul>\n<li><a title=\"Condiciones Que Se Detectan\" href=\"https:\/\/pcnpr.rcm.upr.edu\/condiciones\/\">Pruebas de Cernimiento Neonatal para m\u00e1s de 28 enfermedades<\/a><\/li>\n<li>Coordinaci\u00f3n para la Evaluaci\u00f3n Inicial con el Especialista y\/o el M\u00e9dico Primario en casos con sospecha de condici\u00f3n<\/li>\n<li>Coordinaci\u00f3n con los servicios de Nutrici\u00f3n<\/li>\n<li>Consejer\u00eda Gen\u00e9tica a Padres<\/li>\n<li>Trabajo Social<\/li>\n<li>Orientaci\u00f3n y Educaci\u00f3n a Profesionales de la Salud<\/li>\n<\/ul>\n<p>[\/vc_column_text][\/vc_column][\/vc_row]<\/p>\n<\/div>","protected":false},"excerpt":{"rendered":"<p>[vc_row][vc_column][vc_raw_js]JTNDJTIxLS0lMjBHbG9iYWwlMjBzaXRlJTIwdGFnJTIwJTI4Z3RhZy5qcyUyOSUyMC0lMjBHb29nbGUlMjBBbmFseXRpY3MlMjAtLSUzRSUwQSUzQ3NjcmlwdCUyMGFzeW5jJTIwc3JjJTNEJTIyaHR0cHMlM0ElMkYlMkZ3d3cuZ29vZ2xldGFnbWFuYWdlci5jb20lMkZndGFnJTJGanMlM0ZpZCUzRFVBLTExOTU5OTI0Ni0xJTIyJTNFJTNDJTJGc2NyaXB0JTNFJTBBJTNDc2NyaXB0JTNFJTBBJTIwJTIwd2luZG93LmRhdGFMYXllciUyMCUzRCUyMHdpbmRvdy5kYXRhTGF5ZXIlMjAlN0MlN0MlMjAlNUIlNUQlM0IlMEElMjAlMjBmdW5jdGlvbiUyMGd0YWclMjglMjklN0JkYXRhTGF5ZXIucHVzaCUyOGFyZ3VtZW50cyUyOSUzQiU3RCUwQSUyMCUyMGd0YWclMjglMjdqcyUyNyUyQyUyMG5ldyUyMERhdGUlMjglMjklMjklM0IlMEElMEElMjAlMjBndGFnJTI4JTI3Y29uZmlnJTI3JTJDJTIwJTI3VUEtMTE5NTk5MjQ2LTElMjclMjklM0IlMEElM0MlMkZzY3JpcHQlM0UlMEE=[\/vc_raw_js][vc_empty_space][vc_column_text] Servicios &nbsp; Pruebas de Cernimiento Neonatal para m\u00e1s de 28 enfermedades Coordinaci\u00f3n para la Evaluaci\u00f3n Inicial con el Especialista y\/o el M\u00e9dico Primario en casos con sospecha de condici\u00f3n Coordinaci\u00f3n con los servicios de Nutrici\u00f3n Consejer\u00eda Gen\u00e9tica a Padres Trabajo Social Orientaci\u00f3n y Educaci\u00f3n a Profesionales de la Salud [\/vc_column_text][\/vc_column][\/vc_row]<\/p>\n","protected":false},"author":1,"featured_media":0,"parent":0,"menu_order":0,"comment_status":"closed","ping_status":"closed","template":"template-microsite.php","meta":{"footnotes":""},"class_list":["post-122","page","type-page","status-publish","hentry","description-off"],"aioseo_notices":[],"_links":{"self":[{"href":"https:\/\/rcm1.rcm.upr.edu\/neonatal\/wp-json\/wp\/v2\/pages\/122","targetHints":{"allow":["GET"]}}],"collection":[{"href":"https:\/\/rcm1.rcm.upr.edu\/neonatal\/wp-json\/wp\/v2\/pages"}],"about":[{"href":"https:\/\/rcm1.rcm.upr.edu\/neonatal\/wp-json\/wp\/v2\/types\/page"}],"author":[{"embeddable":true,"href":"https:\/\/rcm1.rcm.upr.edu\/neonatal\/wp-json\/wp\/v2\/users\/1"}],"replies":[{"embeddable":true,"href":"https:\/\/rcm1.rcm.upr.edu\/neonatal\/wp-json\/wp\/v2\/comments?post=122"}],"version-history":[{"count":0,"href":"https:\/\/rcm1.rcm.upr.edu\/neonatal\/wp-json\/wp\/v2\/pages\/122\/revisions"}],"wp:attachment":[{"href":"https:\/\/rcm1.rcm.upr.edu\/neonatal\/wp-json\/wp\/v2\/media?parent=122"}],"curies":[{"name":"wp","href":"https:\/\/api.w.org\/{rel}","templated":true}]}}