{"id":124,"date":"2016-03-28T18:58:05","date_gmt":"2016-03-28T18:58:05","guid":{"rendered":"http:\/\/exalumnos.rcm.upr.edu\/pcnpr\/?page_id=16"},"modified":"2016-03-28T18:58:05","modified_gmt":"2016-03-28T18:58:05","slug":"hospitales-y-proveedores","status":"publish","type":"page","link":"https:\/\/rcm1.rcm.upr.edu\/neonatal\/hospitales-y-proveedores\/","title":{"rendered":"Para Hospitales y Proveedores de la Salud"},"content":{"rendered":"<p>El Programa de Cernimiento Neonatal de Puerto Rico monitorea m\u00e1s de 28 condiciones hereditarias por mandato de la Ley 84 de 1987 enmendada con la Ley 129. Para lograr el objetivo de nuestro programa, es responsabilidad de los hospitales y proveedores de salud educar a las familias sobre el servicio de cernimiento neonatal, tomar una muestra apropiada para an\u00e1lisis y asegurar que los beb\u00e9s con resultados fuera del rango normal reciban el seguimiento apropiado incluyendo pruebas confirmatorias y tratamiento.<\/p>\n<p><strong><br \/>\nEducaci\u00f3n a Familias<\/strong><br \/>\nEs importante educar a todas las familias sobre el servicio de cernimiento neonatal durante el cuidado prenatal, al momento de tomar la muestra a beb\u00e9 y en las visitas que se realicen al pediatra. Como herramienta educativa se puede utilizar el <a href=\"https:\/\/rcm1.rcm.upr.edu\/neonatal\/wp-content\/uploads\/sites\/29\/2020\/04\/opusculo-pcnpr.pdf\" target=\"_blank\" rel=\"noopener noreferrer\">op\u00fasculo<\/a>\u00a0dise\u00f1ado por el Programa de Cernimiento Neonatal. Tambi\u00e9n pueden acceder las recomendaciones sobre cernimiento neonatal publicadas por la <a href=\"https:\/\/www.aap.org\/\" target=\"_blank\" rel=\"noopener noreferrer\">Academia Americana de Pediatr\u00eda<\/a> y el <a href=\"https:\/\/www.acog.org\/\" target=\"_blank\" rel=\"noopener noreferrer\">Congreso Americano de Obstetricia y Ginecolog\u00eda<\/a>.<\/p>\n<p><strong><br \/>\nToma de muestra<\/strong><br \/>\nLa toma de muestra de sangre es uno de los pasos m\u00e1s importantes en un an\u00e1lisis cl\u00ednico. Toda persona encargada de tomar la muestra de sangre seca para el an\u00e1lisis de cernimiento neonatal debe estar debidamente orientada y entrenada.<\/p>\n<p>Para instrucciones sobre toma de muestra, puede acceder al <a href=\"https:\/\/rcm1.rcm.upr.edu\/neonatal\/wp-content\/uploads\/sites\/29\/2020\/04\/Reglamento-151.pdf\">Reglamento #151 del Departamento de Salud<\/a>. Tambien es recomendado las gu\u00edas publicadas por el \u201c<a href=\"https:\/\/clsi.org\/\" target=\"_blank\" rel=\"noopener noreferrer\">Clinical and Laboratory Standards Institute<\/a>\u201d en el documento \u201cBlood Collection on Filter Paper for Newborn Screening Programs\u201d.\u00a0A continuaci\u00f3n se presenta un video preparado por personal del Programa CATA de la UPR-RCM y el Programa de Cernimiento Neonatal sobre el proceso correcto de toma de muestra:<\/p>\n<div style=\"width: 720px;margin: auto\">\n<div style=\"width: 720px;\" class=\"wp-video\"><video class=\"wp-video-shortcode\" id=\"video-124-1\" width=\"720\" height=\"406\" preload=\"metadata\" controls=\"controls\"><source type=\"video\/mp4\" src=\"http:\/\/pcnpr.rcm.upr.edu\/wp-content\/uploads\/sites\/34\/2020\/04\/Video-Toma-de-Sangre-Convertido.mp4?_=1\" \/><a href=\"http:\/\/pcnpr.rcm.upr.edu\/wp-content\/uploads\/sites\/34\/2020\/04\/Video-Toma-de-Sangre-Convertido.mp4\">http:\/\/pcnpr.rcm.upr.edu\/wp-content\/uploads\/sites\/34\/2020\/04\/Video-Toma-de-Sangre-Convertido.mp4<\/a><\/video><\/div>\n<\/div>\n<p>La muestra debe cumplir con todos los <a href=\"https:\/\/rcm1.rcm.upr.edu\/neonatal\/wp-content\/uploads\/sites\/29\/2020\/04\/Criterios-de-aceptabilidad-de-muestras.pdf\" target=\"_blank\" rel=\"noopener noreferrer\">Criterios de Aceptabilidad y Calidad de Muestras<\/a>\u00a0establecidos por el Programa de Cernimiento Neonatal y debe tomarse en la boleta oficial designada la cual se muestra a continuaci\u00f3n: <a href=\"https:\/\/pcnpr.rcm.upr.edu\/wp-content\/uploads\/sites\/34\/2020\/04\/Comunicaci%c3%b3n-a-los-hospitales-por-nueva-boleta-2015.pdf\">Comunicaci\u00f3n a los Hospitales por Nueva Boleta 2015<\/a>.<\/p>\n<div id=\"attachment_172\" style=\"width: 310px\" class=\"wp-caption aligncenter\"><a class=\"dt-single-image\" href=\"https:\/\/rcm1.rcm.upr.edu\/neonatal\/wp-content\/uploads\/sites\/29\/2020\/04\/boleta-2015-foto.jpg\"><img loading=\"lazy\" decoding=\"async\" aria-describedby=\"caption-attachment-172\" class=\"wp-image-172 size-medium\" src=\"https:\/\/rcm1.rcm.upr.edu\/neonatal\/wp-content\/uploads\/sites\/29\/2020\/04\/boleta-2015-foto-300x256.jpg\" alt=\"Boleta 2015\" width=\"300\" height=\"256\" \/><\/a><p id=\"caption-attachment-172\" class=\"wp-caption-text\">Boleta<\/p><\/div>\n<p>&nbsp;<\/p>\n<p><strong><br \/>\nSeguimiento de pacientes<\/strong><br \/>\nDe ser necesario repetir una muestra de sangre seca ya sea porque result\u00f3 inadecuada o porque es necesario confirmar el resultado con una segunda muestra, personal del Programa de Cernimiento Neonatal se estar\u00e1 comunicando con la familia y\/o hospital donde naci\u00f3 beb\u00e9 para coordinar la repetici\u00f3n. De repetirse la muestra en el hospital, la misma debe entregarse a nuestras facilidades a la brevedad posible.<\/p>\n<p>De confirmarse un resultado anormal por las pruebas de cernimiento neonatal, personal de nuestro centro referir\u00e1n la familia a seguimiento con el pediatra o el especialista que corresponda quien estar\u00e1 a cargo de realizar las pruebas pertinentes para hacer el diagn\u00f3stico y comenzar tratamiento de ser necesario.<\/p>\n<p>Es importante recordar que si alg\u00fan cl\u00ednico tiene sospecha en un paciente de alguna de las condiciones que monitoreamos, recomendamos se comunique con nuestro centro a la brevedad posible.<\/p>\n<p><strong><br \/>\nCosto del servicio<\/strong><br \/>\nEl costo del servicio de cernimiento neonatal es de $105.00 por muestra original (efectivo Julio 2016). El servicio incluye la detecci\u00f3n de 28 o m\u00e1s condiciones hereditarias, localizar pacientes con valores fuera del rango normal, brindar educaci\u00f3n gen\u00e9tica, y coordinar la evaluaci\u00f3n inicial por el m\u00e9dico especialista que corresponda.<\/p>\n<p><strong><br \/>\nSolicitud de resultados<\/strong><br \/>\nTodos los resultados de cernimiento neonatal se enviar\u00e1n al hospital donde naci\u00f3 beb\u00e9.<\/p>\n<p>Si alg\u00fan cl\u00ednico interesa copia de los resultados, debe completar la <a title=\"Solicitud de Resultados\" href=\"https:\/\/pcnpr.rcm.upr.edu\/solicitudes\/\">solicitud<\/a> correspondiente y hacerla llegar a nuestro programa v\u00eda fax o email.<\/p>\n","protected":false},"excerpt":{"rendered":"<p>El Programa de Cernimiento Neonatal de Puerto Rico monitorea m\u00e1s de 28 condiciones hereditarias por mandato de la Ley 84 de 1987 enmendada con la Ley 129. Para lograr el objetivo de nuestro programa, es responsabilidad de los hospitales y proveedores de salud educar a las familias sobre el servicio de cernimiento neonatal, tomar una&hellip;<\/p>\n","protected":false},"author":1,"featured_media":0,"parent":0,"menu_order":0,"comment_status":"closed","ping_status":"closed","template":"template-microsite.php","meta":{"footnotes":""},"class_list":["post-124","page","type-page","status-publish","hentry","description-off"],"aioseo_notices":[],"_links":{"self":[{"href":"https:\/\/rcm1.rcm.upr.edu\/neonatal\/wp-json\/wp\/v2\/pages\/124","targetHints":{"allow":["GET"]}}],"collection":[{"href":"https:\/\/rcm1.rcm.upr.edu\/neonatal\/wp-json\/wp\/v2\/pages"}],"about":[{"href":"https:\/\/rcm1.rcm.upr.edu\/neonatal\/wp-json\/wp\/v2\/types\/page"}],"author":[{"embeddable":true,"href":"https:\/\/rcm1.rcm.upr.edu\/neonatal\/wp-json\/wp\/v2\/users\/1"}],"replies":[{"embeddable":true,"href":"https:\/\/rcm1.rcm.upr.edu\/neonatal\/wp-json\/wp\/v2\/comments?post=124"}],"version-history":[{"count":0,"href":"https:\/\/rcm1.rcm.upr.edu\/neonatal\/wp-json\/wp\/v2\/pages\/124\/revisions"}],"wp:attachment":[{"href":"https:\/\/rcm1.rcm.upr.edu\/neonatal\/wp-json\/wp\/v2\/media?parent=124"}],"curies":[{"name":"wp","href":"https:\/\/api.w.org\/{rel}","templated":true}]}}