{"id":125,"date":"2016-03-28T18:59:17","date_gmt":"2016-03-28T18:59:17","guid":{"rendered":"http:\/\/exalumnos.rcm.upr.edu\/pcnpr\/?page_id=18"},"modified":"2016-03-28T18:59:17","modified_gmt":"2016-03-28T18:59:17","slug":"para-familias","status":"publish","type":"page","link":"https:\/\/rcm1.rcm.upr.edu\/neonatal\/para-familias\/","title":{"rendered":"Para Familias"},"content":{"rendered":"<p><strong>A todos los padres:<br \/>\n<\/strong><br \/>\n<strong>Las pruebas de Cernimiento Neonatal salvan vidas y son requeridas por Ley<\/strong>.<\/p>\n<p><strong>Pregunte en el hospital donde naci\u00f3 su beb\u00e9 si se le tom\u00f3 la muestra de tal\u00f3n para las pruebas de cernimiento neonatal antes de ser dado de alta<\/strong>. Es importante que en la boleta donde se tom\u00f3 la muestra a su beb\u00e9, el hospital complete toda la informaci\u00f3n demogr\u00e1fica en especial la informaci\u00f3n para poderlos contactar de ser necesario. Tambi\u00e9n es importante que en la boleta eval\u00fae las opciones en relaci\u00f3n a su autorizaci\u00f3n para el uso de la muestra una vez se completen las pruebas. Deber marcar la opci\u00f3n que prefiere y firmar la boleta.<\/p>\n<p>Toda muestra con resultados fuera del rango normal requiere ser repetida. Si usted recibe notificaci\u00f3n de que a su beb\u00e9 hay que repetirle la muestra de sangre, es de suma importancia que se comunique con el Programa de Cernimiento Neonatal o con el \u201cnursery\u201d donde naci\u00f3 su beb\u00e9, a la mayor brevedad posible.<\/p>\n<p>A pesar de que las pruebas de Cernimiento Neonatal son muy confiables y existe un buen control de calidad, es posible (aunque improbable) que un beb\u00e9 con enfermedad no sea detectado (falso-negativo); o que alg\u00fan infante sano presente un resultado anormal (falso-positivo). Es importante que si usted observa algo fuera de lo usual en su beb\u00e9 lo consulte pronto con su pediatra.<\/p>\n<p><strong>Los resultados de las pruebas de Cernimiento Neonatal estar\u00e1n disponibles en el hospital donde naci\u00f3 su beb\u00e9<\/strong>. Es importante que los recoja y los discuta con su pediatra. De ser necesario, los padres tambi\u00e9n pueden <a title=\"Solicitud de Resultados\" href=\"https:\/\/pcnpr.rcm.upr.edu\/solicitudes\/\">solicitar los resultados<\/a> directamente al Programa de Cernimiento Neonatal presentando identificaci\u00f3n con foto y llenando el documento correspondiente.<\/p>\n<p><strong><br \/>\n\u00bfQu\u00e9 ocurre si mi beb\u00e9 resulta positivo a alguna de las condiciones monitoreadas por el Programa de Cernimiento Neonatal?<br \/>\n<\/strong><br \/>\nEl personal del Programa de Cernimiento Neonatal se comunicar\u00e1 con la familia y coordinar\u00e1 la evaluaci\u00f3n inicial con el especialista que corresponda.<\/p>\n<p>Luego de las pruebas de Cernimiento Neonatal, para confirmar si el beb\u00e9 tiene la condici\u00f3n, el pediatra o especialista correspondiente lo referir\u00e1n a hacer pruebas adicionales necesarias para hacer el diagn\u00f3stico.<\/p>\n<p>La familia tambi\u00e9n recibir\u00e1 consejer\u00eda gen\u00e9tica.<\/p>\n<p><strong><br \/>\nPara m\u00e1s informaci\u00f3n sobre estas pruebas favor acceder:<\/strong><\/p>\n<ul>\n<li><a href=\"https:\/\/rcm1.rcm.upr.edu\/neonatal\/wp-content\/uploads\/sites\/29\/2020\/04\/opusculo-pcnpr.pdf\" target=\"_blank\" rel=\"noopener noreferrer\">Op\u00fasculo Programa del Programa de Cernimiento Neonatal de PR<\/a><\/li>\n<li><a title=\"Condiciones Que Se Detectan\" href=\"https:\/\/pcnpr.rcm.upr.edu\/condiciones\/\">Lista de condiciones detectadas<\/a><\/li>\n<\/ul>\n","protected":false},"excerpt":{"rendered":"<p>A todos los padres: Las pruebas de Cernimiento Neonatal salvan vidas y son requeridas por Ley. Pregunte en el hospital donde naci\u00f3 su beb\u00e9 si se le tom\u00f3 la muestra de tal\u00f3n para las pruebas de cernimiento neonatal antes de ser dado de alta. Es importante que en la boleta donde se tom\u00f3 la muestra&hellip;<\/p>\n","protected":false},"author":1,"featured_media":0,"parent":0,"menu_order":0,"comment_status":"closed","ping_status":"closed","template":"template-microsite.php","meta":{"footnotes":""},"class_list":["post-125","page","type-page","status-publish","hentry","description-off"],"aioseo_notices":[],"_links":{"self":[{"href":"https:\/\/rcm1.rcm.upr.edu\/neonatal\/wp-json\/wp\/v2\/pages\/125","targetHints":{"allow":["GET"]}}],"collection":[{"href":"https:\/\/rcm1.rcm.upr.edu\/neonatal\/wp-json\/wp\/v2\/pages"}],"about":[{"href":"https:\/\/rcm1.rcm.upr.edu\/neonatal\/wp-json\/wp\/v2\/types\/page"}],"author":[{"embeddable":true,"href":"https:\/\/rcm1.rcm.upr.edu\/neonatal\/wp-json\/wp\/v2\/users\/1"}],"replies":[{"embeddable":true,"href":"https:\/\/rcm1.rcm.upr.edu\/neonatal\/wp-json\/wp\/v2\/comments?post=125"}],"version-history":[{"count":0,"href":"https:\/\/rcm1.rcm.upr.edu\/neonatal\/wp-json\/wp\/v2\/pages\/125\/revisions"}],"wp:attachment":[{"href":"https:\/\/rcm1.rcm.upr.edu\/neonatal\/wp-json\/wp\/v2\/media?parent=125"}],"curies":[{"name":"wp","href":"https:\/\/api.w.org\/{rel}","templated":true}]}}