{"id":37,"date":"2016-03-29T12:28:54","date_gmt":"2016-03-29T12:28:54","guid":{"rendered":"http:\/\/exalumnos.rcm.upr.edu\/pcnpr\/?page_id=37"},"modified":"2016-03-29T12:28:54","modified_gmt":"2016-03-29T12:28:54","slug":"mensaje-del-fundador","status":"publish","type":"page","link":"https:\/\/rcm1.rcm.upr.edu\/neonatal\/mensaje-del-fundador\/","title":{"rendered":"Mensaje del Fundador"},"content":{"rendered":"<div id=\"attachment_106\" style=\"width: 310px\" class=\"wp-caption aligncenter\"><img loading=\"lazy\" decoding=\"async\" aria-describedby=\"caption-attachment-106\" class=\"wp-image-106 size-full\" src=\"https:\/\/rcm1.rcm.upr.edu\/neonatal\/wp-content\/uploads\/sites\/29\/2020\/04\/Dr-Pedro-Santiago.jpg\" alt=\"Dr Pedro Santiago Director y Fundador del Programa de Cernimiento Neonatal de PR\" width=\"300\" height=\"221\" \/><p id=\"caption-attachment-106\" class=\"wp-caption-text\">El Dr. Pedro J. Santiago Borrero, Director y Fundador del Programa de Cernimiento Neonatal de PR.<\/p><\/div>\n<p>&nbsp;<\/p>\n<p>El Centro de Enfermedades Hereditarias-Programa de Cernimiento Neonatal de PR ha estado ofreciendo un amplio y exitoso servicio a todos los infantes que han nacido en nuestra Isla durante los \u00faltimos 29 a\u00f1os. Esto nos ha permitido detectar y tratar a tiempo enfermedades hereditarias de importancia en Puerto Rico, similar a lo que se hace ahora en todos los pa\u00edses desarrollados del mundo, reduciendo as\u00ed la morbilidad y mortalidad de ni\u00f1os con enfermedades gen\u00e9ticas muy graves.<\/p>\n<p>&nbsp;<\/p>\n<p><strong>Dr. Pedro J. Santiago Borrero<\/strong><br \/>\nDirector y Fundador<br \/>\nPrograma de Cernimiento Neonatal<\/p>\n","protected":false},"excerpt":{"rendered":"<p>&nbsp; El Centro de Enfermedades Hereditarias-Programa de Cernimiento Neonatal de PR ha estado ofreciendo un amplio y exitoso servicio a todos los infantes que han nacido en nuestra Isla durante los \u00faltimos 29 a\u00f1os. Esto nos ha permitido detectar y tratar a tiempo enfermedades hereditarias de importancia en Puerto Rico, similar a lo que se&hellip;<\/p>\n","protected":false},"author":1,"featured_media":0,"parent":0,"menu_order":0,"comment_status":"closed","ping_status":"closed","template":"template-microsite.php","meta":{"footnotes":""},"class_list":["post-37","page","type-page","status-publish","hentry","description-off"],"aioseo_notices":[],"_links":{"self":[{"href":"https:\/\/rcm1.rcm.upr.edu\/neonatal\/wp-json\/wp\/v2\/pages\/37","targetHints":{"allow":["GET"]}}],"collection":[{"href":"https:\/\/rcm1.rcm.upr.edu\/neonatal\/wp-json\/wp\/v2\/pages"}],"about":[{"href":"https:\/\/rcm1.rcm.upr.edu\/neonatal\/wp-json\/wp\/v2\/types\/page"}],"author":[{"embeddable":true,"href":"https:\/\/rcm1.rcm.upr.edu\/neonatal\/wp-json\/wp\/v2\/users\/1"}],"replies":[{"embeddable":true,"href":"https:\/\/rcm1.rcm.upr.edu\/neonatal\/wp-json\/wp\/v2\/comments?post=37"}],"version-history":[{"count":0,"href":"https:\/\/rcm1.rcm.upr.edu\/neonatal\/wp-json\/wp\/v2\/pages\/37\/revisions"}],"wp:attachment":[{"href":"https:\/\/rcm1.rcm.upr.edu\/neonatal\/wp-json\/wp\/v2\/media?parent=37"}],"curies":[{"name":"wp","href":"https:\/\/api.w.org\/{rel}","templated":true}]}}