{"id":44,"date":"2016-03-29T12:31:16","date_gmt":"2016-03-29T12:31:16","guid":{"rendered":"http:\/\/exalumnos.rcm.upr.edu\/pcnpr\/?page_id=44"},"modified":"2016-03-29T12:31:16","modified_gmt":"2016-03-29T12:31:16","slug":"leyes","status":"publish","type":"page","link":"https:\/\/rcm1.rcm.upr.edu\/neonatal\/leyes\/","title":{"rendered":"Leyes"},"content":{"rendered":"<ul>\n<li><a href=\"https:\/\/rcm1.rcm.upr.edu\/neonatal\/wp-content\/uploads\/sites\/29\/2020\/04\/Ley-84.pdf\" target=\"_blank\" rel=\"noopener noreferrer\">Ley #84 &#8211; Creaci\u00f3n de programa de orientaci\u00f3n, detecci\u00f3n, diagn\u00f3stico y tratamiento de las enfermedades hereditarias m\u00e1s frecuentes y cl\u00ednicamente importantes en PR<\/a><\/li>\n<li><a href=\"https:\/\/rcm1.rcm.upr.edu\/neonatal\/wp-content\/uploads\/sites\/29\/2020\/04\/Ley-129.pdf\" target=\"_blank\" rel=\"noopener noreferrer\">Ley #129 &#8211; Enmienda a los art\u00edculos 2, 3, 4 y 6 de la Ley #84<\/a><\/li>\n<li><a href=\"https:\/\/rcm1.rcm.upr.edu\/neonatal\/wp-content\/uploads\/sites\/29\/2020\/04\/Reglamento-151.pdf\" target=\"_blank\" rel=\"noopener noreferrer\">Reglamento #151 &#8211; Reglamento del Programa para la Detecci\u00f3n, Diagn\u00f3stico y Tratamiento de Enfermedades Hereditarias de Puerto Rico<\/a><\/li>\n<\/ul>\n","protected":false},"excerpt":{"rendered":"<p>Ley #84 &#8211; Creaci\u00f3n de programa de orientaci\u00f3n, detecci\u00f3n, diagn\u00f3stico y tratamiento de las enfermedades hereditarias m\u00e1s frecuentes y cl\u00ednicamente importantes en PR Ley #129 &#8211; Enmienda a los art\u00edculos 2, 3, 4 y 6 de la Ley #84 Reglamento #151 &#8211; Reglamento del Programa para la Detecci\u00f3n, Diagn\u00f3stico y Tratamiento de Enfermedades Hereditarias de&hellip;<\/p>\n","protected":false},"author":1,"featured_media":0,"parent":0,"menu_order":0,"comment_status":"closed","ping_status":"closed","template":"template-microsite.php","meta":{"footnotes":""},"class_list":["post-44","page","type-page","status-publish","hentry","description-off"],"aioseo_notices":[],"_links":{"self":[{"href":"https:\/\/rcm1.rcm.upr.edu\/neonatal\/wp-json\/wp\/v2\/pages\/44","targetHints":{"allow":["GET"]}}],"collection":[{"href":"https:\/\/rcm1.rcm.upr.edu\/neonatal\/wp-json\/wp\/v2\/pages"}],"about":[{"href":"https:\/\/rcm1.rcm.upr.edu\/neonatal\/wp-json\/wp\/v2\/types\/page"}],"author":[{"embeddable":true,"href":"https:\/\/rcm1.rcm.upr.edu\/neonatal\/wp-json\/wp\/v2\/users\/1"}],"replies":[{"embeddable":true,"href":"https:\/\/rcm1.rcm.upr.edu\/neonatal\/wp-json\/wp\/v2\/comments?post=44"}],"version-history":[{"count":0,"href":"https:\/\/rcm1.rcm.upr.edu\/neonatal\/wp-json\/wp\/v2\/pages\/44\/revisions"}],"wp:attachment":[{"href":"https:\/\/rcm1.rcm.upr.edu\/neonatal\/wp-json\/wp\/v2\/media?parent=44"}],"curies":[{"name":"wp","href":"https:\/\/api.w.org\/{rel}","templated":true}]}}