{"id":51,"date":"2016-03-29T12:33:26","date_gmt":"2016-03-29T12:33:26","guid":{"rendered":"http:\/\/exalumnos.rcm.upr.edu\/pcnpr\/?page_id=51"},"modified":"2016-03-29T12:33:26","modified_gmt":"2016-03-29T12:33:26","slug":"publicaciones","status":"publish","type":"page","link":"https:\/\/rcm1.rcm.upr.edu\/neonatal\/publicaciones\/","title":{"rendered":"Publicaciones"},"content":{"rendered":"<p><a href=\"https:\/\/rcm1.rcm.upr.edu\/neonatal\/wp-content\/uploads\/sites\/29\/2020\/04\/Cernimiento-Neonatal-en-PR-suplemento-ENDI.pdf\" target=\"_blank\" rel=\"noopener noreferrer\">&#8220;Cernimiento Neonatal En Puerto Rico: Pruebas Que Salvan Vidas&#8221;<\/a><br \/>\nSuplementos de El Nuevo D\u00eda &#8211; domingo, 25 de octubre de 2015<\/p>\n<p>Art\u00edculo: <a href=\"https:\/\/www.elnuevodia.com\/archivo\/bien-estar-24-7\/notas\/que-son-los-trastornos-metabolicos\/\" target=\"_blank\" rel=\"noopener noreferrer\">\u00bfQu\u00e9 son los trastornos metab\u00f3licos?<\/a><\/p>\n<p>Art\u00edculo: <a href=\"https:\/\/www.elnuevodia.com\/archivo\/bien-estar-24-7\/notas\/que-es-la-anemia-falciforme-o-anemia-drepanocitica\/\" target=\"_blank\" rel=\"noopener noreferrer\">\u00bfQu\u00e9 es la anemia falciforme o anemia drepanocitica?<\/a><\/p>\n<p>Art\u00edculo: <a href=\"https:\/\/www.elnuevodia.com\/archivo\/bien-estar-24-7\/notas\/naci-con-anemia-falciforme-ss\/\" target=\"_blank\" rel=\"noopener noreferrer\">&#8220;Nac\u00ed con anemia falciforme SS&#8221;<\/a><\/p>\n<p>Art\u00edculo: <a href=\"https:\/\/www.elnuevodia.com\/archivo\/bien-estar-24-7\/notas\/hipotiroidismo-congenito\/\" target=\"_blank\" rel=\"noopener noreferrer\">Hipotiroidismo cong\u00e9nito<\/a><\/p>\n<p>Art\u00edculo: <a href=\"https:\/\/www.elnuevodia.com\/archivo\/bien-estar-24-7\/notas\/hiperplasia-adrenal-congenita\/\" target=\"_blank\" rel=\"noopener noreferrer\">Hiperplasia adrenal cong\u00e9nita &#8211; Lo que todo padre debe saber<\/a><\/p>\n<p>Art\u00edculo: <a href=\"https:\/\/www.elnuevodia.com\/archivo\/bien-estar-24-7\/notas\/nuestro-sistema-inmunologico\/\" target=\"_blank\" rel=\"noopener noreferrer\">Nuestro sistema inmunol\u00f3gico<\/a><\/p>\n","protected":false},"excerpt":{"rendered":"<p>&#8220;Cernimiento Neonatal En Puerto Rico: Pruebas Que Salvan Vidas&#8221; Suplementos de El Nuevo D\u00eda &#8211; domingo, 25 de octubre de 2015 Art\u00edculo: \u00bfQu\u00e9 son los trastornos metab\u00f3licos? Art\u00edculo: \u00bfQu\u00e9 es la anemia falciforme o anemia drepanocitica? Art\u00edculo: &#8220;Nac\u00ed con anemia falciforme SS&#8221; Art\u00edculo: Hipotiroidismo cong\u00e9nito Art\u00edculo: Hiperplasia adrenal cong\u00e9nita &#8211; Lo que todo padre debe&hellip;<\/p>\n","protected":false},"author":1,"featured_media":0,"parent":0,"menu_order":0,"comment_status":"closed","ping_status":"closed","template":"template-microsite.php","meta":{"footnotes":""},"class_list":["post-51","page","type-page","status-publish","hentry","description-off"],"aioseo_notices":[],"_links":{"self":[{"href":"https:\/\/rcm1.rcm.upr.edu\/neonatal\/wp-json\/wp\/v2\/pages\/51","targetHints":{"allow":["GET"]}}],"collection":[{"href":"https:\/\/rcm1.rcm.upr.edu\/neonatal\/wp-json\/wp\/v2\/pages"}],"about":[{"href":"https:\/\/rcm1.rcm.upr.edu\/neonatal\/wp-json\/wp\/v2\/types\/page"}],"author":[{"embeddable":true,"href":"https:\/\/rcm1.rcm.upr.edu\/neonatal\/wp-json\/wp\/v2\/users\/1"}],"replies":[{"embeddable":true,"href":"https:\/\/rcm1.rcm.upr.edu\/neonatal\/wp-json\/wp\/v2\/comments?post=51"}],"version-history":[{"count":0,"href":"https:\/\/rcm1.rcm.upr.edu\/neonatal\/wp-json\/wp\/v2\/pages\/51\/revisions"}],"wp:attachment":[{"href":"https:\/\/rcm1.rcm.upr.edu\/neonatal\/wp-json\/wp\/v2\/media?parent=51"}],"curies":[{"name":"wp","href":"https:\/\/api.w.org\/{rel}","templated":true}]}}