{"id":115,"date":"2017-05-31T16:39:24","date_gmt":"2017-05-31T16:39:24","guid":{"rendered":"http:\/\/127.0.0.1\/rcm\/osi\/servicios-estudiantes-exalumnos\/"},"modified":"2017-05-31T16:39:24","modified_gmt":"2017-05-31T16:39:24","slug":"servicios-estudiantes-exalumnos","status":"publish","type":"page","link":"https:\/\/rcm1.rcm.upr.edu\/oficinasistemas\/servicios-estudiantes-exalumnos\/","title":{"rendered":"Servicios para Estudiantes y Exalumnos"},"content":{"rendered":"<div class=\"wpb-content-wrapper\"><p>[vc_row][vc_column][vc_empty_space][vc_column_text]<\/p>\n<h3 style=\"text-align: center\">Servicios para Estudiantes Activos<\/h3>\n<p>La Oficina de Sistemas de Informaci\u00f3n ofrece a los estudiantes del Recinto de Ciencias M\u00e9dicas una serie de servicios y acceso a los recursos de las tecnolog\u00edas de informaci\u00f3n. Entre los servicios y los recursos ofrecidos se encuentran los siguientes:<\/p>\n<ul>\n<li><a href=\"https:\/\/accounts.google.com\/ServiceLogin?service=mail&amp;passive=true&amp;rm=false&amp;continue=https:\/\/mail.google.com\/mail\/&amp;ss=1&amp;scc=1&amp;ltmpl=default&amp;ltmplcache=2&amp;emr=1&amp;osid=1\" target=\"_blank\" rel=\"noopener noreferrer\"><strong>Correo Electr\u00f3nico Institucional<\/strong><\/a><\/li>\n<li><a href=\"https:\/\/acceso.rcm.upr.edu\/showLogin.cc\" target=\"_blank\" rel=\"noopener noreferrer\"><strong>Cuenta de <em>Active Directory<\/em><\/strong><\/a><\/li>\n<\/ul>\n<p>&nbsp;<\/p>\n<p><strong>Acceso a la Red Inal\u00e1mbrica (<em>Wireless<\/em>)<\/strong><\/p>\n<p>Puede obtener acceso a las redes inal\u00e1mbricas del Recinto (<strong><em>RCMNET<\/em><\/strong>,\u00a0<strong><em>WLAN-SP<\/em><\/strong>,\u00a0<strong><em>WLAN-EPS<\/em><\/strong>,\u00a0<strong><em>WLAN-FARMACIA<\/em><\/strong>,\u00a0<strong><em>WLAN-OIRE<\/em><\/strong>,\u00a0<strong><em>WLAN-RCM<\/em><\/strong>,\u00a0entre otras) utilizando la cuenta del sistema de Active Directory. Para su nombre de usuario (username) debe utilizar:<\/p>\n<p><em><strong>\u00a0 \u00a0Estudiantes<\/strong><\/em>:<em>\u00a0<\/em>la letra S en may\u00fascula seguido de su n\u00famero de estudiante.<\/p>\n<p><em><strong>\u00a0 \u00a0Residentes:<\/strong> <\/em>la letra R en may\u00fascula seguido de su n\u00famero de estudiante.<\/p>\n<p>&nbsp;<\/p>\n<p><strong>Acceso al <a href=\"https:\/\/portal.upr.edu\/rcm\/portal.php?a=rea_login\" target=\"_blank\" rel=\"noopener noreferrer\">Portal <em>Next<\/em><\/a><\/strong><\/p>\n<p>Obtenga acceso al Portal <em>Next<\/em> con su cuenta de Correo Electr\u00f3nico Institucional. A trav\u00e9s de este Portal podr\u00e1 localizar informaci\u00f3n sobre notas y cursos actuales entre otros procesos acad\u00e9micos. Adem\u00e1s, obtendr\u00e1 acceso a aplicaciones de <em>Microsoft Office<\/em> 365 para descargar y utilizar en sus dispositivos personales.<\/p>\n<p>&nbsp;<\/p>\n<p><strong>Aplicaciones y Sistemas Electr\u00f3nicos:<\/strong><\/p>\n<ul>\n<li><strong><a href=\"https:\/\/acceso.rcm.upr.edu\/showLogin.cc\" target=\"_blank\" rel=\"noopener noreferrer\">Manejo de Credenciales<\/a>:\u00a0<\/strong>Aplicaci\u00f3n que le permite cambiar su contrase\u00f1a de <em>Active Directory<\/em>, sin necesidad de apoyo t\u00e9cnico.<\/li>\n<li><strong><a href=\"https:\/\/sistemas.rcm.upr.edu\/mi-info\/\" target=\"_blank\" rel=\"noopener noreferrer\">Mi-Info<\/a>:<\/strong>\u00a0Aplicaci\u00f3n que le permite verificar su nombre de usuario para cuenta de Correo Electr\u00f3nico Institucional, nombre de usuario de Active Directory y su\u00a0<em>Pin Number<\/em>.<\/li>\n<li><strong><a href=\"https:\/\/sistemas.rcm.upr.edu\/prei\/\" target=\"_blank\" rel=\"noopener noreferrer\">PREI<\/a>:<\/strong>\u00a0Portal de Recursos Electr\u00f3nicos Integrados (Pago de deudas, participaci\u00f3n en votaciones electr\u00f3nicas).<\/li>\n<li><strong><a href=\"https:\/\/sistemas2.rcm.upr.edu\/relevoestudiante\/\" target=\"_blank\" rel=\"noopener noreferrer\">Relevo Estudiantes<\/a>:<\/strong> Sistema para el relevo del estudiante en el proceso de obtener el Diploma.<\/li>\n<li><strong><a href=\"https:\/\/sistemas.rcm.upr.edu\/talpago\/inicio.aspx\" target=\"_blank\" rel=\"noopener noreferrer\">Sistema de Talonario de N\u00f3mina en L\u00ednea<\/a>:<\/strong>\u00a0Sistema para revisar talonario de pagos para Internos y Residentes .<\/li>\n<\/ul>\n<p>&nbsp;<\/p>\n<p><strong>Servicio de Apoyo T\u00e9cnico<\/strong><\/p>\n<p>Puede solicitar servicios de apoyo t\u00e9cnico a trav\u00e9s del Sistema Electr\u00f3nico de Apoyo al Usuario en: <a href=\"https:\/\/rcmworks.rcm.upr.edu\/portal\" target=\"_blank\" rel=\"noopener noreferrer\">http:\/\/rcmworks.rcm.upr.edu\/portal<\/a>. De no lograr acceso al Sistema Electr\u00f3nico nos puede visitar en la Oficina A205, segundo piso del Edificio Principal (Guillermo Arbona Irizarry) o se puede comunicar a las extensiones\u00a0<b><\/b>1244, 1245 y 1064.<\/p>\n<p><strong>\u00a0<\/strong><br \/>\n<b id=\"m_-6982119346274926254m_3805918676739200511docs-internal-guid-4f52bfd0-ec0b-204e-cdfe-f65c7b653739\"><\/b><\/p>\n<h3 style=\"text-align: center\">Servicios para Exalumnos<\/h3>\n<p><strong>\u00a0<\/strong><\/p>\n<p><strong><a href=\"https:\/\/accounts.google.com\/ServiceLogin?service=mail&amp;passive=true&amp;rm=false&amp;continue=https:\/\/mail.google.com\/mail\/&amp;ss=1&amp;scc=1&amp;ltmpl=default&amp;ltmplcache=2&amp;emr=1&amp;osid=1\" target=\"_blank\" rel=\"noopener noreferrer\">Correo Electr\u00f3nico Institucional<\/a>:<\/strong>\u00a0Los exalumnos tienen el beneficio de mantener su cuenta de correo electr\u00f3nico Institucional (@upr.edu).<\/p>\n<p><strong>Acceso a la Red Inal\u00e1mbrica (<em>Wireless<\/em>):<\/strong>\u00a0Puede obtener acceso a la red inal\u00e1mbrica utilizando su cuenta de Active Directory.[\/vc_column_text][\/vc_column][\/vc_row]<\/p>\n<\/div>","protected":false},"excerpt":{"rendered":"<p>[vc_row][vc_column][vc_empty_space][vc_column_text] Servicios para Estudiantes Activos La Oficina de Sistemas de Informaci\u00f3n ofrece a los estudiantes del Recinto de Ciencias M\u00e9dicas una serie de servicios y acceso a los recursos de las tecnolog\u00edas de informaci\u00f3n. Entre los servicios y los recursos ofrecidos se encuentran los siguientes: Correo Electr\u00f3nico Institucional Cuenta de Active Directory &nbsp; Acceso a&hellip;<\/p>\n","protected":false},"author":1,"featured_media":0,"parent":0,"menu_order":0,"comment_status":"closed","ping_status":"closed","template":"template-microsite.php","meta":{"footnotes":""},"class_list":["post-115","page","type-page","status-publish","hentry","description-off"],"aioseo_notices":[],"_links":{"self":[{"href":"https:\/\/rcm1.rcm.upr.edu\/oficinasistemas\/wp-json\/wp\/v2\/pages\/115","targetHints":{"allow":["GET"]}}],"collection":[{"href":"https:\/\/rcm1.rcm.upr.edu\/oficinasistemas\/wp-json\/wp\/v2\/pages"}],"about":[{"href":"https:\/\/rcm1.rcm.upr.edu\/oficinasistemas\/wp-json\/wp\/v2\/types\/page"}],"author":[{"embeddable":true,"href":"https:\/\/rcm1.rcm.upr.edu\/oficinasistemas\/wp-json\/wp\/v2\/users\/1"}],"replies":[{"embeddable":true,"href":"https:\/\/rcm1.rcm.upr.edu\/oficinasistemas\/wp-json\/wp\/v2\/comments?post=115"}],"version-history":[{"count":0,"href":"https:\/\/rcm1.rcm.upr.edu\/oficinasistemas\/wp-json\/wp\/v2\/pages\/115\/revisions"}],"wp:attachment":[{"href":"https:\/\/rcm1.rcm.upr.edu\/oficinasistemas\/wp-json\/wp\/v2\/media?parent=115"}],"curies":[{"name":"wp","href":"https:\/\/api.w.org\/{rel}","templated":true}]}}