{"id":117,"date":"2017-05-31T16:43:15","date_gmt":"2017-05-31T16:43:15","guid":{"rendered":"http:\/\/127.0.0.1\/rcm\/osi\/seguridad-privacidad\/"},"modified":"2017-05-31T16:43:15","modified_gmt":"2017-05-31T16:43:15","slug":"seguridad-privacidad","status":"publish","type":"page","link":"https:\/\/rcm1.rcm.upr.edu\/oficinasistemas\/seguridad-privacidad\/","title":{"rendered":"Seguridad y Privacidad"},"content":{"rendered":"<div class=\"wpb-content-wrapper\"><p>[vc_row][vc_column][vc_empty_space][vc_column_text]<\/p>\n<h3>C\u00f3mo OSI atiende la seguridad de los sistemas<\/h3>\n<p>La OSI del RCM utiliza un enfoque uniforme de manejo de seguridad, el cual abarca desde los equipos de usuarios (\u2018endpoints\u2019), hasta los equipos centrales de comunicaci\u00f3n de redes. Esto permite armonizar los accesos a recursos, a la vez que permite implementar estrategias de seguridad ajustadas al tama\u00f1o y naturaleza de los servicios acad\u00e9micos, investigaci\u00f3n y administrativos.<\/p>\n<p>&nbsp;<\/p>\n<h3>Informaci\u00f3n sobre el Antivirus<\/h3>\n<p>La OSI siempre ha implementado una soluci\u00f3n \u00fanica de antivirus la cual monitorea cualquier actividad at\u00edpica en las computadoras y se actualiza diariamente. El antivirus es instalado y actualizado en las computadoras conectadas a la red cableada del RCM y tambi\u00e9n est\u00e1 disponible para instalaci\u00f3n manual en coordinaci\u00f3n con los t\u00e9cnicos de los decanatos.<\/p>\n<p>&nbsp;<\/p>\n<h3>Autenticaci\u00f3n a los sistemas<\/h3>\n<p>El RCM al igual que otros recintos utiliza el servicio de Google Apps for Education (GAE) para autenticaci\u00f3n en servicios y aplicaciones y en adici\u00f3n utiliza otro mecanismo interno para acceso a computadoras y otros recursos \u00fanicos del RCM. Esto permite uso de los recursos protegiendo la privacidad e identidad de los usuarios.<\/p>\n<p>&nbsp;<\/p>\n<h3>Otra informaci\u00f3n importante de seguridad que los usuarios deben conocer<\/h3>\n<p>El RCM promueve uso adecuado y seguro de los recursos tecnol\u00f3gicos a la par con preservar la privacidad de la informaci\u00f3n. Dentro de las buenas pr\u00e1cticas que se promueven est\u00e1n el cambio de contrase\u00f1a recurrente y los accesos a recursos de red seg\u00fan necesidad y previa autorizaci\u00f3n.<\/p>\n<p>&nbsp;<\/p>\n<h3>\u00bfQu\u00e9 es un incidente de seguridad?<\/h3>\n<p>Cualquier evento inesperado que afecte las operaciones, servicios o componentes de la red son catalogados como incidentes de seguridad.<\/p>\n<p>&nbsp;<\/p>\n<p>La OSI categoriza y maneja cada incidente bajo Infraestructura, red cableada\/inal\u00e1mbrica, problemas de acceso no autorizado, virus, entre otros. Independientemente de la magnitud, la OSI prioritiza el manejo de incidentes para evitar cualquier impacto o p\u00e9rdida de informaci\u00f3n, debido al tipo de servicio que el RCM ofrece y la sensitividad de la informaci\u00f3n.<\/p>\n<p>&nbsp;<\/p>\n<h3>Procedimiento para reportar un incidente de seguridad<\/h3>\n<p>La OSI desarroll\u00f3 el Est\u00e1ndar para Manejo de Incidente de Seguridad, el cual incluye los pasos aprobados para el debido manejo y documentaci\u00f3n de incidentes de seguridad en el RCM y la coordinaci\u00f3n con los t\u00e9cnicos de los decanatos y dem\u00e1s personal aplicable.<\/p>\n<p>&nbsp;<\/p>\n<p>Este documento bajo el nombre de Est\u00e1ndar para Manejo de Incidente de Seguridad est\u00e1 disponible en el Intranet del RCM.[\/vc_column_text][\/vc_column][\/vc_row]<\/p>\n<\/div>","protected":false},"excerpt":{"rendered":"<p>[vc_row][vc_column][vc_empty_space][vc_column_text] C\u00f3mo OSI atiende la seguridad de los sistemas La OSI del RCM utiliza un enfoque uniforme de manejo de seguridad, el cual abarca desde los equipos de usuarios (\u2018endpoints\u2019), hasta los equipos centrales de comunicaci\u00f3n de redes. Esto permite armonizar los accesos a recursos, a la vez que permite implementar estrategias de seguridad ajustadas&hellip;<\/p>\n","protected":false},"author":1,"featured_media":0,"parent":0,"menu_order":0,"comment_status":"closed","ping_status":"closed","template":"template-microsite.php","meta":{"footnotes":""},"class_list":["post-117","page","type-page","status-publish","hentry","description-off"],"aioseo_notices":[],"_links":{"self":[{"href":"https:\/\/rcm1.rcm.upr.edu\/oficinasistemas\/wp-json\/wp\/v2\/pages\/117","targetHints":{"allow":["GET"]}}],"collection":[{"href":"https:\/\/rcm1.rcm.upr.edu\/oficinasistemas\/wp-json\/wp\/v2\/pages"}],"about":[{"href":"https:\/\/rcm1.rcm.upr.edu\/oficinasistemas\/wp-json\/wp\/v2\/types\/page"}],"author":[{"embeddable":true,"href":"https:\/\/rcm1.rcm.upr.edu\/oficinasistemas\/wp-json\/wp\/v2\/users\/1"}],"replies":[{"embeddable":true,"href":"https:\/\/rcm1.rcm.upr.edu\/oficinasistemas\/wp-json\/wp\/v2\/comments?post=117"}],"version-history":[{"count":0,"href":"https:\/\/rcm1.rcm.upr.edu\/oficinasistemas\/wp-json\/wp\/v2\/pages\/117\/revisions"}],"wp:attachment":[{"href":"https:\/\/rcm1.rcm.upr.edu\/oficinasistemas\/wp-json\/wp\/v2\/media?parent=117"}],"curies":[{"name":"wp","href":"https:\/\/api.w.org\/{rel}","templated":true}]}}