{"id":150,"date":"2017-05-31T19:00:40","date_gmt":"2017-05-31T19:00:40","guid":{"rendered":"http:\/\/127.0.0.1\/rcm\/osi\/knowledgebase\/"},"modified":"2017-05-31T19:00:40","modified_gmt":"2017-05-31T19:00:40","slug":"knowledgebase","status":"publish","type":"page","link":"https:\/\/rcm1.rcm.upr.edu\/oficinasistemas\/knowledgebase\/","title":{"rendered":"Knowledgebase"},"content":{"rendered":"<div class=\"wpb-content-wrapper\"><p>[vc_row][vc_column][vc_empty_space][vc_column_text]Repositorio electr\u00f3nico con preguntas y respuestas frecuentes, informaci\u00f3n adicional sobre servicios y productos, u otras informaci\u00f3n de gran importancia para estudiantes, empleados, afiliados y visitantes al Recinto de Ciencias M\u00e9dicas.[\/vc_column_text][\/vc_column][\/vc_row][vc_row][vc_column][\/vc_column][\/vc_row]<\/p>\n<\/div>","protected":false},"excerpt":{"rendered":"<p>[vc_row][vc_column][vc_empty_space][vc_column_text]Repositorio electr\u00f3nico con preguntas y respuestas frecuentes, informaci\u00f3n adicional sobre servicios y productos, u otras informaci\u00f3n de gran importancia para estudiantes, empleados, afiliados y visitantes al Recinto de Ciencias M\u00e9dicas.[\/vc_column_text][\/vc_column][\/vc_row][vc_row][vc_column][\/vc_column][\/vc_row]<\/p>\n","protected":false},"author":1,"featured_media":0,"parent":0,"menu_order":0,"comment_status":"closed","ping_status":"closed","template":"template-microsite.php","meta":{"footnotes":""},"class_list":["post-150","page","type-page","status-publish","hentry","description-off"],"aioseo_notices":[],"_links":{"self":[{"href":"https:\/\/rcm1.rcm.upr.edu\/oficinasistemas\/wp-json\/wp\/v2\/pages\/150","targetHints":{"allow":["GET"]}}],"collection":[{"href":"https:\/\/rcm1.rcm.upr.edu\/oficinasistemas\/wp-json\/wp\/v2\/pages"}],"about":[{"href":"https:\/\/rcm1.rcm.upr.edu\/oficinasistemas\/wp-json\/wp\/v2\/types\/page"}],"author":[{"embeddable":true,"href":"https:\/\/rcm1.rcm.upr.edu\/oficinasistemas\/wp-json\/wp\/v2\/users\/1"}],"replies":[{"embeddable":true,"href":"https:\/\/rcm1.rcm.upr.edu\/oficinasistemas\/wp-json\/wp\/v2\/comments?post=150"}],"version-history":[{"count":0,"href":"https:\/\/rcm1.rcm.upr.edu\/oficinasistemas\/wp-json\/wp\/v2\/pages\/150\/revisions"}],"wp:attachment":[{"href":"https:\/\/rcm1.rcm.upr.edu\/oficinasistemas\/wp-json\/wp\/v2\/media?parent=150"}],"curies":[{"name":"wp","href":"https:\/\/api.w.org\/{rel}","templated":true}]}}