{"id":157,"date":"2017-06-02T17:54:17","date_gmt":"2017-06-02T17:54:17","guid":{"rendered":"http:\/\/127.0.0.1\/rcm\/osi\/cuentas-de-acceso\/"},"modified":"2024-11-27T15:11:51","modified_gmt":"2024-11-27T15:11:51","slug":"cuentas-de-acceso","status":"publish","type":"page","link":"https:\/\/rcm1.rcm.upr.edu\/oficinasistemas\/cuentas-de-acceso\/","title":{"rendered":"Cuentas de Acceso"},"content":{"rendered":"<div class=\"wpb-content-wrapper\"><p>[vc_row][vc_column][vc_empty_space][vc_column_text]<a name=\"email\"><\/a>La Oficina de Sistemas de Informaci\u00f3n provee cuentas de acceso para estudiantes, empleados y visitantes, entre otro personal afiliado al Recinto de Ciencias M\u00e9dicas y la Universidad de Puerto Rico, a los principales Sistemas y Tecnolog\u00edas de Informaci\u00f3n del Recinto. Estas cuentas tienen el prop\u00f3sito de apoyar procesos y actividades acad\u00e9micas, de investigaci\u00f3n y administrativas. Cierto personal t\u00e9cnico provee servicios para cambio de cuenta, contrase\u00f1as y asistencia en caso de tener alguna dificultad de acceso a la cuenta.[\/vc_column_text][vc_column_text]<strong><img loading=\"lazy\" decoding=\"async\" class=\"wp-image-169 alignright\" src=\"https:\/\/rcm1.rcm.upr.edu\/oficinasistemas\/wp-content\/uploads\/sites\/21\/2020\/04\/email-150x150.png\" alt=\"Email\" width=\"100\" height=\"100\" \/>Cuenta de Correo Electr\u00f3nico Institucional<\/strong><\/p>\n<p><a name=\"ad\"><\/a>Estudiantes, Empleados u otro personal afiliado al Recinto y debidamente autorizado, puede obtener una cuenta de correo electr\u00f3nico institucional <b>(@upr.edu)<\/b>. Al ser reconocido como el m\u00e9todo oficial de intercambio de Informaci\u00f3n en la Instituci\u00f3n, el env\u00edo de documentos o cualquier gesti\u00f3n de comunicaci\u00f3n oficial se debe efectuar a trav\u00e9s de una cuenta leg\u00edtima e interna de la Instituci\u00f3n. No se debe hacer uso ni referencia a cuentas de correos electr\u00f3nicos externas a la Instituci\u00f3n, como mecanismo de remitir o recibir comunicaciones electr\u00f3nicas oficiales. Para solicitar cuenta de Correo Electr\u00f3nico Institucional debe completar el <strong><a href=\"https:\/\/docs.google.com\/forms\/d\/1iNGEaUU7cERO-3OJGvQBc8LTbqoVBsWcfMlDT4Ai9_k\/\" target=\"_blank\" rel=\"noopener noreferrer\">Formulario de Solicitud o Renovaci\u00f3n de Cuentas<\/a> <\/strong>y entregarlo en la Oficina de Sistemas de Informaci\u00f3n. En caso del solicitante no ser empleado o estudiante se requerir\u00e1 ciertos documentos adicionales. Si necesita ayuda con su cuenta\u00a0<a href=\"https:\/\/osi.rcm.upr.edu\/contactenos\/\"><strong>cont\u00e1ctenos<\/strong><\/a>.[\/vc_column_text][vc_column_text]<strong><img loading=\"lazy\" decoding=\"async\" class=\"wp-image-170 alignright\" src=\"https:\/\/rcm1.rcm.upr.edu\/oficinasistemas\/wp-content\/uploads\/sites\/21\/2020\/04\/phone-book-1-150x150.png\" alt=\"Active Directory\" width=\"100\" height=\"100\" \/>Cuenta de <em>Active Directory<\/em><\/strong><\/p>\n<p><a name=\"vpn\"><\/a>Cuenta de acceso para computadoras y otros servicios bajo el Dominio Central (uprcm.local). Se recomienda que todo estudiante y empleado tenga una cuenta en el sistema de <em>Active Directory<\/em>, bajo el Dominio Central. Esta cuenta le permite conectarse a la Red\u00a0<em>Wireless\u00a0<\/em>del Recinto y el uso de computadoras y servicios. Para solicitar cuenta de <em>Active Directory<\/em> debe completar el <strong><a href=\"https:\/\/docs.google.com\/forms\/d\/1iNGEaUU7cERO-3OJGvQBc8LTbqoVBsWcfMlDT4Ai9_k\/\" target=\"_blank\" rel=\"noopener noreferrer\">Formulario de Solicitud o Renovaci\u00f3n de Cuentas<\/a><\/strong> y entregarlo en la Oficina de Sistemas de Informaci\u00f3n. En caso del solicitante no ser empleado o estudiante se requerir\u00e1 ciertos documentos adicionales. Si necesita ayuda con su cuenta <a href=\"https:\/\/osi.rcm.upr.edu\/contactenos\/\"><strong>cont\u00e1ctenos<\/strong><\/a>.<\/p>\n<p>Para cambiar la contrase\u00f1a de su cuenta de Active Directory haga click <a href=\"https:\/\/acceso.rcm.upr.edu\/showLogin.cc\" target=\"_blank\" rel=\"noopener noreferrer\">aqu\u00ed<\/a>.[\/vc_column_text][vc_column_text]<strong><img loading=\"lazy\" decoding=\"async\" class=\"wp-image-171 alignright\" src=\"https:\/\/rcm1.rcm.upr.edu\/oficinasistemas\/wp-content\/uploads\/sites\/21\/2020\/04\/earth-globe-150x150.png\" alt=\"VPN\" width=\"100\" height=\"100\" \/>Cuenta VPN<\/strong><\/p>\n<p><a name=\"sadm\"><\/a>La cuenta de Acceso (VPN), es utilizada para acceder recursos internos desde fuera de la red electr\u00f3nica del Recinto. Para solicitar esta cuenta debe completar el <strong><a href=\"https:\/\/docs.google.com\/forms\/d\/e\/1FAIpQLScxQwCMCZsp_ebC04EVPhXb6l6KfyIuq781rwtuoMxQ5vbHGw\/viewform?pli=1\" target=\"_blank\" rel=\"noopener noreferrer\">Formulario para Solicitud de Acceso VPN, VDI, WordPress<\/a><\/strong> y entregarlo en la OSI juntamente con una Carta de Justificaci\u00f3n. Si necesita ayuda con su cuenta <strong><a href=\"https:\/\/osi.rcm.upr.edu\/contactenos\/\">cont\u00e1ctenos<\/a><\/strong>.[\/vc_column_text][vc_column_text]<strong><img loading=\"lazy\" decoding=\"async\" class=\"wp-image-172 alignright\" src=\"https:\/\/rcm1.rcm.upr.edu\/oficinasistemas\/wp-content\/uploads\/sites\/21\/2020\/04\/settings.png\" alt=\"Sistema Administrativo\" width=\"100\" height=\"100\" \/>Cuenta para Acceso al Sistema Administrativo<\/strong><\/p>\n<p>Las cuentas de acceso al Sistema Administrativo o Estudiantil son para el uso de empleados o estudiantes con cierta necesidad de gestionar tareas o procesos administrativos o acad\u00e9micos. Para solicitar esta cuenta debe solicitar y llenar una solicitud de cuenta de la oficina que autoriza el uso del sistema, Ej. en la Oficina de Gerencia de Capital Humano (Sistema Administrativo) y Oficina del Registrador (Sistema Estudiantil). Adem\u00e1s, debe completar el <a href=\"https:\/\/docs.google.com\/forms\/d\/1iNGEaUU7cERO-3OJGvQBc8LTbqoVBsWcfMlDT4Ai9_k\/\" target=\"_blank\" rel=\"noopener noreferrer\"><strong>Formulario de Solicitud o Renovaci\u00f3n de Cuentas<\/strong><\/a> de la Oficina de Sistemas de Informaci\u00f3n. Ambas solicitudes se entregan en la Oficina de Sistemas de Informaci\u00f3n para la otorgaci\u00f3n de acceso al sistema autorizado. Si necesita ayuda con su cuenta <strong><a href=\"https:\/\/osi.rcm.upr.edu\/contactenos\/\">cont\u00e1ctenos<\/a><\/strong>.<\/p>\n<ol>\n<li>Sistemas de Recursos Humanos (HRS): Este sistema es utilizado para mantener y manejar los datos del Departamento de Gerencia de Capital Humano.<\/li>\n<li>Sistema Estudiantil (SIS): Este sistema es utilizado para manejo de la informaci\u00f3n acad\u00e9mica de los estudiantes.<\/li>\n<\/ol>\n<p>[\/vc_column_text][vc_column_text]<strong><img loading=\"lazy\" decoding=\"async\" class=\"wp-image-173 alignright\" src=\"https:\/\/rcm1.rcm.upr.edu\/oficinasistemas\/wp-content\/uploads\/sites\/21\/2020\/04\/group.png\" alt=\"Otras Cuentas\" width=\"100\" height=\"100\" \/><\/strong><\/p>\n<p><strong>Otras Cuentas de Acceso<\/strong><\/p>\n<ul>\n<li><strong>Portal del Senado Acad\u00e9mico<\/strong>&#8211;<strong>\u00a0<\/strong>Contactar a personal de OIRE en ext. 4100, 4324<\/li>\n<\/ul>\n<ul>\n<li><strong>Sistema de Record M\u00e9dico Electr\u00f3nico de la Escuela de Medicina Dental<\/strong>&#8211;<strong>\u00a0<\/strong>Contactar a personal de CIRE en ext. 1069, 1282, 1288, 2251<\/li>\n<\/ul>\n<ul>\n<li><strong>Sistema de R\u00e9cord M\u00e9dico Electr\u00f3nico o Computadoras en el Plan de Pr\u00e1ctica M\u00e9dica Intramural de la Escuela de Medicina<\/strong>&#8211;<strong>\u00a0<\/strong>Contactar a personal del Departamento de Administraci\u00f3n de Informaci\u00f3n de Salud en el 787-758-7910 ext. 478<\/li>\n<\/ul>\n<p>[\/vc_column_text][vc_column_text]Para su beneficio, y nos permita el debido registro, asignaci\u00f3n y seguimiento de la solicitud, recomendamos que llene una petici\u00f3n de servicio en el Sistema Electr\u00f3nico. En la eventualidad que el Sistema Electr\u00f3nico no est\u00e9 disponible, puede llamarnos o visitarnos para asistencia.[\/vc_column_text][\/vc_column][\/vc_row]<\/p>\n<\/div>","protected":false},"excerpt":{"rendered":"<p>[vc_row][vc_column][vc_empty_space][vc_column_text]La Oficina de Sistemas de Informaci\u00f3n provee cuentas de acceso para estudiantes, empleados y visitantes, entre otro personal afiliado al Recinto de Ciencias M\u00e9dicas y la Universidad de Puerto Rico, a los principales Sistemas y Tecnolog\u00edas de Informaci\u00f3n del Recinto. Estas cuentas tienen el prop\u00f3sito de apoyar procesos y actividades acad\u00e9micas, de investigaci\u00f3n y administrativas.&hellip;<\/p>\n","protected":false},"author":1,"featured_media":0,"parent":0,"menu_order":0,"comment_status":"closed","ping_status":"closed","template":"template-microsite.php","meta":{"footnotes":""},"class_list":["post-157","page","type-page","status-publish","hentry","description-off"],"aioseo_notices":[],"_links":{"self":[{"href":"https:\/\/rcm1.rcm.upr.edu\/oficinasistemas\/wp-json\/wp\/v2\/pages\/157","targetHints":{"allow":["GET"]}}],"collection":[{"href":"https:\/\/rcm1.rcm.upr.edu\/oficinasistemas\/wp-json\/wp\/v2\/pages"}],"about":[{"href":"https:\/\/rcm1.rcm.upr.edu\/oficinasistemas\/wp-json\/wp\/v2\/types\/page"}],"author":[{"embeddable":true,"href":"https:\/\/rcm1.rcm.upr.edu\/oficinasistemas\/wp-json\/wp\/v2\/users\/1"}],"replies":[{"embeddable":true,"href":"https:\/\/rcm1.rcm.upr.edu\/oficinasistemas\/wp-json\/wp\/v2\/comments?post=157"}],"version-history":[{"count":2,"href":"https:\/\/rcm1.rcm.upr.edu\/oficinasistemas\/wp-json\/wp\/v2\/pages\/157\/revisions"}],"predecessor-version":[{"id":2076,"href":"https:\/\/rcm1.rcm.upr.edu\/oficinasistemas\/wp-json\/wp\/v2\/pages\/157\/revisions\/2076"}],"wp:attachment":[{"href":"https:\/\/rcm1.rcm.upr.edu\/oficinasistemas\/wp-json\/wp\/v2\/media?parent=157"}],"curies":[{"name":"wp","href":"https:\/\/api.w.org\/{rel}","templated":true}]}}