{"id":187,"date":"2017-06-05T16:55:31","date_gmt":"2017-06-05T16:55:31","guid":{"rendered":"http:\/\/127.0.0.1\/rcm\/osi\/servicios-facultad-empleados\/"},"modified":"2017-06-05T16:55:31","modified_gmt":"2017-06-05T16:55:31","slug":"servicios-facultad-empleados","status":"publish","type":"page","link":"https:\/\/rcm1.rcm.upr.edu\/oficinasistemas\/servicios-facultad-empleados\/","title":{"rendered":"Servicios para Facultad y Empleados"},"content":{"rendered":"<div class=\"wpb-content-wrapper\"><p>[vc_row][vc_column][vc_empty_space][vc_column_text]La Oficina de Sistemas de Informaci\u00f3n ofrece a la facultad y empleados del Recinto de Ciencias M\u00e9dicas una serie de servicios y acceso a los recursos de las tecnolog\u00edas de informaci\u00f3n para equipos y Sistemas de la instituci\u00f3n. Entre los servicios y los recursos ofrecidos se encuentran los siguientes:<\/p>\n<ul>\n<li><strong>Sistema Administrativo (HRS y SIS)<\/strong><\/li>\n<li><strong>University Financial Information System (UFIS)<\/strong> \u2013 Comunicarse con la Oficina del Decano de Administraci\u00f3n.<\/li>\n<li><a href=\"https:\/\/login.microsoftonline.com\/common\/oauth2\/authorize?client_id=00000002-0000-0ff1-ce00-000000000000&amp;redirect_uri=https%3a%2f%2foutlook.office.com%2fowa%2f&amp;resource=00000002-0000-0ff1-ce00-000000000000&amp;response_mode=form_post&amp;response_type=code+id_token&amp;scope=openid&amp;msafed=1&amp;msaredir=1&amp;client-request-id=4902fd46-9111-4e64-ad5d-922ac6994eac&amp;protectedtoken=true&amp;claims=%7b%22id_token%22%3a%7b%22xms_cc%22%3a%7b%22values%22%3a%5b%22CP1%22%5d%7d%7d%7d&amp;nonce=637594449458655171.435e0e37-647e-4576-b241-f829caaf4788&amp;state=Dcs7EoAgDEXRoONyIiAvH5aDDrSWbt8U53Y3EdEetpBKhEybSQfQIa4i1eqJJrPMZqywyRBTvi9UXn71Z4wFc0_xHvn9Rv4B\" target=\"_blank\" rel=\"noopener noreferrer\"><strong>Correo Electr\u00f3nico Institucional<\/strong><\/a><\/li>\n<li><strong>Cuenta de <em>Active Directory<\/em><\/strong><\/li>\n<li><strong>Cuenta VPN<\/strong><\/li>\n<li><strong><a href=\"https:\/\/sistemaupr.sharepoint.com\/sites\/RCMIntranet\">Acceso al Portal de Empleados del RCM (Intranet)<\/a><\/strong><\/li>\n<\/ul>\n<p>&nbsp;<\/p>\n<p><strong>Acceso a la Red Inal\u00e1mbrica (<em>Wireless)<\/em><\/strong><\/p>\n<p>Puede obtener acceso a las redes inal\u00e1mbricas del Recinto (<strong><em>RCMNET<\/em><\/strong>,\u00a0<strong><em>WLAN-SP<\/em><\/strong>,\u00a0<strong><em>WLAN-EPS<\/em><\/strong>,\u00a0<strong><em>WLAN-FARMACIA<\/em><\/strong>,\u00a0<strong><em>WLAN-OIRE<\/em><\/strong>,\u00a0<strong><em>WLAN-RCM<\/em><\/strong>,\u00a0entre otras) utilizando la cuenta del sistema de Active Directory.<\/p>\n<p>&nbsp;<\/p>\n<p><strong>Acceso al <a href=\"https:\/\/portal.upr.edu\/rcm\/portal.php?a=rea_login\" target=\"_blank\" rel=\"noopener noreferrer\">Portal <em>Next<\/em><\/a><\/strong><\/p>\n<p>Obtenga acceso al Portal <em>Next<\/em> con su cuenta de Correo Electr\u00f3nico Institucional. Usted podr\u00e1 localizar informaci\u00f3n sobre talonarios de pago, W2, acceso a aplicaciones de <em>Microsoft Office<\/em> 365, entre otros beneficios. El personal de Facultad y Profesores podr\u00e1 asignar notas a sus estudiantes y realizar otras gestiones acad\u00e9micas.<\/p>\n<p>&nbsp;<\/p>\n<p><strong>Adquisici\u00f3n e instalaci\u00f3n de programas de la Compa\u00f1\u00eda <em>Microsoft<\/em><\/strong>\u00ae:<\/p>\n<ul>\n<li>Office 365<\/li>\n<li>Windows 10<\/li>\n<\/ul>\n<p>&nbsp;<\/p>\n<p><strong>Adquisici\u00f3n de Programas de la Compa\u00f1\u00eda Adobe<\/strong><\/p>\n<p>La UPR otorg\u00f3 a la compa\u00f1\u00eda PEGS-PR la subasta institucional para la adquisici\u00f3n de programas de la compa\u00f1\u00eda Adobe. Para informaci\u00f3n adici\u00f3nal, comun\u00edquese a\u00a0 <a href=\"https:\/\/rcmworks.rcm.upr.edu\/portal\" target=\"_blank\" rel=\"noopener noreferrer\">http:\/\/rcmworks.rcm.upr.edu\/portal<\/a>.<\/p>\n<p>&nbsp;<\/p>\n<p><strong>Servicio de Apoyo T\u00e9cnico<\/strong><\/p>\n<p>En caso de no tener personal t\u00e9cnico asignado a su unidad, departamento, escuela o decanato, o de necesitar alguno de los servicios antes mencionados. Puede solicitar los servicios de apoyo t\u00e9cnico a trav\u00e9s del Sistema Electr\u00f3nico de Apoyo al Usuario en: <a href=\"https:\/\/rcmworks.rcm.upr.edu\/portal\" target=\"_blank\" rel=\"noopener noreferrer\">http:\/\/rcmworks.rcm.upr.edu\/portal<\/a>. Tambi\u00e9n, hemos colocado el enlace en el Portal de Empleados. De no lograr acceso al Sistema Electr\u00f3nico nos puede visitar en la Oficina A205, segundo piso del Edificio Principal (Guillermo Arbona Irizarry) o se puede comunicar a las extensiones 1244, 1245 y 1064.[\/vc_column_text][\/vc_column][\/vc_row]<\/p>\n<\/div>","protected":false},"excerpt":{"rendered":"<p>[vc_row][vc_column][vc_empty_space][vc_column_text]La Oficina de Sistemas de Informaci\u00f3n ofrece a la facultad y empleados del Recinto de Ciencias M\u00e9dicas una serie de servicios y acceso a los recursos de las tecnolog\u00edas de informaci\u00f3n para equipos y Sistemas de la instituci\u00f3n. Entre los servicios y los recursos ofrecidos se encuentran los siguientes: Sistema Administrativo (HRS y SIS) University&hellip;<\/p>\n","protected":false},"author":1,"featured_media":0,"parent":0,"menu_order":0,"comment_status":"closed","ping_status":"closed","template":"template-microsite.php","meta":{"footnotes":""},"class_list":["post-187","page","type-page","status-publish","hentry","description-off"],"aioseo_notices":[],"_links":{"self":[{"href":"https:\/\/rcm1.rcm.upr.edu\/oficinasistemas\/wp-json\/wp\/v2\/pages\/187","targetHints":{"allow":["GET"]}}],"collection":[{"href":"https:\/\/rcm1.rcm.upr.edu\/oficinasistemas\/wp-json\/wp\/v2\/pages"}],"about":[{"href":"https:\/\/rcm1.rcm.upr.edu\/oficinasistemas\/wp-json\/wp\/v2\/types\/page"}],"author":[{"embeddable":true,"href":"https:\/\/rcm1.rcm.upr.edu\/oficinasistemas\/wp-json\/wp\/v2\/users\/1"}],"replies":[{"embeddable":true,"href":"https:\/\/rcm1.rcm.upr.edu\/oficinasistemas\/wp-json\/wp\/v2\/comments?post=187"}],"version-history":[{"count":0,"href":"https:\/\/rcm1.rcm.upr.edu\/oficinasistemas\/wp-json\/wp\/v2\/pages\/187\/revisions"}],"wp:attachment":[{"href":"https:\/\/rcm1.rcm.upr.edu\/oficinasistemas\/wp-json\/wp\/v2\/media?parent=187"}],"curies":[{"name":"wp","href":"https:\/\/api.w.org\/{rel}","templated":true}]}}