{"id":193,"date":"2017-06-05T17:03:06","date_gmt":"2017-06-05T17:03:06","guid":{"rendered":"http:\/\/127.0.0.1\/rcm\/osi\/servicios-visitantes\/"},"modified":"2024-11-27T15:02:31","modified_gmt":"2024-11-27T15:02:31","slug":"servicios-visitantes","status":"publish","type":"page","link":"https:\/\/rcm1.rcm.upr.edu\/oficinasistemas\/servicios-visitantes\/","title":{"rendered":"Servicios para Visitantes"},"content":{"rendered":"<div class=\"wpb-content-wrapper\"><p>[vc_row][vc_column][vc_empty_space][vc_column_text]Al participar como visitante en actividades, proyectos de investigaci\u00f3n u otros servicios dentro de nuestros anfiteatros, el Centro de Estudiantes, la Biblioteca u otras facilidades, puede obtener acceso al Servicio de Internet inal\u00e1mbrico del Recinto de Ciencias M\u00e9dicas.<\/p>\n<h3>Acceso a la Red Inal\u00e1mbrica (<em>Wireless<\/em>)<\/h3>\n<p>Si observa en su dispositivo m\u00f3vil que la red Inal\u00e1mbrica &#8220;RCMNET&#8221; est\u00e1 disponible y con buena cobertura, debe registrarse como Guest o Visitante.\u00a0 Para m\u00e1s informaci\u00f3n, ver el documento &#8220;<a href=\"https:\/\/rcm1.rcm.upr.edu\/oficinasistemas\/wp-content\/uploads\/sites\/21\/2020\/04\/RCMNET-GUEST-ACCESS.pdf\" target=\"_blank\" rel=\"noopener noreferrer\">RCMNET-GUEST-ACCESS<\/a>&#8220;.<\/p>\n<p>En caso de observar la disponibilidad de conexi\u00f3n a &#8220;MSC_GUEST-FARMACIA&#8221;, &#8220;MSC_GUEST-EPS&#8221; o &#8220;MSC_GUEST-ENFERMERIA&#8221;, debe comunicarse con el coordinador de la actividad o evento para que nos realice la solicitud de acceso y pueda obtener el acceso.\u00a0 El empleado o facultad del Recinto de Ciencias M\u00e9dicas, como parte del procedimiento est\u00e1ndar, debe llenar una Solicitud de Servicio en <a href=\"https:\/\/helpdesk.rcm.upr.edu\" target=\"_blank\" rel=\"noopener noreferrer\">http:\/\/helpdesk.rcm.upr.edu<\/a> con al menos tres d\u00edas de anticipaci\u00f3n e incluir los siguientes datos en el \u00e1rea de descripci\u00f3n:<\/p>\n<ul>\n<li>Nombre actividad<\/li>\n<li>Fechas de la actividad<\/li>\n<li>Horario de la actividad<\/li>\n<li>Localizaci\u00f3n (ejemplo: Facultad de Enfermer\u00eda, 3er piso, Sal\u00f3n 310)<\/li>\n<li>N\u00famero de personas (aproximado): Informaci\u00f3n de tel\u00e9fono, extensi\u00f3n y correo electr\u00f3nico d\u00f3nde podamos comunicarnos con el solicitante o la persona encargada de la actividad en caso que haya alg\u00fan problema con el WiFi.<\/li>\n<\/ul>\n<h3>Personal de Contratos<\/h3>\n<p>Para todo el personal de Servicios Profesionales, Contratos, Ad-honorem, Residentes Externos, u otros debidamente autorizados, la Oficina de Sistemas de Informaci\u00f3n le provee recursos esenciales para cumplir con el desempe\u00f1o de sus funciones en el Recinto de Ciencias M\u00e9dicas, durante el t\u00e9rmino del contrato.\u00a0 Entre los recursos ofrecidos se encuentran:<\/p>\n<ul>\n<li><strong>Correo Electr\u00f3nico Institucional<\/strong>: Enlace a Cuenta de Correo Electr\u00f3nico Institucional en la p\u00e1gina de <a href=\"https:\/\/osi.rcm.upr.edu\/cuentas-de-acceso\/\">Cuentas de Acceso<\/a>.<\/li>\n<li><strong>Cuenta de Active Directory<\/strong>: Enlace a Cuenta de Active Directory en la p\u00e1gina de <a href=\"https:\/\/osi.rcm.upr.edu\/cuentas-de-acceso\/\">Cuentas de Acceso<\/a>.<\/li>\n<li><strong>Acceso a la Red Inal\u00e1mbrica (<em>Wireless<\/em>)<\/strong>: Puede obtener acceso a las redes inal\u00e1mbricas del Recinto (<strong><em>RCMNET<\/em><\/strong>,\u00a0<strong><em>WLAN-SP<\/em><\/strong>,\u00a0<strong><em>WLAN-EPS<\/em><\/strong>,\u00a0<strong><em>WLAN-FARMACIA<\/em><\/strong>,\u00a0<strong><em>WLAN-OIRE<\/em><\/strong>,\u00a0<strong><em>WLAN-RCM<\/em><\/strong>,\u00a0entre otras) utilizando la cuenta del sistema de Active Directory.<\/li>\n<\/ul>\n<p>Debe entregar un <a href=\"https:\/\/accounts.google.com\/ServiceLogin?service=wise&amp;passive=1209600&amp;continue=https:\/\/docs.google.com\/forms\/d\/e\/1FAIpQLSeikO75UtI5_z1h_joHGds6y443peKMuPlyzs2D-rXm05bblQ\/viewform?usp%3Dsend_form&amp;followup=https:\/\/docs.google.com\/forms\/d\/e\/1FAIpQLSeikO75UtI5_z1h_joHGds6y443peKMuPlyzs2D-rXm05bblQ\/viewform?usp%3Dsend_form&amp;ltmpl=forms\" target=\"_blank\" rel=\"noopener noreferrer\">Formulario para Solicitud o Renovaci\u00f3n de Cuenta<\/a> e incluir una carta de su jefe inmediato dirigida al Director de la Oficina de Sistemas de Informaci\u00f3n justificando la necesidad de dicha cuenta y copia de la primera p\u00e1gina, secci\u00f3n de vigencia y \u00faltima p\u00e1gina de con las firmas del Contrato.[\/vc_column_text][\/vc_column][\/vc_row]<\/p>\n<\/div>","protected":false},"excerpt":{"rendered":"<p>[vc_row][vc_column][vc_empty_space][vc_column_text]Al participar como visitante en actividades, proyectos de investigaci\u00f3n u otros servicios dentro de nuestros anfiteatros, el Centro de Estudiantes, la Biblioteca u otras facilidades, puede obtener acceso al Servicio de Internet inal\u00e1mbrico del Recinto de Ciencias M\u00e9dicas. Acceso a la Red Inal\u00e1mbrica (Wireless) Si observa en su dispositivo m\u00f3vil que la red Inal\u00e1mbrica &#8220;RCMNET&#8221;&hellip;<\/p>\n","protected":false},"author":1,"featured_media":0,"parent":0,"menu_order":0,"comment_status":"closed","ping_status":"closed","template":"template-microsite.php","meta":{"footnotes":""},"class_list":["post-193","page","type-page","status-publish","hentry","description-off"],"aioseo_notices":[],"_links":{"self":[{"href":"https:\/\/rcm1.rcm.upr.edu\/oficinasistemas\/wp-json\/wp\/v2\/pages\/193","targetHints":{"allow":["GET"]}}],"collection":[{"href":"https:\/\/rcm1.rcm.upr.edu\/oficinasistemas\/wp-json\/wp\/v2\/pages"}],"about":[{"href":"https:\/\/rcm1.rcm.upr.edu\/oficinasistemas\/wp-json\/wp\/v2\/types\/page"}],"author":[{"embeddable":true,"href":"https:\/\/rcm1.rcm.upr.edu\/oficinasistemas\/wp-json\/wp\/v2\/users\/1"}],"replies":[{"embeddable":true,"href":"https:\/\/rcm1.rcm.upr.edu\/oficinasistemas\/wp-json\/wp\/v2\/comments?post=193"}],"version-history":[{"count":2,"href":"https:\/\/rcm1.rcm.upr.edu\/oficinasistemas\/wp-json\/wp\/v2\/pages\/193\/revisions"}],"predecessor-version":[{"id":2073,"href":"https:\/\/rcm1.rcm.upr.edu\/oficinasistemas\/wp-json\/wp\/v2\/pages\/193\/revisions\/2073"}],"wp:attachment":[{"href":"https:\/\/rcm1.rcm.upr.edu\/oficinasistemas\/wp-json\/wp\/v2\/media?parent=193"}],"curies":[{"name":"wp","href":"https:\/\/api.w.org\/{rel}","templated":true}]}}