{"id":220,"date":"2017-06-08T16:06:28","date_gmt":"2017-06-08T16:06:28","guid":{"rendered":"http:\/\/127.0.0.1\/rcm\/osi\/recursos\/"},"modified":"2025-07-01T19:26:12","modified_gmt":"2025-07-01T19:26:12","slug":"recursos","status":"publish","type":"page","link":"https:\/\/rcm1.rcm.upr.edu\/oficinasistemas\/recursos\/","title":{"rendered":"Recursos"},"content":{"rendered":"<div class=\"wpb-content-wrapper\"><p>[vc_row][vc_column][vc_column_text]Recursos electr\u00f3nicos para beneficio de empleados, estudiantes y dem\u00e1s miembros de la Comunidad del Recinto de Ciencias M\u00e9dicas:<\/p>\n<h3>Enlaces<\/h3>\n<ul>\n<li><a style=\"color: #005177;\" href=\"https:\/\/login.microsoftonline.com\/common\/oauth2\/authorize?client_id=00000002-0000-0ff1-ce00-000000000000&amp;redirect_uri=https%3a%2f%2foutlook.office.com%2fowa%2f&amp;resource=00000002-0000-0ff1-ce00-000000000000&amp;response_mode=form_post&amp;response_type=code+id_token&amp;scope=openid&amp;msafed=1&amp;msaredir=1&amp;client-request-id=4902fd46-9111-4e64-ad5d-922ac6994eac&amp;protectedtoken=true&amp;claims=%7b%22id_token%22%3a%7b%22xms_cc%22%3a%7b%22values%22%3a%5b%22CP1%22%5d%7d%7d%7d&amp;nonce=637594449458655171.435e0e37-647e-4576-b241-f829caaf4788&amp;state=Dcs7EoAgDEXRoONyIiAvH5aDDrSWbt8U53Y3EdEetpBKhEybSQfQIa4i1eqJJrPMZqywyRBTvi9UXn71Z4wFc0_xHvn9Rv4B\" target=\"_blank\" rel=\"noopener noreferrer\"><span lang=\"es\" data-ogsc=\"black\">Microsoft Outlook 365<\/span><\/a><\/li>\n<li><a href=\"https:\/\/docs.google.com\/forms\/d\/1iNGEaUU7cERO-3OJGvQBc8LTbqoVBsWcfMlDT4Ai9_k\/\" target=\"_blank\" rel=\"noopener noreferrer\">Formulario para Solicitud o Renovaci\u00f3n de Cuenta<\/a><\/li>\n<li><a href=\"https:\/\/accounts.google.com\/ServiceLogin?service=wise&amp;passive=1209600&amp;continue=https:\/\/docs.google.com\/forms\/d\/e\/1FAIpQLScxQwCMCZsp_ebC04EVPhXb6l6KfyIuq781rwtuoMxQ5vbHGw\/viewform?usp%3Dsend_form&amp;followup=https:\/\/docs.google.com\/forms\/d\/e\/1FAIpQLScxQwCMCZsp_ebC04EVPhXb6l6KfyIuq781rwtuoMxQ5vbHGw\/viewform?usp%3Dsend_form&amp;ltmpl=forms\">Formulario para Solicitud de Acceso VPN,VDI,WordPress *<\/a><\/li>\n<li><a href=\"https:\/\/docs.google.com\/forms\/d\/e\/1FAIpQLSfwDVbqsEU2JNLRcH2GLhxbKF37lphl5jwk6Oxy9rJhzB-2bA\/viewform?usp=header\">Formulario para Solicitud de Acceso VPN UKG<\/a><\/li>\n<li><a href=\"https:\/\/accounts.google.com\/ServiceLogin?service=wise&amp;passive=1209600&amp;continue=https:\/\/docs.google.com\/forms\/d\/e\/1FAIpQLScuXaA3ORszobfxXYX_autaD-nwlKm13F2V4uP0jagX1O1Zfw\/viewform?usp%3Dsend_form&amp;followup=https:\/\/docs.google.com\/forms\/d\/e\/1FAIpQLScuXaA3ORszobfxXYX_autaD-nwlKm13F2V4uP0jagX1O1Zfw\/viewform?usp%3Dsend_form&amp;ltmpl=forms\">Solicitud de Cuenta Compartidas (para departamentos, oficinas, proyectos de investigaci\u00f3n, asociaci\u00f3n estudiantil, entre otros) *<\/a><\/li>\n<li><a href=\"https:\/\/accounts.google.com\/ServiceLogin?service=wise&amp;passive=1209600&amp;continue=https:\/\/docs.google.com\/forms\/d\/e\/1FAIpQLScQJm0aFcixzSCmbg5brWl8uF9j3KtP1i80eTKeOs6wWPf46Q\/viewform?usp%3Dsend_form&amp;followup=https:\/\/docs.google.com\/forms\/d\/e\/1FAIpQLScQJm0aFcixzSCmbg5brWl8uF9j3KtP1i80eTKeOs6wWPf46Q\/viewform?usp%3Dsend_form&amp;ltmpl=forms\">Solicitud de Cambios a Tr\u00e1fico en Firewall de Red *<\/a><\/li>\n<\/ul>\n<h5>*Favor de accesar a\u00a0<b>correo.upr.edu con<\/b> alg\u00fan navegador que no sea Chrome<\/h5>\n<h3>Documentos<\/h3>\n<ul>\n<li><a href=\"https:\/\/rcm1.rcm.upr.edu\/oficinasistemas\/wp-content\/uploads\/sites\/21\/2022\/08\/Requisitos-Minimos-de-las-PC-y-MAC-para-RCM-8-17-2022.pdf\">Requisitos\u00a0M\u00ednimos\u00a0de\u00a0las\u00a0PC\u00a0y\u00a0Mac\u00a0para\u00a0el\u00a0Recinto\u00a0de\u00a0Ciencias\u00a0M\u00e9dicas\u00a0establecidos\u00a0por\u00a0la\u00a0Oficina\u00a0de\u00a0Sistemas\u00a0de\u00a0Informaci\u00f3n<\/a><\/li>\n<li><a href=\"https:\/\/rcm1.rcm.upr.edu\/oficinasistemas\/wp-content\/uploads\/sites\/21\/2020\/04\/Solicitud-de-Acceso-NEXT.pdf\">Solicitud de Acceso NEXT<\/a><\/li>\n<li><a href=\"https:\/\/rcm1.rcm.upr.edu\/oficinasistemas\/wp-content\/uploads\/sites\/21\/2020\/04\/WIFI-RCM.pdf\" target=\"_blank\" rel=\"noopener noreferrer\">WiFi del RCM: Localizaciones e instrucciones<\/a><\/li>\n<li><a href=\"https:\/\/rcm1.rcm.upr.edu\/oficinasistemas\/wp-content\/uploads\/sites\/21\/2020\/04\/RCMNET-GUEST-ACCESS.pdf\" target=\"_blank\" rel=\"noopener noreferrer\">RCMNET Wireless Network Guest Access<\/a><\/li>\n<li><a href=\"https:\/\/rcm1.rcm.upr.edu\/oficinasistemas\/wp-content\/uploads\/sites\/21\/2020\/09\/Activar-licencia-Office-365.pdf\" target=\"_blank\" rel=\"noopener noreferrer\">Activar licencia Office 365<\/a><\/li>\n<li><a style=\"color: #005177;\" href=\"https:\/\/rcm1.rcm.upr.edu\/oficinasistemas\/wp-content\/uploads\/sites\/21\/2020\/04\/Email-RCM.pdf\" target=\"_blank\" rel=\"noopener noreferrer\">Correo Electr\u00f3nico &#8211; RCM<\/a><\/li>\n<li><a href=\"https:\/\/rcm1.rcm.upr.edu\/oficinasistemas\/wp-content\/uploads\/sites\/21\/2021\/05\/Registro-MFA.pdf\">Registro Multi-Factor Authentication (MFA) para aplicaciones Office 365<\/a><\/li>\n<li><a href=\"https:\/\/rcm1.rcm.upr.edu\/oficinasistemas\/wp-content\/uploads\/sites\/21\/2021\/08\/Guia-Configuracion-de-MFA_RCM-OSI.pdf\">Gu\u00eda Configuracio\u0301n de Multi-Factor Authentication (MFA)<\/a><\/li>\n<li><a href=\"https:\/\/rcm1.rcm.upr.edu\/oficinasistemas\/wp-content\/uploads\/sites\/21\/2020\/04\/OSI-Estudiantes.pdf\" target=\"_blank\" rel=\"noopener noreferrer\">Servicios y Aplicaciones para Estudiantes<\/a><\/li>\n<li><a href=\"https:\/\/rcm1.rcm.upr.edu\/oficinasistemas\/wp-content\/uploads\/sites\/21\/2020\/04\/GAE-RCM.pdf\" target=\"_blank\" rel=\"noopener noreferrer\"><em>Google Apps for Education<\/em> (GAE) &#8211; RCM<\/a><\/li>\n<li><a href=\"https:\/\/rcm1.rcm.upr.edu\/oficinasistemas\/wp-content\/uploads\/sites\/21\/2020\/04\/instrucciones-recuperar-password-flyer.pdf\" target=\"_blank\" rel=\"noopener noreferrer\">Instrucciones de c\u00f3mo recuperar la contrase\u00f1a del correo electr\u00f3nico UPR (Olvid\u00f3 su contrase\u00f1a)<\/a><\/li>\n<li><a href=\"https:\/\/rcm1.rcm.upr.edu\/oficinasistemas\/wp-content\/uploads\/sites\/21\/2020\/04\/instrucciones-cambio-password-next-flyer.pdf\" target=\"_blank\" rel=\"noopener noreferrer\">Instrucciones para cambio de Contrase\u00f1a del Correo Electr\u00f3nico (Conoce su contrase\u00f1a actual)<\/a><\/li>\n<li><a href=\"https:\/\/osi.rcm.upr.edu\/wp-content\/uploads\/sites\/26\/2020\/04\/Instrucciones-cambio-contrase%C3%B1a-Active-Directory.pdf\" target=\"_blank\" rel=\"noopener noreferrer\">Instrucciones para cambiar su contrase\u00f1a de Active Directory en l\u00ednea<\/a> \/\u00a0<a href=\"https:\/\/rcm1.rcm.upr.edu\/oficinasistemas\/wp-content\/uploads\/sites\/21\/2020\/04\/Instructions-to-change-Active-Directory-Password-online.pdf\" target=\"_blank\" rel=\"noopener noreferrer\">Instructions to change Active Directory Password online<\/a><\/li>\n<li><a href=\"https:\/\/rcm1.rcm.upr.edu\/oficinasistemas\/wp-content\/uploads\/sites\/21\/2022\/02\/Instrucciones-Desbloquear-Active-Directory.pdf\" target=\"_blank\" rel=\"noopener noreferrer\">Instrucciones para desbloquear su cuenta de Active Directory en l\u00ednea<\/a><\/li>\n<li><a href=\"https:\/\/rcm1.rcm.upr.edu\/oficinasistemas\/wp-content\/uploads\/sites\/21\/2020\/04\/instrucciones-talonarios-next-flyer.pdf\" target=\"_blank\" rel=\"noopener noreferrer\">Instrucciones para Acceder los Talonarios de Pago en el Portal Next<\/a><\/li>\n<\/ul>\n<h3><\/h3>\n<h3>Pol\u00edticas<\/h3>\n<ul>\n<li><a href=\"https:\/\/rcm1.rcm.upr.edu\/oficinasistemas\/wp-content\/uploads\/sites\/21\/2023\/06\/CERTIFICACION-NUMERO-85-2022-2023-POLITICA-INSTITUCIO-AL-SOBRE-EL-USO-Y-ACCESO-A-LOS-RECURSOS-DE-LA-TECNOLOGIA-DE-LA-INFORMACION-DE-LA-UNIVERSIDAD-DE-PUERTO-RICO.pdf\" target=\"_blank\" rel=\"noopener noreferrer\">Pol\u00edtica Institucional sobre el Uso y Acceso a los Recursos de la Tecnolog\u00eda de la Informaci\u00f3n en la Universidad de Puerto Rico<\/a><\/li>\n<li><a href=\"https:\/\/rcm1.rcm.upr.edu\/oficinasistemas\/wp-content\/uploads\/sites\/21\/2020\/05\/estandares_uso_tech_UPR_2007_2008.pdf\" target=\"_blank\" rel=\"noopener noreferrer\">Est\u00e1ndares para la Utilizaci\u00f3n Aceptable de Recursos de Tecnolog\u00eda Inform\u00e1tica<\/a><\/li>\n<li><a href=\"https:\/\/rcm2.rcm.upr.edu\/wp-content\/uploads\/2021\/10\/Ley-FERPA.pdf\" target=\"_blank\" rel=\"noopener noreferrer\">Ley FERPA<\/a><\/li>\n<li><a href=\"https:\/\/rcm1.rcm.upr.edu\/oficinasistemas\/wp-content\/uploads\/sites\/21\/2020\/05\/politica_inst_uso_tech_UPR_2007_2008.pdf\" target=\"_blank\" rel=\"noopener noreferrer\">Pol\u00edtica de Seguridad de Tecnolog\u00edas de Informaci\u00f3n del RCM<\/a><\/li>\n<li><a href=\"https:\/\/rcm2.rcm.upr.edu\/wp-content\/uploads\/2021\/10\/Student-Identity-Verification-in-Distance-and-Correspondance-Education.pdf\" target=\"_blank\" rel=\"noopener\">Policy for Student Identity verification in Distance and Correspondence Education<\/a><\/li>\n<\/ul>\n<h3><\/h3>\n<h3>Aplicaciones o Herramientas<\/h3>\n<ul>\n<li><a href=\"https:\/\/download.cnet.com\/Tera-Term\/3000-2094_4-75766675.html\" target=\"_blank\" rel=\"noopener noreferrer\">TeraTerm Pro &#8211; Acceso a la Integrity<\/a><\/li>\n<li><a href=\"https:\/\/osi.rcm.upr.edu\/configurar-putty\/\">Putty \u2013 Acceso al Sistema Estudiantil (SIS)<\/a><\/li>\n<li><a href=\"https:\/\/rcmworks.rcm.upr.edu\/portal\" target=\"_blank\" rel=\"noopener noreferrer\">Sistema de Solicitud de Servicios<\/a><\/li>\n<li><a href=\"https:\/\/acceso.rcm.upr.edu\/showLogin.cc\" target=\"_blank\" rel=\"noopener noreferrer\">Sistema para\u00a0Cambio de contrase\u00f1a Active Directory<\/a><\/li>\n<\/ul>\n<p>[\/vc_column_text][\/vc_column][\/vc_row]<\/p>\n<\/div>","protected":false},"excerpt":{"rendered":"<p>[vc_row][vc_column][vc_column_text]Recursos electr\u00f3nicos para beneficio de empleados, estudiantes y dem\u00e1s miembros de la Comunidad del Recinto de Ciencias M\u00e9dicas: Enlaces Microsoft Outlook 365 Formulario para Solicitud o Renovaci\u00f3n de Cuenta Formulario para Solicitud de Acceso VPN,VDI,WordPress * Formulario para Solicitud de Acceso VPN UKG Solicitud de Cuenta Compartidas (para departamentos, oficinas, proyectos de investigaci\u00f3n, asociaci\u00f3n estudiantil,&hellip;<\/p>\n","protected":false},"author":1,"featured_media":0,"parent":0,"menu_order":0,"comment_status":"closed","ping_status":"closed","template":"template-microsite.php","meta":{"footnotes":""},"class_list":["post-220","page","type-page","status-publish","hentry","description-off"],"aioseo_notices":[],"_links":{"self":[{"href":"https:\/\/rcm1.rcm.upr.edu\/oficinasistemas\/wp-json\/wp\/v2\/pages\/220","targetHints":{"allow":["GET"]}}],"collection":[{"href":"https:\/\/rcm1.rcm.upr.edu\/oficinasistemas\/wp-json\/wp\/v2\/pages"}],"about":[{"href":"https:\/\/rcm1.rcm.upr.edu\/oficinasistemas\/wp-json\/wp\/v2\/types\/page"}],"author":[{"embeddable":true,"href":"https:\/\/rcm1.rcm.upr.edu\/oficinasistemas\/wp-json\/wp\/v2\/users\/1"}],"replies":[{"embeddable":true,"href":"https:\/\/rcm1.rcm.upr.edu\/oficinasistemas\/wp-json\/wp\/v2\/comments?post=220"}],"version-history":[{"count":1,"href":"https:\/\/rcm1.rcm.upr.edu\/oficinasistemas\/wp-json\/wp\/v2\/pages\/220\/revisions"}],"predecessor-version":[{"id":2091,"href":"https:\/\/rcm1.rcm.upr.edu\/oficinasistemas\/wp-json\/wp\/v2\/pages\/220\/revisions\/2091"}],"wp:attachment":[{"href":"https:\/\/rcm1.rcm.upr.edu\/oficinasistemas\/wp-json\/wp\/v2\/media?parent=220"}],"curies":[{"name":"wp","href":"https:\/\/api.w.org\/{rel}","templated":true}]}}