{"id":68,"date":"2016-12-06T19:19:46","date_gmt":"2016-12-06T19:19:46","guid":{"rendered":"http:\/\/127.0.0.1\/rcm\/osi\/contactenos\/"},"modified":"2016-12-06T19:19:46","modified_gmt":"2016-12-06T19:19:46","slug":"contactenos","status":"publish","type":"page","link":"https:\/\/rcm1.rcm.upr.edu\/oficinasistemas\/contactenos\/","title":{"rendered":"Cont\u00e1ctenos"},"content":{"rendered":"<div class=\"wpb-content-wrapper\"><p>[vc_row][vc_column][vc_empty_space][\/vc_column][\/vc_row][vc_row][vc_column][vc_column_text]El equipo de la Oficina de Sistemas de Informaci\u00f3n est\u00e1 listo para ayudarle. Cont\u00e1ctenos para asistencia. Acceda nuestra \u00e1rea de <a href=\"https:\/\/osi.rcm.upr.edu\/servicios\/\">Servicios<\/a> para conocer sobre los servicios que proveemos.\u00a0Para su beneficio, y nos permita el debido registro, asignaci\u00f3n y seguimiento de la solicitud, recomendamos que llene una petici\u00f3n de servicio en el Sistema Electr\u00f3nico. En la eventualidad que el Sistema Electr\u00f3nico no est\u00e9 disponible, puede llamarnos o visitarnos para asistencia.[\/vc_column_text][\/vc_column][\/vc_row][vc_row][vc_column width=&#8221;1\/3&#8243;][vc_column_text]<\/p>\n<p style=\"text-align: center\"><img loading=\"lazy\" decoding=\"async\" class=\"aligncenter wp-image-206 size-thumbnail\" src=\"https:\/\/rcm1.rcm.upr.edu\/oficinasistemas\/wp-content\/uploads\/sites\/21\/2020\/04\/smartphone-1.png\" alt=\"Smartphone\" width=\"150\" height=\"150\" \/><strong>787-758-2525 ext. 1244, 1245, 1064, 1269<\/strong><\/p>\n<p>[\/vc_column_text][\/vc_column][vc_column width=&#8221;1\/3&#8243;][vc_column_text]<img loading=\"lazy\" decoding=\"async\" class=\"wp-image-322 aligncenter\" src=\"https:\/\/rcm1.rcm.upr.edu\/oficinasistemas\/wp-content\/uploads\/sites\/21\/2020\/04\/Flat-Email.jpg\" alt=\"\" width=\"131\" height=\"129\" \/><\/p>\n<p style=\"text-align: center\"><a href=\"mailto:osi.rcm@upr.edu\">osi.rcm@upr.edu<\/a><\/p>\n<p style=\"text-align: center\"><a href=\"mailto:rcmticket.rcm@upr.edu\">rcmticket.rcm@upr.edu<\/a><\/p>\n<p>[\/vc_column_text][\/vc_column][vc_column width=&#8221;1\/3&#8243;][vc_column_text]<\/p>\n<p style=\"text-align: center\"><img loading=\"lazy\" decoding=\"async\" class=\"aligncenter wp-image-205 size-thumbnail\" src=\"https:\/\/rcm1.rcm.upr.edu\/oficinasistemas\/wp-content\/uploads\/sites\/21\/2020\/04\/map-location-150x150.png\" alt=\"Localidad\" width=\"150\" height=\"150\" \/><strong>Edificio Guillermo Arbona Irizarry (Edificio principal),<\/strong><br \/>\n<strong>2ndo piso, oficina A205<\/strong><br \/>\n<strong>Horario: 7:30 \u2013 5:00pm<\/strong>[\/vc_column_text][\/vc_column][\/vc_row][vc_row][vc_column][vc_column_text]<\/p>\n<h3>Equipo administrativo de la OSI<\/h3>\n<p>[\/vc_column_text][\/vc_column][\/vc_row][vc_row][vc_column width=&#8221;1\/2&#8243;][vc_column_text]<\/p>\n<p style=\"text-align: left\"><strong>Jos\u00e9 R. Hern\u00e1ndez<\/strong><br \/>\nDirector Interino<br \/>\n787-758-2525, ext. 2253<br \/>\n<a href=\"mailto:jose.hernandez39@upr.edu\">jose.hernandez39@upr.edu<\/a><\/p>\n<p>[\/vc_column_text][\/vc_column][vc_column width=&#8221;1\/2&#8243;][vc_column_text]<\/p>\n<p><strong>Maribel Ortiz<\/strong><br \/>\nOficial Administrativo I<br \/>\n787-758-2525 ext.\u00a02245<br \/>\n<a href=\"mailto:maribel.ortiz6@upr.edu\">maribel.ortiz6@upr.edu<\/a><\/p>\n<p>[\/vc_column_text][\/vc_column][\/vc_row]<\/p>\n<\/div>","protected":false},"excerpt":{"rendered":"<p>[vc_row][vc_column][vc_empty_space][\/vc_column][\/vc_row][vc_row][vc_column][vc_column_text]El equipo de la Oficina de Sistemas de Informaci\u00f3n est\u00e1 listo para ayudarle. Cont\u00e1ctenos para asistencia. Acceda nuestra \u00e1rea de Servicios para conocer sobre los servicios que proveemos.\u00a0Para su beneficio, y nos permita el debido registro, asignaci\u00f3n y seguimiento de la solicitud, recomendamos que llene una petici\u00f3n de servicio en el Sistema Electr\u00f3nico. En la&hellip;<\/p>\n","protected":false},"author":1,"featured_media":0,"parent":0,"menu_order":0,"comment_status":"closed","ping_status":"closed","template":"template-microsite.php","meta":{"footnotes":""},"class_list":["post-68","page","type-page","status-publish","hentry","description-off"],"aioseo_notices":[],"_links":{"self":[{"href":"https:\/\/rcm1.rcm.upr.edu\/oficinasistemas\/wp-json\/wp\/v2\/pages\/68","targetHints":{"allow":["GET"]}}],"collection":[{"href":"https:\/\/rcm1.rcm.upr.edu\/oficinasistemas\/wp-json\/wp\/v2\/pages"}],"about":[{"href":"https:\/\/rcm1.rcm.upr.edu\/oficinasistemas\/wp-json\/wp\/v2\/types\/page"}],"author":[{"embeddable":true,"href":"https:\/\/rcm1.rcm.upr.edu\/oficinasistemas\/wp-json\/wp\/v2\/users\/1"}],"replies":[{"embeddable":true,"href":"https:\/\/rcm1.rcm.upr.edu\/oficinasistemas\/wp-json\/wp\/v2\/comments?post=68"}],"version-history":[{"count":1,"href":"https:\/\/rcm1.rcm.upr.edu\/oficinasistemas\/wp-json\/wp\/v2\/pages\/68\/revisions"}],"predecessor-version":[{"id":2068,"href":"https:\/\/rcm1.rcm.upr.edu\/oficinasistemas\/wp-json\/wp\/v2\/pages\/68\/revisions\/2068"}],"wp:attachment":[{"href":"https:\/\/rcm1.rcm.upr.edu\/oficinasistemas\/wp-json\/wp\/v2\/media?parent=68"}],"curies":[{"name":"wp","href":"https:\/\/api.w.org\/{rel}","templated":true}]}}