{"id":157,"date":"2018-10-12T17:54:29","date_gmt":"2018-10-12T17:54:29","guid":{"rendered":"http:\/\/exalumnos.rcm.upr.edu\/pdc\/?page_id=14"},"modified":"2018-10-12T17:54:29","modified_gmt":"2018-10-12T17:54:29","slug":"proyectos","status":"publish","type":"page","link":"https:\/\/rcm1.rcm.upr.edu\/planificaciondiseno\/proyectos\/","title":{"rendered":"Proyectos"},"content":{"rendered":"<div class=\"wpb-content-wrapper\"><p>[vc_row][vc_column][vc_column_text]<\/p>\n<h3><strong>\u00bfQu\u00e9 es un Proyecto de Mejoras Permanentes?<\/strong><\/h3>\n<p>Un proyecto de Mejoras Permanentes es aquel que aumenta el valor de los activos fijos o edificios y terrenos de la instituci\u00f3n. Los proyectos de este tipo son aprobados por la Junta de S\u00edndicos de la Universidad de Puerto Rico. Algunos proyectos de menor envergadura se llevan a cabo con fondos institucionales para peque\u00f1as remodelaciones e instalaciones de m\u00f3dulos de laboratorio u oficina. Otro tipo de proyecto, los de mantenimiento diferido se llevan a cabo para reestablecer el funcionamiento normal de los edificios y evitar la depreciaci\u00f3n acelerada de los mismos.<\/p>\n<p>Todos los proyectos de construcci\u00f3n requieren en mayor o menor grado una serie de actividades para que se puedan llevar a cabo. Las actividades generales son las de: planificaci\u00f3n, dise\u00f1o, subasta, contrataci\u00f3n, construcci\u00f3n, inspecci\u00f3n, supervisi\u00f3n y liquidaci\u00f3n. El diagrama a continuaci\u00f3n describe las actividades principales de cada una de las etapas de un proyecto.<\/p>\n<p>La duraci\u00f3n de un proyecto es muy variable debido a que inciden algunos factores que nuestra oficina no puede controlar como por ejemplo: aprobaci\u00f3n por la Junta de S\u00edndicos del proyecto, flujo de desembolso desde la Presidencia, aprobaci\u00f3n de contratos, etc.<\/p>\n<p>&nbsp;<\/p>\n<h3><strong>Diagrama de Actividades Relacionadas con los Proyectos de Mejoras Permanente<\/strong><\/h3>\n<p><img loading=\"lazy\" decoding=\"async\" class=\"alignnone wp-image-55 aligncenter\" src=\"https:\/\/pdc.rcm.upr.edu\/wp-content\/uploads\/sites\/28\/2020\/04\/\/01_planificacion-300x53.jpg\" alt=\"\" width=\"487\" height=\"86\" \/><\/p>\n<p>&nbsp;<\/p>\n<p style=\"text-align: center\"><img loading=\"lazy\" decoding=\"async\" class=\"wp-image-58 aligncenter\" src=\"https:\/\/pdc.rcm.upr.edu\/wp-content\/uploads\/sites\/28\/2020\/04\/\/02_diseno-300x94.jpg\" alt=\"\" width=\"479\" height=\"150\" \/><\/p>\n<p>&nbsp;<\/p>\n<p style=\"text-align: center\"><img loading=\"lazy\" decoding=\"async\" class=\"wp-image-61 aligncenter\" src=\"https:\/\/pdc.rcm.upr.edu\/wp-content\/uploads\/sites\/28\/2020\/04\/\/03_subasta-300x49.jpg\" alt=\"\" width=\"478\" height=\"78\" \/><\/p>\n<p style=\"text-align: center\"><img loading=\"lazy\" decoding=\"async\" class=\"wp-image-64 aligncenter\" src=\"https:\/\/pdc.rcm.upr.edu\/wp-content\/uploads\/sites\/28\/2020\/04\/\/04_construccion-300x90.jpg\" alt=\"\" width=\"476\" height=\"143\" \/><\/p>\n<p>&nbsp;<\/p>\n<p style=\"text-align: center\"><img loading=\"lazy\" decoding=\"async\" class=\"wp-image-67 aligncenter\" src=\"https:\/\/pdc.rcm.upr.edu\/wp-content\/uploads\/sites\/28\/2020\/04\/\/05_inspaccion-300x69.jpg\" alt=\"\" width=\"474\" height=\"109\" \/><\/p>\n<p>&nbsp;<\/p>\n<p style=\"text-align: center\"><img loading=\"lazy\" decoding=\"async\" class=\"wp-image-70 aligncenter\" src=\"https:\/\/pdc.rcm.upr.edu\/wp-content\/uploads\/sites\/28\/2020\/04\/\/06_supervision-300x64.jpg\" alt=\"\" width=\"474\" height=\"101\" \/><\/p>\n<p>&nbsp;<\/p>\n<p style=\"text-align: center\"><img loading=\"lazy\" decoding=\"async\" class=\"wp-image-73 aligncenter\" src=\"https:\/\/pdc.rcm.upr.edu\/wp-content\/uploads\/sites\/28\/2020\/04\/\/07_liquidacion-300x47.jpg\" alt=\"\" width=\"460\" height=\"72\" \/><\/p>\n<p style=\"text-align: center\">[\/vc_column_text][\/vc_column][\/vc_row]<\/p>\n<\/div>","protected":false},"excerpt":{"rendered":"<p>[vc_row][vc_column][vc_column_text] \u00bfQu\u00e9 es un Proyecto de Mejoras Permanentes? Un proyecto de Mejoras Permanentes es aquel que aumenta el valor de los activos fijos o edificios y terrenos de la instituci\u00f3n. Los proyectos de este tipo son aprobados por la Junta de S\u00edndicos de la Universidad de Puerto Rico. Algunos proyectos de menor envergadura se llevan&hellip;<\/p>\n","protected":false},"author":1,"featured_media":0,"parent":0,"menu_order":0,"comment_status":"closed","ping_status":"closed","template":"template-microsite.php","meta":{"footnotes":""},"class_list":["post-157","page","type-page","status-publish","hentry","description-off"],"aioseo_notices":[],"_links":{"self":[{"href":"https:\/\/rcm1.rcm.upr.edu\/planificaciondiseno\/wp-json\/wp\/v2\/pages\/157","targetHints":{"allow":["GET"]}}],"collection":[{"href":"https:\/\/rcm1.rcm.upr.edu\/planificaciondiseno\/wp-json\/wp\/v2\/pages"}],"about":[{"href":"https:\/\/rcm1.rcm.upr.edu\/planificaciondiseno\/wp-json\/wp\/v2\/types\/page"}],"author":[{"embeddable":true,"href":"https:\/\/rcm1.rcm.upr.edu\/planificaciondiseno\/wp-json\/wp\/v2\/users\/1"}],"replies":[{"embeddable":true,"href":"https:\/\/rcm1.rcm.upr.edu\/planificaciondiseno\/wp-json\/wp\/v2\/comments?post=157"}],"version-history":[{"count":0,"href":"https:\/\/rcm1.rcm.upr.edu\/planificaciondiseno\/wp-json\/wp\/v2\/pages\/157\/revisions"}],"wp:attachment":[{"href":"https:\/\/rcm1.rcm.upr.edu\/planificaciondiseno\/wp-json\/wp\/v2\/media?parent=157"}],"curies":[{"name":"wp","href":"https:\/\/api.w.org\/{rel}","templated":true}]}}