{"id":31,"date":"2018-06-27T17:57:56","date_gmt":"2018-06-27T17:57:56","guid":{"rendered":"http:\/\/exalumnos.rcm.upr.edu\/pdc\/?page_id=2"},"modified":"2018-06-27T17:57:56","modified_gmt":"2018-06-27T17:57:56","slug":"inicio","status":"publish","type":"page","link":"https:\/\/rcm1.rcm.upr.edu\/planificaciondiseno\/","title":{"rendered":"Inicio"},"content":{"rendered":"<div class=\"wpb-content-wrapper\"><p>[vc_row][vc_column][vc_raw_js]JTNDJTIxLS0lMjBHbG9iYWwlMjBzaXRlJTIwdGFnJTIwJTI4Z3RhZy5qcyUyOSUyMC0lMjBHb29nbGUlMjBBbmFseXRpY3MlMjAtLSUzRSUwQSUzQ3NjcmlwdCUyMGFzeW5jJTIwc3JjJTNEJTIyaHR0cHMlM0ElMkYlMkZ3d3cuZ29vZ2xldGFnbWFuYWdlci5jb20lMkZndGFnJTJGanMlM0ZpZCUzRFVBLTExOTU5MjEyMy0xNCUyMiUzRSUzQyUyRnNjcmlwdCUzRSUwQSUzQ3NjcmlwdCUzRSUwQSUyMCUyMHdpbmRvdy5kYXRhTGF5ZXIlMjAlM0QlMjB3aW5kb3cuZGF0YUxheWVyJTIwJTdDJTdDJTIwJTVCJTVEJTNCJTBBJTIwJTIwZnVuY3Rpb24lMjBndGFnJTI4JTI5JTdCZGF0YUxheWVyLnB1c2glMjhhcmd1bWVudHMlMjklM0IlN0QlMEElMjAlMjBndGFnJTI4JTI3anMlMjclMkMlMjBuZXclMjBEYXRlJTI4JTI5JTI5JTNCJTBBJTBBJTIwJTIwZ3RhZyUyOCUyN2NvbmZpZyUyNyUyQyUyMCUyN1VBLTExOTU5MjEyMy0xNCUyNyUyOSUzQiUwQSUzQyUyRnNjcmlwdCUzRSUwQQ==[\/vc_raw_js][vc_column_text]<\/p>\n<h3><strong>Misi\u00f3n<\/strong><\/h3>\n<p>[\/vc_column_text][vc_column_text]La misi\u00f3n de la Oficina de Planificaci\u00f3n, Dise\u00f1o y Construcci\u00f3n es fomentar, facilitar y coordinar el proceso de planificaci\u00f3n f\u00edsica del Recinto de Ciencias M\u00e9dicas, asesorar para la toma de decisiones estrat\u00e9gicas y promover el desarrollo f\u00edsico de la instituci\u00f3n.[\/vc_column_text][vc_empty_space][vc_column_text]<\/p>\n<h3><strong>Metas<\/strong><\/h3>\n<p>[\/vc_column_text][vc_column_text]<\/p>\n<ul>\n<li>Fomentar y facilitar el desarrollo f\u00edsico coordinado de la instituci\u00f3n mediante la elaboraci\u00f3n y administraci\u00f3n de los proyectos de mejoras permanentes.<\/li>\n<li>Desarrollar y mantener un inventario f\u00edsico de todas las instalaciones del Recinto dondequiera que \u00e9stos se ubiquen.<\/li>\n<li>Fomentar la participaci\u00f3n de la comunidad acad\u00e9mica en el proceso de planificaci\u00f3n f\u00edsica.<\/li>\n<li>Promover y fomentar la vinculaci\u00f3n entre la planificaci\u00f3n institucional y la f\u00edsica.<\/li>\n<li>Mantener informada a la comunidad acad\u00e9mica de los proyectos importantes de mejoras permanentes.<\/li>\n<\/ul>\n<p>[\/vc_column_text][vc_empty_space][vc_column_text]<\/p>\n<h3><strong>Organizaci\u00f3n<\/strong><\/h3>\n<p>[\/vc_column_text][vc_column_text]La Oficina de Planificaci\u00f3n, Dise\u00f1o y Construcci\u00f3n est\u00e1 adscrita al Decanato de Administraci\u00f3n. Est\u00e1 organizada en dos (2) unidades t\u00e9cnicas y una (1) unidad administrativa. Las unidades t\u00e9cnicas son la unidad de Planificaci\u00f3n y Dise\u00f1o y la Unidad de Construcci\u00f3n. La unidad administrativa le brinda apoyo a estas unidades y a la Junta de Subastas de Mejoras Permanentes del Recinto la cual es asesora del Rector. El diagrama a continuaci\u00f3n describe las funciones generales de cada unidad.<\/p>\n<p>[\/vc_column_text][vc_column_text]<img loading=\"lazy\" decoding=\"async\" class=\"wp-image-57 size-full aligncenter\" src=\"https:\/\/rcm1.rcm.upr.edu\/planificaciondiseno\/wp-content\/uploads\/sites\/23\/2020\/04\/Diagrama-PDC-2018.jpg\" alt=\"\" width=\"1052\" height=\"503\" \/>[\/vc_column_text][vc_empty_space][vc_column_text]<\/p>\n<h3><strong>Ubicaci\u00f3n<\/strong><\/h3>\n<p>[\/vc_column_text][vc_column_text]La Oficina de Planificaci\u00f3n, Dise\u00f1o y Construcci\u00f3n est\u00e1 ubicada en el Edificio Principal, s\u00e9ptimo piso, A-764.<\/p>\n<p>El horario es de lunes a viernes de 7:00 a.m. a 12:00 m y 1:00 p.m. a 4:30 p.m.[\/vc_column_text][\/vc_column][\/vc_row]<\/p>\n<\/div>","protected":false},"excerpt":{"rendered":"<p>[vc_row][vc_column][vc_raw_js]JTNDJTIxLS0lMjBHbG9iYWwlMjBzaXRlJTIwdGFnJTIwJTI4Z3RhZy5qcyUyOSUyMC0lMjBHb29nbGUlMjBBbmFseXRpY3MlMjAtLSUzRSUwQSUzQ3NjcmlwdCUyMGFzeW5jJTIwc3JjJTNEJTIyaHR0cHMlM0ElMkYlMkZ3d3cuZ29vZ2xldGFnbWFuYWdlci5jb20lMkZndGFnJTJGanMlM0ZpZCUzRFVBLTExOTU5MjEyMy0xNCUyMiUzRSUzQyUyRnNjcmlwdCUzRSUwQSUzQ3NjcmlwdCUzRSUwQSUyMCUyMHdpbmRvdy5kYXRhTGF5ZXIlMjAlM0QlMjB3aW5kb3cuZGF0YUxheWVyJTIwJTdDJTdDJTIwJTVCJTVEJTNCJTBBJTIwJTIwZnVuY3Rpb24lMjBndGFnJTI4JTI5JTdCZGF0YUxheWVyLnB1c2glMjhhcmd1bWVudHMlMjklM0IlN0QlMEElMjAlMjBndGFnJTI4JTI3anMlMjclMkMlMjBuZXclMjBEYXRlJTI4JTI5JTI5JTNCJTBBJTBBJTIwJTIwZ3RhZyUyOCUyN2NvbmZpZyUyNyUyQyUyMCUyN1VBLTExOTU5MjEyMy0xNCUyNyUyOSUzQiUwQSUzQyUyRnNjcmlwdCUzRSUwQQ==[\/vc_raw_js][vc_column_text] Misi\u00f3n [\/vc_column_text][vc_column_text]La misi\u00f3n de la Oficina de Planificaci\u00f3n, Dise\u00f1o y Construcci\u00f3n es fomentar, facilitar y coordinar el proceso de planificaci\u00f3n f\u00edsica del Recinto de Ciencias M\u00e9dicas, asesorar para la toma de decisiones estrat\u00e9gicas y promover el desarrollo f\u00edsico de la instituci\u00f3n.[\/vc_column_text][vc_empty_space][vc_column_text] Metas [\/vc_column_text][vc_column_text] Fomentar y facilitar el desarrollo f\u00edsico coordinado de la instituci\u00f3n mediante&hellip;<\/p>\n","protected":false},"author":1,"featured_media":0,"parent":0,"menu_order":0,"comment_status":"closed","ping_status":"closed","template":"template-microsite.php","meta":{"footnotes":""},"class_list":["post-31","page","type-page","status-publish","hentry","description-off"],"aioseo_notices":[],"_links":{"self":[{"href":"https:\/\/rcm1.rcm.upr.edu\/planificaciondiseno\/wp-json\/wp\/v2\/pages\/31","targetHints":{"allow":["GET"]}}],"collection":[{"href":"https:\/\/rcm1.rcm.upr.edu\/planificaciondiseno\/wp-json\/wp\/v2\/pages"}],"about":[{"href":"https:\/\/rcm1.rcm.upr.edu\/planificaciondiseno\/wp-json\/wp\/v2\/types\/page"}],"author":[{"embeddable":true,"href":"https:\/\/rcm1.rcm.upr.edu\/planificaciondiseno\/wp-json\/wp\/v2\/users\/1"}],"replies":[{"embeddable":true,"href":"https:\/\/rcm1.rcm.upr.edu\/planificaciondiseno\/wp-json\/wp\/v2\/comments?post=31"}],"version-history":[{"count":0,"href":"https:\/\/rcm1.rcm.upr.edu\/planificaciondiseno\/wp-json\/wp\/v2\/pages\/31\/revisions"}],"wp:attachment":[{"href":"https:\/\/rcm1.rcm.upr.edu\/planificaciondiseno\/wp-json\/wp\/v2\/media?parent=31"}],"curies":[{"name":"wp","href":"https:\/\/api.w.org\/{rel}","templated":true}]}}