{"id":32,"date":"2018-10-12T17:35:50","date_gmt":"2018-10-12T17:35:50","guid":{"rendered":"http:\/\/exalumnos.rcm.upr.edu\/pdc\/?page_id=12"},"modified":"2018-10-12T17:35:50","modified_gmt":"2018-10-12T17:35:50","slug":"personal","status":"publish","type":"page","link":"https:\/\/rcm1.rcm.upr.edu\/planificaciondiseno\/personal\/","title":{"rendered":"Personal"},"content":{"rendered":"<p><strong>Sheina Monta\u00f1ez<\/strong><br \/>\n<em>Directora Interina<\/em><br \/>\n787-758-2525 ext. 1794<br \/>\n787-763-3441 fax<\/p>\n<p><strong>Manuel Tard\u00ed Gonz\u00e1lez<\/strong><br \/>\n<em>Director Auxiliar<\/em><br \/>\n787-758-2525 ext. 1779<\/p>\n<p><strong>Esther Dalila D\u00e1vila Rodr\u00edguez<\/strong><br \/>\n<em>Directora Auxiliar de Dise\u00f1o<\/em><br \/>\n787-758-2525 ext. 2268<\/p>\n<p><strong>Gladynel M\u00e9ndez Padilla<\/strong><br \/>\n<em>Secretaria Administrativa<\/em><br \/>\n787-758-2525 ext. 1793<\/p>\n<p><strong>C\u00edcely Garc\u00eda Acevedo<\/strong><br \/>\n<em>Delineante Arquitect\u00f3nico<\/em><br \/>\n787-758-2525 ext. 5026<\/p>\n","protected":false},"excerpt":{"rendered":"<p>Sheina Monta\u00f1ez Directora Interina 787-758-2525 ext. 1794 787-763-3441 fax Manuel Tard\u00ed Gonz\u00e1lez Director Auxiliar 787-758-2525 ext. 1779 Esther Dalila D\u00e1vila Rodr\u00edguez Directora Auxiliar de Dise\u00f1o 787-758-2525 ext. 2268 Gladynel M\u00e9ndez Padilla Secretaria Administrativa 787-758-2525 ext. 1793 C\u00edcely Garc\u00eda Acevedo Delineante Arquitect\u00f3nico 787-758-2525 ext. 5026<\/p>\n","protected":false},"author":1,"featured_media":0,"parent":0,"menu_order":0,"comment_status":"closed","ping_status":"closed","template":"template-microsite.php","meta":{"footnotes":""},"class_list":["post-32","page","type-page","status-publish","hentry","description-off"],"aioseo_notices":[],"_links":{"self":[{"href":"https:\/\/rcm1.rcm.upr.edu\/planificaciondiseno\/wp-json\/wp\/v2\/pages\/32","targetHints":{"allow":["GET"]}}],"collection":[{"href":"https:\/\/rcm1.rcm.upr.edu\/planificaciondiseno\/wp-json\/wp\/v2\/pages"}],"about":[{"href":"https:\/\/rcm1.rcm.upr.edu\/planificaciondiseno\/wp-json\/wp\/v2\/types\/page"}],"author":[{"embeddable":true,"href":"https:\/\/rcm1.rcm.upr.edu\/planificaciondiseno\/wp-json\/wp\/v2\/users\/1"}],"replies":[{"embeddable":true,"href":"https:\/\/rcm1.rcm.upr.edu\/planificaciondiseno\/wp-json\/wp\/v2\/comments?post=32"}],"version-history":[{"count":0,"href":"https:\/\/rcm1.rcm.upr.edu\/planificaciondiseno\/wp-json\/wp\/v2\/pages\/32\/revisions"}],"wp:attachment":[{"href":"https:\/\/rcm1.rcm.upr.edu\/planificaciondiseno\/wp-json\/wp\/v2\/media?parent=32"}],"curies":[{"name":"wp","href":"https:\/\/api.w.org\/{rel}","templated":true}]}}