{"id":40,"date":"2018-10-12T18:08:11","date_gmt":"2018-10-12T18:08:11","guid":{"rendered":"http:\/\/exalumnos.rcm.upr.edu\/pdc\/?page_id=40"},"modified":"2018-10-12T18:08:11","modified_gmt":"2018-10-12T18:08:11","slug":"subastas","status":"publish","type":"page","link":"https:\/\/rcm1.rcm.upr.edu\/planificaciondiseno\/subastas\/","title":{"rendered":"Subastas"},"content":{"rendered":"<div class=\"wpb-content-wrapper\"><p>[vc_row][vc_column width=&#8221;2\/3&#8243;][vc_column_text]<\/p>\n<h3><strong>Junta de Subastas de Mejoras Permanentes<\/strong><\/h3>\n<p>La subastas de proyectos cuyo estimado de construcci\u00f3n es mayor de $25,000 se celebran en la Junta de Subastas de Mejoras Permanentes de la Universidad de Puerto Rico bajo la responsabilidad de la Oficina de Desarrollo F\u00edsico e Infraestructura de la Administraci\u00f3n Central. Las de menor de $25,000 se llevan a cabo en la Oficina de Compras de nuestro Recinto.<\/p>\n<p>&nbsp;<\/p>\n<h3><strong>Procedimiento de las Subastas<\/strong><\/h3>\n<ul>\n<li><b>Anuncio de Subasta<\/b><\/li>\n<li><b>Reuni\u00f3n Presubasta<\/b>-Despu\u00e9s de la publicaci\u00f3n del anuncio de subasta, se lleva a cabo una reuni\u00f3n de presubasta con los contratistas para discutir aspectos relacionados con la construcci\u00f3n del proyecto.<\/li>\n<li><b>Reuni\u00f3n de Subasta<\/b>-Se abren los pliegos sometidos por los diferentes contratistas interesados.<\/li>\n<li><b>Adjudicaci\u00f3n de Subasta<\/b>-Luego de la evaluaci\u00f3n de las ofertas recibidas se selecciona el contratista que mejor cumpla con los requisitos de costo y calidad y se formaliza el contrato de construcci\u00f3n.<\/li>\n<li><b>Contrataci\u00f3n-\u00a0<\/b>La compa\u00f1\u00eda a que se le adjudica la subasta se le prepara un contrato de construcci\u00f3n u orden de compra. (De este paso en adelante le corresponde a la Oficina de Planificaci\u00f3n, Dise\u00f1o y Construcci\u00f3n cuando son proyectos de menor de $25,000.)<\/li>\n<li><b>Reuni\u00f3n Pre-Construcci\u00f3n<\/b>-Se lleva a cabo una reuni\u00f3n entre la Oficina de Planificaci\u00f3n, Dise\u00f1o y Construcci\u00f3n y el contratista agraciado para discutir la estrategia de desarrollo o fijar la fecha de comienzo.<\/li>\n<li><b>Autorizaci\u00f3n Inicio de Construcci\u00f3n<\/b>-Mediante una carta se autoriza al contratista que inicie la obra de construcci\u00f3n.<\/li>\n<li><b>Seguimiento del Proyecto<\/b>-Consiste en realizar las funciones de inspecci\u00f3n y supervisi\u00f3n del proyecto hasta lograr la terminaci\u00f3n del proyecto.<\/li>\n<li><b>Evaluaci\u00f3n y terminaci\u00f3n del Proyecto<\/b>-Luego de la terminaci\u00f3n del proyecto y de la aceptaci\u00f3n del mismo por la Oficina de Planificaci\u00f3n, Dise\u00f1o y Construcci\u00f3n, se lleva a cabo una inspecci\u00f3n final del proyecto para su cierre financiero.<\/li>\n<\/ul>\n<p>[\/vc_column_text][\/vc_column][vc_column width=&#8221;1\/3&#8243;][vc_message message_box_color=&#8221;orange&#8221;]Una vez terminado el proyecto el Departamento de Recursos F\u00edsicos se encarga de darle mantenimiento a las nuevas instalaciones. La Oficina de Planificaci\u00f3n, Dise\u00f1o y Construcci\u00f3n acompa\u00f1a durante el primer a\u00f1o de funciones de la instalaci\u00f3n solamente en casos de garant\u00eda[\/vc_message][\/vc_column][\/vc_row]<\/p>\n<\/div>","protected":false},"excerpt":{"rendered":"<p>[vc_row][vc_column width=&#8221;2\/3&#8243;][vc_column_text] Junta de Subastas de Mejoras Permanentes La subastas de proyectos cuyo estimado de construcci\u00f3n es mayor de $25,000 se celebran en la Junta de Subastas de Mejoras Permanentes de la Universidad de Puerto Rico bajo la responsabilidad de la Oficina de Desarrollo F\u00edsico e Infraestructura de la Administraci\u00f3n Central. Las de menor de&hellip;<\/p>\n","protected":false},"author":1,"featured_media":0,"parent":0,"menu_order":0,"comment_status":"closed","ping_status":"closed","template":"template-microsite.php","meta":{"footnotes":""},"class_list":["post-40","page","type-page","status-publish","hentry","description-off"],"aioseo_notices":[],"_links":{"self":[{"href":"https:\/\/rcm1.rcm.upr.edu\/planificaciondiseno\/wp-json\/wp\/v2\/pages\/40","targetHints":{"allow":["GET"]}}],"collection":[{"href":"https:\/\/rcm1.rcm.upr.edu\/planificaciondiseno\/wp-json\/wp\/v2\/pages"}],"about":[{"href":"https:\/\/rcm1.rcm.upr.edu\/planificaciondiseno\/wp-json\/wp\/v2\/types\/page"}],"author":[{"embeddable":true,"href":"https:\/\/rcm1.rcm.upr.edu\/planificaciondiseno\/wp-json\/wp\/v2\/users\/1"}],"replies":[{"embeddable":true,"href":"https:\/\/rcm1.rcm.upr.edu\/planificaciondiseno\/wp-json\/wp\/v2\/comments?post=40"}],"version-history":[{"count":0,"href":"https:\/\/rcm1.rcm.upr.edu\/planificaciondiseno\/wp-json\/wp\/v2\/pages\/40\/revisions"}],"wp:attachment":[{"href":"https:\/\/rcm1.rcm.upr.edu\/planificaciondiseno\/wp-json\/wp\/v2\/media?parent=40"}],"curies":[{"name":"wp","href":"https:\/\/api.w.org\/{rel}","templated":true}]}}