{"id":108,"date":"2017-06-13T17:51:58","date_gmt":"2017-06-13T17:51:58","guid":{"rendered":"http:\/\/exalumnos.rcm.upr.edu\/preguntame\/?page_id=108"},"modified":"2017-06-13T17:51:58","modified_gmt":"2017-06-13T17:51:58","slug":"mitos","status":"publish","type":"page","link":"https:\/\/rcm1.rcm.upr.edu\/preguntame\/mitos\/","title":{"rendered":"Mitos, equivocaciones y otras leyendas urbanas"},"content":{"rendered":"<div class=\"wpb-content-wrapper\"><p>[vc_row][vc_column][vc_column_text css=&#8221;.vc_custom_1601003098344{padding-top: 5px !important;padding-right: 5px !important;padding-bottom: 5px !important;padding-left: 5px !important;background-color: #d8d8d8 !important;border-radius: 10px !important;}&#8221;]<\/p>\n<h3 style=\"text-align: center\">Es muy dif\u00edcil que <strong><em>todos<\/em><\/strong> sepamos <strong><em>todo<\/em><\/strong> sobre <strong><em>todo<\/em><\/strong> en <strong><em>todo<\/em><\/strong> momento.<\/h3>\n<p>[\/vc_column_text][vc_column_text]Hemos escuchado muchas creencias incorrectas no solamente entre los estudiantes sino entre los mismos consejeros, profesores y otros. A veces <strong>antes<\/strong> eso era correcto y otras veces nunca lo fue, pero la gente entend\u00eda que s\u00ed. En otras ocasiones es porque escuchamos que era as\u00ed de una fuente no oficial, lo que le pas\u00f3 a alguien, lo que nos parece m\u00e1s l\u00f3gico o lo entendimos mal. Pero la verdad es que muchas cosas cambian y no siempre nos enteramos.[\/vc_column_text][vc_toggle title=&#8221;\u201cPara estudiar medicina tienes que tener un bachillerato en Biolog\u00eda\u201d&#8221; el_id=&#8221;1518718435687-82fbb1b3-78c7&#8243;]Para solicitar admisi\u00f3n al doctorado en <a href=\"https:\/\/md.rcm.upr.edu\/doctor-of-medicine-md-program\/\">medicina<\/a> tienes que un bachillerato en CUALQUIER tema de CUALQUIER facultad, de CUALQUIER universidad y una serie de cursos en Ciencias Naturales, Ciencias Sociales e Idiomas. Adem\u00e1s debes obtener 490 o m\u00e1s en un examen llamado <a href=\"https:\/\/students-residents.aamc.org\/taking-mcat-exam\/taking-mcat-exam\">MCAT<\/a>.[\/vc_toggle][vc_toggle title=&#8221;&#8220;Hay preferencia por los de la UPR&#8220;&#8221; el_id=&#8221;1518718212006-36048f50-7b7b&#8221;]Para los grados asociados y bachilleratos hay mayor cantidad de espacios para los estudiantes que vienen de otros recintos del sistema UPR. Pero tambi\u00e9n hay oportunidad para los estudiantes de universidades privadas. Para los certificados post-bachilleratos, maestr\u00edas y doctorados todos compiten por igual sin importar en donde estudiaron.[\/vc_toggle][vc_toggle title=&#8221;&#8220;\u00bfRCM? Ah, esa es la Escuela de Medicina&#8220;&#8221; el_id=&#8221;1518718445300-cc2ac6ed-84d6&#8243;]En el Recinto de Ciencias M\u00e9dicas (<a href=\"https:\/\/preguntame.rcm.upr.edu\/\">RCM<\/a>) existen <strong>seis escuelas diferentes<\/strong> y una de ellas es <a href=\"https:\/\/md.rcm.upr.edu\/\">Medicina<\/a>. Las otras son <a href=\"https:\/\/farmacia.rcm.upr.edu\/\">Farmacia<\/a>, <a href=\"https:\/\/dental.rcm.upr.edu\/\">Medicina Dental<\/a>, <a href=\"https:\/\/sp.rcm.upr.edu\/\">Salud P\u00fablica<\/a>, <a href=\"https:\/\/enfermeria.rcm.upr.edu\/\">Enfermer\u00eda<\/a> y la <a href=\"https:\/\/eps.rcm.upr.edu\/\">Escuela de Profesiones de la Salud<\/a>. Puedes estudiar grados asociados, bachilleratos, certificados post bachilleratos, maestr\u00edas y doctorados. Todas las escuelas ofrecen maestr\u00edas y doctorados.[\/vc_toggle][vc_toggle title=&#8221;&#8220;Yo quiero ser pat\u00f3loga forense&#8220;&#8221; el_id=&#8221;1518718457152-87ca656c-2b12&#8243;]No puedes estudiar tu especialidad en medicina directamente desde tu bachillerato. Tienes que terminar primero tu doctorado en medicina general. Luego solicitas a alguna de las <a href=\"https:\/\/rcm2.rcm.upr.edu\/ofrecimientos-academicos\/\">Residencias<\/a> (as\u00ed le decimos a las especializaciones) y si te aceptan entonces puedes especializarte.[\/vc_toggle][vc_toggle title=&#8221;&#8220;Quiero estudiar en el RCM&#8220;&#8221; el_id=&#8221;1518718459853-1654c447-8bc3&#8243;]A\u00fan para los programas que menos te piden tienes que tener <strong>por lo menos un a\u00f1o<\/strong> de estudios universitarios aproximadamente. No puedes estudiar en el RCM directamente desde la escuela superior. Lo que si puedes hacer es solicitar admisi\u00f3n desde escuela superior al grado asociado en <a href=\"https:\/\/eps.rcm.upr.edu\/wp-content\/uploads\/sites\/17\/2020\/09\/Hoja-Informativa-Asistencia-Dental-Septiembre2020.pdf\">Asistente Dental con funciones expandidas<\/a> o al bachillerato en <u>Enfermer\u00eda<\/u>.[\/vc_toggle][vc_toggle title=&#8221;&#8220;El Chupacabras en el RCM&#8220;&#8221; el_id=&#8221;1518718448262-96f80b20-c553&#8243;]No, no tenemos al Chupacabras en nuestros laboratorios ni es un producto de nuestros experimentos ni estamos seguros siquiera que exista o haya existido. Pero una dentista especialista en Patolog\u00eda Forense evalu\u00f3 en varias ocasiones las mordeduras. Hay <a href=\"https:\/\/dental.rcm.upr.edu\/academic-program\/\">especializaciones<\/a> dentro de la <a href=\"https:\/\/dental.rcm.upr.edu\/wp-content\/uploads\/2020\/02\/BROCHURE_ADMISION_School_of_Dental_Medicine_SpanishVer.pdf\">medicina dental<\/a> muy interesantes.[\/vc_toggle][vc_toggle title=&#8221;\u201cNo te van a convalidar las clases de ese sitio\u201d&#8221; el_id=&#8221;1518718441596-7a23142c-5e32&#8243;]No hay preferencia por ning\u00fan lugar de estudios as\u00ed que tambi\u00e9n puedes combinar clases de diferentes universidades despu\u00e9s que est\u00e9n acreditadas por el Consejo de Educaci\u00f3n Superior de Puerto Rico o por la agencia similar en el estado en el cual hayas estudiado. Para los grados asociados y bachilleratos si hay prioridad (pero no exclusividad) para los estudiantes del Sistema UPR.[\/vc_toggle][vc_toggle title=&#8221;&#8220;\u00bfQu\u00e9 IGS necesito?&#8220;&#8221; el_id=&#8221;1518718450622-548041ba-1030&#8243;]Recuerda que tu IGS se utiliza cuando vas a solicitar a la UPR por primera vez a un programa de Grado Asociado o Bachillerato cuando no has estudiado en ninguna otra universidad. Eso significa que debes cotejar cual fue el <a href=\"https:\/\/admisiones.upr.edu\/calculadora-igs\/\">IGS del a\u00f1o pasado<\/a> del programa que intereses, y eso solamente se aplica a los programas de Traslado Articulado. Para los <a href=\"https:\/\/rcm2.rcm.upr.edu\/ofrecimientos-academicos\/#CtBach\">certificados post bachillerato<\/a>, <a href=\"https:\/\/rcm2.rcm.upr.edu\/ofrecimientos-academicos\/#Mast\">maestr\u00edas<\/a> y <a href=\"https:\/\/rcm2.rcm.upr.edu\/ofrecimientos-academicos\/#Doct\">doctorados<\/a> se usan uno o m\u00e1s de los siguientes criterios: tu promedio universitario (espec\u00edfico y\/o general), resultados del examen exigido, y otros adicionales (entrevista, cartas de recomendaci\u00f3n, ensayo).[\/vc_toggle][vc_toggle title=&#8221;&#8220;Ese recinto queda en R\u00edo Piedras&#8220;&#8221; el_id=&#8221;1518718453681-f98fabc7-3ad2&#8243;]El Recinto de Ciencias M\u00e9dicas (<a href=\"https:\/\/preguntame.rcm.upr.edu\/\">RCM<\/a>) se encuentra localizado oficialmente en el Centro M\u00e9dico de R\u00edo Piedras pero el Recinto de R\u00edo Piedras (<a href=\"https:\/\/www.uprrp.edu\/\">RRP<\/a>) est\u00e1 en el pueblo de R\u00edo Piedras. La Torre de la UPR se encuentran en el RRP.[\/vc_toggle][vc_toggle title=&#8221;&#8220;Quiero ser Veterinario&#8220;&#8221; el_id=&#8221;1518718462350-0fd695d7-8c06&#8243;]El bachillerato en <a href=\"https:\/\/eps.rcm.upr.edu\/veterinary-technology\/\">Tecnolog\u00eda Veterinaria<\/a> que se estudia en la Escuela de Profesiones de la Salud (<a href=\"https:\/\/eps.rcm.upr.edu\/\">EPS<\/a>) del RCM no es requisito para Veterinario. Tienes que cotejar con la escuela de veterinaria que te interesa (en Puerto Rico no hay) cuales son los prerrequisitos. Como Tecn\u00f3logo Veterinario puedes trabajar en cl\u00ednicas veterinarias, f\u00e1bricas de producci\u00f3n de alimento animal, inspecci\u00f3n, en agencias del gobierno estatal y federal, y en programas de educaci\u00f3n a la comunidad, entre otros.[\/vc_toggle][vc_toggle title=&#8221;&#8220;\u00bfTendr\u00e9 alg\u00fan problema para el traslado?&#8220;&#8221; el_id=&#8221;1518718438651-d31de845-790d&#8221;]Si te admitieron a un programa de <a href=\"https:\/\/de.rcm.upr.edu\/oficina-de-admisiones\">Traslado Articulado<\/a> pasar\u00e1s al RCM cuando hayas completado los prerrequisitos en tu recinto inicial. Tambi\u00e9n existe el <a href=\"https:\/\/de.rcm.upr.edu\/oficina-de-admisiones\">Traslado Regular<\/a>. Mira esta tabla con cuidado.[\/vc_toggle][vc_toggle title=&#8221;&#8220;Eso es lo que dice aqu\u00ed&#8220;&#8221; el_id=&#8221;1518719007321-6317cf53-89c1&#8243;][\/vc_toggle][\/vc_column][\/vc_row]<\/p>\n<\/div>","protected":false},"excerpt":{"rendered":"<p>[vc_row][vc_column][vc_column_text css=&#8221;.vc_custom_1601003098344{padding-top: 5px !important;padding-right: 5px !important;padding-bottom: 5px !important;padding-left: 5px !important;background-color: #d8d8d8 !important;border-radius: 10px !important;}&#8221;] Es muy dif\u00edcil que todos sepamos todo sobre todo en todo momento. [\/vc_column_text][vc_column_text]Hemos escuchado muchas creencias incorrectas no solamente entre los estudiantes sino entre los mismos consejeros, profesores y otros. A veces antes eso era correcto y otras veces nunca lo&hellip;<\/p>\n","protected":false},"author":1,"featured_media":0,"parent":0,"menu_order":0,"comment_status":"closed","ping_status":"closed","template":"template-microsite.php","meta":{"footnotes":""},"class_list":["post-108","page","type-page","status-publish","hentry","description-off"],"aioseo_notices":[],"_links":{"self":[{"href":"https:\/\/rcm1.rcm.upr.edu\/preguntame\/wp-json\/wp\/v2\/pages\/108","targetHints":{"allow":["GET"]}}],"collection":[{"href":"https:\/\/rcm1.rcm.upr.edu\/preguntame\/wp-json\/wp\/v2\/pages"}],"about":[{"href":"https:\/\/rcm1.rcm.upr.edu\/preguntame\/wp-json\/wp\/v2\/types\/page"}],"author":[{"embeddable":true,"href":"https:\/\/rcm1.rcm.upr.edu\/preguntame\/wp-json\/wp\/v2\/users\/1"}],"replies":[{"embeddable":true,"href":"https:\/\/rcm1.rcm.upr.edu\/preguntame\/wp-json\/wp\/v2\/comments?post=108"}],"version-history":[{"count":0,"href":"https:\/\/rcm1.rcm.upr.edu\/preguntame\/wp-json\/wp\/v2\/pages\/108\/revisions"}],"wp:attachment":[{"href":"https:\/\/rcm1.rcm.upr.edu\/preguntame\/wp-json\/wp\/v2\/media?parent=108"}],"curies":[{"name":"wp","href":"https:\/\/api.w.org\/{rel}","templated":true}]}}