{"id":115,"date":"2017-06-13T18:48:15","date_gmt":"2017-06-13T18:48:15","guid":{"rendered":"http:\/\/exalumnos.rcm.upr.edu\/preguntame\/?page_id=115"},"modified":"2017-06-13T18:48:15","modified_gmt":"2017-06-13T18:48:15","slug":"no-se-que-estudiar","status":"publish","type":"page","link":"https:\/\/rcm1.rcm.upr.edu\/preguntame\/no-se-que-estudiar\/","title":{"rendered":"\u00a1No s\u00e9 qu\u00e9 estudiar!"},"content":{"rendered":"<div class=\"wpb-content-wrapper\"><p>[vc_row][vc_column][vc_column_text css=&#8221;.vc_custom_1601003892284{padding-top: 5px !important;padding-right: 5px !important;padding-bottom: 5px !important;padding-left: 5px !important;background-color: #d8d8d8 !important;border-radius: 10px !important;}&#8221;]<\/p>\n<h3 style=\"text-align: center\">Puede que en este momento no tengas exactamente una idea de que estudiar.<\/h3>\n<h3 style=\"text-align: center\">Ni siquiera estas seguro de que sea en la Salud.<\/h3>\n<h3 style=\"text-align: center\"><strong>Vamos a ayudarte<\/strong>.<\/h3>\n<p>[\/vc_column_text][vc_empty_space][\/vc_column][\/vc_row][vc_row][vc_column width=&#8221;1\/4&#8243;][vc_column_text]<\/p>\n<p style=\"text-align: center\"><strong>Habilidades y Destrezas<\/strong><\/p>\n<p>Lenguaje<br \/>\nCient\u00edfica<br \/>\nEspacial<br \/>\nManual<br \/>\nMusical<br \/>\nArt\u00edstica<br \/>\nEnse\u00f1anza<br \/>\nLiderazgo<br \/>\nMec\u00e1nica<br \/>\nPersuasiva<br \/>\nSocial<br \/>\nComputacional (rapidez con n\u00fameros)<br \/>\nMatem\u00e1tica (razonamiento)[\/vc_column_text][vc_empty_space][\/vc_column][vc_column width=&#8221;1\/4&#8243;][vc_column_text]<\/p>\n<p style=\"text-align: center\"><strong>Valores Ocupacionales<\/strong><\/p>\n<p>Variedad<br \/>\nLogro<br \/>\nSocial<br \/>\nReconocimiento<br \/>\nEcon\u00f3mico<br \/>\nActividad F\u00edsica<br \/>\nCreatividad<br \/>\nIndependencia<br \/>\nLiderazgo<br \/>\nSeguridad de Empleo<br \/>\nTrabajo Mental<br \/>\nTrabajo Manual[\/vc_column_text][vc_empty_space][\/vc_column][vc_column width=&#8221;1\/4&#8243;][vc_column_text]<\/p>\n<p style=\"text-align: center\"><strong>Intereses Ocupacionales<\/strong><\/p>\n<p>Interacci\u00f3n Social<br \/>\nDe Oficina<br \/>\nVerbales<br \/>\nServicios de Salud<br \/>\nAire libre<br \/>\nMusicales<br \/>\nArt\u00edstica<br \/>\nSedentarios<br \/>\nLegales<br \/>\nServicio Social<br \/>\nCient\u00edficos<br \/>\nManuales<br \/>\nComerciales[\/vc_column_text][vc_empty_space][\/vc_column][vc_column width=&#8221;1\/4&#8243;][vc_column_text]<\/p>\n<p style=\"text-align: center\"><strong>Otro(s) Factor(es)<\/strong><\/p>\n<p>Econ\u00f3micos<br \/>\nSalud<br \/>\nFamiliares<br \/>\nEmocionales<br \/>\nMercado Laboral[\/vc_column_text][vc_empty_space][\/vc_column][\/vc_row][vc_row][vc_column width=&#8221;1\/4&#8243;][vc_column_text]<\/p>\n<h3><strong>Primero<\/strong><\/h3>\n<p>[\/vc_column_text][vc_empty_space height=&#8221;100px&#8221;][vc_column_text]<\/p>\n<h3><strong>Segundo<\/strong><\/h3>\n<p>[\/vc_column_text][vc_empty_space height=&#8221;100px&#8221;][vc_column_text]<\/p>\n<h3><strong>Tercero<\/strong><\/h3>\n<p>[\/vc_column_text][vc_empty_space height=&#8221;180px&#8221;][vc_column_text]<\/p>\n<h3><strong>Cuarto<\/strong><\/h3>\n<p>[\/vc_column_text][vc_empty_space height=&#8221;15px&#8221;][vc_column_text]<\/p>\n<h3><strong>\u00a1Ya! No escribas m\u00e1s<\/strong><\/h3>\n<p>[\/vc_column_text][vc_empty_space height=&#8221;40px&#8221;][vc_column_text]<\/p>\n<h3><strong>Por \u00faltimo<\/strong><\/h3>\n<p>[\/vc_column_text][\/vc_column][vc_column width=&#8221;3\/4&#8243;][vc_column_text]Empieza pensando en tus <strong>Habilidades y Destrezas<\/strong>. Tus habilidades son las cosas que a trav\u00e9s de los a\u00f1os te han dicho o te has dado cuenta de que eres bueno. Naciste con ellas. Por ejemplo, dibujar, tocar un instrumento musical, trabajar con n\u00fameros, memorizar o integrar informaci\u00f3n. Luego de que hagas una lista de por lo menos 7 u 8, pasa a hacer otra lista, pero esta vez de tus destrezas. Tus destrezas son aquellas cosas que has aprendido, pero que disfrutas haciendo. Puedes utilizar tu experiencia en las clases (\u00bfqu\u00e9 clases me son f\u00e1ciles?).[\/vc_column_text][vc_column_text]Piensa que te gustar\u00eda que tuviera u obtuvieras de esa futura profesi\u00f3n la mayor parte del tiempo. Esos son tus <strong>Valores Ocupacionales<\/strong>. Estos no son iguales a los valores morales. No hay buenos ni malos, sino que para cada persona son diferentes. Eso no significa que nunca tengas que hacer cosas que no te agraden mucho. Trata de escribir los cuatro <strong>valores ocupacionales<\/strong> m\u00e1s importantes para ti. Seg\u00fan te vayas conociendo t\u00fa mismo y la realidad de las profesiones, tu lista puede cambiar. Estos son ejemplos de cada grupo.[\/vc_column_text][vc_column_text]\u00bfC\u00f3mo te sientes hasta ahora? Vamos bien y avanzando. Ahora lleg\u00f3 el momento en que necesito que expreses tus <strong>Intereses Ocupacionales<\/strong>. Que es lo que te interesa a ti como profesi\u00f3n. Esa profesi\u00f3n que te emociona, no la que otros te dicen que ser\u00edas bueno. <strong>Puedes ser un poco general<\/strong> aqu\u00ed si deseas, no tienes que ser espec\u00edfico. La idea es que tomes en consideraci\u00f3n los tres elementos que hemos trabajado hasta ahora m\u00e1s el cuarto que te explicar\u00e9 al final para ayudarte en tu decisi\u00f3n ocupacional. Te puede ayudar la secci\u00f3n Exploraci\u00f3n de Carreras de la UPR presionando en <a href=\"https:\/\/admisiones.upr.edu\/documentos-enlaces\/\">Exploraci\u00f3n<\/a>. Otro lugar que te puede ayudar es <a href=\"http:\/\/upra.edu\/carreras\/recursos-virtuales\/\"><strong><em>esta<\/em><\/strong><\/a> p\u00e1gina de consejer\u00eda de UPR Arecibo. Recuerda que los resultados de una prueba no decisi\u00f3n ocupacional. Es solo parte de un proceso m\u00e1s elaborado y no llegues a conclusiones solo con eso.[\/vc_column_text][vc_column_text]Eimina las opciones que te son imposibles por condiciones adicionales de tu vida. Por ejemplo, ese programa acad\u00e9mico lo ofrecen en alg\u00fan lugar lejos de tu casa y no puedes hospedarte por alguna econ\u00f3mica, familiar o personal.[\/vc_column_text][vc_column_text]\u00a1Ya! No escribas m\u00e1s. Vamos al diagrama. Recuerda que debes buscar profesiones en que est\u00e9n los cuatro elementos que hemos trabajado. Si falta alguno de ellos, es posible que debas reconsiderar. Pasa el cursor por encima de los tres c\u00edrculos de la gr\u00e1fica de abajo para que veas las definiciones de cada uno.[\/vc_column_text][vc_column_text css=&#8221;.vc_custom_1601003868792{padding-top: 5px !important;padding-right: 5px !important;padding-bottom: 5px !important;padding-left: 5px !important;background-color: #d8d8d8 !important;border-radius: 10px !important;}&#8221;]<\/p>\n<h3 style=\"text-align: left\">Para ayuda con tu decisi\u00f3n puedes (y debes) ir a un Profesional en Consejer\u00eda con licencia (no todos los orientadores tienen licencia). \u00a0A veces te pueden ayudar, aunque no estudies donde ellos trabajan.<\/h3>\n<p>[\/vc_column_text][\/vc_column][\/vc_row]<\/p>\n<\/div>","protected":false},"excerpt":{"rendered":"<p>[vc_row][vc_column][vc_column_text css=&#8221;.vc_custom_1601003892284{padding-top: 5px !important;padding-right: 5px !important;padding-bottom: 5px !important;padding-left: 5px !important;background-color: #d8d8d8 !important;border-radius: 10px !important;}&#8221;] Puede que en este momento no tengas exactamente una idea de que estudiar. Ni siquiera estas seguro de que sea en la Salud. Vamos a ayudarte. [\/vc_column_text][vc_empty_space][\/vc_column][\/vc_row][vc_row][vc_column width=&#8221;1\/4&#8243;][vc_column_text] Habilidades y Destrezas Lenguaje Cient\u00edfica Espacial Manual Musical Art\u00edstica Ense\u00f1anza Liderazgo Mec\u00e1nica Persuasiva&hellip;<\/p>\n","protected":false},"author":1,"featured_media":0,"parent":0,"menu_order":0,"comment_status":"closed","ping_status":"closed","template":"template-microsite.php","meta":{"footnotes":""},"class_list":["post-115","page","type-page","status-publish","hentry","description-off"],"aioseo_notices":[],"_links":{"self":[{"href":"https:\/\/rcm1.rcm.upr.edu\/preguntame\/wp-json\/wp\/v2\/pages\/115","targetHints":{"allow":["GET"]}}],"collection":[{"href":"https:\/\/rcm1.rcm.upr.edu\/preguntame\/wp-json\/wp\/v2\/pages"}],"about":[{"href":"https:\/\/rcm1.rcm.upr.edu\/preguntame\/wp-json\/wp\/v2\/types\/page"}],"author":[{"embeddable":true,"href":"https:\/\/rcm1.rcm.upr.edu\/preguntame\/wp-json\/wp\/v2\/users\/1"}],"replies":[{"embeddable":true,"href":"https:\/\/rcm1.rcm.upr.edu\/preguntame\/wp-json\/wp\/v2\/comments?post=115"}],"version-history":[{"count":0,"href":"https:\/\/rcm1.rcm.upr.edu\/preguntame\/wp-json\/wp\/v2\/pages\/115\/revisions"}],"wp:attachment":[{"href":"https:\/\/rcm1.rcm.upr.edu\/preguntame\/wp-json\/wp\/v2\/media?parent=115"}],"curies":[{"name":"wp","href":"https:\/\/api.w.org\/{rel}","templated":true}]}}