{"id":126,"date":"2017-06-19T17:30:25","date_gmt":"2017-06-19T17:30:25","guid":{"rendered":"http:\/\/exalumnos.rcm.upr.edu\/preguntame\/?page_id=126"},"modified":"2023-11-08T19:24:12","modified_gmt":"2023-11-08T19:24:12","slug":"opciones-salud","status":"publish","type":"page","link":"https:\/\/rcm1.rcm.upr.edu\/preguntame\/opciones-salud\/","title":{"rendered":"Muchas opciones dentro de la Salud, pero \u00bfcu\u00e1l es para m\u00ed?"},"content":{"rendered":"<div class=\"wpb-content-wrapper\"><p>[vc_row][vc_column][vc_column_text]Existen muchas profesiones en la Salud. Muchas de ellas a lo mejor ni las conoces o no las hab\u00edas considerado seriamente para ti. Para hacerte la vida m\u00e1s f\u00e1cil puedes verlas\u2026[\/vc_column_text][vc_empty_space height=&#8221;15px&#8221;][vc_tour][vc_tab title=&#8221;Nivel Acad\u00e9mico&#8221; tab_id=&#8221;568d531b-fd29-10&#8243;][vc_column_text]Significa <strong>Grados Asociados<\/strong>,\u00a0<strong>Bachilleratos<\/strong>,\u00a0<strong>Certificados Post\u00a0 Bachilleratos<\/strong>,\u00a0<strong>Maestr\u00edas<\/strong>\u00a0y\u00a0<strong>Doctorados<\/strong>.[\/vc_column_text][vc_btn title=&#8221;Ver Ofrecimientos Acad\u00e9micos del RCM&#8221; style=&#8221;3d&#8221; shape=&#8221;square&#8221; color=&#8221;violet&#8221; size=&#8221;lg&#8221; align=&#8221;center&#8221; link=&#8221;url:https%3A%2F%2Frcm1.rcm.upr.edu%2Fofrecimientos-academicos%2F&#8221;][\/vc_tab][vc_tab title=&#8221;Ejemplo de Valores Ocupacionales&#8221; tab_id=&#8221;bf397b45-eaee-1&#8243;][vc_column_text]Piensa en las <strong>cuatro caracter\u00edsticas<\/strong>\u00a0que te gustar\u00eda que tuviera tu profesi\u00f3n futura la mayor\u00eda del tiempo.<\/p>\n<p>&nbsp;<\/p>\n<table class=\"opcionestablas opcionesej1\" border=\"1\" summary=\"\" cellspacing=\"0\" cellpadding=\"5\">\n<tbody>\n<tr>\n<th>\n<p style=\"text-align: center\">Programa<\/p>\n<\/th>\n<th style=\"text-align: center\">Valores Ocupacionales Asociados<\/th>\n<th>\n<p style=\"text-align: center\">Escuela<\/p>\n<\/th>\n<\/tr>\n<tr>\n<td width=\"113\"><a href=\"https:\/\/eps.rcm.upr.edu\/radiological-technology\/\">Tecnolog\u00eda Radiol\u00f3gica<\/a><\/td>\n<td width=\"416\">Liderazgo, Seguridad de Empleo, Trabajo con Gente, Reconocimiento<\/td>\n<td width=\"60\"><a href=\"https:\/\/eps.rcm.upr.edu\/\">EPS<\/a><\/td>\n<\/tr>\n<tr>\n<td width=\"113\"><a href=\"https:\/\/eps.rcm.upr.edu\/ophtalmic-technology\/\">Tecnolog\u00eda Oft\u00e1lmica<\/a><\/td>\n<td width=\"416\">Buen Salario, Liderazgo, Seguridad de Empleo, Trabajo con Gente<\/td>\n<td width=\"60\"><a href=\"https:\/\/eps.rcm.upr.edu\/\">EPS<\/a><\/td>\n<\/tr>\n<tr>\n<td width=\"113\"><a href=\"https:\/\/eps.rcm.upr.edu\/dental-assistant\/\">Asistente Dental<\/a><\/td>\n<td width=\"416\">Creatividad, Liderazgo, Trabajo con Gente, Trabajo Manual<\/td>\n<td width=\"60\"><a href=\"https:\/\/eps.rcm.upr.edu\/\">EPS<\/a><\/td>\n<\/tr>\n<tr>\n<td width=\"113\"><a href=\"https:\/\/eps.rcm.upr.edu\/health-education\/\">Educaci\u00f3n en Salud<\/a><\/td>\n<td width=\"416\">Creatividad, Independencia, Liderazgo, Trabajo con Gente<\/td>\n<td width=\"60\"><a href=\"https:\/\/eps.rcm.upr.edu\/\">EPS<\/a><\/td>\n<\/tr>\n<tr>\n<td width=\"113\"><a href=\"https:\/\/eps.rcm.upr.edu\/nuclear-medicine-technology\/\">Tecnolog\u00eda en Medicina Nuclear<\/a><\/td>\n<td width=\"416\">Actividad F\u00edsica, Trabajo con Gente, Trabajo Mental, Trabajo Manual<\/td>\n<td width=\"60\"><a href=\"https:\/\/eps.rcm.upr.edu\/\">EPS<\/a><\/td>\n<\/tr>\n<tr>\n<td width=\"113\"><a href=\"https:\/\/eps.rcm.upr.edu\/health-sciences\/\">Ciencias de la Salud<\/a><\/td>\n<td width=\"416\">Buen Salario, Liderazgo, Seguridad de Empleo, Reconocimiento<\/td>\n<td width=\"60\"><a href=\"https:\/\/eps.rcm.upr.edu\/\">EPS<\/a><\/td>\n<\/tr>\n<tr>\n<td width=\"113\"><a href=\"https:\/\/eps.rcm.upr.edu\/veterinary-technology\/\">Tecnolog\u00eda Veterinaria<\/a><\/td>\n<td width=\"416\">Liderazgo, Riesgo, Trabajo con Gente, Trabajo Manual<\/td>\n<td width=\"60\"><a href=\"https:\/\/eps.rcm.upr.edu\/\">EPS<\/a><\/td>\n<\/tr>\n<tr>\n<td width=\"113\"><a href=\"https:\/\/eps.rcm.upr.edu\/medical-technology\/\">Tecnolog\u00eda M\u00e9dica<\/a><\/td>\n<td width=\"416\">Prestigio, Seguridad de Empleo, Variedad, Reconocimiento<\/td>\n<td width=\"60\"><a href=\"https:\/\/eps.rcm.upr.edu\/\">EPS<\/a><\/td>\n<\/tr>\n<tr>\n<td width=\"113\"><a href=\"https:\/\/eps.rcm.upr.edu\/cythotechnology\/\">Citotecnolog\u00eda<\/a><\/td>\n<td width=\"416\">Independencia, Liderazgo, Prestigio, Seguridad de Empleo<\/td>\n<td width=\"60\"><a href=\"https:\/\/eps.rcm.upr.edu\/\">EPS<\/a><\/td>\n<\/tr>\n<tr>\n<td width=\"113\"><a href=\"https:\/\/eps.rcm.upr.edu\/dietetic-internship\/\">Internado en Diet\u00e9tica<\/a><\/td>\n<td width=\"416\">Liderazgo, Prestigio, Trabajo con Gente, Variedad<\/td>\n<td width=\"60\"><a href=\"https:\/\/eps.rcm.upr.edu\/\">EPS<\/a><\/td>\n<\/tr>\n<tr>\n<td width=\"113\"><a href=\"https:\/\/eps.rcm.upr.edu\/master-in-health-information-management\/\">Adm. Informaci\u00f3n de Salud<\/a><\/td>\n<td width=\"416\">Liderazgo, trabajo con gente, trabajo mental, poca supervisi\u00f3n<\/td>\n<td width=\"60\"><a href=\"https:\/\/eps.rcm.upr.edu\/\">EPS<\/a><\/td>\n<\/tr>\n<tr>\n<td width=\"113\"><a href=\"https:\/\/eps.rcm.upr.edu\/speech-language-pathology\/\">Patolog\u00eda del Habla y Lenguaje<\/a><\/td>\n<td width=\"416\">Buen Salario, Independencia, Trabajo con Gente, Variedad<\/td>\n<td width=\"60\"><a href=\"https:\/\/eps.rcm.upr.edu\/\">EPS<\/a><\/td>\n<\/tr>\n<tr>\n<td width=\"113\"><a href=\"https:\/\/eps.rcm.upr.edu\/master-of-science-in-occupational-therapy\/\">Terapia Ocupacional<\/a><\/td>\n<td width=\"416\">Grandes Logros, Liderazgo, Seguridad de Empleo, Trabajo con Gente<\/td>\n<td width=\"60\"><a href=\"https:\/\/eps.rcm.upr.edu\/\">EPS<\/a><\/td>\n<\/tr>\n<tr>\n<td width=\"113\"><a href=\"https:\/\/eps.rcm.upr.edu\/physical-therapy\/\">Terapia F\u00edsica<\/a><\/td>\n<td width=\"416\">Actividad F\u00edsica, Independencia, Trabajo con Gente, Trabajo Manual<\/td>\n<td width=\"60\"><a href=\"https:\/\/eps.rcm.upr.edu\/\">EPS<\/a><\/td>\n<\/tr>\n<tr>\n<td width=\"113\"><a href=\"https:\/\/eps.rcm.upr.edu\/audiology\/\">Audiolog\u00eda<\/a><\/td>\n<td width=\"416\">Independencia, Trabajo con Gente, Trabajo Mental, Pensamiento Cr\u00edtico<\/td>\n<td width=\"60\"><a href=\"https:\/\/eps.rcm.upr.edu\/\">EPS<\/a><\/td>\n<\/tr>\n<tr>\n<td><a href=\"https:\/\/md.rcm.upr.edu\/doctor-of-medicine-md-program\/\">Medicina<\/a><\/td>\n<td>Creatividad, Independencia, Seguridad de Empleo, Retos<\/td>\n<td><a href=\"https:\/\/md.rcm.upr.edu\/\">Medicina<\/a><\/td>\n<\/tr>\n<tr>\n<td><a href=\"https:\/\/dental.rcm.upr.edu\/wp-content\/uploads\/2020\/02\/BROCHURE_ADMISION_School_of_Dental_Medicine_SpanishVer.pdf\">Medicina Dental<\/a><\/td>\n<td>Buen Salario, Prestigio, Trabajo con Gente, Trabajo Manual<\/td>\n<td><a href=\"https:\/\/dental.rcm.upr.edu\/\">Medicina Dental<\/a><\/td>\n<\/tr>\n<\/tbody>\n<\/table>\n<p>[\/vc_column_text][\/vc_tab][vc_tab title=&#8221;Ejemplos de Temas Generales&#8221; tab_id=&#8221;1630345750292-2-8&#8243;][vc_column_text]Te ofrecemos algunas <strong>ideas<\/strong>\u00a0que te podr\u00edan\u00a0<strong>ayudar<\/strong>\u00a0en tu decisi\u00f3n.<\/p>\n<p>&nbsp;<\/p>\n<table class=\"opcionestablas opcionesej2_5\" border=\"1\" summary=\"\" cellspacing=\"0\" cellpadding=\"5\">\n<tbody>\n<tr>\n<th width=\"191\">\n<p style=\"text-align: center\">Temas<\/p>\n<\/th>\n<th style=\"text-align: center\" width=\"302\">Programa<\/th>\n<th width=\"95\">\n<p style=\"text-align: center\">Escuela<\/p>\n<\/th>\n<\/tr>\n<tr>\n<td width=\"191\">\n<p><strong>\u00a0<\/strong><\/p>\n<p><strong>Manipulaci\u00f3n de\u00a0<\/strong><strong style=\"font-family: inherit;font-size: inherit\">maquinaria m\u00e9dica<\/strong><\/td>\n<td width=\"302\">\n<p><a href=\"https:\/\/eps.rcm.upr.edu\/radiological-technology\/\">Grado Asoc. en Tecnolog\u00eda Radiol\u00f3gica<\/a><\/p>\n<p><a href=\"https:\/\/eps.rcm.upr.edu\/dental-assistant\/\">Grado Asoc. en Asistente Dental<\/a><\/p>\n<p><a href=\"https:\/\/eps.rcm.upr.edu\/nuclear-medicine-technology\/\">Bach. en Tecnolog\u00eda en Medicina Nuclear<\/a><\/p>\n<p><a href=\"https:\/\/eps.rcm.upr.edu\/veterinary-technology\/\">Bach. en Tecnolog\u00eda Veterinaria<\/a><\/td>\n<td width=\"95\">\n<p>&nbsp;<\/p>\n<p>&nbsp;<\/p>\n<p><a href=\"https:\/\/eps.rcm.upr.edu\/\">EPS<\/a><\/p>\n<p>&nbsp;<\/td>\n<\/tr>\n<tr class=\"td2_5\">\n<td width=\"191\"><strong>Trabajo manual relacionado a servicio m\u00e9dico<\/strong><\/td>\n<td width=\"302\"><a href=\"https:\/\/dental.rcm.upr.edu\/wp-content\/uploads\/2020\/02\/BROCHURE_ADMISION_School_of_Dental_Medicine_SpanishVer.pdf\">Doc. en Medicina Dental<\/a><\/td>\n<td width=\"95\"><a href=\"https:\/\/dental.rcm.upr.edu\/\">Medicina Dental<\/a><\/td>\n<\/tr>\n<tr>\n<td rowspan=\"3\" width=\"191\">\n<p><strong>\u00a0<\/strong><\/p>\n<p><strong>Trabajo de laboratorio<\/strong><\/td>\n<td width=\"302\">\n<p><a href=\"https:\/\/eps.rcm.upr.edu\/medical-technology\/\">Bach. en Tecnolog\u00eda M\u00e9dica<\/a><\/p>\n<p><a href=\"https:\/\/eps.rcm.upr.edu\/veterinary-technology\/\">Bach. en Tecnolog\u00eda Veterinaria<\/a><\/p>\n<p><a href=\"https:\/\/eps.rcm.upr.edu\/cythotechnology\/\">Cert. Post Bach. en Citotecnolog\u00eda<\/a><\/p>\n<p><a href=\"https:\/\/eps.rcm.upr.edu\/master-of-science-in-clinical-laboratory\/\">Ma. en Ciencias del Laboratorio Cl\u00ednico<\/a><\/td>\n<td width=\"95\">\n<p>&nbsp;<\/p>\n<p><a href=\"https:\/\/eps.rcm.upr.edu\/\">EPS<\/a><\/td>\n<\/tr>\n<tr>\n<td width=\"302\"><a href=\"https:\/\/farmacia.rcm.upr.edu\/academic-programs\/master-science-pharmacy\/\">Ma. en Farmacia Industrial<\/a><\/td>\n<td width=\"95\"><a href=\"https:\/\/farmacia.rcm.upr.edu\/\">Farmacia<\/a><\/td>\n<\/tr>\n<tr>\n<td width=\"302\">\n<p><a href=\"https:\/\/md.rcm.upr.edu\/anatomyneurobiology\/\">Ma. y Doc. en Anatom\u00eda-Neurobiolog\u00eda<\/a><\/p>\n<p><a href=\"https:\/\/md.rcm.upr.edu\/micro\/\">Ma. y Doc. en Microbiolog\u00eda-Zoolog\u00eda<\/a><\/p>\n<p><a href=\"https:\/\/md.rcm.upr.edu\/biochemistry\/\">Ma. y Doc. en Bioqu\u00edmica<\/a><\/p>\n<p><a href=\"https:\/\/md.rcm.upr.edu\/physiology\/\">Ma. y Doc. en Fisiolog\u00eda<\/a><\/p>\n<p><a href=\"https:\/\/md.rcm.upr.edu\/pharmacology\/\">Ma. y Doc. en Farmacolog\u00eda-Toxicolog\u00eda<\/a><\/td>\n<td width=\"95\">\n<p>&nbsp;<\/p>\n<p>&nbsp;<\/p>\n<p><a href=\"https:\/\/md.rcm.upr.edu\/\">Medicina<\/a><\/td>\n<\/tr>\n<tr class=\"td2_5\">\n<td rowspan=\"2\" width=\"191\"><strong>Procesos Administrativos<\/strong><\/td>\n<td width=\"302\">\n<p><a href=\"https:\/\/eps.rcm.upr.edu\/health-sciences\/\">Bach. en Ciencias de la Salud<\/a><\/p>\n<p><a href=\"https:\/\/eps.rcm.upr.edu\/master-in-health-information-management\/\">Ma. en Admi. de Informaci\u00f3n de Salud<\/a><\/td>\n<td width=\"95\">\n<p>&nbsp;<\/p>\n<p><a href=\"https:\/\/eps.rcm.upr.edu\/\">EPS<\/a><\/td>\n<\/tr>\n<tr class=\"td2_5\">\n<td width=\"302\"><a href=\"https:\/\/sp.rcm.upr.edu\/programas-academicos\/maestria-en-administracion-de-servicios-de-salud-mhsa\/\">Ma. en Admi. de Servicios de Salud<\/a><\/td>\n<td width=\"95\"><a href=\"https:\/\/sp.rcm.upr.edu\/\">Salud P\u00fablica<\/a><\/td>\n<\/tr>\n<tr>\n<td rowspan=\"4\" width=\"191\"><strong>Relaci\u00f3n directa con\u00a0<\/strong><strong>p\u00fablico y\/o pacientes<\/strong><\/td>\n<td width=\"302\">\n<p><a href=\"https:\/\/eps.rcm.upr.edu\/dental-assistant\/\">Grado Asoc. en Asistente Dental<\/a><\/p>\n<p><a href=\"https:\/\/eps.rcm.upr.edu\/ophtalmic-technology\/\">Grado Asoc. en Tecnolog\u00eda Oft\u00e1lmica<\/a><\/p>\n<p><a href=\"https:\/\/eps.rcm.upr.edu\/health-education\/\">Bach. en Educaci\u00f3n en Salud<\/a><\/p>\n<p><a href=\"https:\/\/eps.rcm.upr.edu\/veterinary-technology\/\">Bach. en Tecnolog\u00eda Veterinaria<\/a><\/td>\n<td width=\"95\">\n<p>&nbsp;<\/p>\n<p>&nbsp;<\/p>\n<p><a href=\"https:\/\/eps.rcm.upr.edu\/\">EPS<\/a><\/td>\n<\/tr>\n<tr>\n<td width=\"302\"><a href=\"https:\/\/enfermeria.rcm.upr.edu\/programas-academicos\/bachillerato\/\">Bach. en Enfermer\u00eda<\/a><\/td>\n<td width=\"95\"><a href=\"https:\/\/enfermeria.rcm.upr.edu\/\">Enfermer\u00eda<\/a><\/td>\n<\/tr>\n<tr>\n<td width=\"302\"><a href=\"https:\/\/sp.rcm.upr.edu\/programas-academicos\/maestria-en-educacion-en-salud-publica-diurno-y-vespertino\/\">Ma. en Educaci\u00f3n en Salud P\u00fablica<\/a><\/td>\n<td width=\"95\"><a href=\"https:\/\/sp.rcm.upr.edu\/\">Salud P\u00fablica<\/a><\/td>\n<\/tr>\n<tr>\n<td width=\"302\">\n<p><a href=\"https:\/\/eps.rcm.upr.edu\/master-of-science-in-occupational-therapy\/\">Ma. en Terapia Ocupacional<\/a><\/p>\n<p><a href=\"https:\/\/eps.rcm.upr.edu\/audiology\/\">Doc. en Audiolog\u00eda<\/a><\/p>\n<p><a href=\"https:\/\/eps.rcm.upr.edu\/physical-therapy\/\">Doc. en Terapia F\u00edsica<\/a><\/td>\n<td width=\"95\">\n<p>&nbsp;<\/p>\n<p><a href=\"https:\/\/eps.rcm.upr.edu\/\">EPS<\/a><\/td>\n<\/tr>\n<tr class=\"td2_5\">\n<td width=\"191\">\n<p><strong>\u00a0<\/strong><\/p>\n<p><strong>Trabajo con n\u00fameros<\/strong><\/td>\n<td width=\"302\">\n<p><a href=\"https:\/\/sp.rcm.upr.edu\/programas-academicos\/maestria-en-salud-publica-con-especialidad-en-bioestadistica\/\">Ma. en Bioestad\u00edstica<\/a><\/p>\n<p><a href=\"https:\/\/sp.rcm.upr.edu\/programas-academicos\/maestria-en-ciencias-con-especialidad-en-epidemiologia\/\">Ma. en Ciencias en Epidemiolog\u00eda<\/a><\/p>\n<p><a href=\"https:\/\/sp.rcm.upr.edu\/programas-academicos\/maestria-en-ciencias-en-demografia\/\">Ma. en Demograf\u00eda<\/a><\/td>\n<td width=\"95\">\n<p>&nbsp;<\/p>\n<p><a href=\"https:\/\/sp.rcm.upr.edu\/\">Salud P\u00fablica<\/a><\/td>\n<\/tr>\n<tr>\n<td rowspan=\"2\" width=\"191\">\n<p><strong>\u00a0<\/strong><\/p>\n<p><strong>Trabajo con ni\u00f1os<\/strong><\/td>\n<td width=\"302\"><a href=\"https:\/\/eps.rcm.upr.edu\/speech-language-pathology\/\">Ma. en Patolog\u00eda del Habla y Lenguaje<\/a><\/td>\n<td width=\"95\"><a href=\"https:\/\/eps.rcm.upr.edu\/\">EPS<\/a><\/td>\n<\/tr>\n<tr>\n<td width=\"302\"><a href=\"https:\/\/md.rcm.upr.edu\/pediatrics\/\">Doc. en Medicina especialidad en Pediatr\u00eda<\/a><\/td>\n<td width=\"95\"><a href=\"https:\/\/md.rcm.upr.edu\/\">Medicina<\/a><\/td>\n<\/tr>\n<tr class=\"td2_5\">\n<td rowspan=\"2\" width=\"191\">\n<p><strong>\u00a0<\/strong><\/p>\n<p><strong>Salud Mental<\/strong><\/td>\n<td width=\"302\">\n<p><a href=\"https:\/\/eps.rcm.upr.edu\/master-of-science-in-occupational-therapy\/\">Ma. en Terapia Ocupacional<\/a><\/p>\n<p><a href=\"https:\/\/eps.rcm.upr.edu\/speech-language-pathology\/\">Ma. Patolog\u00eda del Habla y Lenguaje<\/a><\/td>\n<td width=\"95\">\n<p>&nbsp;<\/p>\n<p><a href=\"https:\/\/eps.rcm.upr.edu\/\">EPS<\/a><\/td>\n<\/tr>\n<tr class=\"td2_5\">\n<td width=\"302\"><a href=\"https:\/\/md.rcm.upr.edu\/pediatrics\/\">Doc. en Medicina especialidad en Pediatr\u00eda<\/a><\/td>\n<td width=\"95\"><a href=\"https:\/\/md.rcm.upr.edu\/\">Medicina<\/a><\/td>\n<\/tr>\n<tr>\n<td rowspan=\"2\" width=\"191\">\n<p><strong>\u00a0<\/strong><\/p>\n<p><strong>Educaci\u00f3n<\/strong><\/td>\n<td width=\"302\"><a href=\"https:\/\/eps.rcm.upr.edu\/dental-assistant\/\">Grado Asoc. en Asistente Dental<\/a><\/td>\n<td width=\"95\"><a href=\"https:\/\/eps.rcm.upr.edu\/\">EPS<\/a><\/td>\n<\/tr>\n<tr>\n<td width=\"302\"><a href=\"https:\/\/sp.rcm.upr.edu\/programas-academicos\/maestria-en-educacion-en-salud-publica-diurno-y-vespertino\/\">Ma. Educaci\u00f3n en Salud P\u00fablica<\/a><\/td>\n<td width=\"95\"><a href=\"https:\/\/sp.rcm.upr.edu\/\">Salud P\u00fablica<\/a><\/td>\n<\/tr>\n<\/tbody>\n<\/table>\n<p>[\/vc_column_text][\/vc_tab][vc_tab title=&#8221;Comparaciones y programas combinados&#8221; tab_id=&#8221;1630345751834-3-0&#8243;][vc_column_text]Te ayudar\u00e1 a que escojas o tengas <strong>alternativas adicionales<\/strong>.<\/p>\n<p>&nbsp;<\/p>\n<p>Los documentos a continuaci\u00f3n fueron redactados por el consejero del Centro Estudiantil de Consejer\u00eda y Sicolog\u00eda, Dr. Carlos J. Ca\u00f1uelas Pereira, CPL.<\/p>\n<p>&nbsp;<\/p>\n<table class=\"opcionestablas opcionesej3\" border=\"1\" summary=\"\" cellspacing=\"0\" cellpadding=\"5\">\n<tbody>\n<tr>\n<th rowspan=\"2\" width=\"192\">\n<p style=\"text-align: center\">Comparaciones entre profesiones con nombres o campos similares<\/p>\n<\/th>\n<td width=\"274\">\n<p>&nbsp;<\/p>\n<p><a href=\"https:\/\/rcm1.rcm.upr.edu\/preguntame\/wp-content\/uploads\/sites\/24\/2020\/04\/Terapia-Fisica-vs-Ocupacional-27sept2016.pdf\">Terapia Ocupacional y Terapia F\u00edsica<\/a><\/p>\n<p>&nbsp;<\/td>\n<td width=\"248\">\n<p>&nbsp;<\/p>\n<p><a href=\"https:\/\/rcm1.rcm.upr.edu\/preguntame\/wp-content\/uploads\/sites\/24\/2020\/04\/Nutricion-Internado-y-MSHN-27sept2016.pdf\">Internado en Diet\u00e9tica y Maestr\u00eda en Ciencias de la Salud-Nutrici\u00f3n<\/a><\/td>\n<\/tr>\n<tr>\n<td width=\"274\">\n<p>&nbsp;<\/p>\n<p><a href=\"https:\/\/rcm1.rcm.upr.edu\/preguntame\/wp-content\/uploads\/sites\/24\/2021\/09\/MS-PhD-Pharmacy-Science-vs-Pharma-Toxicology-vs-PharmD.pdf\" target=\"_blank\" rel=\"noopener\">Maestr\u00edas en Ciencias en Farmacia, doctorado en Farmacia y maestr\u00edas\/doctorados en Farmacolog\u00eda-Toxicolog\u00eda<\/a><\/p>\n<p>&nbsp;<\/td>\n<td width=\"248\"><a href=\"https:\/\/rcm1.rcm.upr.edu\/preguntame\/wp-content\/uploads\/sites\/24\/2020\/08\/MAIS-y-MHSA-15dic2016.pdf\">Maestr\u00edas en Administraci\u00f3n de Informaci\u00f3n de Salud y en Administraci\u00f3n de Servicios de Salud<\/a><\/td>\n<\/tr>\n<tr>\n<th width=\"192\">\n<p style=\"text-align: center\">Programas que combinan profesiones<\/p>\n<\/th>\n<td width=\"274\"><a href=\"https:\/\/rcm1.rcm.upr.edu\/preguntame\/wp-content\/uploads\/sites\/24\/2020\/08\/Concurrent-MD-PhD-JD-Degrees-Programs-Overview.pdf\">Programa combinado Medicina y Derecho<\/a><\/td>\n<td width=\"248\">\n<p><a href=\"https:\/\/rcm1.rcm.upr.edu\/preguntame\/wp-content\/uploads\/sites\/24\/2020\/04\/MD-PhD-combinados-al-29marzo2019.pdf\" target=\"_blank\" rel=\"noopener noreferrer\">Programas combinados Medicina e Investigaci\u00f3n Biom\u00e9dica<\/a><\/p>\n<p><strong>\u00a0<\/strong><\/td>\n<\/tr>\n<\/tbody>\n<\/table>\n<p>[\/vc_column_text][\/vc_tab][\/vc_tour][\/vc_column][\/vc_row]<\/p>\n<\/div>","protected":false},"excerpt":{"rendered":"<p>[vc_row][vc_column][vc_column_text]Existen muchas profesiones en la Salud. Muchas de ellas a lo mejor ni las conoces o no las hab\u00edas considerado seriamente para ti. Para hacerte la vida m\u00e1s f\u00e1cil puedes verlas\u2026[\/vc_column_text][vc_empty_space height=&#8221;15px&#8221;][vc_tour][vc_tab title=&#8221;Nivel Acad\u00e9mico&#8221; tab_id=&#8221;568d531b-fd29-10&#8243;][vc_column_text]Significa Grados Asociados,\u00a0Bachilleratos,\u00a0Certificados Post\u00a0 Bachilleratos,\u00a0Maestr\u00edas\u00a0y\u00a0Doctorados.[\/vc_column_text][vc_btn title=&#8221;Ver Ofrecimientos Acad\u00e9micos del RCM&#8221; style=&#8221;3d&#8221; shape=&#8221;square&#8221; color=&#8221;violet&#8221; size=&#8221;lg&#8221; align=&#8221;center&#8221; link=&#8221;url:https%3A%2F%2Frcm1.rcm.upr.edu%2Fofrecimientos-academicos%2F&#8221;][\/vc_tab][vc_tab title=&#8221;Ejemplo de Valores Ocupacionales&#8221; tab_id=&#8221;bf397b45-eaee-1&#8243;][vc_column_text]Piensa&hellip;<\/p>\n","protected":false},"author":1,"featured_media":0,"parent":0,"menu_order":0,"comment_status":"closed","ping_status":"closed","template":"template-microsite.php","meta":{"footnotes":""},"class_list":["post-126","page","type-page","status-publish","hentry","description-off"],"aioseo_notices":[],"_links":{"self":[{"href":"https:\/\/rcm1.rcm.upr.edu\/preguntame\/wp-json\/wp\/v2\/pages\/126","targetHints":{"allow":["GET"]}}],"collection":[{"href":"https:\/\/rcm1.rcm.upr.edu\/preguntame\/wp-json\/wp\/v2\/pages"}],"about":[{"href":"https:\/\/rcm1.rcm.upr.edu\/preguntame\/wp-json\/wp\/v2\/types\/page"}],"author":[{"embeddable":true,"href":"https:\/\/rcm1.rcm.upr.edu\/preguntame\/wp-json\/wp\/v2\/users\/1"}],"replies":[{"embeddable":true,"href":"https:\/\/rcm1.rcm.upr.edu\/preguntame\/wp-json\/wp\/v2\/comments?post=126"}],"version-history":[{"count":1,"href":"https:\/\/rcm1.rcm.upr.edu\/preguntame\/wp-json\/wp\/v2\/pages\/126\/revisions"}],"predecessor-version":[{"id":1428,"href":"https:\/\/rcm1.rcm.upr.edu\/preguntame\/wp-json\/wp\/v2\/pages\/126\/revisions\/1428"}],"wp:attachment":[{"href":"https:\/\/rcm1.rcm.upr.edu\/preguntame\/wp-json\/wp\/v2\/media?parent=126"}],"curies":[{"name":"wp","href":"https:\/\/api.w.org\/{rel}","templated":true}]}}