{"id":137,"date":"2017-06-20T17:13:57","date_gmt":"2017-06-20T17:13:57","guid":{"rendered":"http:\/\/exalumnos.rcm.upr.edu\/preguntame\/?page_id=137"},"modified":"2017-06-20T17:13:57","modified_gmt":"2017-06-20T17:13:57","slug":"consejos-para-solicitantes","status":"publish","type":"page","link":"https:\/\/rcm1.rcm.upr.edu\/preguntame\/consejos-para-solicitantes\/","title":{"rendered":"Consejos para Solicitantes"},"content":{"rendered":"<div class=\"wpb-content-wrapper\"><p>[vc_row][vc_column][vc_column_text]Hay consejos generales para todos los programas y para algunos espec\u00edficos. Normalmente lo m\u00e1s importante en tu solicitud es la parte acad\u00e9mica, y si aplica, tambi\u00e9n el examen de admisi\u00f3n. Algunos programas incluyen una entrevista y\/o cartas de recomendaci\u00f3n que regularmente son entre 15% y 30% de tu evaluaci\u00f3n. Para los grados asociados y mayor\u00eda de bachilleratos solo se eval\u00faa tu promedio acad\u00e9mico universitario, nada de escuela superior ni resultados del College Board.[\/vc_column_text][\/vc_column][\/vc_row][vc_row][vc_column][vc_message message_box_color=&#8221;grey&#8221; css=&#8221;.vc_custom_1601003413201{background-color: #d8d8d8 !important;}&#8221;]<span style=\"color: #000000\"><b>Promedio Acad\u00e9mico<\/b><\/span><\/p>\n<p>No te conformes con \u201cB\u201d. Busca tutor\u00edas u otras ayudas lo m\u00e1s temprano posible para las clases que no puedas obtener una &#8220;A&#8221; por ti sola(o). Como para la mayor\u00eda de los programas no importa cu\u00e1l sea tu concentraci\u00f3n, escoge la que puedas tener el mejor promedio posible. Hay mucha variaci\u00f3n entre los prerrequisitos por lo que debes cotejar cuales son los del programa que te interesa. Todas las clases de todos los temas de todos los a\u00f1os acad\u00e9micos universitarios te cuentan para tu promedio general.[\/vc_message][\/vc_column][\/vc_row][vc_row][vc_column][vc_message message_box_color=&#8221;grey&#8221;]<span style=\"color: #000000\"><b>Examen de Admisi\u00f3n<\/b><\/span><\/p>\n<p>Busca tener experiencias en investigaci\u00f3n, trabajo voluntario, internados, presentar carteles en actividades oficiales (convenciones, encuentros, foros\u2026), organizaciones <i>dentro y\/o fuera de la universidad<\/i> como asociaciones de estudiantes, j\u00f3venes de la iglesia o comunitarias. Debes tener evidencias de todo como certificados de participaci\u00f3n, trabajo voluntario, premios, etc\u00e9tera. Lo importante no es tener muchas cosas extracurriculares, sino que las hayas aprovechado para desarrollarte como persona y como estudiante. Siempre la parte acad\u00e9mica va a pesar m\u00e1s en la admisi\u00f3n por lo que debes tener un balance entre el tiempo para estudiar y lo extracurricular que te energiza. Solo t\u00fa sabes el balance perfecto para ti.[\/vc_message][\/vc_column][\/vc_row][vc_row][vc_column][vc_message message_box_color=&#8221;grey&#8221;]<span style=\"color: #000000\"><b>Extracurricular para la Entrevista<\/b><\/span><\/p>\n<p>La mayor\u00eda de las maestr\u00edas y doctorados piden cartas de recomendaci\u00f3n. Puede que tengan que ser en un formato espec\u00edfico o no. Las mejores cartas ser\u00e1n las de profesores o personas que conozcan m\u00e1s de ti y tus fortalezas dentro y\/o fuera del sal\u00f3n de clases. Trata de no usar a alguien que no tenga mucho que decir de ti o no se acuerde mucho. Si hay un formato espec\u00edfico de carta analiza qui\u00e9n pudiera evaluarte mejor en esas caracter\u00edsticas.<\/p>\n<p>&nbsp;<\/p>\n<p>Puedes ver\u00a0algunas ideas presionando <a href=\"https:\/\/preguntame.rcm.upr.edu\/wp-content\/uploads\/sites\/29\/2020\/04\/Experiencias-de-investigaci%c3%b3n-al-22mayo2018.pdf\" target=\"_blank\" rel=\"noopener noreferrer\">aqu\u00ed<\/a>.[\/vc_message][\/vc_column][\/vc_row][vc_row][vc_column][vc_message message_box_color=&#8221;grey&#8221;]<span style=\"color: #000000\"><b>Cartas de Recomendaci\u00f3n<\/b><\/span><\/p>\n<p><span style=\"color: #000000\">La mayor\u00eda de las maestr\u00edas y doctorados piden cartas de recomendaci\u00f3n. Puede que tengan que ser en un formato espec\u00edfico o no. Las mejores cartas ser\u00e1n las de profesores o personas que conozcan m\u00e1s de ti y tus fortalezas dentro y\/o fuera del sal\u00f3n de clases. Trata de no usar a alguien que no tenga mucho que decir de ti, no se acuerde mucho o solo te conozca limitadamente. Si hay un formato espec\u00edfico escoge qui\u00e9n pudiera evaluarte mejor en ese formato.<\/span>[\/vc_message][\/vc_column][\/vc_row]<\/p>\n<\/div>","protected":false},"excerpt":{"rendered":"<p>[vc_row][vc_column][vc_column_text]Hay consejos generales para todos los programas y para algunos espec\u00edficos. Normalmente lo m\u00e1s importante en tu solicitud es la parte acad\u00e9mica, y si aplica, tambi\u00e9n el examen de admisi\u00f3n. Algunos programas incluyen una entrevista y\/o cartas de recomendaci\u00f3n que regularmente son entre 15% y 30% de tu evaluaci\u00f3n. Para los grados asociados y mayor\u00eda&hellip;<\/p>\n","protected":false},"author":1,"featured_media":0,"parent":0,"menu_order":0,"comment_status":"closed","ping_status":"closed","template":"template-microsite.php","meta":{"footnotes":""},"class_list":["post-137","page","type-page","status-publish","hentry","description-off"],"aioseo_notices":[],"_links":{"self":[{"href":"https:\/\/rcm1.rcm.upr.edu\/preguntame\/wp-json\/wp\/v2\/pages\/137","targetHints":{"allow":["GET"]}}],"collection":[{"href":"https:\/\/rcm1.rcm.upr.edu\/preguntame\/wp-json\/wp\/v2\/pages"}],"about":[{"href":"https:\/\/rcm1.rcm.upr.edu\/preguntame\/wp-json\/wp\/v2\/types\/page"}],"author":[{"embeddable":true,"href":"https:\/\/rcm1.rcm.upr.edu\/preguntame\/wp-json\/wp\/v2\/users\/1"}],"replies":[{"embeddable":true,"href":"https:\/\/rcm1.rcm.upr.edu\/preguntame\/wp-json\/wp\/v2\/comments?post=137"}],"version-history":[{"count":0,"href":"https:\/\/rcm1.rcm.upr.edu\/preguntame\/wp-json\/wp\/v2\/pages\/137\/revisions"}],"wp:attachment":[{"href":"https:\/\/rcm1.rcm.upr.edu\/preguntame\/wp-json\/wp\/v2\/media?parent=137"}],"curies":[{"name":"wp","href":"https:\/\/api.w.org\/{rel}","templated":true}]}}