{"id":146,"date":"2017-06-20T17:18:13","date_gmt":"2017-06-20T17:18:13","guid":{"rendered":"http:\/\/exalumnos.rcm.upr.edu\/preguntame\/?page_id=146"},"modified":"2024-04-22T18:30:48","modified_gmt":"2024-04-22T18:30:48","slug":"examenes-y-repasos","status":"publish","type":"page","link":"https:\/\/rcm1.rcm.upr.edu\/preguntame\/examenes-y-repasos\/","title":{"rendered":"Ex\u00e1menes y Repasos"},"content":{"rendered":"<div class=\"wpb-content-wrapper\"><p>[vc_row][vc_column][vc_column_text]En esta secci\u00f3n encontrar\u00e1s informaci\u00f3n sobre diferentes temas.\u00a0Puedes verla en orden o pasar directamente a la secci\u00f3n que te interesa presionando sobre el nombre.<\/p>\n<ul>\n<li><a href=\"#Comu\">Comunicaci\u00f3n con el Recinto de Ciencias M\u00e9dicas<\/a><\/li>\n<li><a href=\"#Info\">Informaci\u00f3n sobre los ex\u00e1menes de admisi\u00f3n a los diferentes programas<\/a><\/li>\n<li><a href=\"#Repa\">Repasos para los Ex\u00e1menes de Admisi\u00f3n al RCM<\/a><\/li>\n<li><a href=\"#Prec\">Precios de los Ex\u00e1menes de Admisi\u00f3n<\/a><\/li>\n<\/ul>\n<p>[\/vc_column_text][vc_empty_space][vc_column_text]<\/p>\n<h3 id=\"Comu\" style=\"text-align: center;\"><strong>Comunicaci\u00f3n con el Recinto de Ciencias M\u00e9dicas<\/strong><strong>\u00a0<\/strong><\/h3>\n<p>[\/vc_column_text][vc_column_text]Si quieres <strong>orientaci\u00f3n<\/strong> sobre los programas acad\u00e9micos puedes llamar al (787) 758-2525 extensiones 5209, 5210 o 5212, escribirnos (<a href=\"mailto:carlos.canuelas1@upr.edu\">carlos.canuelas1@upr.edu<\/a> o <a href=\"mailto:maribel.pagan4@upr.edu\">maribel.pagan4@upr.edu<\/a>) y\/o venir personalmente con cita previa (preferible pero no obligatorio) a nuestro Centro Estudiantil de Consejer\u00eda y Sicolog\u00eda (CECSi).\u00a0 Nos encontramos temporeramente en el 2do piso del edificio EPS oficina 205, exactamente al lado del Anfiteatro del RCM en Centro M\u00e9dico.<\/p>\n<p>&nbsp;<\/p>\n<p><strong>Si ya solicitaste<\/strong> y desear saber el estatus de tu solicitud puedes llamar a la Oficina de Admisiones en las extensiones 5214 o 5215.[\/vc_column_text][\/vc_column][\/vc_row][vc_row][vc_column width=&#8221;2\/3&#8243;][vc_column_text]<a href=\"https:\/\/preguntame.rcm.upr.edu\/wp-content\/uploads\/sites\/29\/2020\/04\/Mapa-Preg%c3%bantame.jpg\"><img loading=\"lazy\" decoding=\"async\" class=\"aligncenter wp-image-68 \" src=\"https:\/\/preguntame.rcm.upr.edu\/wp-content\/uploads\/sites\/29\/2020\/04\/Mapa-Preg%c3%bantame.jpg\" alt=\"\" width=\"676\" height=\"555\" \/><\/a><\/p>\n<p style=\"text-align: center;\">Presiona\u00a0<a href=\"https:\/\/rcm1.rcm.upr.edu\/preguntame\/wp-content\/uploads\/sites\/24\/2020\/04\/mapa-rcm-es.pdf\" target=\"_blank\" rel=\"noopener noreferrer\">aqu\u00ed<\/a> para ver el mapa con instrucciones.<\/p>\n<p>[\/vc_column_text][\/vc_column][vc_column width=&#8221;1\/3&#8243;][vc_column_text][\/vc_column_text][vc_empty_space height=&#8221;40px&#8221;][vc_column_text]<\/p>\n<p style=\"text-align: center;\">Si usas el <strong>GPS <\/strong>de tu celular, las coordenadas son 18.3983\u00b0 N, 66.0751\u00b0 W.<\/p>\n<p>[\/vc_column_text][\/vc_column][\/vc_row][vc_row][vc_column][vc_empty_space][vc_column_text]<\/p>\n<h3 id=\"Info\" style=\"text-align: center;\">Informaci\u00f3n sobre los ex\u00e1menes de admisi\u00f3n<\/h3>\n<p>[\/vc_column_text][vc_column_text]<\/p>\n<table class=\"opcionesej3\" style=\"font-size: 14px; font-weight: normal;\" border=\"1\" summary=\"\" cellspacing=\"0\" cellpadding=\"5\">\n<tbody>\n<tr>\n<th width=\"17%\">Programa(s)<\/th>\n<th width=\"8%\">Prueba<\/th>\n<th width=\"73%\">Comentario<\/th>\n<\/tr>\n<tr>\n<td rowspan=\"3\" width=\"17%\">Algunos <strong>Certificados Post Bachillerato<\/strong>, mayor\u00eda de las M<strong>aestr\u00edas<\/strong> y algunos <strong>Doctorados<\/strong> piden uno espec\u00edfico o te dan opciones<\/td>\n<td width=\"8%\"><a href=\"https:\/\/paep.pruebat.mx\/\"><strong>PAEP<\/strong><\/a><\/td>\n<td width=\"73%\"><strong>Prueba de Admisi\u00f3n de Estudios de Postgrado<\/strong>. Examen estandarizado en espa\u00f1ol que eval\u00faa la aptitud acad\u00e9mica, la habilidad cognitiva y el conocimiento de los estudiantes que postulan a programas de postgrado. La PAEP fue desarrollado en 1991 por el Tecnol\u00f3gico de Monterrey en M\u00e9xico en colaboraci\u00f3n con el College Board de Puerto Rico y actualmente se utiliza en las principales universidades de Latinoam\u00e9rica. Eval\u00faa: Razonamiento verbal (ant\u00f3nimos, terminaci\u00f3n de oraciones, comprensi\u00f3n de lectura y analog\u00edas), Razonamiento cuantitativo y cient\u00edfico (Matem\u00e1ticas: aritm\u00e9tica, geometr\u00eda, \u00e1lgebra, c\u00e1lculo, probabilidad aplicada, Ciencias Naturales: f\u00edsica, qu\u00edmica y biolog\u00eda), Habilidad cognitiva (l\u00f3gica, asociaciones y capacidad de comprender secuencias), Redacci\u00f3n (estructura de p\u00e1rrafos y oraciones, manejo del l\u00e9xico y madurez sint\u00e1ctica), Manejo de material escrito en el idioma ingl\u00e9s (estructuras, conjugaciones, palabras funcionales, y comprensi\u00f3n de lectura).<\/td>\n<\/tr>\n<tr>\n<td width=\"8%\"><a href=\"https:\/\/www.ets.org\/toefl.html\" target=\"_blank\" rel=\"noopener\"><strong>TOEFL<\/strong><\/a><\/td>\n<td width=\"73%\"><strong>Test Of English as a Foreign Language.<\/strong> Examen en computadora que mide capacidad de utilizar y de entender ingl\u00e9s al nivel universitario. Adem\u00e1s, eval\u00faa c\u00f3mo se combinan habilidades auditivas, orales, de lectura y escritura para desarrollar tareas acad\u00e9micas.<\/td>\n<\/tr>\n<tr>\n<td width=\"8%\"><a href=\"https:\/\/www.ets.org\/gre\/test-takers\/general-test\/register\/fees.html\"><strong>GRE<\/strong><\/a><\/td>\n<td width=\"73%\"><strong>Graduate Record Examinations<\/strong>. Mide razonamiento verbal, cuantitativo, pensamiento cr\u00edtico, destrezas anal\u00edticas escritas que han sido adquiridas en un periodo largo de tiempo y que no est\u00e1n relacionadas a ning\u00fan campo de estudio espec\u00edfico. Los &#8220;<a href=\"https:\/\/www.ets.org\/gre\/\">GRE<\/a><sup>\u00ae<\/sup> Subject Tests&#8221; miden el aprovechamiento en ocho campos espec\u00edficos. Algunas escuelas graduadas pueden requerir que tomes alguno de ellos. Los temas son; Bioqu\u00edmica y Biolog\u00eda Molecular-Celular, Biolog\u00eda, Qu\u00edmica, Ciencias Computadorizadas, Literatura Inglesa, Matem\u00e1ticas, F\u00edsica y Psicolog\u00eda.<\/td>\n<\/tr>\n<tr>\n<td width=\"17%\">\n<p><strong>Doctorado en<\/strong><\/p>\n<p><strong>Farmacia<\/strong><\/td>\n<td width=\"8%\"><a href=\"https:\/\/www.pearsonassessments.com\/graduate-admissions\/pcat\/about.html\"><strong>PCAT<\/strong><\/a><\/td>\n<td width=\"73%\"><strong>Pharmacy College Admisi\u00f3n Test<\/strong>. Habilidad acad\u00e9mica general y conocimiento cient\u00edfico. Se compone de 280 preguntas tipo escoge y un ensayo. Tienes cuatro horas y media para contestarlo. Existen repasos como un libro que puedes comprar o Kaplan. Debes tomar el <a href=\"https:\/\/www.pearsonassessments.com\/graduate-admissions\/pcat\/about.html\">PCAT<\/a> lo m\u00e1s cercano a fecha de solicitar para que hayas tomado las clases que te exigen y los conocimientos los tengas frescos y completos. Lo puedes coger cuantas veces quieras, pero es v\u00e1lido por cinco a\u00f1os. La \u00faltima fecha valida es en octubre del a\u00f1o antes de comenzar estudios en Farmacia. M\u00e1s que resultados crudos mejor eval\u00faa las percentilas que obtuviste en cada parte. Para mantenerte competitivo no debes haber obtenido 70 o menos en cada parte. Siempre se tomar\u00e1 en consideraci\u00f3n el <a href=\"https:\/\/www.pearsonassessments.com\/graduate-admissions\/pcat\/about.html\">PCAT<\/a> total m\u00e1s alto.<\/td>\n<\/tr>\n<tr>\n<td width=\"17%\">\n<p><strong>Doctorado en<\/strong><\/p>\n<p><strong>Medicina<\/strong><\/td>\n<td width=\"8%\"><a href=\"https:\/\/students-residents.aamc.org\/taking-mcat-exam\/taking-mcat-exam\"><strong>MCAT<\/strong><\/a><\/td>\n<td width=\"73%\">\n<p><strong>Medical College Admision Test<\/strong>. La versi\u00f3n actual del MCAT (desde el 2015) a\u00f1adi\u00f3 una secci\u00f3n nueva relacionada a los fundamentos sicol\u00f3gicos, sociol\u00f3gicos y biol\u00f3gicos de la conducta. Adem\u00e1s de an\u00e1lisis de pasajes relacionados a las humanidades, \u00e9tica, filosof\u00eda y ciencias sociales. Tambi\u00e9n el nuevo formato le dar\u00e1 mayor \u00e9nfasis a lo aprendido en clases a nivel de bachillerato de bioqu\u00edmica, qu\u00edmica general y org\u00e1nica, biolog\u00eda y f\u00edsica. Esto debido a un estudio extenso donde los profesores y los estudiantes de medicina identificaron lo m\u00e1s importante. Los cambios en el examen tambi\u00e9n buscan reconocer la creciente evidencia sobre la importancia de la integraci\u00f3n de las ciencias sociales y del comportamiento en los programas de educaci\u00f3n m\u00e9dica y en la pr\u00e1ctica cl\u00ednica para mejorar la salud de todos los pacientes.<\/p>\n<p><strong>Gu\u00eda General<\/strong> <strong>del contenido <a href=\"https:\/\/students-residents.aamc.org\/media\/7376\/download\">aqu\u00ed<\/a>.<\/strong><\/p>\n<p><strong>Detalles<\/strong> <strong>sobre el contenido <a href=\"https:\/\/students-residents.aamc.org\/prepare-mcat-exam\/whats-mcat-exam\">aqu\u00ed<\/a>.<\/strong><\/td>\n<\/tr>\n<tr>\n<td width=\"17%\">\n<p><strong>Doctorado en<\/strong><\/p>\n<p><strong>Medicina Dental<\/strong><\/td>\n<td width=\"8%\"><a href=\"https:\/\/www.ada.org\/en\/education-careers\/dental-admission-test\"><strong>DAT<\/strong><\/a><\/td>\n<td width=\"73%\"><strong>Dental Admission Test<\/strong>. Habilidad acad\u00e9mica general, comprensi\u00f3n de informaci\u00f3n cient\u00edfica y habilidad perceptual. Tendr\u00e1s cuatro horas y quince minutos para completar la prueba. Los temas son Ciencias Naturales, Prueba de Habilidad Perceptual, Comprensi\u00f3n de Lectura y Razonamiento Cuantitativo.<\/td>\n<\/tr>\n<\/tbody>\n<\/table>\n<h3 id=\"Repa\" style=\"text-align: center;\"><\/h3>\n<p>[\/vc_column_text][vc_column_text]<\/p>\n<h3 id=\"Repa\" style=\"text-align: center;\"><strong>Repasos para los Ex\u00e1menes de Admisi\u00f3n al RCM<\/strong><\/h3>\n<p>[\/vc_column_text][vc_column_text]Por \u00e9tica no te podemos recomendar una compa\u00f1\u00eda sobre otra, pero si te podemos decir que la diferencia principal en los resultados es por el compromiso que hagas con el repaso que escojas. En el RCM no hay penalidad ni bono por tomar m\u00e1s de una vez el examen que pida el programa que te interesa. Pero cada programa decide por cuanto tiempo es v\u00e1lido.<\/p>\n<p>&nbsp;<\/p>\n<table class=\"opcionesej1\" border=\"1\" summary=\"\" cellspacing=\"0\" cellpadding=\"5\">\n<tbody>\n<tr>\n<th>Instituci\u00f3n<\/th>\n<th>Ex\u00e1menes Pertinentes al RCM<\/th>\n<th>Informaci\u00f3n<\/th>\n<\/tr>\n<tr>\n<td><a href=\"https:\/\/kaplan.com\/\"><strong>Kaplan<\/strong><\/a><\/td>\n<td width=\"28%\"><a href=\"https:\/\/www.ada.org\/en\/education-careers\/dental-admission-test\">DAT<\/a>,\u00a0<a href=\"https:\/\/www.ets.org\/gre\/\">GRE<\/a>,\u00a0<a href=\"https:\/\/students-residents.aamc.org\/taking-mcat-exam\/taking-mcat-exam\">MCAT<\/a>\u00a0y\u00a0<a href=\"https:\/\/www.pearsonassessments.com\/graduate-admissions\/pcat\/about.html\">PCAT<\/a><\/td>\n<td width=\"37%\">(787) 725-5050<br \/>\nPonce de Le\u00f3n 804<br \/>\nSuite 200<br \/>\nSan Juan, PR 00907<\/td>\n<\/tr>\n<tr>\n<td><a href=\"https:\/\/www.excellencetestprep.com\/\"><strong>Excellence Test Prep<\/strong><\/a><\/td>\n<td width=\"28%\"><a href=\"https:\/\/www.ets.org\/gre\/\">GRE<\/a>,\u00a0<a href=\"https:\/\/www.pearsonassessments.com\/graduate-admissions\/pcat\/about.html\">PCAT<\/a>,\u00a0<a href=\"https:\/\/paep.pruebat.mx\/\">PAEP<\/a>,\u00a0<a href=\"https:\/\/collegereadiness.collegeboard.org\/sat\">SAT<\/a>,\u00a0<a href=\"https:\/\/www.lsac.org\/\">LSAT<\/a>,\u00a0<a href=\"https:\/\/students-residents.aamc.org\/taking-mcat-exam\/taking-mcat-exam\">MCAT<\/a>,\u00a0<a href=\"https:\/\/www.ada.org\/en\/education-careers\/dental-admission-test\">DAT<\/a>,\u00a0<a href=\"https:\/\/www.mba.com\/\">GMAT<\/a>,\u00a0<a href=\"https:\/\/apstudents.collegeboard.org\/\">AP<\/a>,\u00a0<a href=\"https:\/\/www.ncsbn.org\/nclex.htm\">NCLEX<\/a>\u00a0y\u00a0<a href=\"https:\/\/www.ets.org:443\/toefl\">TOEFL<\/a><\/td>\n<td width=\"37%\">(787) 395-7827<br \/>\n(787) 400-3456<br \/>\nSuite 512<br \/>\nEdificio Asociaci\u00f3n de Maestros<br \/>\nAve. Ponce de Le\u00f3n<br \/>\nHato Rey, PR 00917<\/td>\n<\/tr>\n<tr>\n<td><a href=\"https:\/\/www.princetonreview.com\/\"><strong>The Princeton Review<\/strong><\/a><\/td>\n<td width=\"28%\"><a href=\"https:\/\/www.ada.org\/en\/education-careers\/dental-admission-test\">DAT<\/a>,\u00a0<a href=\"https:\/\/www.ets.org\/gre\/\">GRE<\/a>\u00a0y\u00a0<a href=\"https:\/\/students-residents.aamc.org\/taking-mcat-exam\/taking-mcat-exam\">MCAT<\/a><\/td>\n<td width=\"37%\">(787) 999-9459<br \/>\nThe Princeton Review<br \/>\nVillas de San Francisco III,Suite 232, Ave De Diego #85<br \/>\nSan Juan, PR 00927<\/td>\n<\/tr>\n<tr>\n<td><a href=\"https:\/\/examkrackers.com\/\"><strong>ExamKrackers.com<\/strong><\/a><\/td>\n<td width=\"28%\"><a href=\"https:\/\/students-residents.aamc.org\/taking-mcat-exam\/taking-mcat-exam\">MCAT<\/a>\u00a0y\u00a0<a href=\"https:\/\/www.lsac.org\/\">LSAT<\/a><\/td>\n<td width=\"37%\"><a href=\"https:\/\/examkrackers.com\/\">www.examkrackers.com<\/a><\/td>\n<\/tr>\n<tr>\n<td><a href=\"https:\/\/www.khanacademy.org\/about\"><strong>Khan Academy<\/strong><\/a><\/td>\n<td width=\"28%\"><a href=\"https:\/\/www.khanacademy.org\/test-prep\/mcat\">MCAT<\/a>\u00a0y\u00a0<a href=\"https:\/\/www.khanacademy.org\/test-prep\/nclex-rn\">NCLEX-RN<\/a><\/td>\n<td width=\"37%\"><a href=\"https:\/\/www.khanacademy.org\/about\">www.khanacademy.org\/about<\/a><\/td>\n<\/tr>\n<tr>\n<td><\/td>\n<td width=\"28%\"><\/td>\n<td width=\"37%\"><\/td>\n<\/tr>\n<tr>\n<td><\/td>\n<td width=\"28%\"><\/td>\n<td width=\"37%\"><\/td>\n<\/tr>\n<\/tbody>\n<\/table>\n<p>[\/vc_column_text][vc_column_text]<\/p>\n<h3 id=\"Prec\" style=\"text-align: center;\"><strong>Precios de Ex\u00e1menes de Admisi\u00f3n a programas del RCM<\/strong><\/h3>\n<p>[\/vc_column_text][vc_column_text]<\/p>\n<p style=\"text-align: center;\"><strong>(Actualizado al 15\/mayo\/2023.\u00a0 No es oficial, solo para referencia general.)<\/strong><\/p>\n<table class=\"opcionesej2\" border=\"1\" summary=\"\" cellspacing=\"0\" cellpadding=\"5\">\n<tbody>\n<tr>\n<th>Examen<\/th>\n<th>Precio<\/th>\n<th>Informaci\u00f3n detallada de precios<\/th>\n<\/tr>\n<tr>\n<td><strong>PAEP<\/strong><\/td>\n<td>Para m\u00e1s informaci\u00f3n, se puede comunicar con amarilis.pagan@upr.edu o a decep_eps.rcm@upr.edu<\/td>\n<td>Para m\u00e1s informaci\u00f3n, se puede comunicar con amarilis.pagan@upr.edu o a decep_eps.rcm@upr.edu<\/td>\n<\/tr>\n<tr>\n<td><strong>TOEFL<\/strong><\/td>\n<td>$230<\/td>\n<td><a href=\"https:\/\/www.ets.org\/toefl\/test-takers\/ibt\/register\/fees.html\">TOEFL Fees and locations<\/a><\/td>\n<\/tr>\n<tr>\n<td><strong>GRE<\/strong><\/td>\n<td>$220<\/td>\n<td><a href=\"https:\/\/www.ets.org\/gre\/test-takers\/general-test\/register\/fees.html\">GRE Fees<\/a><\/td>\n<\/tr>\n<tr>\n<td><strong>MCAT<\/strong><\/td>\n<td>$330<\/td>\n<td><a href=\"https:\/\/students-residents.aamc.org\/register-mcat-exam\/mcat-scheduling-fees\">MCAT Cost of Application<\/a><\/td>\n<\/tr>\n<tr>\n<td><strong>DAT<\/strong><\/td>\n<td>$525<\/td>\n<td><a href=\"https:\/\/www.ada.org\/education\/testing\/exams\/dental-admission-test-dat\">DAT Admission Test<\/a><\/td>\n<\/tr>\n<tr>\n<td><strong>PCAT<\/strong><\/td>\n<td>$210<\/td>\n<td><a href=\"https:\/\/www.pearsonassessments.com\/graduate-admissions\/pcat\/about.html\">PCAT Fees<\/a><\/td>\n<\/tr>\n<\/tbody>\n<\/table>\n<p>[\/vc_column_text][\/vc_column][\/vc_row]<\/p>\n<\/div>","protected":false},"excerpt":{"rendered":"<p>[vc_row][vc_column][vc_column_text]En esta secci\u00f3n encontrar\u00e1s informaci\u00f3n sobre diferentes temas.\u00a0Puedes verla en orden o pasar directamente a la secci\u00f3n que te interesa presionando sobre el nombre. Comunicaci\u00f3n con el Recinto de Ciencias M\u00e9dicas Informaci\u00f3n sobre los ex\u00e1menes de admisi\u00f3n a los diferentes programas Repasos para los Ex\u00e1menes de Admisi\u00f3n al RCM Precios de los Ex\u00e1menes de Admisi\u00f3n&hellip;<\/p>\n","protected":false},"author":1,"featured_media":0,"parent":0,"menu_order":0,"comment_status":"closed","ping_status":"closed","template":"template-microsite.php","meta":{"footnotes":""},"class_list":["post-146","page","type-page","status-publish","hentry","description-off"],"aioseo_notices":[],"_links":{"self":[{"href":"https:\/\/rcm1.rcm.upr.edu\/preguntame\/wp-json\/wp\/v2\/pages\/146","targetHints":{"allow":["GET"]}}],"collection":[{"href":"https:\/\/rcm1.rcm.upr.edu\/preguntame\/wp-json\/wp\/v2\/pages"}],"about":[{"href":"https:\/\/rcm1.rcm.upr.edu\/preguntame\/wp-json\/wp\/v2\/types\/page"}],"author":[{"embeddable":true,"href":"https:\/\/rcm1.rcm.upr.edu\/preguntame\/wp-json\/wp\/v2\/users\/1"}],"replies":[{"embeddable":true,"href":"https:\/\/rcm1.rcm.upr.edu\/preguntame\/wp-json\/wp\/v2\/comments?post=146"}],"version-history":[{"count":3,"href":"https:\/\/rcm1.rcm.upr.edu\/preguntame\/wp-json\/wp\/v2\/pages\/146\/revisions"}],"predecessor-version":[{"id":1431,"href":"https:\/\/rcm1.rcm.upr.edu\/preguntame\/wp-json\/wp\/v2\/pages\/146\/revisions\/1431"}],"wp:attachment":[{"href":"https:\/\/rcm1.rcm.upr.edu\/preguntame\/wp-json\/wp\/v2\/media?parent=146"}],"curies":[{"name":"wp","href":"https:\/\/api.w.org\/{rel}","templated":true}]}}